{"id":10967,"date":"2025-04-26T22:18:11","date_gmt":"2025-04-26T19:18:11","guid":{"rendered":"https:\/\/www.joinusexcursions.com\/?post_type=product&#038;p=10967"},"modified":"2026-04-13T20:42:44","modified_gmt":"2026-04-13T17:42:44","slug":"kemer-tazi-kanion-rafting","status":"publish","type":"product","link":"https:\/\/joinusexcursions.com\/pl\/tours\/kemer-tazi-canyon-rafting\/","title":{"rendered":"Kanion Tazi \u2013 Wycieczka Kombinowana z Raftingiem z Kemer"},"content":{"rendered":"<p class=\"\" data-start=\"366\" data-end=\"418\"><strong data-start=\"366\" data-end=\"418\">Niezapomniane Do\u015bwiadczenie Przyrodnicze i Przygodowe<\/strong><\/p>\n<p class=\"\" data-start=\"420\" data-end=\"718\">Przygotuj si\u0119 na dzie\u0144 pe\u0142en akcji, kontaktu z natur\u0105 i zapieraj\u0105cych dech w piersiach widok\u00f3w! Ta wycieczka \u0142\u0105czy dzikie pi\u0119kno <strong data-start=\"526\" data-end=\"541\">Kanion Taz\u0131<\/strong>, emocje, ekscytacja <strong data-start=\"557\" data-end=\"580\">sp\u0142yw kajakowy po rw\u0105cej rzece<\/strong> w <strong data-start=\"584\" data-end=\"602\">Kanion K\u00f6pr\u00fcl\u00fc<\/strong>, i zabawa z <strong data-start=\"621\" data-end=\"640\">4x4 Jeep Safari<\/strong> przez g\u00f3ry Taurus \u2014 wszystko w jednej niezapomnianej przygodzie z Kemer.<\/p>\n<hr class=\"\" data-start=\"720\" data-end=\"723\" \/>\n<p class=\"mhm-jue-internal-links\">Szukasz wi\u0119cej przyg\u00f3d w okolicy? Zapoznaj si\u0119 z nasz\u0105 pe\u0142n\u0105 list\u0105 <a href=\"\/pl\/kierunki\/kemer-wycieczki\/\">Wycieczki z Kemer<\/a> lub sprawd\u017a <a href=\"\/pl\/wycieczki-2\/kemer-suluada-zachod-slonca-rejs\/\">Kemer: Wycieczka \u0142odzi\u0105 na wysp\u0119 Suluada z zachodem s\u0142o\u0144ca i kolacj\u0105<\/a> na kolejne niezapomniane prze\u017cycie.<\/p>\n<p class=\"mhm-jue-external-link\">Dowiedz si\u0119 wi\u0119cej o miejscu docelowym na <a href=\"https:\/\/en.wikipedia.org\/wiki\/K%C3%B6pr%C3%BCl%C3%BC_Canyon_National_Park\" target=\"_blank\" rel=\"noopener\">Strona Wikipedii Parku Narodowego W\u0105wozu K\u00f6pr\u00fcl\u00fc<\/a>.<\/p>\n<h2>Czego spodziewa\u0107 si\u0119 po wycieczce combo raftingowej po Kemer Taz\u0131 Canyon<\/h2>\n<p class=\"\" data-start=\"3149\" data-end=\"3361\">Ceny mog\u0105 si\u0119 r\u00f3\u017cni\u0107 w zale\u017cno\u015bci od sezonu i wielko\u015bci grupy.<br data-start=\"3196\" data-end=\"3199\" \/><strong data-start=\"3199\" data-end=\"3229\">Zarezerwuj teraz, zap\u0142a\u0107 w dniu wycieczki<\/strong> \u2013 zaleca si\u0119 wcze\u015bniejsz\u0105 rezerwacj\u0119 dla najlepszych cen.<br data-start=\"3277\" data-end=\"3280\" \/>\ud83d\udcf1 <strong data-start=\"3283\" data-end=\"3329\">Skontaktuj si\u0119 z nami przez WhatsApp, Telegram lub Viber<\/strong> w sprawie rezerwacji i dodatkowych informacji.<\/p>","protected":false},"excerpt":{"rendered":"<p>An Unforgettable Nature and Adventure Experience Get ready for a full day of action, nature, and breathtaking views! This tour combines the wild beauty of Taz\u0131 Canyon, the thrill of white-water rafting in K\u00f6pr\u00fcl\u00fc Canyon, and the fun of a 4&#215;4 Jeep Safari through the Taurus Mountains \u2014 all in one unforgettable adventure from Kemer. [&hellip;]<\/p>\n","protected":false},"featured_media":11117,"comment_status":"open","ping_status":"closed","template":"","meta":{"_acf_changed":false},"product_brand":[],"product_cat":[37],"product_tag":[65],"class_list":{"0":"post-10967","1":"product","2":"type-product","3":"status-publish","4":"has-post-thumbnail","6":"product_cat-kemer","7":"product_tag-kemer","9":"first","10":"instock","11":"featured","12":"shipping-taxable","13":"purchasable","14":"product-type-ovabrw_car_rental"},"acf":[],"aioseo_notices":[],"_links":{"self":[{"href":"https:\/\/joinusexcursions.com\/pl\/wp-json\/wp\/v2\/product\/10967","targetHints":{"allow":["GET"]}}],"collection":[{"href":"https:\/\/joinusexcursions.com\/pl\/wp-json\/wp\/v2\/product"}],"about":[{"href":"https:\/\/joinusexcursions.com\/pl\/wp-json\/wp\/v2\/types\/product"}],"replies":[{"embeddable":true,"href":"https:\/\/joinusexcursions.com\/pl\/wp-json\/wp\/v2\/comments?post=10967"}],"wp:featuredmedia":[{"embeddable":true,"href":"https:\/\/joinusexcursions.com\/pl\/wp-json\/wp\/v2\/media\/11117"}],"wp:attachment":[{"href":"https:\/\/joinusexcursions.com\/pl\/wp-json\/wp\/v2\/media?parent=10967"}],"wp:term":[{"taxonomy":"product_brand","embeddable":true,"href":"https:\/\/joinusexcursions.com\/pl\/wp-json\/wp\/v2\/product_brand?post=10967"},{"taxonomy":"product_cat","embeddable":true,"href":"https:\/\/joinusexcursions.com\/pl\/wp-json\/wp\/v2\/product_cat?post=10967"},{"taxonomy":"product_tag","embeddable":true,"href":"https:\/\/joinusexcursions.com\/pl\/wp-json\/wp\/v2\/product_tag?post=10967"}],"curies":[{"name":"wp","href":"https:\/\/api.w.org\/{rel}","templated":true}]}}