{"id":10968,"date":"2025-04-26T22:19:36","date_gmt":"2025-04-26T19:19:36","guid":{"rendered":"https:\/\/www.joinusexcursions.com\/?post_type=product&#038;p=10968"},"modified":"2026-04-18T05:24:37","modified_gmt":"2026-04-18T02:24:37","slug":"antalya-rafting-kanion-koprulu","status":"publish","type":"product","link":"https:\/\/joinusexcursions.com\/pl\/tours\/antalya-rafting-koprulu-canyon\/","title":{"rendered":"Antalya Rafting w Kanionie K\u00f6pr\u00fcl\u00fc"},"content":{"rendered":"<p>Prze\u017cyj ekscytuj\u0105c\u0105 przygod\u0119 z raftingiem z Antalyi w dzikich w\u0105wozach kanionu K\u00f6pr\u00fcl\u00fc. Pokonaj 10 ekscytuj\u0105cych bystrzy na 14-kilometrowej trasie rzeki, pop\u0142ywaj w krystalicznie czystych basenach rzecznych i wr\u00f3\u0107 z opowie\u015bciami do opowiadania \u2013 wszystko z odbiorem z hotelu i lunchem nad rzek\u0105 w cenie.<\/p>\n<h2>Przegl\u0105d wycieczki raftingowej w Antalyi<\/h2>\n<p>Do\u0142\u0105cz do ca\u0142odniowej wycieczki z raftingiem po dzikiej rzece z Antalyi do Kanionu K\u00f6pr\u00fcl\u00fc, wpisanego na list\u0119 UNESCO naturalnego cudu wyrze\u017abionego przez G\u00f3ry Taurus. Po malowniczej 1,5-godzinnej je\u017adzie przez lasy sosnowe i g\u00f3rskie wioski dotrzesz do bazy w kanionie, wyposa\u017cysz si\u0119 i wyruszysz na jedn\u0105 z najlepszych tras raftingowych w Turcji. Trasa o d\u0142ugo\u015bci 14 km obejmuje 10 zabawnych prog\u00f3w \u2013 od \u0142agodnych sp\u0142yw\u00f3w po ekscytuj\u0105ce zjazdy \u2013 a tak\u017ce przerwy na p\u0142ywanie, opcjonalny przystanek na tyrolce i obfity lunch nad rzek\u0105. Odpowiednie dla pocz\u0105tkuj\u0105cych i rodzin; nie jest wymagane \u017cadne do\u015bwiadczenie.<\/p>\n<h3>\ud83c\udf1f Najwa\u017cniejsze informacje<\/h3>\n<p><span style=\"color: #ff0000;\"><strong>\u2022<\/strong> <\/span>Malownicza 1,5-godzinna jazda z Antalyi przez g\u00f3ry Taurus<br \/>\n<span style=\"color: #ff0000;\"><strong>\u2022<\/strong> <\/span>14 km trasa sp\u0142ywu pontonowego z 10 ekscytuj\u0105cymi progami w Kanionie K\u00f6pr\u00fcl\u00fc<br \/>\n<span style=\"color: #ff0000;\"><strong>\u2022<\/strong> <\/span>P\u0142ywaj w spokojnych, czystych basenach rzecznych mi\u0119dzy bystrzami<br \/>\n<span style=\"color: #ff0000;\"><strong>\u2022<\/strong> <\/span>Widoki na staro\u017cytne rzymskie mosty nad kanionem<br \/>\n<span style=\"color: #ff0000;\"><strong>\u2022<\/strong> <\/span>Opcjonalna tyrolka i zaj\u0119cia rekreacyjne dost\u0119pne<br \/>\n<span style=\"color: #ff0000;\"><strong>\u2022<\/strong> <\/span>Tradycyjny lunch w restauracji nad rzek\u0105<br \/>\n<span style=\"color: #ff0000;\"><strong>\u2022<\/strong> <\/span>Profesjonalni przewodnicy i pe\u0142ne wyposa\u017cenie ochronne<br \/>\n<span style=\"color: #ff0000;\"><strong>\u2022<\/strong> <\/span>Odbi\u00f3r i dow\u00f3z z hotelu w Antalyi w cenie<\/p>\n<h2>Czego spodziewa\u0107 si\u0119 podczas wycieczki raftingowej w Antalyi<\/h2>\n<p>Twoja przygoda rozpoczyna si\u0119 komfortowym odbiorem z hotelu w Antalyi. Podr\u00f3\u017c do kanionu K\u00f6pr\u00fcl\u00fc trwa oko\u0142o 1,5 godziny \u2013 malownicza trasa przez przedg\u00f3rza g\u00f3r Taurus, z mijanymi po drodze wioskami g\u00f3rskimi, sadami owocowymi i lasami sosnowymi. To podr\u00f3\u017c, kt\u00f3r\u0105 warto odby\u0107.<\/p>\n<p>Przybywaj\u0105c na <strong>stanica u podn\u00f3\u017ca kanionu<\/strong>, Spotkasz swoich przewodnik\u00f3w i otrzymasz szczeg\u00f3\u0142ow\u0105 odpraw\u0119 bezpiecze\u0144stwa. Kaski, kamizelki ratunkowe i wios\u0142a zostan\u0105 rozdane i dopasowane, a Tw\u00f3j przewodnik wyja\u015bni podstawowe komendy i spos\u00f3b radzenia sobie z bystrzami. Nie jest wymagane wcze\u015bniejsze do\u015bwiadczenie \u2014 ka\u017cdego dnia t\u0105 tras\u0105 pokonuj\u0105 j\u0105 grupy w ka\u017cdym wieku i o r\u00f3\u017cnych umiej\u0119tno\u015bciach.<\/p>\n<p>Trasa sp\u0142ywu ma d\u0142ugo\u015b\u0107 <strong>14 km<\/strong> przez kanion, napotykaj\u0105c <strong>10 bystrzy<\/strong> o zmiennym nat\u0119\u017ceniu. Niekt\u00f3re to \u0142agodne sp\u0142ywy obok dramatycznych \u015bcian skalnych; inne to prawdziwe zjazdy po bystrzach, kt\u00f3re sprawi\u0105, \u017ce ca\u0142a tratwa b\u0119dzie wrzeszcze\u0107 z ekscytacji. Pomi\u0119dzy progami rzeka uspokaja si\u0119 w pi\u0119knych turkusowych basenach, idealnych do p\u0142ywania. Skocz do wody, po\u0142\u00f3\u017c si\u0119 na plecach i sp\u00f3jrz w g\u00f3r\u0119 na wznosz\u0105ce si\u0119 nad tob\u0105 \u015bciany kanionu.<\/p>\n<p>W po\u0142owie trasy jest post\u00f3j przy <strong>teren przygodowy<\/strong> oferuj\u0105 zjazd na linie, skoki na bungee i inne atrakcje (dost\u0119pne za dodatkow\u0105 op\u0142at\u0105). Spr\u00f3buj czego\u015b nowego, podczas gdy Twoi przewodnicy uzupe\u0142ni\u0105 energi\u0119 napojami i lokalnymi przek\u0105skami.<\/p>\n<p>A <strong>tradycyjny turecki lunch<\/strong> serwowany w restauracji nad rzek\u0105 \u2014 obfity i \u015bwie\u017co przygotowany. Po posi\u0142ku jest czas wolny na relaks nad rzek\u0105 przed kontynuowaniem drugiej cz\u0119\u015bci trasy.<\/p>\n<p>Na ko\u0144cu sp\u0142ywu mo\u017cna zakupi\u0107 <strong>pakiet wideo i zdj\u0119\u0107<\/strong> uchwycenie Twoich najlepszych moment\u00f3w na bystrzach. Powrotny transfer zawiezie Ci\u0119 z powrotem do Antalyi, gdzie przyb\u0119dziesz wczesnym wieczorem.<\/p>\n<p class=\"mhm-jue-internal-links\">Szukasz wi\u0119cej przyg\u00f3d w okolicy? Zapoznaj si\u0119 z nasz\u0105 pe\u0142n\u0105 list\u0105 <a href=\"\/pl\/kierunki\/antalya-wycieczki\/\">Wycieczki Antalya<\/a> lub sprawd\u017a <a href=\"\/pl\/wycieczki-2\/antalya-suluada-zachod-slonca-rejs\/\">Rejs statkiem na zach\u00f3d s\u0142o\u0144ca na wysp\u0119 Suluada z Antalyi z kolacj\u0105<\/a> na kolejne niezapomniane prze\u017cycie.<\/p>\n<h3>\ud83e\udded Plan wycieczki<\/h3>\n<p><span style=\"color: #ff0000;\"><strong>\u2022<\/strong> <\/span>Odbi\u00f3r z hotelu w Antalyi i okolicach<br \/>\n<span style=\"color: #ff0000;\"><strong>\u2022<\/strong> <\/span>Malownicza przeja\u017cd\u017cka do Kanionu K\u00f6pr\u00fcl\u00fc (ok. 1,5 godziny)<br \/>\n<span style=\"color: #ff0000;\"><strong>\u2022<\/strong> <\/span>Przyjazd do bazy - odprawa dotycz\u0105ca bezpiecze\u0144stwa i sprz\u0119tu<br \/>\n<span style=\"color: #ff0000;\"><strong>\u2022<\/strong> <\/span>14 km trasa sp\u0142ywu kajakowego z 10 progami i przerwami na k\u0105piel<br \/>\n<span style=\"color: #ff0000;\"><strong>\u2022<\/strong> <\/span>Opcjonalna tyrolka i atrakcje przygodowe<br \/>\n<span style=\"color: #ff0000;\"><strong>\u2022<\/strong> <\/span>Obiad nad rzek\u0105 w lokalnej restauracji<br \/>\n<span style=\"color: #ff0000;\"><strong>\u2022<\/strong> <\/span>Kontynuuj sp\u0142yw do punktu ko\u0144cowego<br \/>\n<span style=\"color: #ff0000;\"><strong>\u2022<\/strong> <\/span>Transfer powrotny do hoteli w Antalyi<\/p>\n<h3>\u2139\ufe0f Przydatne informacje<\/h3>\n<p><span style=\"color: #ff0000;\"><strong>\u2022<\/strong> <\/span>Nie wymagane do\u015bwiadczenie w raftingu \u2014 odpowiednie dla pocz\u0105tkuj\u0105cych<br \/>\n<span style=\"color: #ff0000;\"><strong>\u2022<\/strong> <\/span>Standardowe tratwy 10-osobowe u\u017cywane<br \/>\n<span style=\"color: #ff0000;\"><strong>\u2022<\/strong> <\/span>Prywatna tratwa dwuosobowa dost\u0119pna za dodatkow\u0105 op\u0142at\u0105<br \/>\n<span style=\"color: #ff0000;\"><strong>\u2022<\/strong> <\/span>Odpowiedni dla rodzin, par i grup poszukiwaczy przyg\u00f3d<br \/>\n<span style=\"color: #ff0000;\"><strong>\u2022<\/strong> <\/span>Program mo\u017ce nieznacznie si\u0119 r\u00f3\u017cni\u0107 w zale\u017cno\u015bci od pogody lub warunk\u00f3w rzecznych<br \/>\n<span style=\"color: #ff0000;\"><strong>\u2022<\/strong> <\/span>Ca\u0142odniowa wycieczka (oko\u0142o 10\u201311 godzin, wliczaj\u0105c transfery)<\/p>\n<p class=\"mhm-jue-external-link\">Dowiedz si\u0119 wi\u0119cej o miejscu docelowym na <a href=\"https:\/\/en.wikipedia.org\/wiki\/K%C3%B6pr%C3%BCl%C3%BC_Canyon_National_Park\" target=\"_blank\" rel=\"noopener\">Strona Wikipedii Parku Narodowego W\u0105wozu K\u00f6pr\u00fcl\u00fc<\/a>.<\/p>\n<h3>\ud83c\udf92 Co zabra\u0107<\/h3>\n<p><span style=\"color: #ff0000;\"><strong>\u2022<\/strong> <\/span>Bikini i r\u0119cznik<br \/>\n<span style=\"color: #ff0000;\"><strong>\u2022<\/strong> <\/span>Buty, kt\u00f3rych nie szkoda zamoczy\u0107 (adidasy lub buty wodne)<br \/>\n<span style=\"color: #ff0000;\"><strong>\u2022<\/strong> <\/span>Krem z filtrem i kapelusz<br \/>\n<span style=\"color: #ff0000;\"><strong>\u2022<\/strong> <\/span>Suche ubranie na drog\u0119 powrotn\u0105<br \/>\n<span style=\"color: #ff0000;\"><strong>\u2022<\/strong> <\/span>Got\u00f3wka na opcjonalne aktywno\u015bci, napoje lub pakiet zdj\u0119\u0107<\/p>\n<h3>\ud83d\udeab Nieodpowiednie dla<\/h3>\n<p><span style=\"color: #ff0000;\"><strong>\u2022<\/strong> <\/span>Ci\u0119\u017carne kobiety<br \/>\n<span style=\"color: #ff0000;\"><strong>\u2022<\/strong> <\/span>Go\u015bcie z powa\u017cnymi schorzeniami serca lub problemami z poruszaniem si\u0119<br \/>\n<span style=\"color: #ff0000;\"><strong>\u2022<\/strong> <\/span>Dzieci poni\u017cej 7 roku \u017cycia<\/p>\n<h3>\ud83d\udcb8 Cena i Rezerwacja<\/h3>\n<p><span style=\"color: #ff0000;\"><strong>\u2022<\/strong> <\/span>Ceny mog\u0105 si\u0119 r\u00f3\u017cni\u0107 w zale\u017cno\u015bci od sezonu \u2014 sprawd\u017a aktualne stawki w formularzu rezerwacji<br \/>\n<span style=\"color: #ff0000;\"><strong>\u2022<\/strong> <\/span>Zarezerwuj teraz i zap\u0142a\u0107 w dniu wycieczki<br \/>\n<span style=\"color: #ff0000;\"><strong>\u2022<\/strong> <\/span>Skontaktuj si\u0119 z nami przez WhatsApp, Telegram lub Viber, lub wype\u0142nij poni\u017cszy formularz rezerwacji<\/p>","protected":false},"excerpt":{"rendered":"<p>Enjoy an Antalya Rafting K\u00f6pr\u00fcl\u00fc Canyon adventure \u2013 paddle 14 km through 10 rapids, swim in crystal-clear river pools with riverside lunch &amp; hotel transfer included.<\/p>","protected":false},"featured_media":11122,"comment_status":"open","ping_status":"closed","template":"","meta":{"_acf_changed":false},"product_brand":[],"product_cat":[32],"product_tag":[69],"class_list":{"0":"post-10968","1":"product","2":"type-product","3":"status-publish","4":"has-post-thumbnail","6":"product_cat-antalya","7":"product_tag-antalya","9":"first","10":"instock","11":"featured","12":"shipping-taxable","13":"purchasable","14":"product-type-ovabrw_car_rental"},"acf":[],"aioseo_notices":[],"_links":{"self":[{"href":"https:\/\/joinusexcursions.com\/pl\/wp-json\/wp\/v2\/product\/10968","targetHints":{"allow":["GET"]}}],"collection":[{"href":"https:\/\/joinusexcursions.com\/pl\/wp-json\/wp\/v2\/product"}],"about":[{"href":"https:\/\/joinusexcursions.com\/pl\/wp-json\/wp\/v2\/types\/product"}],"replies":[{"embeddable":true,"href":"https:\/\/joinusexcursions.com\/pl\/wp-json\/wp\/v2\/comments?post=10968"}],"wp:featuredmedia":[{"embeddable":true,"href":"https:\/\/joinusexcursions.com\/pl\/wp-json\/wp\/v2\/media\/11122"}],"wp:attachment":[{"href":"https:\/\/joinusexcursions.com\/pl\/wp-json\/wp\/v2\/media?parent=10968"}],"wp:term":[{"taxonomy":"product_brand","embeddable":true,"href":"https:\/\/joinusexcursions.com\/pl\/wp-json\/wp\/v2\/product_brand?post=10968"},{"taxonomy":"product_cat","embeddable":true,"href":"https:\/\/joinusexcursions.com\/pl\/wp-json\/wp\/v2\/product_cat?post=10968"},{"taxonomy":"product_tag","embeddable":true,"href":"https:\/\/joinusexcursions.com\/pl\/wp-json\/wp\/v2\/product_tag?post=10968"}],"curies":[{"name":"wp","href":"https:\/\/api.w.org\/{rel}","templated":true}]}}