{"id":10970,"date":"2025-04-26T22:27:44","date_gmt":"2025-04-26T19:27:44","guid":{"rendered":"https:\/\/www.joinusexcursions.com\/?post_type=product&#038;p=10970"},"modified":"2026-04-18T05:20:47","modified_gmt":"2026-04-18T02:20:47","slug":"antalya-pamukkale-balon","status":"publish","type":"product","link":"https:\/\/joinusexcursions.com\/pl\/tours\/antalya-pamukkale-balloon\/","title":{"rendered":"Lot balonem na ogrzane powietrze w Pamukkale z Antalyi"},"content":{"rendered":"<p>Poszybuj nad Pamukkale balonem na ogrzane powietrze z Antalyi. Obserwuj wsch\u00f3d s\u0142o\u0144ca nad ikonicznymi bia\u0142ymi tarasami trawertynowymi i staro\u017cytnymi ruinami Hierapolis z wysoka \u2013 jedno z najbardziej niezwyk\u0142ych prze\u017cy\u0107 w Turcji, a wszystko to z odbiorem z hotelu i transferami w cenie.<\/p>\n<h2>\ud83c\udf05 Overview of the Antalya Pamukkale Balloon Tour<\/h2>\n<p>To prze\u017cycie z listy \u017cycze\u0144. Odbi\u00f3r z hotelu w Antalyi przed \u015bwitem, malownicza 3-4 godzinna podr\u00f3\u017c przez anatolijsk\u0105 wie\u015b, a nast\u0119pnie niezapomniany widok \u015bnie\u017cnobia\u0142ych wapiennych taras\u00f3w Pamukkale pojawiaj\u0105cych si\u0119 na horyzoncie. Po wyl\u0105dowaniu wejdziecie na pok\u0142ad balonu i w ciszy wzniesiecie si\u0119 w poranne niebo. Przez oko\u0142o godzin\u0119 b\u0119dziesz unosi\u0107 si\u0119 nad jednym z najbardziej spektakularnych miejsc wpisanych na list\u0119 UNESCO \u2013 Zamkiem Bawe\u0142nianym \u2013 obserwuj\u0105c, jak tarasy l\u015bni\u0105 w porannym \u015bwietle, a staro\u017cytne miasto Hierapolis rozci\u0105ga si\u0119 poni\u017cej. Toast szampanem po wyl\u0105dowaniu, zwiedzanie ruin Hierapolis i samych taras\u00f3w, a nast\u0119pnie powr\u00f3t do Antalyi sprawiaj\u0105, \u017ce jest to najbardziej zapadaj\u0105cy w pami\u0119\u0107, ca\u0142odniowy wypad podczas wakacji w Turcji.<\/p>\n<h3>\ud83c\udf1f Antalya Pamukkale Ballon Tour Highlights<\/h3>\n<p><span style=\"color: #ff0000;\"><strong>\u2022<\/strong> <\/span>Ok. 1-godzinny lot balonem nad Pamukkale i Hierapolis<br \/>\n<span style=\"color: #ff0000;\"><strong>\u2022<\/strong> <\/span>Widoki wschodz\u0105cego s\u0142o\u0144ca na bia\u0142e tarasy trawertynowe z g\u00f3ry<br \/>\n<span style=\"color: #ff0000;\"><strong>\u2022<\/strong> <\/span>Toast szampanem po wyl\u0105dowaniu<br \/>\n<span style=\"color: #ff0000;\"><strong>\u2022<\/strong> <\/span>Wizyta w ruinach staro\u017cytnego miasta Hierapolis<br \/>\n<span style=\"color: #ff0000;\"><strong>\u2022<\/strong> <\/span>Spacer po tarasach trawertynowych Pamukkale<br \/>\n<span style=\"color: #ff0000;\"><strong>\u2022<\/strong> <\/span>Do\u015bwiadczony licencjonowany pilot \u2014 najwy\u017csze standardy bezpiecze\u0144stwa<br \/>\n<span style=\"color: #ff0000;\"><strong>\u2022<\/strong> <\/span>Transfer z hotelu i powr\u00f3t do hotelu w Antalyi w cenie<\/p>\n<h2>Czego mo\u017cna si\u0119 spodziewa\u0107 podczas lotu balonem na gor\u0105ce powietrze w Antalyi<\/h2>\n<p>Tw\u00f3j dzie\u0144 zaczyna si\u0119 bardzo wcze\u015bnie - odbi\u00f3r z hotelu w Antalyi zazwyczaj odbywa si\u0119 oko\u0142o <strong>04:00\u201305:00<\/strong> aby w pe\u0142ni wykorzysta\u0107 podr\u00f3\u017c i poranne okienko na lot balonem. Dojazd do Pamukkale zajmuje oko\u0142o <strong>3\u20134 godziny<\/strong>, przemierzaj\u0105c r\u00f3wniny i wsie zachodniej Anatolii, gdy rozja\u015bnia si\u0119 niebo. To prawdziwa przygoda \u2014 nie kr\u00f3tki skok, ale podr\u00f3\u017c, kt\u00f3ra sprawia, \u017ce dotarcie do celu staje si\u0119 zas\u0142u\u017conym osi\u0105gni\u0119ciem.<\/p>\n<p>Po przybyciu na miejsce startu, za\u0142oga naziemna ju\u017c napompowuje balon w bladym przed\u015bwitowym \u015bwietle. Zostajesz poinformowany o procedurach bezpiecze\u0144stwa i wej\u015bciu na pok\u0142ad, a nast\u0119pnie kosz zape\u0142nia si\u0119 \u2013 zazwyczaj od 8 do 12 pasa\u017cer\u00f3w z certyfikowanym pilotem. Rozpoczyna si\u0119 palenie, balon unosi si\u0119, a potem zapada cisza.<\/p>\n<p>Na oko\u0142o <strong>jedna godzina<\/strong>, Unosisz si\u0119 nad krajobrazem Pamukkale. Poni\u017cej ciebie, <strong>bia\u0142e tarasy trawertynowe<\/strong> \u2014 uformowane przez tysi\u0105clecia przez wod\u0119 \u017ar\u00f3dlan\u0105 bogat\u0105 w wap\u0144 \u2014 \u0142api\u0105 pierwsze poranne \u015bwiat\u0142o i l\u015bni\u0105 niezwyk\u0142ym bia\u0142or\u00f3\u017cowym blaskiem. Ruiny <strong>Hierapolis<\/strong> rozci\u0105gaj\u0105cy si\u0119 po p\u0142askowy\u017cu, widoczne z g\u00f3ry kolumny i mury teatru. Balon delikatnie unosi si\u0119 z wiatrem. Tw\u00f3j pilot komentuje i manewruje, aby zapewni\u0107 ka\u017cdemu go\u015bciowi najlepsze widoki.<\/p>\n<p>Po wyl\u0105dowaniu, <strong>toast szampanem<\/strong> upami\u0119tnia okazj\u0119. Otrzymujesz certyfikat lotu, tradycyjny symbol zako\u0144czonego lotu balonem. Przed udaniem si\u0119 na <strong>Stanowisko archeologiczne Hierapolis<\/strong> \u2014 staro\u017cytne rzymskie \u0142a\u017anie, dobrze zachowany teatr, nekropolia i s\u0142ynna <strong>Stary basen<\/strong> gdzie mo\u017cna pop\u0142ywa\u0107 w\u015br\u00f3d rzymskich kolumn (wymagana op\u0142ata za wst\u0119p). Spacer po tarasach Pamukkale dope\u0142nia do\u015bwiadczenia wpisanego na list\u0119 UNESCO przed transferem powrotnym do Antalyi.<\/p>\n<p class=\"mhm-jue-internal-links\">Szukasz wi\u0119cej przyg\u00f3d w okolicy? Zapoznaj si\u0119 z nasz\u0105 pe\u0142n\u0105 list\u0105 <a href=\"\/pl\/kierunki\/antalya-wycieczki\/\">Wycieczki Antalya<\/a> lub sprawd\u017a <a href=\"\/pl\/wycieczki-2\/antalya-suluada-zachod-slonca-rejs\/\">Rejs statkiem na zach\u00f3d s\u0142o\u0144ca na wysp\u0119 Suluada z Antalyi z kolacj\u0105<\/a> na kolejne niezapomniane prze\u017cycie.<\/p>\n<h3>\ud83e\udded Plan wycieczki<\/h3>\n<p><span style=\"color: #ff0000;\"><strong>\u2022<\/strong> <\/span>Odbi\u00f3r z hotelu w Antalyi (ok. 04:00\u201305:00)<br \/>\n<span style=\"color: #ff0000;\"><strong>\u2022<\/strong> <\/span>Przejazd do Pamukkale (ok. 3\u20134 godziny)<br \/>\n<span style=\"color: #ff0000;\"><strong>\u2022<\/strong> <\/span>Przybycie na miejsce startu \u2014 odprawa i wej\u015bcie na pok\u0142ad<br \/>\n<span style=\"color: #ff0000;\"><strong>\u2022<\/strong> <\/span>Lot balonem (ok. 1 godzin\u0119)<br \/>\n<span style=\"color: #ff0000;\"><strong>\u2022<\/strong> <\/span>Toast szampanem i certyfikat lotu po wyl\u0105dowaniu<br \/>\n<span style=\"color: #ff0000;\"><strong>\u2022<\/strong> <\/span>\u015aniadanie<br \/>\n<span style=\"color: #ff0000;\"><strong>\u2022<\/strong> <\/span>Wizyta w staro\u017cytnym mie\u015bcie Hierapolis<br \/>\n<span style=\"color: #ff0000;\"><strong>\u2022<\/strong> <\/span>Spacer po tarasach wapiennych Pamukkale<br \/>\n<span style=\"color: #ff0000;\"><strong>\u2022<\/strong> <\/span>Transfer powrotny do hoteli w Antalyi<\/p>\n<h3>\u2139\ufe0f Przydatne informacje<\/h3>\n<p><span style=\"color: #ff0000;\"><strong>\u2022<\/strong> <\/span>Bardzo wczesny start \u2013 odbi\u00f3r oko\u0142o 04:30\u201305:00<br \/>\n<span style=\"color: #ff0000;\"><strong>\u2022<\/strong> <\/span>Ca\u0142odniowa wycieczka (oko\u0142o 14\u201315 godzin \u0142\u0105cznie z transferami)<br \/>\n<span style=\"color: #ff0000;\"><strong>\u2022<\/strong> <\/span>Loty balonem odbywaj\u0105 si\u0119 w zale\u017cno\u015bci od warunk\u00f3w pogodowych<br \/>\n<span style=\"color: #ff0000;\"><strong>\u2022<\/strong> <\/span>Minimalny wiek: 6 lat (dzieci musz\u0105 by\u0107 pod opiek\u0105 rodzica)<br \/>\n<span style=\"color: #ff0000;\"><strong>\u2022<\/strong> <\/span>Bilet wst\u0119pu do Hierapolis kupowany osobno na miejscu<\/p>\n<p class=\"mhm-jue-external-link\">Dowiedz si\u0119 wi\u0119cej o miejscu docelowym na <a href=\"https:\/\/en.wikipedia.org\/wiki\/Pamukkale\" target=\"_blank\" rel=\"noopener\">Strona Pamukkale w Wikipedii<\/a>.<\/p>\n<h3>\ud83c\udf92 Co zabra\u0107<\/h3>\n<p><span style=\"color: #ff0000;\"><strong>\u2022<\/strong> <\/span>Ciep\u0142a warstwa na wczesny poranek i lot balonem (na wysoko\u015bci mo\u017ce by\u0107 ch\u0142odno)<br \/>\n<span style=\"color: #ff0000;\"><strong>\u2022<\/strong> <\/span>Wygodne buty do chodzenia<br \/>\n<span style=\"color: #ff0000;\"><strong>\u2022<\/strong> <\/span>Aparat czy smartfon<br \/>\n<span style=\"color: #ff0000;\"><strong>\u2022<\/strong> <\/span>P\u0142atno\u015b\u0107 za wst\u0119p do Hierapolis, Basen Kleopatry lub zakupy osobiste<\/p>\n<h3>\ud83d\udeab Nieodpowiednie dla<\/h3>\n<p><span style=\"color: #ff0000;\"><strong>\u2022<\/strong> <\/span>Ci\u0119\u017carne kobiety<br \/>\n<span style=\"color: #ff0000;\"><strong>\u2022<\/strong> <\/span>Go\u015bcie z powa\u017cnymi schorzeniami serca<br \/>\n<span style=\"color: #ff0000;\"><strong>\u2022<\/strong> <\/span>Go\u015bcie z l\u0119kiem wysoko\u015bci<\/p>\n<h3>\ud83d\udcb8 Cena i Rezerwacja<\/h3>\n<p><span style=\"color: #ff0000;\"><strong>\u2022<\/strong> <\/span>Ceny mog\u0105 si\u0119 r\u00f3\u017cni\u0107 w zale\u017cno\u015bci od sezonu \u2014 sprawd\u017a aktualne stawki w formularzu rezerwacji<br \/>\n<span style=\"color: #ff0000;\"><strong>\u2022<\/strong> <\/span>Miejsca ograniczone \u2014 zdecydowanie zalecamy wczesn\u0105 rezerwacj\u0119<br \/>\n<span style=\"color: #ff0000;\"><strong>\u2022<\/strong> <\/span>Zarezerwuj teraz i zap\u0142a\u0107 w dniu wycieczki<br \/>\n<span style=\"color: #ff0000;\"><strong>\u2022<\/strong> <\/span>Skontaktuj si\u0119 z nami przez WhatsApp, Telegram lub Viber, lub wype\u0142nij poni\u017cszy formularz rezerwacji<\/p>","protected":false},"excerpt":{"rendered":"<p>Join the Antalya Pamukkale Balloon Tour \u2013 soar over UNESCO white travertines at sunrise, explore Hierapolis ruins &amp; celebrate with champagne. Hotel transfer &amp; breakfast included.<\/p>","protected":false},"featured_media":10740,"comment_status":"open","ping_status":"closed","template":"","meta":{"_acf_changed":false},"product_brand":[],"product_cat":[32],"product_tag":[69],"class_list":{"0":"post-10970","1":"product","2":"type-product","3":"status-publish","4":"has-post-thumbnail","6":"product_cat-antalya","7":"product_tag-antalya","9":"first","10":"instock","11":"featured","12":"shipping-taxable","13":"purchasable","14":"product-type-ovabrw_car_rental"},"acf":[],"aioseo_notices":[],"_links":{"self":[{"href":"https:\/\/joinusexcursions.com\/pl\/wp-json\/wp\/v2\/product\/10970","targetHints":{"allow":["GET"]}}],"collection":[{"href":"https:\/\/joinusexcursions.com\/pl\/wp-json\/wp\/v2\/product"}],"about":[{"href":"https:\/\/joinusexcursions.com\/pl\/wp-json\/wp\/v2\/types\/product"}],"replies":[{"embeddable":true,"href":"https:\/\/joinusexcursions.com\/pl\/wp-json\/wp\/v2\/comments?post=10970"}],"wp:featuredmedia":[{"embeddable":true,"href":"https:\/\/joinusexcursions.com\/pl\/wp-json\/wp\/v2\/media\/10740"}],"wp:attachment":[{"href":"https:\/\/joinusexcursions.com\/pl\/wp-json\/wp\/v2\/media?parent=10970"}],"wp:term":[{"taxonomy":"product_brand","embeddable":true,"href":"https:\/\/joinusexcursions.com\/pl\/wp-json\/wp\/v2\/product_brand?post=10970"},{"taxonomy":"product_cat","embeddable":true,"href":"https:\/\/joinusexcursions.com\/pl\/wp-json\/wp\/v2\/product_cat?post=10970"},{"taxonomy":"product_tag","embeddable":true,"href":"https:\/\/joinusexcursions.com\/pl\/wp-json\/wp\/v2\/product_tag?post=10970"}],"curies":[{"name":"wp","href":"https:\/\/api.w.org\/{rel}","templated":true}]}}