{"id":10971,"date":"2025-04-26T22:28:44","date_gmt":"2025-04-26T19:28:44","guid":{"rendered":"https:\/\/www.joinusexcursions.com\/?post_type=product&#038;p=10971"},"modified":"2026-04-13T23:05:32","modified_gmt":"2026-04-13T20:05:32","slug":"kemer-pamukkale-balon","status":"publish","type":"product","link":"https:\/\/joinusexcursions.com\/pl\/tours\/kemer-pamukkale-balloon\/","title":{"rendered":"Lot balonem na gor\u0105ce powietrze w Pamukkale z Kemer"},"content":{"rendered":"<p>The <strong>Kemer Pamukkale Balon<\/strong> Wycieczka zabierze Ci\u0119 na lot balonem o wschodzie s\u0142o\u0144ca nad bia\u0142ymi tarasami trawertynowymi i ruinami Hierapolis, z wliczonym transportem do hotelu. Obserwuj, jak wsch\u00f3d s\u0142o\u0144ca roz\u015bwietla bia\u0142e tarasy trawertynowe z g\u00f3ry, unosz\u0105c si\u0119 nad staro\u017cytnymi ruinami Hierapolis i wracaj\u0105c do hotelu w Kemerze ze wspomnieniami, kt\u00f3re pozostan\u0105 na ca\u0142e \u017cycie \u2013 a wszystko to z wliczonym transportem.<\/p>\n<h2>\ud83c\udf05 Przegl\u0105d wycieczki balonem Kemer Pamukkale<\/h2>\n<p>Pamukkale to jeden z cud\u00f3w \u015bwiata \u2014 a widok z balonu na ogrzane powietrze o wschodzie s\u0142o\u0144ca to prze\u017cycie, kt\u00f3rego nie znajdziesz nigdzie indziej. Rozpoczynaj\u0105c od Kemer, z malownicz\u0105 3-godzinn\u0105 podr\u00f3\u017c\u0105 przez nadmorsk\u0105 okolic\u0119 Morza Egejskiego, ta ca\u0142odniowa wycieczka zabierze Ci\u0119 do serca jednego z tureckich miejsc \u015bwiatowego dziedzictwa UNESCO. Unosz\u0105c si\u0119 oko\u0142o godziny nad ikonicznymi bia\u0142ymi tarasami \u201eBawe\u0142nianego Zamku\u201d i rozleg\u0142ymi ruinami Hierapolis, wyl\u0105dujesz na toast szampanem i poranek zwiedzania staro\u017cytnego miasta. To jest punkt kulminacyjny ka\u017cdego wakacyjnego pobytu na Tureckiej Riwierze.<\/p>\n<h3>\ud83c\udf1f Najwa\u017cniejsze informacje<\/h3>\n<p><span style=\"color: #ff0000;\"><strong>\u2022<\/strong> <\/span>Ok. 1-godzinny lot balonem nad Pamukkale i Hierapolis<br \/>\n<span style=\"color: #ff0000;\"><strong>\u2022<\/strong> <\/span>Widoki wschodz\u0105cego s\u0142o\u0144ca na bia\u0142e tarasy trawertynowe z wysoko\u015bci<br \/>\n<span style=\"color: #ff0000;\"><strong>\u2022<\/strong> <\/span>Toast szampanem i certyfikat lotu po wyl\u0105dowaniu<br \/>\n<span style=\"color: #ff0000;\"><strong>\u2022<\/strong> <\/span>Wizyta w ruinach staro\u017cytnego miasta Hierapolis<br \/>\n<span style=\"color: #ff0000;\"><strong>\u2022<\/strong> <\/span>Przejd\u017a po kultowych bia\u0142ych tarasach trawertynowych<br \/>\n<span style=\"color: #ff0000;\"><strong>\u2022<\/strong> <\/span>Certyfikowany do\u015bwiadczony pilot \u2014 pe\u0142ne przestrzeganie zasad bezpiecze\u0144stwa<br \/>\n<span style=\"color: #ff0000;\"><strong>\u2022<\/strong> <\/span>Wliczony w cen\u0119 odbi\u00f3r i transfer powrotny z hotelu w Kemer<\/p>\n<h2>Czego mo\u017cna si\u0119 spodziewa\u0107 podczas lotu balonem na ogrzane powietrze w Kemer<\/h2>\n<p>Tw\u00f3j dzie\u0144 zaczyna si\u0119 przed \u015bwitem \u2013 odbi\u00f3r z hotelu w Kemer zazwyczaj odbywa si\u0119 oko\u0142o <strong>04:30\u201305:00<\/strong>. Dojazd do Pamukkale zajmuje oko\u0142o <strong>3 godziny<\/strong>, nieco kr\u00f3tsza podr\u00f3\u017c ni\u017c z Antalyi, prowadz\u0105ca przez \u015br\u00f3dl\u0105dowe wzg\u00f3rza i bawe\u0142niane pola regionu Morza Egejskiego, gdy krajobraz zmienia si\u0119 z wybrze\u017ca na tereny wiejskie.<\/p>\n<p>Docieraj\u0105c na miejsce startu, p\u0142askowy\u017c Pamukkale ju\u017c delikatnie l\u015bni w przed\u015bwitowym \u015bwietle. Ekipa naziemna pompuje balon, gdy przybywasz. Po odprawie bezpiecze\u0144stwa pasa\u017cerowie wsiadaj\u0105 do kosza z certyfikowanym pilotem. Palniki odpalaj\u0105, balon unosi si\u0119, a d\u017awi\u0119ki ziemi cichn\u0105.<\/p>\n<p>The <strong>lot godzinny<\/strong> zabiera Ci\u0119 nad jeden z najcz\u0119\u015bciej fotografowanych krajobraz\u00f3w w Turcji. <strong>tarasy trawertynowe<\/strong> \u2014 wybielone biel\u0105 przez wieki bogatej w wap\u0144 wody termalnej \u2014 \u0142api\u0105 poranne \u015bwiat\u0142o w spos\u00f3b, kt\u00f3ry zmienia si\u0119 z ka\u017cd\u0105 minut\u0105. Spogl\u0105daj\u0105c w d\u00f3\u0142, mo\u017cna prze\u015bledzi\u0107 staro\u017cytne ulice <strong>Hierapolis<\/strong>kolumnowa aleja, teatr wykuty w zboczu wzg\u00f3rza, rozleg\u0142a nekropolia rozci\u0105gaj\u0105ca si\u0119 poza murami miasta. Perspektywa z g\u00f3ry ukazuje pe\u0142n\u0105 skal\u0119 tego, co niegdy\u015b by\u0142o jednym z najbogatszych miast staro\u017cytnego \u015bwiata.<\/p>\n<p>Po wyl\u0105dowaniu wznie\u015b toast \u2014 <strong>serwowane jest szampan<\/strong> aby uczci\u0107 lot. Tw\u00f3j pilot wr\u0119cza Ci certyfikat lotu. Nast\u0119pnie serwowane jest \u015bniadanie przed rozpocz\u0119ciem zorganizowanej cz\u0119\u015bci dnia.<\/p>\n<p>Odwiedzisz <strong>Stanowisko archeologiczne Hierapolis<\/strong> \u2014 spacer po wybrukowanych marmurem ulicach, wizyta w teatrze i, dla tych, kt\u00f3rzy chc\u0105 pe\u0142nego do\u015bwiadczenia, k\u0105piel w <strong>Stary basen<\/strong>, gdzie zatopione w ciep\u0142ej wodzie mineralnej le\u017c\u0105 kolumny z okresu rzymskiego (dotyczy osobnego wpisu). Na koniec spacer po s\u0142ynnym <strong>Tarasy Pamukkale<\/strong> \u2014 jasnobia\u0142e baseny wapienne, kt\u00f3rym zdj\u0119cia ledwo oddaj\u0105 sprawiedliwo\u015b\u0107.<\/p>\n<p>Transfer powrotny do Kemeru zajmuje oko\u0142o 3 godzin, z przyjazdem wieczorem. D\u0142ugi dzie\u0144, kt\u00f3ry wart jest ka\u017cdej minuty.<\/p>\n<p class=\"mhm-jue-internal-links\">Szukasz wi\u0119cej przyg\u00f3d w okolicy? Zapoznaj si\u0119 z nasz\u0105 pe\u0142n\u0105 list\u0105 <a href=\"\/pl\/kierunki\/kemer-wycieczki\/\">Wycieczki z Kemer<\/a> lub sprawd\u017a <a href=\"\/pl\/wycieczki-2\/kemer-suluada-zachod-slonca-rejs\/\">Kemer: Wycieczka \u0142odzi\u0105 na wysp\u0119 Suluada z zachodem s\u0142o\u0144ca i kolacj\u0105<\/a> na kolejne niezapomniane prze\u017cycie.<\/p>\n<h3>\ud83e\udded Plan wycieczki<\/h3>\n<p><span style=\"color: #ff0000;\"><strong>\u2022<\/strong> <\/span>Odbi\u00f3r z hotelu w Kemer (ok. 04:30\u201305:00)<br \/>\n<span style=\"color: #ff0000;\"><strong>\u2022<\/strong> <\/span>Transfer do Pamukkale (ok. 3 godziny)<br \/>\n<span style=\"color: #ff0000;\"><strong>\u2022<\/strong> <\/span>Przybycie na miejsce startu \u2014 odprawa bezpiecze\u0144stwa<br \/>\n<span style=\"color: #ff0000;\"><strong>\u2022<\/strong> <\/span>Lot balonem (ok. 1 godzin\u0119)<br \/>\n<span style=\"color: #ff0000;\"><strong>\u2022<\/strong> <\/span>Toast szampanem i certyfikat lotu<br \/>\n<span style=\"color: #ff0000;\"><strong>\u2022<\/strong> <\/span>\u015aniadanie<br \/>\n<span style=\"color: #ff0000;\"><strong>\u2022<\/strong> <\/span>Wizyta w staro\u017cytnym mie\u015bcie Hierapolis<br \/>\n<span style=\"color: #ff0000;\"><strong>\u2022<\/strong> <\/span>Spacer po tarasach wapiennych Pamukkale<br \/>\n<span style=\"color: #ff0000;\"><strong>\u2022<\/strong> <\/span>Transfer powrotny do hoteli w Kemer<\/p>\n<h3>\u2139\ufe0f Przydatne informacje<\/h3>\n<p><span style=\"color: #ff0000;\"><strong>\u2022<\/strong> <\/span>Bardzo wczesny start \u2013 odbi\u00f3r oko\u0142o 04:30\u201305:00<br \/>\n<span style=\"color: #ff0000;\"><strong>\u2022<\/strong> <\/span>Ca\u0142odniowa wycieczka (oko\u0142o 13\u201314 godzin z Kemer)<br \/>\n<span style=\"color: #ff0000;\"><strong>\u2022<\/strong> <\/span>Loty balonem uzale\u017cnione od warunk\u00f3w pogodowych<br \/>\n<span style=\"color: #ff0000;\"><strong>\u2022<\/strong> <\/span>Minimalny wiek: 6 lat (dzieci z rodzicem\/opiekunem)<br \/>\n<span style=\"color: #ff0000;\"><strong>\u2022<\/strong> <\/span>Bilet wst\u0119pu do Hierapolis kupowany osobno na miejscu<\/p>\n<p class=\"mhm-jue-external-link\">Dowiedz si\u0119 wi\u0119cej o miejscu docelowym na <a href=\"https:\/\/en.wikipedia.org\/wiki\/Pamukkale\" target=\"_blank\" rel=\"noopener\">Strona Pamukkale w Wikipedii<\/a>.<\/p>\n<h3>\ud83c\udf92 Co zabra\u0107<\/h3>\n<p><span style=\"color: #ff0000;\"><strong>\u2022<\/strong> <\/span>Ciep\u0142a warstwa na wczesny ranek i lot (zimno na wysoko\u015bci)<br \/>\n<span style=\"color: #ff0000;\"><strong>\u2022<\/strong> <\/span>Wygodne buty do chodzenia<br \/>\n<span style=\"color: #ff0000;\"><strong>\u2022<\/strong> <\/span>Aparat czy smartfon<br \/>\n<span style=\"color: #ff0000;\"><strong>\u2022<\/strong> <\/span>Got\u00f3wka za wej\u015bcie do Hierapolis, Basen Antyczny lub zakupy<\/p>\n<h3>\ud83d\udeab Nieodpowiednie dla<\/h3>\n<p><span style=\"color: #ff0000;\"><strong>\u2022<\/strong> <\/span>Ci\u0119\u017carne kobiety<br \/>\n<span style=\"color: #ff0000;\"><strong>\u2022<\/strong> <\/span>Go\u015bcie z powa\u017cnymi schorzeniami serca<br \/>\n<span style=\"color: #ff0000;\"><strong>\u2022<\/strong> <\/span>Go\u015bcie z l\u0119kiem wysoko\u015bci<\/p>\n<h3>\ud83d\udcb8 Cena i Rezerwacja<\/h3>\n<p><span style=\"color: #ff0000;\"><strong>\u2022<\/strong> <\/span>Ceny mog\u0105 si\u0119 r\u00f3\u017cni\u0107 w zale\u017cno\u015bci od sezonu \u2014 sprawd\u017a aktualne stawki w formularzu rezerwacji<br \/>\n<span style=\"color: #ff0000;\"><strong>\u2022<\/strong> <\/span>Miejsca ograniczone \u2014 zdecydowanie zalecamy wczesn\u0105 rezerwacj\u0119<br \/>\n<span style=\"color: #ff0000;\"><strong>\u2022<\/strong> <\/span>Zarezerwuj teraz i zap\u0142a\u0107 w dniu wycieczki<br \/>\n<span style=\"color: #ff0000;\"><strong>\u2022<\/strong> <\/span>Skontaktuj si\u0119 z nami przez WhatsApp, Telegram lub Viber, lub wype\u0142nij poni\u017cszy formularz rezerwacji<\/p>","protected":false},"excerpt":{"rendered":"<p>The Kemer Pamukkale Balloon tour takes you on a sunrise hot air flight over the white travertine terraces and Hierapolis ruins, with hotel transfers included. Watch the sunrise illuminate the white travertine terraces from above, float over the ancient ruins of Hierapolis and return to your Kemer hotel with memories that will last a lifetime [&hellip;]<\/p>\n","protected":false},"featured_media":10740,"comment_status":"open","ping_status":"closed","template":"","meta":{"_acf_changed":false},"product_brand":[],"product_cat":[37],"product_tag":[65],"class_list":{"0":"post-10971","1":"product","2":"type-product","3":"status-publish","4":"has-post-thumbnail","6":"product_cat-kemer","7":"product_tag-kemer","9":"first","10":"instock","11":"featured","12":"shipping-taxable","13":"purchasable","14":"product-type-ovabrw_car_rental"},"acf":[],"aioseo_notices":[],"_links":{"self":[{"href":"https:\/\/joinusexcursions.com\/pl\/wp-json\/wp\/v2\/product\/10971","targetHints":{"allow":["GET"]}}],"collection":[{"href":"https:\/\/joinusexcursions.com\/pl\/wp-json\/wp\/v2\/product"}],"about":[{"href":"https:\/\/joinusexcursions.com\/pl\/wp-json\/wp\/v2\/types\/product"}],"replies":[{"embeddable":true,"href":"https:\/\/joinusexcursions.com\/pl\/wp-json\/wp\/v2\/comments?post=10971"}],"wp:featuredmedia":[{"embeddable":true,"href":"https:\/\/joinusexcursions.com\/pl\/wp-json\/wp\/v2\/media\/10740"}],"wp:attachment":[{"href":"https:\/\/joinusexcursions.com\/pl\/wp-json\/wp\/v2\/media?parent=10971"}],"wp:term":[{"taxonomy":"product_brand","embeddable":true,"href":"https:\/\/joinusexcursions.com\/pl\/wp-json\/wp\/v2\/product_brand?post=10971"},{"taxonomy":"product_cat","embeddable":true,"href":"https:\/\/joinusexcursions.com\/pl\/wp-json\/wp\/v2\/product_cat?post=10971"},{"taxonomy":"product_tag","embeddable":true,"href":"https:\/\/joinusexcursions.com\/pl\/wp-json\/wp\/v2\/product_tag?post=10971"}],"curies":[{"name":"wp","href":"https:\/\/api.w.org\/{rel}","templated":true}]}}