{"id":10972,"date":"2025-04-26T22:31:18","date_gmt":"2025-04-26T19:31:18","guid":{"rendered":"https:\/\/www.joinusexcursions.com\/?post_type=product&#038;p=10972"},"modified":"2026-04-18T05:17:50","modified_gmt":"2026-04-18T02:17:50","slug":"antalya-pamukkale-hierapolis","status":"publish","type":"product","link":"https:\/\/joinusexcursions.com\/pl\/tours\/antalya-pamukkale-hierapolis\/","title":{"rendered":"Wycieczka do Pamukkale i Hierapolis z Antalyi"},"content":{"rendered":"<p>Odkryj Pamukkale i Hierapolis podczas ca\u0142odniowej wycieczki z Antalyi. Spaceruj boso po kultowych bia\u0142ych tarasach trawertynowych, odkrywaj 2000-letnie rzymskie ruiny, p\u0142ywaj w basenach termalnych i ciesz si\u0119 tradycyjnym tureckim lunchem \u2013 pe\u0142ne do\u015bwiadczenie miejsca wpisanego na List\u0119 \u015awiatowego Dziedzictwa UNESCO.<\/p>\n<h2>\u2728 Przegl\u0105d wycieczki Antalya Pamukkale<\/h2>\n<p>Pamukkale \u2013 \u201cBawe\u0142niany Zamek\u201d po turecku \u2013 to jeden z najcz\u0119\u015bciej fotografowanych cud\u00f3w natury w Turcji i znajduje si\u0119 na wyci\u0105gni\u0119cie r\u0119ki podczas ca\u0142odniowej wycieczki z Antalyi. Bia\u0142e wapienne tarasy, tworzone przez tysi\u0105clecia przez gor\u0105ce \u017ar\u00f3d\u0142a sp\u0142ywaj\u0105ce po zboczu wzg\u00f3rza, znajduj\u0105 si\u0119 obok staro\u017cytnego miasta Hierapolis \u2013 niezwykle dobrze zachowanego rzymskiego miasta uzdrowiskowego z teatrami, \u015bwi\u0105tyniami, \u0142a\u017aniami i ulicami z kolumnadami. Rozpoczynaj\u0105c z Antalyi z wygodn\u0105, malownicz\u0105 jazd\u0105 trwaj\u0105c\u0105 2,5\u20133 godziny, wycieczka ta \u0142\u0105czy widok zjawisk naturalnych trawertyn\u00f3w z profesjonalnie oprowadzanym spacerem po jednym z najwa\u017cniejszych stanowisk archeologicznych w Turcji.<\/p>\n<h3>\ud83c\udf1f Antalya Pamukkale Hierapolis Tour Highlights<\/h3>\n<p><span style=\"color: #ff0000;\"><strong>\u2022<\/strong> <\/span>Przejd\u017a si\u0119 boso po bia\u0142ych tarasach z trawertynu w Pamukkale<br \/>\n<span style=\"color: #ff0000;\"><strong>\u2022<\/strong> <\/span>Wycieczka z przewodnikiem po staro\u017cytnym mie\u015bcie Hierapolis \u2014 rzymski teatr, \u015bwi\u0105tynia Apollina i \u0142a\u017anie<br \/>\n<span style=\"color: #ff0000;\"><strong>\u2022<\/strong> <\/span>P\u0142ywaj w naturalnych basenach termalnych przy tarasach trawertynowych<br \/>\n<span style=\"color: #ff0000;\"><strong>\u2022<\/strong> <\/span>Opcjonalna k\u0105piel w antycznym basenie Kleopatry w\u015br\u00f3d zatopionych rzymskich kolumn<br \/>\n<span style=\"color: #ff0000;\"><strong>\u2022<\/strong> <\/span>Tradycyjne tureckie lunche w formie bufetu w cenie.<br \/>\n<span style=\"color: #ff0000;\"><strong>\u2022<\/strong> <\/span>\u015awiatowe Dziedzictwo UNESCO \u2014 jedno z najcz\u0119\u015bciej odwiedzanych miejsc w Turcji<br \/>\n<span style=\"color: #ff0000;\"><strong>\u2022<\/strong> <\/span>Transfer z hotelu i powr\u00f3t do hotelu w Antalyi w cenie<\/p>\n<h2>Czego spodziewa\u0107 si\u0119 podczas wycieczki Antalya Pamukkale<\/h2>\n<p>Tw\u00f3j dzie\u0144 rozpoczyna si\u0119 wczesnym odbiorem z hotelu w Antalyi i komfortow\u0105 jazd\u0105 trwaj\u0105c\u0105 oko\u0142o 2,5\u20133 godzin przez anatolijsk\u0105 wie\u015b. Krajobraz przechodzi od wybrze\u017ca Morza \u015ar\u00f3dziemnego do \u015br\u00f3dl\u0105dowego p\u0142askowy\u017cu \u2013 gaje oliwne, ma\u0142e miasteczka i p\u0142askie r\u00f3wniny prowincji Denizli. Zanim dotrzesz, na zboczu wzg\u00f3rza pojawia si\u0119 bia\u0142a smuga Pamukkale, l\u015bni\u0105ca nawet z daleka.<\/p>\n<p>Pierwszym przystankiem jest lunch \u2013 obfity <strong>szwedzki st\u00f3\u0142<\/strong> w lokalnej restauracji, daj\u0105c Ci energi\u0119 na reszt\u0119 popo\u0142udnia. Nast\u0119pnie otwiera si\u0119 teren: dolne wej\u015bcie do Pamukkale, gdzie <strong>tarasy trawertynowe<\/strong> Buty nale\u017cy zdj\u0105\u0107 przed wej\u015bciem na tarasy (wymagane w celu ochrony formacji wapiennych) \u2013 a uczucie chodzenia boso po ciep\u0142ej, g\u0142adkiej skale mineralnej nad p\u0142ytkimi basenami termalnymi jest niepowtarzalne. Woda jest ciep\u0142a, formacje l\u015bni\u0105co bia\u0142e, a widoki w d\u00f3\u0142 zbocza i przez dolin\u0119 s\u0105 niezwyk\u0142e.<\/p>\n<p>Nad tarasami ruiny <strong>Hierapolis<\/strong> rozci\u0105gaj\u0105ce si\u0119 na p\u0142askowy\u017cu. Za\u0142o\u017cone w II wieku p.n.e. jako uzdrowisko termalne, miasto sta\u0142o si\u0119 jednym z najwa\u017cniejszych w rzymskiej prowincji Azja. Tw\u00f3j przewodnik zaprowadzi Ci\u0119 przez teren: te <strong>Teatr rzymski<\/strong>, wyrze\u017abione w zboczu wzg\u00f3rza i niesamowicie zachowane; <strong>\u015awi\u0105tynia Apollina<\/strong> i pobliski Pluton - legendarna \u015bwi\u0119ta jaskinia; staro\u017cytna g\u0142\u00f3wna ulica z kolumnad\u0105; i rozleg\u0142e <strong>nekropolia<\/strong>, jeden z najwi\u0119kszych w staro\u017cytnym \u015bwiecie.<\/p>\n<p>Po cz\u0119\u015bci z przewodnikiem, czas wolny pozwala na ponowne odwiedzenie ulubionych miejsc lub \u2013 za dodatkow\u0105 op\u0142at\u0105 za wst\u0119p \u2013 p\u0142ywanie w <strong>Staro\u017cytny Basen Kleopatry<\/strong>, gdzie ciep\u0142a woda mineralna p\u0142ynie w\u015br\u00f3d na wp\u00f3\u0142 zanurzonych rzymskich kolumn. Niezale\u017cnie od tego, czy jest to fakt historyczny, czy legenda, wra\u017cenie p\u0142ywania tam jest naprawd\u0119 wyj\u0105tkowe.<\/p>\n<p>Droga powrotna do Antalyi zajmuje oko\u0142o 2,5\u20133 godzin, docieraj\u0105c tam wczesnym wieczorem.<\/p>\n<p class=\"mhm-jue-internal-links\">Szukasz wi\u0119cej przyg\u00f3d w okolicy? Zapoznaj si\u0119 z nasz\u0105 pe\u0142n\u0105 list\u0105 <a href=\"\/pl\/kierunki\/antalya-wycieczki\/\">Wycieczki Antalya<\/a> lub sprawd\u017a <a href=\"\/pl\/wycieczki-2\/antalya-suluada-zachod-slonca-rejs\/\">Rejs statkiem na zach\u00f3d s\u0142o\u0144ca na wysp\u0119 Suluada z Antalyi z kolacj\u0105<\/a> na kolejne niezapomniane prze\u017cycie.<\/p>\n<h3>\ud83e\udded Antalya Pamukkale Hierapolis Tour Itinerary<\/h3>\n<p><span style=\"color: #ff0000;\"><strong>\u2022<\/strong> <\/span>Odbi\u00f3r z hotelu w Antalyi (wcze\u015bnie rano)<br \/>\n<span style=\"color: #ff0000;\"><strong>\u2022<\/strong> <\/span>Przeja\u017cd\u017cka widokowa do Pamukkale (oko\u0142o 2,5\u20133 godzin)<br \/>\n<span style=\"color: #ff0000;\"><strong>\u2022<\/strong> <\/span>Lunch w formie bufetu w lokalnej restauracji<br \/>\n<span style=\"color: #ff0000;\"><strong>\u2022<\/strong> <\/span>Spacer po bia\u0142ych tarasach trawertynowych (boso)<br \/>\n<span style=\"color: #ff0000;\"><strong>\u2022<\/strong> <\/span>Wycieczka z przewodnikiem po staro\u017cytnym mie\u015bcie Hierapolis<br \/>\n<span style=\"color: #ff0000;\"><strong>\u2022<\/strong> <\/span>Czas wolny \u2014 basen termalny lub K\u0105piel Kleopatry (opcjonalnie)<br \/>\n<span style=\"color: #ff0000;\"><strong>\u2022<\/strong> <\/span>Transfer powrotny do hoteli w Antalyi<\/p>\n<h3>\u2139\ufe0f Przydatne informacje<\/h3>\n<p><span style=\"color: #ff0000;\"><strong>\u2022<\/strong> <\/span>Ca\u0142odniowa wycieczka (oko\u0142o 12\u201313 godzin \u0142\u0105cznie z transferami)<br \/>\n<span style=\"color: #ff0000;\"><strong>\u2022<\/strong> <\/span>Wymagany umiarkowany spacer \u2014 Hierapolis obejmuje nier\u00f3wne staro\u017cytne nawierzchnie<br \/>\n<span style=\"color: #ff0000;\"><strong>\u2022<\/strong> <\/span>Buty nale\u017cy zdj\u0105\u0107 na tarasach z trawertynu (regulamin obiektu)<br \/>\n<span style=\"color: #ff0000;\"><strong>\u2022<\/strong> <\/span>Basen Kleopatry ma oddzieln\u0105 op\u0142at\u0119 za wst\u0119p (p\u0142atn\u0105 na miejscu)<br \/>\n<span style=\"color: #ff0000;\"><strong>\u2022<\/strong> <\/span>Wst\u0119p na teren Hierapolis mo\u017ce wi\u0105za\u0107 si\u0119 z dodatkow\u0105 op\u0142at\u0105 (sprawd\u017a podczas rezerwacji)<\/p>\n<p class=\"mhm-jue-external-link\">Dowiedz si\u0119 wi\u0119cej o miejscu docelowym na <a href=\"https:\/\/en.wikipedia.org\/wiki\/Pamukkale\" target=\"_blank\" rel=\"noopener\">Strona Pamukkale w Wikipedii<\/a>.<\/p>\n<h3>\ud83c\udf92 Co zabra\u0107<\/h3>\n<p><span style=\"color: #ff0000;\"><strong>\u2022<\/strong> <\/span>Wygodne buty do chodzenia i torba do ich przenoszenia na tarasach<br \/>\n<span style=\"color: #ff0000;\"><strong>\u2022<\/strong> <\/span>Stroje k\u0105pielowe i r\u0119cznik na baseny termalne<br \/>\n<span style=\"color: #ff0000;\"><strong>\u2022<\/strong> <\/span>Krem z filtrem i kapelusz \u2014 miejsce jest otwarte i nas\u0142onecznione<br \/>\n<span style=\"color: #ff0000;\"><strong>\u2022<\/strong> <\/span>Aparat czy smartfon<br \/>\n<span style=\"color: #ff0000;\"><strong>\u2022<\/strong> <\/span>Pieni\u0105dze na basen Kleopatry, wej\u015bcie do Hierapolis i zakupy osobiste<\/p>\n<h3>\ud83d\udeab Nieodpowiednie dla<\/h3>\n<p><span style=\"color: #ff0000;\"><strong>\u2022<\/strong> <\/span>Go\u015bcie z powa\u017cnymi trudno\u015bciami w poruszaniu si\u0119 lub niezdolni do poruszania si\u0119 po nier\u00f3wnym terenie<\/p>\n<h3>\ud83d\udcb8 Cena i Rezerwacja<\/h3>\n<p><span style=\"color: #ff0000;\"><strong>\u2022<\/strong> <\/span>Ceny mog\u0105 si\u0119 r\u00f3\u017cni\u0107 w zale\u017cno\u015bci od sezonu \u2014 sprawd\u017a aktualne stawki w formularzu rezerwacji<br \/>\n<span style=\"color: #ff0000;\"><strong>\u2022<\/strong> <\/span>Zarezerwuj teraz i zap\u0142a\u0107 w dniu wycieczki<br \/>\n<span style=\"color: #ff0000;\"><strong>\u2022<\/strong> <\/span>Skontaktuj si\u0119 z nami przez WhatsApp, Telegram lub Viber, lub wype\u0142nij poni\u017cszy formularz rezerwacji<\/p>","protected":false},"excerpt":{"rendered":"<p>Join the Antalya Pamukkale Hierapolis Tour \u2013 walk barefoot on iconic white travertines, explore ancient Roman ruins &amp; swim in thermal pools. Lunch &amp; hotel transfer included.<\/p>","protected":false},"featured_media":10711,"comment_status":"open","ping_status":"closed","template":"","meta":{"_acf_changed":false},"product_brand":[],"product_cat":[32],"product_tag":[69],"class_list":{"0":"post-10972","1":"product","2":"type-product","3":"status-publish","4":"has-post-thumbnail","6":"product_cat-antalya","7":"product_tag-antalya","9":"first","10":"instock","11":"featured","12":"shipping-taxable","13":"purchasable","14":"product-type-ovabrw_car_rental"},"acf":[],"aioseo_notices":[],"_links":{"self":[{"href":"https:\/\/joinusexcursions.com\/pl\/wp-json\/wp\/v2\/product\/10972","targetHints":{"allow":["GET"]}}],"collection":[{"href":"https:\/\/joinusexcursions.com\/pl\/wp-json\/wp\/v2\/product"}],"about":[{"href":"https:\/\/joinusexcursions.com\/pl\/wp-json\/wp\/v2\/types\/product"}],"replies":[{"embeddable":true,"href":"https:\/\/joinusexcursions.com\/pl\/wp-json\/wp\/v2\/comments?post=10972"}],"wp:featuredmedia":[{"embeddable":true,"href":"https:\/\/joinusexcursions.com\/pl\/wp-json\/wp\/v2\/media\/10711"}],"wp:attachment":[{"href":"https:\/\/joinusexcursions.com\/pl\/wp-json\/wp\/v2\/media?parent=10972"}],"wp:term":[{"taxonomy":"product_brand","embeddable":true,"href":"https:\/\/joinusexcursions.com\/pl\/wp-json\/wp\/v2\/product_brand?post=10972"},{"taxonomy":"product_cat","embeddable":true,"href":"https:\/\/joinusexcursions.com\/pl\/wp-json\/wp\/v2\/product_cat?post=10972"},{"taxonomy":"product_tag","embeddable":true,"href":"https:\/\/joinusexcursions.com\/pl\/wp-json\/wp\/v2\/product_tag?post=10972"}],"curies":[{"name":"wp","href":"https:\/\/api.w.org\/{rel}","templated":true}]}}