{"id":10974,"date":"2025-04-26T22:47:13","date_gmt":"2025-04-26T19:47:13","guid":{"rendered":"https:\/\/www.joinusexcursions.com\/?post_type=product&#038;p=10974"},"modified":"2026-04-13T22:52:13","modified_gmt":"2026-04-13T19:52:13","slug":"antalya-demre-myra-kekova","status":"publish","type":"product","link":"https:\/\/joinusexcursions.com\/pl\/tours\/antalya-demre-myra-kekova\/","title":{"rendered":"Wycieczka Demre Myra, Kekova z Antalyi i ko\u015bci\u00f3\u0142 \u015bw. Miko\u0142aja"},"content":{"rendered":"<p>Do\u0142\u0105cz do nas <strong>Antalya Demre Myra Kekova<\/strong> jednodniowa wycieczka odkrywaj\u0105ca Zatopione Miasto, ruiny Myry i Ko\u015bci\u00f3\u0142 \u015bw. Miko\u0142aja. Rejs \u0142odzi\u0105 ze szklanym dnem, przystanek na k\u0105piel i lokalny lunch dope\u0142niaj\u0105 jedn\u0105 z najbardziej bogatych historycznie jednodniowych wycieczek po Tureckiej Riwierze.<\/p>\n<h2>\ud83c\udf0d Przegl\u0105d wycieczki Demre Myra Kekova w Antalyi<\/h2>\n<p>Staro\u017cytna kraina Licyzji rozci\u0105ga si\u0119 wzd\u0142u\u017c po\u0142udniowego wybrze\u017ca Turcji, a ta ca\u0142odniowa wycieczka z Antalyi zabierze Ci\u0119 do trzech z jej najwi\u0119kszych zabytk\u00f3w. Zacznij od wykutych w skale grobowc\u00f3w i rzymskiego teatru w <strong>Maja<\/strong>, odwied\u017a <strong>Ko\u015bci\u00f3\u0142 \u015bw. Miko\u0142aja<\/strong> w Demre \u2013 miejscu poch\u00f3wku \u015bwi\u0119tego z IV wieku, kt\u00f3ry sta\u0142 si\u0119 inspiracj\u0105 dla \u015awi\u0119tego Miko\u0142aja \u2013 a nast\u0119pnie wej\u015b\u0107 na pok\u0142ad jachtu ze szklanym dnem, aby pop\u0142yn\u0105\u0107 na <strong>Zatopione miasto Kekova<\/strong>, gdzie ruiny staro\u017cytnego miasta le\u017c\u0105 cz\u0119\u015bciowo zanurzone pod wod\u0105. Przystanek na p\u0142ywanie i lokalny lunch uzupe\u0142niaj\u0105 dzie\u0144. W cenie odbi\u00f3r z hotelu i transfer powrotny z Antalyi.<\/p>\n<h3>\ud83c\udf1f Najwa\u017cniejsze informacje<\/h3>\n<p><span style=\"color: #ff0000;\"><strong>\u2022<\/strong> <\/span>Rejs jachtem ze szklanym dnem do Zatopionego Miasta Kekova<br \/>\n<span style=\"color: #ff0000;\"><strong>\u2022<\/strong> <\/span>Odwied\u017a Ko\u015bci\u00f3\u0142 \u015bw. Miko\u0142aja \u2014 pierwowz\u00f3r \u015awi\u0119tego Miko\u0142aja<br \/>\n<span style=\"color: #ff0000;\"><strong>\u2022<\/strong> <\/span>Odkryj wykute w skale likijskie grobowce Myry i rzymski teatr<br \/>\n<span style=\"color: #ff0000;\"><strong>\u2022<\/strong> <\/span>Widoki Zamku Simena od strony wody<br \/>\n<span style=\"color: #ff0000;\"><strong>\u2022<\/strong> <\/span>Orze\u017awiaj\u0105ca k\u0105piel w krystalicznie czystych wodach Morza \u015ar\u00f3dziemnego<br \/>\n<span style=\"color: #ff0000;\"><strong>\u2022<\/strong> <\/span>Tradycyjny obiad w lokalnej restauracji<br \/>\n<span style=\"color: #ff0000;\"><strong>\u2022<\/strong> <\/span>Transfer z hotelu i powr\u00f3t do hotelu w Antalyi w cenie<\/p>\n<h2>Czego spodziewa\u0107 si\u0119 podczas wycieczki Antalya Demre Myra Kekova<\/h2>\n<p>Tw\u00f3j dzie\u0144 rozpoczyna si\u0119 odbiorem z hotelu w Antalyi i podr\u00f3\u017c\u0105 trwaj\u0105c\u0105 oko\u0142o 2\u20132,5 godziny na wsch\u00f3d wzd\u0142u\u017c wybrze\u017ca Morza \u015ar\u00f3dziemnego w kierunku staro\u017cytnego regionu Licyjczyk\u00f3w. Krajobraz si\u0119 zmienia, gdy opuszczasz pas kurort\u00f3w \u2013 droga wije si\u0119 przez sady cytrusowe, delty rzek i ma\u0142e nadmorskie miasteczka.<\/p>\n<p>Pierwszym zabytkiem historycznym jest <strong>Maja<\/strong>, jednego z najwa\u017cniejszych miast Zwi\u0105zku Licyjskiego. Wykute w skale <strong>Likijskie grobowce<\/strong>, wyrze\u017abione bezpo\u015brednio w skale nad miastem, nale\u017c\u0105 do najlepiej zachowanych przyk\u0142ad\u00f3w tej unikatowej tradycji pogrzebowej w Turcji. Rze\u017abione fasady zawieraj\u0105 drzwi, kolumny i p\u0142askorze\u017aby staro\u017cytnych postaci. Poni\u017cej grobowc\u00f3w, <strong>Teatr grecko-rzymski<\/strong> jest du\u017cy i niezwykle dobrze zachowany \u2014 jeden z niewielu w Turcji, gdzie widownia, konstrukcja sceny i dekoracyjne reliefy s\u0105 nadal wyra\u017anie widoczne.<\/p>\n<p>W miasteczku <strong>Demre<\/strong> (staro\u017cytna Myra), odwied\u017a <strong>Ko\u015bci\u00f3\u0142 \u015bw. Miko\u0142aja<\/strong> \u2014 jedno z najwa\u017cniejszych miejsc pielgrzymkowych w \u015bwiecie chrze\u015bcija\u0144skim. Zbudowany nad miejscem poch\u00f3wku \u015bw. Miko\u0142aja, biskupa z IV wieku, kt\u00f3rego hojno\u015b\u0107 zainspirowa\u0142a legend\u0119 o \u015awi\u0119tym Miko\u0142aju, ko\u015bci\u00f3\u0142 zachowa\u0142 oryginalne bizantyjskie mozaiki, freski i elementy architektoniczne, kt\u00f3re przetrwa\u0142y prawie 1700 lat.<\/p>\n<p>Po <strong>tradycyjny turecki lunch<\/strong> w lokalnej restauracji, udaj si\u0119 do <strong>Port \u00c7aya\u011fz\u0131<\/strong> i wej\u015b\u0107 na pok\u0142ad prywatnego jachtu ze szklanym dnem. Rejs prowadzi wzd\u0142u\u017c wybrze\u017ca do <strong>Wyspa Kekova<\/strong>, gdzie szcz\u0105tki staro\u017cytnego miasta Licyjczyk\u00f3w \u2013 cz\u0119\u015bciowo zniszczone przez trz\u0119sienie ziemi \u2013 s\u0105 widoczne tu\u017c pod powierzchni\u0105. Patrz\u0105c w d\u00f3\u0142 przez szklane panele, mo\u017cna zobaczy\u0107 \u015bciany, schody, cysterny i kolumny zanurzone w czystej, p\u0142ytkiej wodzie. <strong>\u015aredniowieczny zamek Simena<\/strong> na wzg\u00f3rzu dodaje atmosfery. Przed powrotem do portu, \u0142\u00f3d\u017a zatrzymuje si\u0119 w turkusowej zatoce na <strong>przerwa na p\u0142ywanie<\/strong>.<\/p>\n<p class=\"mhm-jue-internal-links\">Szukasz wi\u0119cej przyg\u00f3d w okolicy? Zapoznaj si\u0119 z nasz\u0105 pe\u0142n\u0105 list\u0105 <a href=\"\/pl\/kierunki\/antalya-wycieczki\/\">Wycieczki Antalya<\/a> lub sprawd\u017a <a href=\"\/pl\/wycieczki-2\/antalya-stare-miasto-wycieczka\/\">Wycieczka po mie\u015bcie Antalya<\/a> na kolejne niezapomniane prze\u017cycie.<\/p>\n<h3>\ud83e\udded Plan wycieczki<\/h3>\n<p><span style=\"color: #ff0000;\"><strong>\u2022<\/strong> <\/span>Odbi\u00f3r z hotelu w Antalyi i okolicach<br \/>\n<span style=\"color: #ff0000;\"><strong>\u2022<\/strong> <\/span>Malownicza nadmorska trasa do regionu Likii (ok. 2\u20132,5 godziny)<br \/>\n<span style=\"color: #ff0000;\"><strong>\u2022<\/strong> <\/span>Myra \u2014 Likijskie grobowce skalne i rzymski teatr<br \/>\n<span style=\"color: #ff0000;\"><strong>\u2022<\/strong> <\/span>Demre \u2014 Ko\u015bci\u00f3\u0142 \u015bw. Miko\u0142aja<br \/>\n<span style=\"color: #ff0000;\"><strong>\u2022<\/strong> <\/span>Lunch w lokalnej restauracji<br \/>\n<span style=\"color: #ff0000;\"><strong>\u2022<\/strong> <\/span>Rejs jachtem ze szklanym dnem z portu \u00c7aya\u011fz\u0131<br \/>\n<span style=\"color: #ff0000;\"><strong>\u2022<\/strong> <\/span>Zwiedzanie Zatopionego Miasta Kekova i widoki z zamku Simena<br \/>\n<span style=\"color: #ff0000;\"><strong>\u2022<\/strong> <\/span>K\u0105piel w turkusowej zatoce<br \/>\n<span style=\"color: #ff0000;\"><strong>\u2022<\/strong> <\/span>Transfer powrotny do hoteli w Antalyi<\/p>\n<h3>\u2139\ufe0f Przydatne informacje<\/h3>\n<p><span style=\"color: #ff0000;\"><strong>\u2022<\/strong> <\/span>Ca\u0142odniowa wycieczka (oko\u0142o 12\u201313 godzin \u0142\u0105cznie z transferami)<br \/>\n<span style=\"color: #ff0000;\"><strong>\u2022<\/strong> <\/span>Czas rejsu jachtem: oko\u0142o 2,5 godziny<br \/>\n<span style=\"color: #ff0000;\"><strong>\u2022<\/strong> <\/span>Umiarkowane spacery po miejscach historycznych<br \/>\n<span style=\"color: #ff0000;\"><strong>\u2022<\/strong> <\/span>P\u0142ywanie zale\u017cne od pogody i warunk\u00f3w morskich<br \/>\n<span style=\"color: #ff0000;\"><strong>\u2022<\/strong> <\/span>Odpowiednie dla wszystkich grup wiekowych, w tym dla rodzin<\/p>\n<p class=\"mhm-jue-external-link\">Dowiedz si\u0119 wi\u0119cej o miejscu docelowym na <a href=\"https:\/\/en.wikipedia.org\/wiki\/Myra\" target=\"_blank\" rel=\"noopener\">staro\u017cytne miasto Myra strona Wikipedii<\/a>.<\/p>\n<h3>\ud83c\udf92 Co zabra\u0107<\/h3>\n<p><span style=\"color: #ff0000;\"><strong>\u2022<\/strong> <\/span>Wygodne buty do chodzenia<br \/>\n<span style=\"color: #ff0000;\"><strong>\u2022<\/strong> <\/span>Str\u00f3j k\u0105pielowy i r\u0119cznik<br \/>\n<span style=\"color: #ff0000;\"><strong>\u2022<\/strong> <\/span>Krem z filtrem i kapelusz<br \/>\n<span style=\"color: #ff0000;\"><strong>\u2022<\/strong> <\/span>Aparat czy smartfon<br \/>\n<span style=\"color: #ff0000;\"><strong>\u2022<\/strong> <\/span>Got\u00f3wka na op\u0142aty wpisowe i napoje<\/p>\n<h3>\ud83d\udeab Nieodpowiednie dla<\/h3>\n<p><span style=\"color: #ff0000;\"><strong>\u2022<\/strong> <\/span>Go\u015bcie o powa\u017cnych ograniczeniach ruchowych<\/p>\n<h3>\ud83d\udcb8 Cena i Rezerwacja<\/h3>\n<p><span style=\"color: #ff0000;\"><strong>\u2022<\/strong> <\/span>Ceny mog\u0105 si\u0119 r\u00f3\u017cni\u0107 w zale\u017cno\u015bci od sezonu \u2014 sprawd\u017a aktualne stawki w formularzu rezerwacji<br \/>\n<span style=\"color: #ff0000;\"><strong>\u2022<\/strong> <\/span>Zarezerwuj teraz i zap\u0142a\u0107 w dniu wycieczki<br \/>\n<span style=\"color: #ff0000;\"><strong>\u2022<\/strong> <\/span>Skontaktuj si\u0119 z nami przez WhatsApp, Telegram lub Viber, lub wype\u0142nij poni\u017cszy formularz rezerwacji<\/p>","protected":false},"excerpt":{"rendered":"<p>Join our Antalya Demre Myra Kekova day tour to explore the Sunken City, Myra ruins and St. Nicholas Church. A glass-bottom boat cruise, a swimming stop and a local lunch complete one of the most historically rich day trips on the Turkish Riviera. \ud83c\udf0d Overview of the Antalya Demre Myra Kekova Tour The ancient land [&hellip;]<\/p>\n","protected":false},"featured_media":10750,"comment_status":"open","ping_status":"closed","template":"","meta":{"_acf_changed":false},"product_brand":[],"product_cat":[32],"product_tag":[69],"class_list":{"0":"post-10974","1":"product","2":"type-product","3":"status-publish","4":"has-post-thumbnail","6":"product_cat-antalya","7":"product_tag-antalya","9":"first","10":"instock","11":"featured","12":"shipping-taxable","13":"purchasable","14":"product-type-ovabrw_car_rental"},"acf":[],"aioseo_notices":[],"_links":{"self":[{"href":"https:\/\/joinusexcursions.com\/pl\/wp-json\/wp\/v2\/product\/10974","targetHints":{"allow":["GET"]}}],"collection":[{"href":"https:\/\/joinusexcursions.com\/pl\/wp-json\/wp\/v2\/product"}],"about":[{"href":"https:\/\/joinusexcursions.com\/pl\/wp-json\/wp\/v2\/types\/product"}],"replies":[{"embeddable":true,"href":"https:\/\/joinusexcursions.com\/pl\/wp-json\/wp\/v2\/comments?post=10974"}],"wp:featuredmedia":[{"embeddable":true,"href":"https:\/\/joinusexcursions.com\/pl\/wp-json\/wp\/v2\/media\/10750"}],"wp:attachment":[{"href":"https:\/\/joinusexcursions.com\/pl\/wp-json\/wp\/v2\/media?parent=10974"}],"wp:term":[{"taxonomy":"product_brand","embeddable":true,"href":"https:\/\/joinusexcursions.com\/pl\/wp-json\/wp\/v2\/product_brand?post=10974"},{"taxonomy":"product_cat","embeddable":true,"href":"https:\/\/joinusexcursions.com\/pl\/wp-json\/wp\/v2\/product_cat?post=10974"},{"taxonomy":"product_tag","embeddable":true,"href":"https:\/\/joinusexcursions.com\/pl\/wp-json\/wp\/v2\/product_tag?post=10974"}],"curies":[{"name":"wp","href":"https:\/\/api.w.org\/{rel}","templated":true}]}}