{"id":10975,"date":"2025-04-26T22:48:01","date_gmt":"2025-04-26T19:48:01","guid":{"rendered":"https:\/\/www.joinusexcursions.com\/?post_type=product&#038;p=10975"},"modified":"2026-04-13T22:48:42","modified_gmt":"2026-04-13T19:48:42","slug":"kemer-demre-myra-kekova","status":"publish","type":"product","link":"https:\/\/joinusexcursions.com\/pl\/tours\/kemer-demre-myra-kekova\/","title":{"rendered":"Wycieczka Demre Myra i Kekova z Kemer i ko\u015bci\u00f3\u0142 \u015bw. Miko\u0142aja"},"content":{"rendered":"<p>Do\u0142\u0105cz do nas <strong>Kemer Demre Myra Kekova<\/strong> jednodniowa wycieczka odkrywaj\u0105ca Zatopione Miasto, ruiny Myry i Ko\u015bci\u00f3\u0142 \u015bw. Miko\u0142aja. Rejs statkiem ze szklanym dnem, przystanek na k\u0105piel i lokalny lunch \u2013 pe\u0142en dzie\u0144 historii, morza i staro\u017cytnej Licyjii, rozpoczynaj\u0105cy si\u0119 prosto z Tureckiej Riwiery.<\/p>\n<h2>\ud83c\udf0d Przegl\u0105d Kemer Demre Myra Kekova<\/h2>\n<p>Z Kemer, staro\u017cytne wybrze\u017ce Licyjskie znajduje si\u0119 zaledwie 1,5 godziny na wsch\u00f3d \u2013 podr\u00f3\u017c, kt\u00f3ra prowadzi od nowoczesnego pasa kurort\u00f3w do jednego z najbardziej zabytkowych krajobraz\u00f3w Turcji. Ta ca\u0142odniowa wycieczka obejmuje trzy niezwyk\u0142e miejsca: likijskie grobowce skalne i rzymski teatr <strong>Maja<\/strong>, the <strong>Ko\u015bci\u00f3\u0142 \u015bw. Miko\u0142aja<\/strong> w Demre, a <strong>Zatopione miasto Kekova<\/strong>, zwiedzanie \u0142odzi\u0105 ze szklanym dnem. Przystanek na p\u0142ywanie w turkusowych wodach i tradycyjny lunch w lokalnej restauracji dope\u0142niaj\u0105 dzie\u0144, kt\u00f3ry \u0142\u0105czy morze, histori\u0119 i autentyczny charakter \u015br\u00f3dziemnomorskiego wybrze\u017ca.<\/p>\n<h3>\ud83c\udf1f Najwa\u017cniejsze informacje<\/h3>\n<p><span style=\"color: #ff0000;\"><strong>\u2022<\/strong> <\/span>Rejs jachtem ze szklanym dnem do Zatopionego Miasta Kekova<br \/>\n<span style=\"color: #ff0000;\"><strong>\u2022<\/strong> <\/span>Odwied\u017a ko\u015bci\u00f3\u0142 \u015bw. Miko\u0142aja \u2013 historycznego \u015awi\u0119tego Miko\u0142aja<br \/>\n<span style=\"color: #ff0000;\"><strong>\u2022<\/strong> <\/span>Odwied\u017a skalne grobowce Myry i rzymski teatr<br \/>\n<span style=\"color: #ff0000;\"><strong>\u2022<\/strong> <\/span>Widoki Zamku Simena od strony wody<br \/>\n<span style=\"color: #ff0000;\"><strong>\u2022<\/strong> <\/span>Post\u00f3j na p\u0142ywanie w krystalicznie czystych wodach Morza \u015ar\u00f3dziemnego<br \/>\n<span style=\"color: #ff0000;\"><strong>\u2022<\/strong> <\/span>Tradycyjny obiad w lokalnej restauracji<br \/>\n<span style=\"color: #ff0000;\"><strong>\u2022<\/strong> <\/span>Wliczony w cen\u0119 odbi\u00f3r i transfer powrotny z hotelu w Kemer<\/p>\n<h2>Czego mo\u017cna oczekiwa\u0107 podczas wycieczki Kemer Demre Myra Kekova<\/h2>\n<p>Tw\u00f3j dzie\u0144 rozpoczyna si\u0119 odbiorem z hotelu w Kemer, Beldibi lub Tekirova, a nast\u0119pnie oko\u0142o 1,5-godzinn\u0105 jazd\u0105 na wsch\u00f3d wzd\u0142u\u017c wybrze\u017ca do regionu Likii. Trasa prowadzi przez delt\u0119 rzeki Alak\u0131r i r\u00f3wniny rolnicze Finike, zanim dotrzemy do staro\u017cytnych miejsc.<\/p>\n<p>Pierwszy przystanek to <strong>Maja<\/strong> \u2014 jedno z sze\u015bciu najwa\u017cniejszych miast staro\u017cytnego Zwi\u0105zku Licyjskiego. S\u0142ynne <strong>grobowce wykute w skale<\/strong> s\u0105 wykute bezpo\u015brednio w skalnej \u015bcianie wapiennej w ozdobne fasady, z kolumnami, drzwiami i rze\u017abionymi p\u0142askorze\u017abami. S\u0105 uderzaj\u0105ce osobi\u015bcie, znacznie wi\u0119ksze i bardziej szczeg\u00f3\u0142owe, ni\u017c sugeruj\u0105 fotografie. Tu\u017c poni\u017cej, <strong>Teatr grecko-rzymski<\/strong> datuj\u0105ce si\u0119 na II wiek n.e. i zachowane w wyj\u0105tkowym stanie \u2013 zdobiony budynek sceniczny, rz\u0119dy siedze\u0144 i maski wyrze\u017abione nad \u0142ukami s\u0105 nadal nienaruszone.<\/p>\n<p>W miasteczku <strong>Demre<\/strong>, the <strong>Ko\u015bci\u00f3\u0142 \u015bw. Miko\u0142aja<\/strong> znajduje si\u0119 na miejscu poch\u00f3wku biskupa z IV wieku. \u015awi\u0119ty Miko\u0142aj by\u0142 prawdziw\u0105 postaci\u0105 \u2013 biskupem Miry, kt\u00f3ry zas\u0142yn\u0105\u0142 z niezwyk\u0142ej hojno\u015bci wobec biednych i dzieci \u2013 a jego legenda sta\u0142a si\u0119 podstaw\u0105 wsp\u00f3\u0142czesnej tradycji \u015awi\u0119tego Miko\u0142aja. Ko\u015bci\u00f3\u0142 zachowa\u0142 oryginalne bizantyjskie mozaiki i freski z r\u00f3\u017cnych okres\u00f3w renowacji.<\/p>\n<p>Po obiedzie w <strong>restauracja lokalna<\/strong>, grupa przenosi si\u0119 do <strong>Port \u00c7aya\u011fz\u0131<\/strong> i wchodzi na jacht ze szklanym dnem. Rejs do <strong>Wyspa Kekova<\/strong> przebiega wzd\u0142u\u017c wybrze\u017ca z ma\u0142ymi zatoczkami i wzg\u00f3rzami poro\u015bni\u0119tymi sosnami. Na Kekova ruiny staro\u017cytnego miasta \u2013 cz\u0119\u015bciowo zatopione po serii trz\u0119sie\u0144 ziemi w II wieku n.e. \u2013 s\u0105 doskonale widoczne przez szklane panele: mury, schody, cysterny i drzwi le\u017c\u0105 tu\u017c pod powierzchni\u0105 w spokojnej, przejrzystej wodzie. <strong>Zamek Simena<\/strong> na wzg\u00f3rzu powy\u017cej stanowi \u017cywe t\u0142o. Nast\u0119pnie \u0142\u00f3d\u017a kotwiczy w ustronnej zatoce na orze\u017awiaj\u0105ce <strong>p\u0142ywa\u0107 zatrzyma\u0107<\/strong> zanim wr\u00f3cisz do portu.<\/p>\n<p class=\"mhm-jue-internal-links\">Szukasz wi\u0119cej przyg\u00f3d w okolicy? Zapoznaj si\u0119 z nasz\u0105 pe\u0142n\u0105 list\u0105 <a href=\"\/pl\/kierunki\/kemer-wycieczki\/\">Wycieczki z Kemer<\/a> lub sprawd\u017a <a href=\"\/pl\/wycieczki-2\/kemer-suluada-zachod-slonca-rejs\/\">Kemer: Wycieczka \u0142odzi\u0105 na wysp\u0119 Suluada z zachodem s\u0142o\u0144ca i kolacj\u0105<\/a> na kolejne niezapomniane prze\u017cycie.<\/p>\n<h3>\ud83e\udded Plan wycieczki<\/h3>\n<p><span style=\"color: #ff0000;\"><strong>\u2022<\/strong> <\/span>Dojazd z hotelu w Kemer i okolicach<br \/>\n<span style=\"color: #ff0000;\"><strong>\u2022<\/strong> <\/span>Dojecha\u0107 do regionu Licyjskiego (oko\u0142o 1,5 godziny)<br \/>\n<span style=\"color: #ff0000;\"><strong>\u2022<\/strong> <\/span>Myra \u2014 Likijskie grobowce skalne i rzymski teatr<br \/>\n<span style=\"color: #ff0000;\"><strong>\u2022<\/strong> <\/span>Demre \u2014 Ko\u015bci\u00f3\u0142 \u015bw. Miko\u0142aja<br \/>\n<span style=\"color: #ff0000;\"><strong>\u2022<\/strong> <\/span>Lunch w lokalnej restauracji<br \/>\n<span style=\"color: #ff0000;\"><strong>\u2022<\/strong> <\/span>Rejs jachtem ze szklanym dnem z portu \u00c7aya\u011fz\u0131<br \/>\n<span style=\"color: #ff0000;\"><strong>\u2022<\/strong> <\/span>Zwiedzanie Zatopionego Miasta Kekova i widoki z zamku Simena<br \/>\n<span style=\"color: #ff0000;\"><strong>\u2022<\/strong> <\/span>K\u0105piel w turkusowej zatoce<br \/>\n<span style=\"color: #ff0000;\"><strong>\u2022<\/strong> <\/span>Transfer powrotny do hoteli w Kemer<\/p>\n<h3>\u2139\ufe0f Przydatne informacje<\/h3>\n<p><span style=\"color: #ff0000;\"><strong>\u2022<\/strong> <\/span>Ca\u0142odniowa wycieczka (oko\u0142o 10\u201311 godzin z Kemer)<br \/>\n<span style=\"color: #ff0000;\"><strong>\u2022<\/strong> <\/span>Czas rejsu jachtem: oko\u0142o 2,5 godziny<br \/>\n<span style=\"color: #ff0000;\"><strong>\u2022<\/strong> <\/span>Umiarkowane spacery po miejscach historycznych<br \/>\n<span style=\"color: #ff0000;\"><strong>\u2022<\/strong> <\/span>P\u0142ywanie zale\u017cne od pogody i warunk\u00f3w morskich<br \/>\n<span style=\"color: #ff0000;\"><strong>\u2022<\/strong> <\/span>Odpowiednie dla wszystkich grup wiekowych, w tym dla rodzin<\/p>\n<p class=\"mhm-jue-external-link\">Dowiedz si\u0119 wi\u0119cej o miejscu docelowym na <a href=\"https:\/\/en.wikipedia.org\/wiki\/Myra\" target=\"_blank\" rel=\"noopener\">staro\u017cytne miasto Myra strona Wikipedii<\/a>.<\/p>\n<h3>\ud83c\udf92 Co zabra\u0107<\/h3>\n<p><span style=\"color: #ff0000;\"><strong>\u2022<\/strong> <\/span>Wygodne buty do chodzenia<br \/>\n<span style=\"color: #ff0000;\"><strong>\u2022<\/strong> <\/span>Str\u00f3j k\u0105pielowy i r\u0119cznik<br \/>\n<span style=\"color: #ff0000;\"><strong>\u2022<\/strong> <\/span>Krem z filtrem i kapelusz<br \/>\n<span style=\"color: #ff0000;\"><strong>\u2022<\/strong> <\/span>Aparat czy smartfon<br \/>\n<span style=\"color: #ff0000;\"><strong>\u2022<\/strong> <\/span>Got\u00f3wka na op\u0142aty wpisowe i napoje<\/p>\n<h3>\ud83d\udeab Nieodpowiednie dla<\/h3>\n<p><span style=\"color: #ff0000;\"><strong>\u2022<\/strong> <\/span>Go\u015bcie o powa\u017cnych ograniczeniach ruchowych<\/p>\n<h3>\ud83d\udcb8 Cena i Rezerwacja<\/h3>\n<p><span style=\"color: #ff0000;\"><strong>\u2022<\/strong> <\/span>Ceny mog\u0105 si\u0119 r\u00f3\u017cni\u0107 w zale\u017cno\u015bci od sezonu \u2014 sprawd\u017a aktualne stawki w formularzu rezerwacji<br \/>\n<span style=\"color: #ff0000;\"><strong>\u2022<\/strong> <\/span>Zarezerwuj teraz i zap\u0142a\u0107 w dniu wycieczki<br \/>\n<span style=\"color: #ff0000;\"><strong>\u2022<\/strong> <\/span>Skontaktuj si\u0119 z nami przez WhatsApp, Telegram lub Viber, lub wype\u0142nij poni\u017cszy formularz rezerwacji<\/p>","protected":false},"excerpt":{"rendered":"<p>Join our Kemer Demre Myra Kekova day tour to explore the Sunken City, Myra ruins and St. Nicholas Church. A glass-bottom boat cruise, a swimming stop and a local lunch \u2014 a full day of history, sea and ancient Lycia starting right from the Turkish Riviera. \ud83c\udf0d Overview of the Kemer Demre Myra Kekova From [&hellip;]<\/p>\n","protected":false},"featured_media":10750,"comment_status":"open","ping_status":"closed","template":"","meta":{"_acf_changed":false},"product_brand":[],"product_cat":[37],"product_tag":[65],"class_list":{"0":"post-10975","1":"product","2":"type-product","3":"status-publish","4":"has-post-thumbnail","6":"product_cat-kemer","7":"product_tag-kemer","9":"first","10":"instock","11":"featured","12":"shipping-taxable","13":"purchasable","14":"product-type-ovabrw_car_rental"},"acf":[],"aioseo_notices":[],"_links":{"self":[{"href":"https:\/\/joinusexcursions.com\/pl\/wp-json\/wp\/v2\/product\/10975","targetHints":{"allow":["GET"]}}],"collection":[{"href":"https:\/\/joinusexcursions.com\/pl\/wp-json\/wp\/v2\/product"}],"about":[{"href":"https:\/\/joinusexcursions.com\/pl\/wp-json\/wp\/v2\/types\/product"}],"replies":[{"embeddable":true,"href":"https:\/\/joinusexcursions.com\/pl\/wp-json\/wp\/v2\/comments?post=10975"}],"wp:featuredmedia":[{"embeddable":true,"href":"https:\/\/joinusexcursions.com\/pl\/wp-json\/wp\/v2\/media\/10750"}],"wp:attachment":[{"href":"https:\/\/joinusexcursions.com\/pl\/wp-json\/wp\/v2\/media?parent=10975"}],"wp:term":[{"taxonomy":"product_brand","embeddable":true,"href":"https:\/\/joinusexcursions.com\/pl\/wp-json\/wp\/v2\/product_brand?post=10975"},{"taxonomy":"product_cat","embeddable":true,"href":"https:\/\/joinusexcursions.com\/pl\/wp-json\/wp\/v2\/product_cat?post=10975"},{"taxonomy":"product_tag","embeddable":true,"href":"https:\/\/joinusexcursions.com\/pl\/wp-json\/wp\/v2\/product_tag?post=10975"}],"curies":[{"name":"wp","href":"https:\/\/api.w.org\/{rel}","templated":true}]}}