{"id":10978,"date":"2025-04-26T22:56:57","date_gmt":"2025-04-26T19:56:57","guid":{"rendered":"https:\/\/www.joinusexcursions.com\/?post_type=product&#038;p=10978"},"modified":"2026-04-18T05:07:45","modified_gmt":"2026-04-18T02:07:45","slug":"antalya-relaks-jacht-vip","status":"publish","type":"product","link":"https:\/\/joinusexcursions.com\/pl\/tours\/antalya-relax-yacht\/","title":{"rendered":"Relaksacyjny rejs jachtem VIP z Antalyi \u2013 Ma\u0142a grupa"},"content":{"rendered":"<p>Ciesz si\u0119 luksusowym rejsem jachtem VIP z Antalyi na zachwycaj\u0105ce wybrze\u017ce Kemer. Pop\u0142ywaj w zacisznych turkusowych zatoczkach, zrelaksuj si\u0119 na prywatnym le\u017caku i delektuj \u015bwie\u017co przygotowanym, wykwintnym lunchem \u2013 idealna, spokojna ucieczka od zat\u0142oczonej pla\u017cy.<\/p>\n<h2>\ud83d\udee5\ufe0f Overview of the Antalya Relax Yacht Tour<\/h2>\n<p>To nie jest \u0142\u00f3d\u017a imprezowa. Relax VIP Yacht zosta\u0142 zaprojektowany z my\u015bl\u0105 o spokoju \u2014 rejs dla ma\u0142ych grup z ograniczon\u0105 liczb\u0105 miejsc, bez g\u0142o\u015bnej muzyki i w spokojnej, niespiesznej atmosferze. Zaczynaj\u0105c od Antalyi z komfortowym transferem do mariny Kemer, jacht zabiera Ci\u0119 do zacisznych zatoczek, do kt\u00f3rych nie mog\u0105 dotrze\u0107 du\u017ce \u0142odzie. Prywatne le\u017caki dla ka\u017cdego go\u015bcia, krystalicznie czyste miejsca do p\u0142ywania i wykwintny lunch w stylu \u015br\u00f3dziemnomorskim sprawiaj\u0105, \u017ce jest to idealny wyb\u00f3r dla par, rodzin i ka\u017cdego, kto chce sp\u0119dzi\u0107 dzie\u0144 na prawdziwym relaksie na morzu.<\/p>\n<h3>\ud83c\udf1f Najwa\u017cniejsze informacje<\/h3>\n<p><span style=\"color: #ff0000;\"><strong>\u2022<\/strong> <\/span>Luksusowy jacht VIP o ograniczonej pojemno\u015bci \u2014 maksymalnie 25 go\u015bci<br \/>\n<span style=\"color: #ff0000;\"><strong>\u2022<\/strong> <\/span>Spokojna, relaksuj\u0105ca atmosfera \u2014 \u017cadnej g\u0142o\u015bnej muzyki ani imprezowej nawalanki<br \/>\n<span style=\"color: #ff0000;\"><strong>\u2022<\/strong> <\/span>Prywatny le\u017cak dla ka\u017cdego go\u015bcia na pok\u0142adzie<br \/>\n<span style=\"color: #ff0000;\"><strong>\u2022<\/strong> <\/span>P\u0142ywanie zatrzymuje si\u0119 w ukrytych, krystalicznie czystych zatoczkach<br \/>\n<span style=\"color: #ff0000;\"><strong>\u2022<\/strong> <\/span>\u015awie\u017co przygotowany lunch po\u0142\u0105czony z kuchni\u0105 \u015br\u00f3dziemnomorsk\u0105 serwowany na pok\u0142adzie<br \/>\n<span style=\"color: #ff0000;\"><strong>\u2022<\/strong> <\/span>Panoramiczne widoki na zachwycaj\u0105ce wybrze\u017ce Kemer<br \/>\n<span style=\"color: #ff0000;\"><strong>\u2022<\/strong> <\/span>Odbi\u00f3r z hotelu i transfer z Antalyi w cenie<\/p>\n<h3>\ud83c\udf7d\ufe0f Obiad na pok\u0142adzie<\/h3>\n<p><span style=\"color: #ff0000;\"><strong>\u2022<\/strong> <\/span>Dorsz atlantycki z grilla<br \/>\n<span style=\"color: #ff0000;\"><strong>\u2022<\/strong> <\/span>\u015awie\u017ce sezonowe sa\u0142atki<br \/>\n<span style=\"color: #ff0000;\"><strong>\u2022<\/strong> <\/span>Ry\u017c czy makaron<br \/>\n<span style=\"color: #ff0000;\"><strong>\u2022<\/strong> <\/span>Owoce sezonowe<br \/>\n<span style=\"color: #ff0000;\"><strong>\u2022<\/strong> <\/span>Opcja wegetaria\u0144ska dost\u0119pna na \u017cyczenie<\/p>\n<h2>Czego mo\u017cna si\u0119 spodziewa\u0107 podczas wycieczki jachtem po Antalyi<\/h2>\n<p>Tw\u00f3j dzie\u0144 zaczyna si\u0119 od komfortowego odbioru z hotelu w Antalyi i malowniczej podr\u00f3\u017cy do <strong>Marina Kemer<\/strong> (oko\u0142o 50 minut). Przeja\u017cd\u017cka wzd\u0142u\u017c wybrze\u017ca daje pierwsze spojrzenie na \u015br\u00f3dziemnomorsk\u0105 sceneri\u0119, kt\u00f3ra czeka Ci\u0119 dalej. Po przybyciu do mariny wejdziesz na pok\u0142ad <strong>Relaks na jachcie VIP<\/strong> \u2014 od razu zauwa\u017cysz r\u00f3\u017cnic\u0119 w stosunku do standardowej wycieczki \u0142odzi\u0105. Pok\u0142ad jest przestronny, niespieszny i cichy. Ka\u017cdy go\u015b\u0107 ma w\u0142asne le\u017caki. Atmosfera jest dok\u0142adnie taka, jak obiecuje nazwa.<\/p>\n<p>Jacht wyrusza wzd\u0142u\u017c spektakularnego wybrze\u017ca Kemer, kieruj\u0105c si\u0119 do serii <strong>zaciszne zatoczki<\/strong> kt\u00f3re s\u0105 dost\u0119pne tylko \u0142odzi\u0105. To nie s\u0105 zat\u0142oczone miejsca do p\u0142ywania \u2013 to ukryte zatoczki z krystalicznie czyst\u0105 wod\u0105 nad bia\u0142ym piaskiem, gdzie jedynymi d\u017awi\u0119kami s\u0105 morze i delikatny pomruk silnika. Kotwica opada. Skocz. Woda jest tak przejrzysta, jak wygl\u0105da.<\/p>\n<p>Pomi\u0119dzy przystankami na p\u0142ywanie roz\u0142\u00f3\u017c si\u0119 na le\u017caku i podziwiaj g\u00f3ry pokryte sosnami, kt\u00f3re \u0142\u0105cz\u0105 si\u0119 z morzem. Cz\u0142onek za\u0142ogi przynosi zimne napoje. Cicha muzyka w tle gra na komfortowym poziomie g\u0142o\u015bno\u015bci. Nie ma obowi\u0105zku robienia czegokolwiek poza relaksem.<\/p>\n<p>Po\u0142udnie, <strong>szef kuchni na pok\u0142adzie<\/strong> serwowany jest \u015bwie\u017co przygotowany lunch w stylu \u015br\u00f3dziemnomorskim \u2014 grillowany labraks, sezonowe sa\u0142atki, ry\u017c i \u015bwie\u017ce owoce, z opcj\u0105 wegetaria\u0144sk\u0105 dost\u0119pn\u0105 na \u017cyczenie. Jedzenie na wodzie, w dobrym towarzystwie, z wybrze\u017cem Kemer jako t\u0142em to do\u015bwiadczenie trudne do odtworzenia na l\u0105dzie.<\/p>\n<p>Popo\u0142udnie up\u0142ywa na dalszym p\u0142ywaniu i opalaniu, po czym jacht wraca do mariny w Kemer. Powrotny transfer odwiezie Ci\u0119 do hotelu w Antalyi. Spokojny, niespieszny, prawdziwie luksusowy dzie\u0144 na tureckim wybrze\u017cu Morza \u015ar\u00f3dziemnego.<\/p>\n<p class=\"mhm-jue-internal-links\">Szukasz wi\u0119cej przyg\u00f3d w okolicy? Zapoznaj si\u0119 z nasz\u0105 pe\u0142n\u0105 list\u0105 <a href=\"\/pl\/kierunki\/antalya-wycieczki\/\">Wycieczki Antalya<\/a> lub sprawd\u017a <a href=\"\/pl\/wycieczki-2\/antalya-suluada-zachod-slonca-rejs\/\">Rejs statkiem na zach\u00f3d s\u0142o\u0144ca na wysp\u0119 Suluada z Antalyi z kolacj\u0105<\/a> na kolejne niezapomniane prze\u017cycie.<\/p>\n<h3>\ud83e\udded Plan wycieczki<\/h3>\n<p><span style=\"color: #ff0000;\"><strong>\u2022<\/strong> <\/span>Odbi\u00f3r z hotelu w Antalyi i transfer do Mariny w Kemer (ok. 50 minut)<br \/>\n<span style=\"color: #ff0000;\"><strong>\u2022<\/strong> <\/span>Wejd\u017a na pok\u0142ad luksusowego jachtu VIP<br \/>\n<span style=\"color: #ff0000;\"><strong>\u2022<\/strong> <\/span>Rejs do zacisznych zatoczek do p\u0142ywania wzd\u0142u\u017c wybrze\u017ca Kemer<br \/>\n<span style=\"color: #ff0000;\"><strong>\u2022<\/strong> <\/span>P\u0142ywanie w ukrytych turkusowych zatoczkach<br \/>\n<span style=\"color: #ff0000;\"><strong>\u2022<\/strong> <\/span>Lunch serwowany na pok\u0142adzie<br \/>\n<span style=\"color: #ff0000;\"><strong>\u2022<\/strong> <\/span>Popo\u0142udniowe opalanie i czas wolny<br \/>\n<span style=\"color: #ff0000;\"><strong>\u2022<\/strong> <\/span>Wr\u00f3\u0107 do mariny Kemer i transfer do hoteli w Antalyi<\/p>\n<h3>\u2139\ufe0f Przydatne informacje<\/h3>\n<p><span style=\"color: #ff0000;\"><strong>\u2022<\/strong> <\/span>Ograniczona liczba miejsc: maksymalnie 25 go\u015bci \u2014 gwarancja kameralnej grupy<br \/>\n<span style=\"color: #ff0000;\"><strong>\u2022<\/strong> <\/span>Prywatny le\u017cak dla ka\u017cdego go\u015bcia<br \/>\n<span style=\"color: #ff0000;\"><strong>\u2022<\/strong> <\/span>Bez g\u0142o\u015bnej muzyki i rozrywki \u2014 spokojna atmosfera przez ca\u0142y czas<br \/>\n<span style=\"color: #ff0000;\"><strong>\u2022<\/strong> <\/span>Ca\u0142odniowa wycieczka (oko\u0142o 10\u201311 godzin, wliczaj\u0105c transfery)<br \/>\n<span style=\"color: #ff0000;\"><strong>\u2022<\/strong> <\/span>Niemowl\u0119ta siedz\u0105 na kolanach rodzic\u00f3w (bez osobnego miejsca)<br \/>\n<span style=\"color: #ff0000;\"><strong>\u2022<\/strong> <\/span>Niedost\u0119pne dla w\u00f3zk\u00f3w inwalidzkich<\/p>\n<p class=\"mhm-jue-external-link\">Dowiedz si\u0119 wi\u0119cej o miejscu docelowym na <a href=\"https:\/\/en.wikipedia.org\/wiki\/Antalya\" target=\"_blank\" rel=\"noopener\">Strona Wikipedii o Antalyi<\/a>.<\/p>\n<h3>\ud83c\udf92 Co zabra\u0107<\/h3>\n<p><span style=\"color: #ff0000;\"><strong>\u2022<\/strong> <\/span>Bikini i r\u0119cznik<br \/>\n<span style=\"color: #ff0000;\"><strong>\u2022<\/strong> <\/span>Okulary przeciws\u0142oneczne i krem z filtrem<br \/>\n<span style=\"color: #ff0000;\"><strong>\u2022<\/strong> <\/span>Lekki narzut podr\u00f3\u017cny<br \/>\n<span style=\"color: #ff0000;\"><strong>\u2022<\/strong> <\/span>Got\u00f3wka na osobiste napoje lub wydatki<\/p>\n<h3>\ud83d\udeab Nieodpowiednie dla<\/h3>\n<p><span style=\"color: #ff0000;\"><strong>\u2022<\/strong> <\/span>Go\u015bcie z powa\u017cnymi schorzeniami medycznymi<br \/>\n<span style=\"color: #ff0000;\"><strong>\u2022<\/strong> <\/span>Osoby na w\u00f3zkach inwalidzkich<\/p>\n<h3>\ud83d\udcb8 Cena i Rezerwacja<\/h3>\n<p><span style=\"color: #ff0000;\"><strong>\u2022<\/strong> <\/span>Ograniczona liczba miejsc \u2014 gor\u0105co polecamy wcze\u015bniejsz\u0105 rezerwacj\u0119<br \/>\n<span style=\"color: #ff0000;\"><strong>\u2022<\/strong> <\/span>Ceny mog\u0105 si\u0119 r\u00f3\u017cni\u0107 w zale\u017cno\u015bci od sezonu \u2014 sprawd\u017a aktualne stawki w formularzu rezerwacji<br \/>\n<span style=\"color: #ff0000;\"><strong>\u2022<\/strong> <\/span>Zarezerwuj teraz i zap\u0142a\u0107 w dniu wycieczki<br \/>\n<span style=\"color: #ff0000;\"><strong>\u2022<\/strong> <\/span>Skontaktuj si\u0119 z nami przez WhatsApp, Telegram lub Viber, lub wype\u0142nij poni\u017cszy formularz rezerwacji<\/p>","protected":false},"excerpt":{"rendered":"<p>Join the Antalya Relax Yacht Tour \u2013 a VIP small group cruise to hidden Kemer bays with private sunbed, grilled sea bass lunch &amp; hotel transfer included. Max 25 guests.<\/p>","protected":false},"featured_media":10691,"comment_status":"open","ping_status":"closed","template":"","meta":{"_acf_changed":false},"product_brand":[],"product_cat":[32],"product_tag":[69],"class_list":{"0":"post-10978","1":"product","2":"type-product","3":"status-publish","4":"has-post-thumbnail","6":"product_cat-antalya","7":"product_tag-antalya","9":"first","10":"instock","11":"featured","12":"shipping-taxable","13":"purchasable","14":"product-type-ovabrw_car_rental"},"acf":[],"aioseo_notices":[],"_links":{"self":[{"href":"https:\/\/joinusexcursions.com\/pl\/wp-json\/wp\/v2\/product\/10978","targetHints":{"allow":["GET"]}}],"collection":[{"href":"https:\/\/joinusexcursions.com\/pl\/wp-json\/wp\/v2\/product"}],"about":[{"href":"https:\/\/joinusexcursions.com\/pl\/wp-json\/wp\/v2\/types\/product"}],"replies":[{"embeddable":true,"href":"https:\/\/joinusexcursions.com\/pl\/wp-json\/wp\/v2\/comments?post=10978"}],"wp:featuredmedia":[{"embeddable":true,"href":"https:\/\/joinusexcursions.com\/pl\/wp-json\/wp\/v2\/media\/10691"}],"wp:attachment":[{"href":"https:\/\/joinusexcursions.com\/pl\/wp-json\/wp\/v2\/media?parent=10978"}],"wp:term":[{"taxonomy":"product_brand","embeddable":true,"href":"https:\/\/joinusexcursions.com\/pl\/wp-json\/wp\/v2\/product_brand?post=10978"},{"taxonomy":"product_cat","embeddable":true,"href":"https:\/\/joinusexcursions.com\/pl\/wp-json\/wp\/v2\/product_cat?post=10978"},{"taxonomy":"product_tag","embeddable":true,"href":"https:\/\/joinusexcursions.com\/pl\/wp-json\/wp\/v2\/product_tag?post=10978"}],"curies":[{"name":"wp","href":"https:\/\/api.w.org\/{rel}","templated":true}]}}