{"id":10983,"date":"2025-04-26T23:06:10","date_gmt":"2025-04-26T20:06:10","guid":{"rendered":"https:\/\/www.joinusexcursions.com\/?post_type=product&#038;p=10983"},"modified":"2026-04-13T22:13:42","modified_gmt":"2026-04-13T19:13:42","slug":"kemer-suluada-wyspa-rejs","status":"publish","type":"product","link":"https:\/\/joinusexcursions.com\/pl\/tours\/kemer-suluada-island-boat\/","title":{"rendered":"Kemer: Wycieczka \u0142odzi\u0105 na wysp\u0119 Suluada \u2013 Tureckie Malediwy"},"content":{"rendered":"<h2 data-start=\"189\" data-end=\"249\">\ud83c\udfdd\ufe0f Do\u0142\u0105cz do naszej **Wycieczki statkiem na Kemer Suluada**, aby sp\u0119dzi\u0107 ca\u0142y dzie\u0144 na wyspie Suluada, ukrytym klejnocie u wybrze\u017cy Adrasan<\/h2>\n<p>Ucieknij do raju podczas ca\u0142odniowej wycieczki \u0142odzi\u0105 do <strong data-start=\"301\" data-end=\"319\">Wyspa Suluada<\/strong>, ukryty klejnot u wybrze\u017cy Adrasan, cz\u0119sto nazywany <em data-start=\"377\" data-end=\"397\">Malediwy Turcji<\/em>. Z bia\u0142ymi piaszczystymi pla\u017cami, turkusowymi wodami i spokojn\u0105 atmosfer\u0105, ta wycieczka jest idealna dla mi\u0142o\u015bnik\u00f3w przyrody i tych, kt\u00f3rzy szukaj\u0105 wyj\u0105tkowych wra\u017ce\u0144 w basenie Morza \u015ar\u00f3dziemnego.<\/p>\n<h3 class=\"\" data-start=\"574\" data-end=\"597\">\ud83c\udf1f Najwa\u017cniejsze punkty wycieczki<\/h3>\n<ul data-start=\"598\" data-end=\"972\">\n<li class=\"\" data-start=\"598\" data-end=\"659\">Pop\u0142ywaj w krystalicznie czystych wodach Zatoki Maldives na Suluadzie<\/li>\n<li class=\"\" data-start=\"660\" data-end=\"711\">Zrelaksuj si\u0119 na ukrytych pla\u017cach i dziewiczych brzegach<\/li>\n<li class=\"\" data-start=\"712\" data-end=\"754\">Odkryj s\u0142ynne <strong data-start=\"739\" data-end=\"752\">Jaskinia Mi\u0142o\u015bci<\/strong><\/li>\n<li class=\"\" data-start=\"755\" data-end=\"798\">Smaczny lunch z grilla na pok\u0142adzie<\/li>\n<li class=\"\" data-start=\"799\" data-end=\"869\">Przyjazny dla rodzin: p\u0142ytka, bezpieczna woda i spokojna atmosfera<\/li>\n<li class=\"\" data-start=\"870\" data-end=\"916\">Uchwy\u0107 osza\u0142amiaj\u0105ce widoki godne Instagrama<\/li>\n<li class=\"\" data-start=\"917\" data-end=\"972\">Wybierz mi\u0119dzy opcj\u0105 ma\u0142ej grupy a du\u017cej \u0142odzi.<\/li>\n<\/ul>\n<h2>Czego mo\u017cna si\u0119 spodziewa\u0107 podczas rejsu \u0142odzi\u0105 na Kemer Suluada<\/h2>\n<p>Twoja podr\u00f3\u017c rozpoczyna si\u0119 odbiorem z hotelu w Kemer, a nast\u0119pnie malownicz\u0105 jazd\u0105 do <strong data-start=\"1087\" data-end=\"1103\">Port Adrasan<\/strong>, gdzie wsi\u0105dziesz na pok\u0142ad komfortowego jachtu na dzie\u0144 pe\u0142en s\u0142o\u0144ca, morza i spokoju. Trasa prowadzi wzd\u0142u\u017c przepi\u0119knego <strong data-start=\"1220\" data-end=\"1239\">Riwiera Turecka<\/strong>, oferuj\u0105c wspania\u0142e widoki na G\u00f3ry Taurus i dziewicze krajobrazy wybrze\u017ca.<\/p>\n<p>Wycieczka obejmuje trzy przystanki na p\u0142ywanie w najpi\u0119kniejszych miejscach Suluady:<\/p>\n<ul data-start=\"1403\" data-end=\"1764\">\n<li class=\"\" data-start=\"1403\" data-end=\"1532\"><strong data-start=\"1409\" data-end=\"1425\">Zatoka Malediwy<\/strong>: Znana z mi\u0119kkiego bia\u0142ego piasku i krystalicznie czystej turkusowej wody \u2014 idealna do p\u0142ywania i snorkelingu.<\/li>\n<li class=\"\" data-start=\"1533\" data-end=\"1643\"><strong data-start=\"1538\" data-end=\"1566\">Ukryte pla\u017ce Suluady<\/strong>Zrelaksuj si\u0119 na spokojnych pla\u017cach, spaceruj wzd\u0142u\u017c wybrze\u017ca lub po prostu opalaj si\u0119 w spokoju.<\/li>\n<li class=\"\" data-start=\"1644\" data-end=\"1764\">\ud83c\udfde\ufe0f <strong data-start=\"1650\" data-end=\"1678\">Jaskinia Mi\u0142o\u015bci<\/strong>Malownicza formacja naturalna, gdzie mo\u017cna p\u0142ywa\u0107, nurkowa\u0107 lub robi\u0107 niesamowite zdj\u0119cia.<\/li>\n<\/ul>\n<p>W samo po\u0142udnie, \u015bwie\u017co grillowany <strong data-start=\"1799\" data-end=\"1812\">Obiad z grilla<\/strong> serwowane na \u0142odzi, z opcj\u0105 da\u0144 rybnych, drobiowych lub wegetaria\u0144skich, a tak\u017ce tradycyjnych tureckich meze. Po relaksuj\u0105cej przerwie na herbat\u0119, \u0142\u00f3d\u017a wraca do Adrasan, po czym nast\u0119puje transfer z powrotem do hotelu.<\/p>\n<p class=\"mhm-jue-internal-links\">Szukasz wi\u0119cej przyg\u00f3d w okolicy? Zapoznaj si\u0119 z nasz\u0105 pe\u0142n\u0105 list\u0105 <a href=\"\/pl\/kierunki\/kemer-wycieczki\/\">Wycieczki z Kemer<\/a> lub sprawd\u017a <a href=\"\/pl\/wycieczki-2\/kemer-suluada-zachod-slonca-rejs\/\">Kemer: Wycieczka \u0142odzi\u0105 na wysp\u0119 Suluada z zachodem s\u0142o\u0144ca i kolacj\u0105<\/a> na kolejne niezapomniane prze\u017cycie.<\/p>\n<h3 class=\"\" data-start=\"2041\" data-end=\"2065\">\ud83d\udeab Nieodpowiednie dla<\/h3>\n<ul data-start=\"2066\" data-end=\"2144\">\n<li class=\"\" data-start=\"2066\" data-end=\"2105\">Go\u015bcie z powa\u017cnymi problemami z poruszaniem si\u0119<\/li>\n<li class=\"\" data-start=\"2106\" data-end=\"2144\">Osoby z powa\u017cnymi problemami zdrowotnymi<\/li>\n<\/ul>\n<p class=\"mhm-jue-external-link\">Dowiedz si\u0119 wi\u0119cej o miejscu docelowym na <a href=\"https:\/\/en.wikipedia.org\/wiki\/Suluada\" target=\"_blank\" rel=\"noopener\">Strona Suluada w Wikipedii<\/a>.<\/p>\n<h3 class=\"\" data-start=\"2151\" data-end=\"2172\">\ud83c\udf92 Co zabra\u0107<\/h3>\n<ul data-start=\"2173\" data-end=\"2263\">\n<li class=\"\" data-start=\"2173\" data-end=\"2195\">Kapelusz i okulary przeciws\u0142oneczne<\/li>\n<li class=\"\" data-start=\"2196\" data-end=\"2218\">Str\u00f3j k\u0105pielowy i r\u0119cznik<\/li>\n<li class=\"\" data-start=\"2219\" data-end=\"2232\">Krem do opalania<\/li>\n<li class=\"\" data-start=\"2233\" data-end=\"2263\">Wodoodporny aparat czy telefon<\/li>\n<\/ul>\n<h3 class=\"\" data-start=\"2270\" data-end=\"2288\">\u274c Niedozwolone<\/h3>\n<ul data-start=\"2289\" data-end=\"2355\">\n<li class=\"\" data-start=\"2289\" data-end=\"2318\">Jedzenie i napoje z zewn\u0105trz<\/li>\n<li class=\"\" data-start=\"2319\" data-end=\"2327\">Zwierz\u0119ta domowe<\/li>\n<li class=\"\" data-start=\"2328\" data-end=\"2355\">Palenie w pomieszczeniach<\/li>\n<\/ul>\n<h3 class=\"\" data-start=\"2362\" data-end=\"2388\">\u2139\ufe0f Informacje przed wyjazdem<\/h3>\n<ul data-start=\"2389\" data-end=\"2622\">\n<li class=\"\" data-start=\"2389\" data-end=\"2438\">Czas trwania wycieczki: <strong data-start=\"2406\" data-end=\"2436\">Ca\u0142y dzie\u0144 (oko\u0142o 8 godzin)<\/strong><\/li>\n<li class=\"\" data-start=\"2439\" data-end=\"2496\">Plan podr\u00f3\u017cy mo\u017ce ulec zmianie ze wzgl\u0119du na warunki morskie lub pogodowe<\/li>\n<li class=\"\" data-start=\"2497\" data-end=\"2555\">Umiarkowana aktywno\u015b\u0107 fizyczna (p\u0142ywanie\/chodzenie) wliczona<\/li>\n<li class=\"\" data-start=\"2556\" data-end=\"2622\">Dzieci do\u0142\u0105czaj\u0105 za darmo, ale <strong data-start=\"2588\" data-end=\"2620\">nie mie\u0107 osobnego siedzenia w autobusie<\/strong><\/li>\n<\/ul>\n<h3 class=\"\" data-start=\"2629\" data-end=\"2654\">\ud83d\udcb3 Ceny i rezerwacja<\/h3>\n<p>Ceny r\u00f3\u017cni\u0105 si\u0119 w zale\u017cno\u015bci od sezonu i wielko\u015bci grupy.<br data-start=\"2702\" data-end=\"2705\" \/><strong data-start=\"2705\" data-end=\"2775\">Zarezerwuj wcze\u015bnie, aby zapewni\u0107 sobie najlepsze ceny \u2014 zap\u0142a\u0107 w dniu wycieczki!<\/strong><\/p>\n<h3 class=\"\" data-start=\"2782\" data-end=\"2800\">\ud83d\udcde Skontaktuj si\u0119 z nami<\/h3>\n<p>Masz pytania lub jeste\u015b gotowy zarezerwowa\u0107?<br data-start=\"2833\" data-end=\"2836\" \/>Jeste\u015bmy dost\u0119pni 24 godziny na dob\u0119, 7 dni w tygodniu pod numerem <strong data-start=\"2860\" data-end=\"2892\">Telegram, Viber czy WhatsApp<\/strong>.<br data-start=\"2893\" data-end=\"2896\" \/>Pom\u00f3\u017cmy Ci zaplanowa\u0107 niezapomniany dzie\u0144 na morzu!<\/p>","protected":false},"excerpt":{"rendered":"<p>\ud83c\udfdd\ufe0f Join our **Kemer Suluada Boat Trip** for a full-day escape to Suluada Island, a hidden gem off the coast of Adrasan Escape into paradise with a full-day boat tour to Suluada Island, a hidden gem off the coast of Adrasan, often called the Maldives of Turkey. With its white sandy beaches, turquoise waters, and [&hellip;]<\/p>\n","protected":false},"featured_media":10643,"comment_status":"open","ping_status":"closed","template":"","meta":{"_acf_changed":false},"product_brand":[],"product_cat":[37,71],"product_tag":[65],"class_list":{"0":"post-10983","1":"product","2":"type-product","3":"status-publish","4":"has-post-thumbnail","6":"product_cat-kemer","7":"product_cat-suluada-maldives","8":"product_tag-kemer","10":"first","11":"instock","12":"featured","13":"shipping-taxable","14":"purchasable","15":"product-type-ovabrw_car_rental"},"acf":[],"aioseo_notices":[],"_links":{"self":[{"href":"https:\/\/joinusexcursions.com\/pl\/wp-json\/wp\/v2\/product\/10983","targetHints":{"allow":["GET"]}}],"collection":[{"href":"https:\/\/joinusexcursions.com\/pl\/wp-json\/wp\/v2\/product"}],"about":[{"href":"https:\/\/joinusexcursions.com\/pl\/wp-json\/wp\/v2\/types\/product"}],"replies":[{"embeddable":true,"href":"https:\/\/joinusexcursions.com\/pl\/wp-json\/wp\/v2\/comments?post=10983"}],"wp:featuredmedia":[{"embeddable":true,"href":"https:\/\/joinusexcursions.com\/pl\/wp-json\/wp\/v2\/media\/10643"}],"wp:attachment":[{"href":"https:\/\/joinusexcursions.com\/pl\/wp-json\/wp\/v2\/media?parent=10983"}],"wp:term":[{"taxonomy":"product_brand","embeddable":true,"href":"https:\/\/joinusexcursions.com\/pl\/wp-json\/wp\/v2\/product_brand?post=10983"},{"taxonomy":"product_cat","embeddable":true,"href":"https:\/\/joinusexcursions.com\/pl\/wp-json\/wp\/v2\/product_cat?post=10983"},{"taxonomy":"product_tag","embeddable":true,"href":"https:\/\/joinusexcursions.com\/pl\/wp-json\/wp\/v2\/product_tag?post=10983"}],"curies":[{"name":"wp","href":"https:\/\/api.w.org\/{rel}","templated":true}]}}