{"id":11017,"date":"2025-12-04T16:11:58","date_gmt":"2025-12-04T13:11:58","guid":{"rendered":"https:\/\/joinusexcursions.com\/?post_type=product&#038;p=11017"},"modified":"2026-04-18T05:00:21","modified_gmt":"2026-04-18T02:00:21","slug":"kemer-land-of-legends-nocny-pokaz","status":"publish","type":"product","link":"https:\/\/joinusexcursions.com\/pl\/tours\/kemer-land-of-legends-night\/","title":{"rendered":"Pokaz nocny Land of Legends z Kemer"},"content":{"rendered":"<h2>\ud83c\udf0c <strong data-start=\"529\" data-end=\"541\">Overview of the Kemer Land of Legends Night Show<\/strong><\/h2>\n<p data-start=\"542\" data-end=\"857\">Prze\u017cyj czaruj\u0105c\u0105 noc w The Land of Legends z wygodnym transferem z Kemer. Ciesz si\u0119 \u015bwiatowej klasy wieczornym wyst\u0119pem z muzyk\u0105, \u015bwiat\u0142ami, laserami i magiczn\u0105 parad\u0105 \u0142odzi. R\u00f3b pi\u0119kne nocne zdj\u0119cia, zwiedzaj o\u015bwietlon\u0105 ulic\u0119 handlow\u0105 i ciesz si\u0119 3-4 godzinnym programem odpowiednim dla wszystkich grup wiekowych.<\/p>\n<h3>\ud83c\udf86 Kemer Land of Legends Night Show Higlights<\/h3>\n<p data-start=\"1224\" data-end=\"1467\"><span style=\"color: #ff0000;\">\u2022<\/span> Spektakularna fontanna, pokaz \u015bwiate\u0142 i laser\u00f3w<br data-start=\"1273\" data-end=\"1276\" \/><span style=\"color: #ff0000;\">\u2022<\/span> Kultowa parada \u0142odzi z tematycznymi kostiumami<br data-start=\"1317\" data-end=\"1320\" \/><span style=\"color: #ff0000;\">\u2022<\/span> Aleja handlowa z ponad 180 \u015bwiatowymi markami<br data-start=\"1369\" data-end=\"1372\" \/><span style=\"color: #ff0000;\">\u2022<\/span> Bezproblemowe transfery z regionu Kemer<br data-start=\"1413\" data-end=\"1416\" \/><span style=\"color: #ff0000;\">\u2022<\/span> Idealna atmosfera do wspania\u0142ej fotografii nocnej<\/p>\n<h2>Co mo\u017cna zobaczy\u0107 podczas nocnego pokazu w The Land of Legends w Kemer<\/h2>\n<p data-start=\"1494\" data-end=\"1807\">Tw\u00f3j wiecz\u00f3r rozpoczyna si\u0119 p\u0142ynnym i komfortowym transferem z Kemer do The Land of Legends Theme Park \u2013 najs\u0142ynniejszego kompleksu rozrywkowego w regionie. Gdy rozpocznie si\u0119 show, zanurz si\u0119 w urzekaj\u0105cym po\u0142\u0105czeniu muzyki, efekt\u00f3w \u015bwietlnych, laser\u00f3w i zsynchronizowanych fontann, kt\u00f3re roz\u015bwietlaj\u0105 nocne niebo.<\/p>\n<p data-start=\"1809\" data-end=\"2071\">Kulminacj\u0105 wydarzenia jest parada \u0142odzi, podczas kt\u00f3rej pi\u0119knie udekorowane jednostki p\u0142ywaj\u0105ce sun\u0105 kana\u0142em w towarzystwie artyst\u00f3w, \u015bwiate\u0142 i nastrojowej muzyki. Ta magiczna nocna procesja zachwyca odwiedzaj\u0105cych w ka\u017cdym wieku i tworzy niezapomniane wspomnienia.<\/p>\n<p data-start=\"2073\" data-end=\"2357\">Po spektaklu b\u0119dziesz mie\u0107 wolny czas, aby nacieszy\u0107 si\u0119 t\u0119tni\u0105cym \u017cyciem bulwarem handlowym, pe\u0142nym ponad 180 butik\u00f3w, kawiarni, restauracji i cukierni. Niezale\u017cnie od tego, czy wolisz robi\u0107 zdj\u0119cia, przegl\u0105da\u0107 sklepy, czy cieszy\u0107 si\u0119 \u017cyw\u0105 atmosfer\u0105, bulwar oferuje co\u015b dla ka\u017cdego.<\/p>\n<p data-start=\"2359\" data-end=\"2494\">U schy\u0142ku nocy zrelaksuj si\u0119 podczas transferu powrotnego i wr\u00f3\u0107 do hotelu z g\u0142ow\u0105 pe\u0142n\u0105 niezapomnianych wra\u017ce\u0144.<\/p>\n<p class=\"mhm-jue-internal-links\">Szukasz wi\u0119cej przyg\u00f3d w okolicy? Zapoznaj si\u0119 z nasz\u0105 pe\u0142n\u0105 list\u0105 <a href=\"\/pl\/kierunki\/kemer-wycieczki\/\">Wycieczki z Kemer<\/a> lub sprawd\u017a <a href=\"\/pl\/wycieczki-2\/kemer-suluada-zachod-slonca-rejs\/\">Kemer: Wycieczka \u0142odzi\u0105 na wysp\u0119 Suluada z zachodem s\u0142o\u0144ca i kolacj\u0105<\/a> na kolejne niezapomniane prze\u017cycie.<\/p>\n<h3>\ud83e\udded Plan wycieczki<\/h3>\n<p data-start=\"2519\" data-end=\"2767\"><span style=\"color: #ff0000;\">\u2022<\/span> Odbi\u00f3r z hoteli w Kemerze<br data-start=\"2548\" data-end=\"2551\" \/><span style=\"color: #ff0000;\">\u2022<\/span> Przyjazd do Krainy Legend<br data-start=\"2583\" data-end=\"2586\" \/><span style=\"color: #ff0000;\">\u2022<\/span> Ciesz si\u0119 pokazem fontanny, \u015bwiate\u0142 i laser\u00f3w<br data-start=\"2633\" data-end=\"2636\" \/><span style=\"color: #ff0000;\">\u2022<\/span> Obejrzyj parad\u0119 o\u015bwietlonych \u0142odzi<br data-start=\"2671\" data-end=\"2674\" \/><span style=\"color: #ff0000;\">\u2022<\/span> Czas wolny na bulwarze handlowym (ok. 1\u20132 godziny)<br data-start=\"2731\" data-end=\"2734\" \/><span style=\"color: #ff0000;\">\u2022<\/span> Powrotny transport do Pa\u0144stwa hotelu<\/p>\n<h3>\u2139\ufe0f Przydatne informacje<\/h3>\n<p data-start=\"2796\" data-end=\"3125\"><span style=\"color: #ff0000;\">\u2022<\/span> Czas trwania: ok. 3\u20134 godziny<br data-start=\"2825\" data-end=\"2828\" \/><span style=\"color: #ff0000;\">\u2022<\/span> Odpowiednie dla go\u015bci z podstawow\u0105 mobilno\u015bci\u0105<br data-start=\"2869\" data-end=\"2872\" \/><span style=\"color: #ff0000;\">\u2022<\/span> Minimalna aktywno\u015b\u0107 fizyczna wymagana<br data-start=\"2908\" data-end=\"2911\" \/><span style=\"color: #ff0000;\">\u2022<\/span> B\u0105d\u017a gotowy przy g\u0142\u00f3wnym wej\u015bciu do hotelu 10 minut przed odbiorem<br data-start=\"2973\" data-end=\"2976\" \/><span style=\"color: #ff0000;\">\u2022<\/span> Kierowca czeka maksymalnie 5 minut<br data-start=\"3013\" data-end=\"3016\" \/><span style=\"color: #ff0000;\">\u2022<\/span> Dzieci poni\u017cej 6 roku \u017cycia podr\u00f3\u017cuj\u0105 bezp\u0142atnie, nie przys\u0142uguje im osobne miejsce w autobusie; w razie potrzeby mo\u017cna zarezerwowa\u0107 dodatkowe miejsce<\/p>\n<p class=\"mhm-jue-external-link\">Dowiedz si\u0119 wi\u0119cej o miejscu docelowym na <a href=\"https:\/\/en.wikipedia.org\/wiki\/The_Land_of_Legends\" target=\"_blank\" rel=\"noopener\">Strona Wikipedii \"The Land of Legends\"<\/a>.<\/p>\n<h3>\ud83c\udf92 Co zabra\u0107<\/h3>\n<p data-start=\"3149\" data-end=\"3311\"><span style=\"color: #ff0000;\">\u2022<\/span> Troch\u0119 got\u00f3wki na osobiste zakupy<br data-start=\"3183\" data-end=\"3186\" \/><span style=\"color: #ff0000;\">\u2022<\/span> Wygodne obuwie do chodzenia<br data-start=\"3220\" data-end=\"3223\" \/><span style=\"color: #ff0000;\">\u2022<\/span> Odzie\u017c odpowiednia na wieczorn\u0105 pogod\u0119<br data-start=\"3262\" data-end=\"3265\" \/><span style=\"color: #ff0000;\">\u2022<\/span> Smartfon czy aparat do uwieczniania chwil<\/p>\n<h3>\ud83d\udeab Nieodpowiednie dla<\/h3>\n<p data-start=\"3338\" data-end=\"3398\"><span style=\"color: #ff0000;\">\u2022<\/span> Go\u015bcie w wieku 95 lat i starsi lub z powa\u017cnymi ograniczeniami mobilno\u015bci<\/p>\n<h3>\ud83d\udcb8 Cena i Rezerwacja<\/h3>\n<p data-start=\"3426\" data-end=\"3556\"><span style=\"color: #ff0000;\">\u2022<\/span> Zarezerwuj dzisiaj i zap\u0142a\u0107 w dniu wycieczki<br data-start=\"3472\" data-end=\"3475\" \/><span style=\"color: #ff0000;\">\u2022<\/span> Skontaktuj si\u0119 z nami przez WhatsApp, Telegram lub Viber, albo wype\u0142nij poni\u017cszy formularz rezerwacji<\/p>","protected":false},"excerpt":{"rendered":"<p>Ciesz si\u0119 Nocnym Show w Krainie Legend z Kemer z laserami, pokazami fontann, parad\u0105 \u0142odzi i zakupami. Magiczny wiecz\u00f3r z wygodnym transferem hotelowym.<\/p>","protected":false},"featured_media":11018,"comment_status":"open","ping_status":"closed","template":"","meta":{"_acf_changed":false},"product_brand":[],"product_cat":[37],"product_tag":[65],"class_list":{"0":"post-11017","1":"product","2":"type-product","3":"status-publish","4":"has-post-thumbnail","6":"product_cat-kemer","7":"product_tag-kemer","9":"first","10":"instock","11":"sale","12":"featured","13":"shipping-taxable","14":"purchasable","15":"product-type-ovabrw_car_rental"},"acf":[],"aioseo_notices":[],"_links":{"self":[{"href":"https:\/\/joinusexcursions.com\/pl\/wp-json\/wp\/v2\/product\/11017","targetHints":{"allow":["GET"]}}],"collection":[{"href":"https:\/\/joinusexcursions.com\/pl\/wp-json\/wp\/v2\/product"}],"about":[{"href":"https:\/\/joinusexcursions.com\/pl\/wp-json\/wp\/v2\/types\/product"}],"replies":[{"embeddable":true,"href":"https:\/\/joinusexcursions.com\/pl\/wp-json\/wp\/v2\/comments?post=11017"}],"wp:featuredmedia":[{"embeddable":true,"href":"https:\/\/joinusexcursions.com\/pl\/wp-json\/wp\/v2\/media\/11018"}],"wp:attachment":[{"href":"https:\/\/joinusexcursions.com\/pl\/wp-json\/wp\/v2\/media?parent=11017"}],"wp:term":[{"taxonomy":"product_brand","embeddable":true,"href":"https:\/\/joinusexcursions.com\/pl\/wp-json\/wp\/v2\/product_brand?post=11017"},{"taxonomy":"product_cat","embeddable":true,"href":"https:\/\/joinusexcursions.com\/pl\/wp-json\/wp\/v2\/product_cat?post=11017"},{"taxonomy":"product_tag","embeddable":true,"href":"https:\/\/joinusexcursions.com\/pl\/wp-json\/wp\/v2\/product_tag?post=11017"}],"curies":[{"name":"wp","href":"https:\/\/api.w.org\/{rel}","templated":true}]}}