{"id":11027,"date":"2025-12-04T17:08:26","date_gmt":"2025-12-04T14:08:26","guid":{"rendered":"https:\/\/joinusexcursions.com\/?post_type=product&#038;p=11027"},"modified":"2026-04-18T04:53:24","modified_gmt":"2026-04-18T01:53:24","slug":"antalya-land-of-legends-nocny-pokaz","status":"publish","type":"product","link":"https:\/\/joinusexcursions.com\/pl\/tours\/antalya-land-of-legends-night\/","title":{"rendered":"Pokaz Nocny Ziemi Legend z Antalyi"},"content":{"rendered":"<h2>\u2728 Przegl\u0105d wieczornego pokazu w Land of Legends w Antalyi<\/h2>\n<p data-start=\"580\" data-end=\"879\">Prze\u017cyj magiczny wiecz\u00f3r w Krainie Legend z komfortowym transferem z Antalyi, Lary i Kundu. Ciesz si\u0119 \u015bwiatowej klasy wieczornym pokazem z laserami, muzyk\u0105, o\u015bwietlonymi fontannami i s\u0142ynn\u0105 parad\u0105 \u0142odzi. Odkryj t\u0119tni\u0105c\u0105 \u017cyciem ulic\u0119 handlow\u0105 i ciesz si\u0119 3-4 godzinnym do\u015bwiadczeniem dla ca\u0142ej rodziny.<\/p>\n<h3>\ud83c\udf86 Podsumowanie<\/h3>\n<p data-start=\"1237\" data-end=\"1493\"><span style=\"color: #ff0000;\">\u2022<\/span> Spektakularna fontanna, pokaz \u015bwiate\u0142 i laser\u00f3w<br data-start=\"1286\" data-end=\"1289\" \/><span style=\"color: #ff0000;\">\u2022<\/span> Parada \u0142odzi z kolorowymi kostiumami i muzyk\u0105<br data-start=\"1335\" data-end=\"1338\" \/><span style=\"color: #ff0000;\">\u2022<\/span> Bulwar handlowy z ponad 180 mi\u0119dzynarodowymi markami<br data-start=\"1389\" data-end=\"1392\" \/><span style=\"color: #ff0000;\">\u2022<\/span> Przesiadki z okolic Antalyi, Lary i Kundu<br data-start=\"1438\" data-end=\"1441\" \/><span style=\"color: #ff0000;\">\u2022<\/span> Idealna atmosfera do pi\u0119knej fotografii nocnej<\/p>\n<h2>Czego mo\u017cna si\u0119 spodziewa\u0107 podczas Nocnego Spektaklu w Krainie Legend w Antalyi<\/h2>\n<p data-start=\"1520\" data-end=\"1847\">Tw\u00f3j wiecz\u00f3r rozpoczyna si\u0119 wygodnym transferem z Antalyi, Lary lub Kundu do Parku Rozrywki The Land of Legends \u2013 najbardziej imponuj\u0105cej atrakcji regionu. Gdy zapada zmrok, obejrzyj czaruj\u0105cy pokaz \u0142\u0105cz\u0105cy pot\u0119\u017cne projekcje laserowe, zsynchronizowane pokazy fontann i \u017cyw\u0105 muzyk\u0119, kt\u00f3ra roz\u015bwietla ca\u0142y teren.<\/p>\n<p data-start=\"1849\" data-end=\"2110\">Atrakcj\u0105 wieczoru jest <strong data-start=\"1883\" data-end=\"1898\">parada \u0142odzi<\/strong>, gdzie jaskrawo udekorowane \u0142odzie sun\u0105 kana\u0142em w towarzystwie wykonawc\u00f3w, postaci i muzyki tematycznej. Ta magiczna procesja zachwyca zar\u00f3wno doros\u0142ych, jak i dzieci, tworz\u0105c niezapomniane wspomnienia z wakacji.<\/p>\n<p data-start=\"2112\" data-end=\"2362\">Po spektaklu czeka na Pa\u0144stwa czas wolny na zwiedzanie t\u0119tni\u0105cego \u017cyciem bulwaru handlowego z ponad 180 butikami, restauracjami i lodziarniami. Niezale\u017cnie od tego, czy chc\u0105 Pa\u0144stwo zrobi\u0107 zdj\u0119cia, zrobi\u0107 zakupy, czy po prostu zrelaksowa\u0107 si\u0119 w \u017cywej nocnej atmosferze, czeka tu wiele atrakcji.<\/p>\n<p data-start=\"2364\" data-end=\"2481\">Po zako\u0144czeniu wizyty wr\u00f3\u0107 do hotelu w komforcie, z trwa\u0142ymi wra\u017ceniami z tego spektakularnego wieczornego wydarzenia.<\/p>\n<p class=\"mhm-jue-internal-links\">Szukasz wi\u0119cej przyg\u00f3d w okolicy? Zapoznaj si\u0119 z nasz\u0105 pe\u0142n\u0105 list\u0105 <a href=\"\/pl\/kierunki\/antalya-wycieczki\/\">Wycieczki Antalya<\/a> lub sprawd\u017a <a href=\"\/pl\/wycieczki-2\/antalya-suluada-zachod-slonca-rejs\/\">Rejs statkiem na zach\u00f3d s\u0142o\u0144ca na wysp\u0119 Suluada z Antalyi z kolacj\u0105<\/a> na kolejne niezapomniane prze\u017cycie.<\/p>\n<h3>\ud83e\udded Plan wycieczki<\/h3>\n<p data-start=\"2506\" data-end=\"2784\"><span style=\"color: #ff0000;\">\u2022<\/span> Odbi\u00f3r z hoteli w Antalyi, Lara i Kundu<br data-start=\"2553\" data-end=\"2556\" \/><span style=\"color: #ff0000;\">\u2022<\/span> Przyjazd do Parku Rozrywki The Land of Legends<br data-start=\"2599\" data-end=\"2602\" \/><span style=\"color: #ff0000;\">\u2022<\/span> Zapraszamy na pokaz fontanny, \u015bwiat\u0142a i lasera<br data-start=\"2650\" data-end=\"2653\" \/><span style=\"color: #ff0000;\">\u2022<\/span> Obejrzyj parad\u0119 o\u015bwietlonych \u0142odzi<br data-start=\"2688\" data-end=\"2691\" \/><span style=\"color: #ff0000;\">\u2022<\/span> Czas wolny na bulwarze handlowym (ok. 1\u20132 godziny)<br data-start=\"2748\" data-end=\"2751\" \/><span style=\"color: #ff0000;\">\u2022<\/span> Powrotny transport do Pa\u0144stwa hotelu<\/p>\n<h3>\u2139\ufe0f Przydatne informacje<\/h3>\n<p data-start=\"2813\" data-end=\"3140\"><span style=\"color: #ff0000;\">\u2022<\/span> Czas trwania: ok. 3\u20134 godziny<br data-start=\"2842\" data-end=\"2845\" \/><span style=\"color: #ff0000;\">\u2022<\/span> Odpowiednie dla go\u015bci z podstawow\u0105 mobilno\u015bci\u0105<br data-start=\"2886\" data-end=\"2889\" \/><span style=\"color: #ff0000;\">\u2022<\/span> Minimalny wysi\u0142ek fizyczny wymagany<br data-start=\"2923\" data-end=\"2926\" \/><span style=\"color: #ff0000;\">\u2022<\/span> B\u0105d\u017a gotowy przy g\u0142\u00f3wnym wej\u015bciu do hotelu 10 minut przed odbiorem<br data-start=\"2988\" data-end=\"2991\" \/><span style=\"color: #ff0000;\">\u2022<\/span> Kierowca czeka maksymalnie 5 minut<br data-start=\"3028\" data-end=\"3031\" \/><span style=\"color: #ff0000;\">\u2022<\/span> Dzieci poni\u017cej 6 roku \u017cycia podr\u00f3\u017cuj\u0105 bezp\u0142atnie, nie przys\u0142uguje im osobne miejsce w autobusie; w razie potrzeby mo\u017cna zarezerwowa\u0107 dodatkowe miejsce<\/p>\n<p class=\"mhm-jue-external-link\">Dowiedz si\u0119 wi\u0119cej o miejscu docelowym na <a href=\"https:\/\/en.wikipedia.org\/wiki\/The_Land_of_Legends\" target=\"_blank\" rel=\"noopener\">Strona Wikipedii \"The Land of Legends\"<\/a>.<\/p>\n<h3>\ud83c\udf92 Co zabra\u0107<\/h3>\n<p data-start=\"3164\" data-end=\"3299\"><span style=\"color: #ff0000;\">\u2022<\/span> Troch\u0119 got\u00f3wki na osobiste zakupy<br data-start=\"3198\" data-end=\"3201\" \/><span style=\"color: #ff0000;\">\u2022<\/span> Wygodne buty do chodzenia<br data-start=\"3228\" data-end=\"3231\" \/><span style=\"color: #ff0000;\">\u2022<\/span> Odzie\u017c stosowna do pogody<br data-start=\"3261\" data-end=\"3264\" \/><span style=\"color: #ff0000;\">\u2022<\/span> Smartfon czy aparat fotograficzny<\/p>\n<h3>\ud83d\udeab Nieodpowiednie dla<\/h3>\n<p data-start=\"3326\" data-end=\"3386\"><span style=\"color: #ff0000;\">\u2022<\/span> Go\u015bcie w wieku 95 lat i starsi lub z powa\u017cnymi ograniczeniami mobilno\u015bci<\/p>\n<h3>\ud83d\udcb8 Cena i Rezerwacja<\/h3>\n<p data-start=\"3414\" data-end=\"3541\"><span style=\"color: #ff0000;\">\u2022<\/span> Zarezerwuj teraz i zap\u0142a\u0107 w dniu wycieczki<br data-start=\"3455\" data-end=\"3458\" \/><span style=\"color: #ff0000;\">\u2022<\/span> Skontaktuj si\u0119 z nami przez WhatsApp, Telegram lub Viber, lub wype\u0142nij poni\u017cszy formularz rezerwacji<\/p>","protected":false},"excerpt":{"rendered":"<p>Do\u015bwiadcz Nocnego Pokazu Kraina Legend z Antalyi z laserami, pokazami fontann, parad\u0105 \u0142odzi i zakupami. W cenie transfer z hotelu.<\/p>","protected":false},"featured_media":11018,"comment_status":"open","ping_status":"closed","template":"","meta":{"_acf_changed":false},"product_brand":[],"product_cat":[32],"product_tag":[69],"class_list":{"0":"post-11027","1":"product","2":"type-product","3":"status-publish","4":"has-post-thumbnail","6":"product_cat-antalya","7":"product_tag-antalya","9":"first","10":"instock","11":"sale","12":"featured","13":"shipping-taxable","14":"purchasable","15":"product-type-ovabrw_car_rental"},"acf":[],"aioseo_notices":[],"_links":{"self":[{"href":"https:\/\/joinusexcursions.com\/pl\/wp-json\/wp\/v2\/product\/11027","targetHints":{"allow":["GET"]}}],"collection":[{"href":"https:\/\/joinusexcursions.com\/pl\/wp-json\/wp\/v2\/product"}],"about":[{"href":"https:\/\/joinusexcursions.com\/pl\/wp-json\/wp\/v2\/types\/product"}],"replies":[{"embeddable":true,"href":"https:\/\/joinusexcursions.com\/pl\/wp-json\/wp\/v2\/comments?post=11027"}],"wp:featuredmedia":[{"embeddable":true,"href":"https:\/\/joinusexcursions.com\/pl\/wp-json\/wp\/v2\/media\/11018"}],"wp:attachment":[{"href":"https:\/\/joinusexcursions.com\/pl\/wp-json\/wp\/v2\/media?parent=11027"}],"wp:term":[{"taxonomy":"product_brand","embeddable":true,"href":"https:\/\/joinusexcursions.com\/pl\/wp-json\/wp\/v2\/product_brand?post=11027"},{"taxonomy":"product_cat","embeddable":true,"href":"https:\/\/joinusexcursions.com\/pl\/wp-json\/wp\/v2\/product_cat?post=11027"},{"taxonomy":"product_tag","embeddable":true,"href":"https:\/\/joinusexcursions.com\/pl\/wp-json\/wp\/v2\/product_tag?post=11027"}],"curies":[{"name":"wp","href":"https:\/\/api.w.org\/{rel}","templated":true}]}}