{"id":11028,"date":"2025-12-04T17:50:19","date_gmt":"2025-12-04T14:50:19","guid":{"rendered":"https:\/\/joinusexcursions.com\/?post_type=product&#038;p=11028"},"modified":"2026-04-18T04:51:25","modified_gmt":"2026-04-18T01:51:25","slug":"belek-land-of-legends-nocny-pokaz","status":"publish","type":"product","link":"https:\/\/joinusexcursions.com\/pl\/tours\/belek-land-of-legends-night\/","title":{"rendered":"Wieczorny pokaz Land of Legends z Beleku"},"content":{"rendered":"<h2>\u2728 Przegl\u0105d Nocnego Pokazu Belek Land of Legends<\/h2>\n<p data-start=\"555\" data-end=\"829\">Prze\u017cyj magiczny wiecz\u00f3r w The Land of Legends z transportem z Belek, Kadriye i Bogazkent. Ciesz si\u0119 imponuj\u0105cym wieczornym pokazem laser\u00f3w, fontann, muzyki i s\u0142ynn\u0105 parad\u0105 \u0142odzi. Przejd\u017a si\u0119 po o\u015bwietlonej ulicy handlowej i skorzystaj z 3-4 godzinnego programu odpowiedniego dla ca\u0142ej rodziny.<\/p>\n<h3>\ud83c\udf86 Podsumowanie<\/h3>\n<p data-start=\"1165\" data-end=\"1393\"><span style=\"color: #ff0000;\">\u2022<\/span> Spektakularny pokaz laser\u00f3w i fontann<br data-start=\"1202\" data-end=\"1205\" \/><span style=\"color: #ff0000;\">\u2022<\/span> Kolorowa parada \u0142odzi z postaciami tematycznymi<br data-start=\"1250\" data-end=\"1253\" \/><span style=\"color: #ff0000;\">\u2022<\/span> Aleja handlowa z ponad 180 \u015bwiatowymi sklepami<br data-start=\"1297\" data-end=\"1300\" \/><span style=\"color: #ff0000;\">\u2022<\/span> \u0141atwe transfery z Belek, Kadriye i Bogazkent<br data-start=\"1348\" data-end=\"1351\" \/><span style=\"color: #ff0000;\">\u2022<\/span> \u015awietna atmosfera do fotografii nocnej<\/p>\n<h2>Czego mo\u017cna si\u0119 spodziewa\u0107 podczas nocnego pokazu w Land of Legends w Belek<\/h2>\n<p data-start=\"1420\" data-end=\"1693\">Tw\u00f3j wiecz\u00f3r rozpoczyna si\u0119 komfortowym transferem z Belek, Kadriye lub Bogazkent do Parku Rozrywki The Land of Legends. Gdy zapada noc, b\u0119dziesz cieszy\u0107 si\u0119 \u015bwiatowej klasy wyst\u0119pem \u0142\u0105cz\u0105cym muzyk\u0119, projekcje laserowe, pod\u015bwietlane fontanny i efekty specjalne, kt\u00f3re tworz\u0105 magiczn\u0105 atmosfer\u0119.<\/p>\n<p data-start=\"1695\" data-end=\"1930\">Jednym z najbardziej imponuj\u0105cych moment\u00f3w jest <strong data-start=\"1737\" data-end=\"1752\">parada \u0142odzi<\/strong>, gdzie pi\u0119knie udekorowane \u0142odzie p\u0142yn\u0105 kana\u0142em, kt\u00f3rym towarzysz\u0105 motywy muzyczne, arty\u015bci i jasne o\u015bwietlenie. To niezapomniane wra\u017cenie zar\u00f3wno dla doros\u0142ych, jak i dla dzieci.<\/p>\n<p data-start=\"1932\" data-end=\"2119\">Po spektaklu b\u0119dziesz mie\u0107 czas na zwiedzanie t\u0119tni\u0105cego \u017cyciem bulwaru handlowego z ponad 180 butikami, kawiarniami i restauracjami. R\u00f3b zdj\u0119cia, r\u00f3b zakupy lub po prostu ciesz si\u0119 \u015bwi\u0105teczn\u0105 atmosfer\u0105 wieczoru.<\/p>\n<p data-start=\"2121\" data-end=\"2250\">Po zako\u0144czeniu programu zrelaksuj si\u0119 podczas transferu powrotnego do hotelu, zabieraj\u0105c ze sob\u0105 niezapomniane wra\u017cenia z tej spektakularnej nocy.<\/p>\n<p class=\"mhm-jue-internal-links\">Szukasz wi\u0119cej przyg\u00f3d w okolicy? Zapoznaj si\u0119 z nasz\u0105 pe\u0142n\u0105 list\u0105 <a href=\"\/pl\/kierunki\/belek-wycieczki\/\">Wycieczki po Belek<\/a> lub sprawd\u017a <a href=\"\/pl\/wycieczki-2\/belek-land-of-legends-park\/\">Wycieczka do parku rozrywki The Land of Legends z Belek \u2013 Aquapark<\/a> na kolejne niezapomniane prze\u017cycie.<\/p>\n<h3>\ud83e\udded Plan wycieczki<\/h3>\n<p data-start=\"2275\" data-end=\"2539\"><span style=\"color: #ff0000;\">\u2022<\/span> Odbi\u00f3r z hoteli w Belek, Kadriye i Bogazkent<br data-start=\"2325\" data-end=\"2328\" \/><span style=\"color: #ff0000;\">\u2022<\/span> Przyjazd do Parku Rozrywki The Land of Legends<br data-start=\"2371\" data-end=\"2374\" \/><span style=\"color: #ff0000;\">\u2022<\/span> Ciesz si\u0119 pokazami laser\u00f3w i fontann<br data-start=\"2413\" data-end=\"2416\" \/><span style=\"color: #ff0000;\">\u2022<\/span> Obejrzyj parad\u0119 o\u015bwietlonych \u0142odzi<br data-start=\"2451\" data-end=\"2454\" \/><span style=\"color: #ff0000;\">\u2022<\/span> Czas wolny na bulwarze handlowym (1\u20132 godziny)<br data-start=\"2503\" data-end=\"2506\" \/><span style=\"color: #ff0000;\">\u2022<\/span> Powrotny transport do Pa\u0144stwa hotelu<\/p>\n<h3>\u2139\ufe0f Przydatne informacje<\/h3>\n<p data-start=\"2813\" data-end=\"3140\"><span style=\"color: #ff0000;\">\u2022<\/span> Czas trwania: ok. 3\u20134 godziny<br data-start=\"2842\" data-end=\"2845\" \/><span style=\"color: #ff0000;\">\u2022<\/span> Odpowiednie dla go\u015bci z podstawow\u0105 mobilno\u015bci\u0105<br data-start=\"2886\" data-end=\"2889\" \/><span style=\"color: #ff0000;\">\u2022<\/span> Minimalny wysi\u0142ek fizyczny wymagany<br data-start=\"2923\" data-end=\"2926\" \/><span style=\"color: #ff0000;\">\u2022<\/span> B\u0105d\u017a gotowy przy g\u0142\u00f3wnym wej\u015bciu do hotelu 10 minut przed odbiorem<br data-start=\"2988\" data-end=\"2991\" \/><span style=\"color: #ff0000;\">\u2022<\/span> Kierowca czeka maksymalnie 5 minut<br data-start=\"3028\" data-end=\"3031\" \/><span style=\"color: #ff0000;\">\u2022<\/span> Dzieci poni\u017cej 6 roku \u017cycia podr\u00f3\u017cuj\u0105 bezp\u0142atnie, nie przys\u0142uguje im osobne miejsce w autobusie; w razie potrzeby mo\u017cna zarezerwowa\u0107 dodatkowe miejsce<\/p>\n<p class=\"mhm-jue-external-link\">Dowiedz si\u0119 wi\u0119cej o miejscu docelowym na <a href=\"https:\/\/en.wikipedia.org\/wiki\/The_Land_of_Legends\" target=\"_blank\" rel=\"noopener\">Strona Wikipedii \"The Land of Legends\"<\/a>.<\/p>\n<h3>\ud83c\udf92 Co zabra\u0107<\/h3>\n<p data-start=\"3164\" data-end=\"3299\"><span style=\"color: #ff0000;\">\u2022<\/span> Troch\u0119 got\u00f3wki na osobiste zakupy<br data-start=\"3198\" data-end=\"3201\" \/><span style=\"color: #ff0000;\">\u2022<\/span> Wygodne buty do chodzenia<br data-start=\"3228\" data-end=\"3231\" \/><span style=\"color: #ff0000;\">\u2022<\/span> Odzie\u017c stosowna do pogody<br data-start=\"3261\" data-end=\"3264\" \/><span style=\"color: #ff0000;\">\u2022<\/span> Smartfon czy aparat fotograficzny<\/p>\n<h3>\ud83d\udeab Nieodpowiednie dla<\/h3>\n<p data-start=\"3326\" data-end=\"3386\"><span style=\"color: #ff0000;\">\u2022<\/span> Go\u015bcie w wieku 95 lat i starsi lub z powa\u017cnymi ograniczeniami mobilno\u015bci<\/p>\n<h3>\ud83d\udcb8 Cena i Rezerwacja<\/h3>\n<p data-start=\"3414\" data-end=\"3541\"><span style=\"color: #ff0000;\">\u2022<\/span> Zarezerwuj teraz i zap\u0142a\u0107 w dniu wycieczki<br data-start=\"3455\" data-end=\"3458\" \/><span style=\"color: #ff0000;\">\u2022<\/span> Skontaktuj si\u0119 z nami przez WhatsApp, Telegram lub Viber, lub wype\u0142nij poni\u017cszy formularz rezerwacji<\/p>","protected":false},"excerpt":{"rendered":"<p>Zarezerwuj Nocny Pokaz w Krainie Legend z Belek! Ciesz si\u0119 zapieraj\u0105cymi dech w piersiach pokazami fontann, \u017cywymi pokazami laserowymi, kultow\u0105 parad\u0105 \u0142odzi i t\u0119tni\u0105cym \u017cyciem bulwarem handlowym. Niezapomniana wieczorna wycieczka z transferem hotelowym.<\/p>","protected":false},"featured_media":11018,"comment_status":"open","ping_status":"closed","template":"","meta":{"_acf_changed":false},"product_brand":[],"product_cat":[43],"product_tag":[66],"class_list":{"0":"post-11028","1":"product","2":"type-product","3":"status-publish","4":"has-post-thumbnail","6":"product_cat-belek","7":"product_tag-belek","9":"first","10":"instock","11":"sale","12":"featured","13":"shipping-taxable","14":"purchasable","15":"product-type-ovabrw_car_rental"},"acf":[],"aioseo_notices":[],"_links":{"self":[{"href":"https:\/\/joinusexcursions.com\/pl\/wp-json\/wp\/v2\/product\/11028","targetHints":{"allow":["GET"]}}],"collection":[{"href":"https:\/\/joinusexcursions.com\/pl\/wp-json\/wp\/v2\/product"}],"about":[{"href":"https:\/\/joinusexcursions.com\/pl\/wp-json\/wp\/v2\/types\/product"}],"replies":[{"embeddable":true,"href":"https:\/\/joinusexcursions.com\/pl\/wp-json\/wp\/v2\/comments?post=11028"}],"wp:featuredmedia":[{"embeddable":true,"href":"https:\/\/joinusexcursions.com\/pl\/wp-json\/wp\/v2\/media\/11018"}],"wp:attachment":[{"href":"https:\/\/joinusexcursions.com\/pl\/wp-json\/wp\/v2\/media?parent=11028"}],"wp:term":[{"taxonomy":"product_brand","embeddable":true,"href":"https:\/\/joinusexcursions.com\/pl\/wp-json\/wp\/v2\/product_brand?post=11028"},{"taxonomy":"product_cat","embeddable":true,"href":"https:\/\/joinusexcursions.com\/pl\/wp-json\/wp\/v2\/product_cat?post=11028"},{"taxonomy":"product_tag","embeddable":true,"href":"https:\/\/joinusexcursions.com\/pl\/wp-json\/wp\/v2\/product_tag?post=11028"}],"curies":[{"name":"wp","href":"https:\/\/api.w.org\/{rel}","templated":true}]}}