{"id":11030,"date":"2025-12-04T20:28:14","date_gmt":"2025-12-04T17:28:14","guid":{"rendered":"https:\/\/joinusexcursions.com\/?post_type=product&#038;p=11030"},"modified":"2026-04-18T04:49:07","modified_gmt":"2026-04-18T01:49:07","slug":"side-land-of-legends-nocny-pokaz","status":"publish","type":"product","link":"https:\/\/joinusexcursions.com\/pl\/tours\/side-land-of-legends-night\/","title":{"rendered":"Pokaz nocny w Land of Legends z Side"},"content":{"rendered":"<h2>\u2728 Przegl\u0105d nocnego pokazu Side Land of Legends<\/h2>\n<p data-start=\"540\" data-end=\"819\">Sp\u0119d\u017a spektakularny wiecz\u00f3r w The Land of Legends z transferami z Side, Kumk\u00f6y, Evrenseki, \u00c7olakl\u0131 i Manavgat. Do\u015bwiadcz niezwyk\u0142ego po\u0142\u0105czenia fontann, laser\u00f3w, muzyki i kultowej parady \u0142odzi. Idealne 3\u20134-godzinne nocne widowisko dla rodzin i par.<\/p>\n<h3>\ud83c\udf86 Podsumowanie<\/h3>\n<p data-start=\"1155\" data-end=\"1409\"><span style=\"color: #ff0000;\">\u2022<\/span> Spektakularna fontanna, pokaz \u015bwiate\u0142 i laser\u00f3w<br data-start=\"1197\" data-end=\"1200\" \/><span style=\"color: #ff0000;\">\u2022<\/span> Magiczny rejs \u0142odzi z postaciami tematycznymi<br data-start=\"1244\" data-end=\"1247\" \/><span style=\"color: #ff0000;\">\u2022<\/span> Bulwar handlowy z ponad 180 mi\u0119dzynarodowymi markami<br data-start=\"1298\" data-end=\"1301\" \/><span style=\"color: #ff0000;\">\u2022<\/span> Transfery z Side, Kumk\u00f6y, Evrenseki, \u00c7olakl\u0131 i Manavgat<br data-start=\"1361\" data-end=\"1364\" \/><span style=\"color: #ff0000;\">\u2022<\/span> Pi\u0119kna nocna atmosfera do zdj\u0119\u0107<\/p>\n<h2>Czego mo\u017cna si\u0119 spodziewa\u0107 po nocnym pokazie Land of Legends<\/h2>\n<p data-start=\"1436\" data-end=\"1718\">Twoja podr\u00f3\u017c rozpoczyna si\u0119 od wygodnego transferu z Side i okolic do Parku Rozrywki The Land of Legends. Gdy zapada wiecz\u00f3r, czeka Ci\u0119 zapieraj\u0105cy dech w piersiach pokaz multimedialny z u\u017cyciem laser\u00f3w, pod\u015bwietlanych fontann, muzyki i efekt\u00f3w specjalnych, kt\u00f3re zamieniaj\u0105 noc w wizualn\u0105 uczt\u0119.<\/p>\n<p data-start=\"1720\" data-end=\"1929\">Punktem kulminacyjnym wieczoru jest <strong data-start=\"1756\" data-end=\"1771\">parada \u0142odzi<\/strong>, gdzie udekorowane \u0142odzie p\u0142yn\u0105 kana\u0142em w towarzystwie wykonawc\u00f3w, muzyki i kolorowego o\u015bwietlenia. To niezapomniane chwile dla odwiedzaj\u0105cych w ka\u017cdym wieku.<\/p>\n<p data-start=\"1931\" data-end=\"2148\">Po spektaklu czeka na Pa\u0144stwa czas wolny na t\u0119tni\u0105cym \u017cyciem bulwarze handlowym, gdzie znajduje si\u0119 ponad 180 butik\u00f3w, kawiarni i restauracji. Niezale\u017cnie od tego, czy wol\u0105 Pa\u0144stwo zakupy, robienie zdj\u0119\u0107, czy po prostu spacer, jest tam mn\u00f3stwo atrakcji.<\/p>\n<p data-start=\"2150\" data-end=\"2269\">Pod koniec wieczoru zrelaksuj si\u0119 podczas powrotnego transportu i wr\u00f3\u0107 do hotelu z niezapomnianymi wspomnieniami.<\/p>\n<p class=\"mhm-jue-internal-links\">Szukasz wi\u0119cej przyg\u00f3d w okolicy? Zapoznaj si\u0119 z nasz\u0105 pe\u0142n\u0105 list\u0105 <a href=\"\/pl\/kierunki\/side-wycieczki\/\">Wycieczki poboczne<\/a> lub sprawd\u017a <a href=\"\/pl\/wycieczki-2\/side-land-of-legends-park\/\">Wycieczka do Parku Rozrywki The Land of Legends z Side \u2013 Aquapark<\/a> na kolejne niezapomniane prze\u017cycie.<\/p>\n<h3>\ud83e\udded Plan wycieczki<\/h3>\n<p data-start=\"2294\" data-end=\"2561\"><span style=\"color: #ff0000;\">\u2022<\/span> Odbi\u00f3r z Side, Kumk\u00f6y, Evrenseki, \u00c7olakl\u0131 i Manavgat<br data-start=\"2351\" data-end=\"2354\" \/><span style=\"color: #ff0000;\">\u2022<\/span> Przyjazd do Krainy Legend<br data-start=\"2386\" data-end=\"2389\" \/><span style=\"color: #ff0000;\">\u2022<\/span> Obejrzyj wyst\u0119p fontanny, \u015bwiate\u0142 i laser\u00f3w<br data-start=\"2436\" data-end=\"2439\" \/><span style=\"color: #ff0000;\">\u2022<\/span> Ciesz si\u0119 parad\u0105 iluminowanych \u0142odzi<br data-start=\"2474\" data-end=\"2477\" \/><span style=\"color: #ff0000;\">\u2022<\/span> Czas wolny na bulwarze handlowym (ok. 1\u20132 godziny)<br data-start=\"2534\" data-end=\"2537\" \/><span style=\"color: #ff0000;\">\u2022<\/span> Wr\u00f3\u0107 do swojego hotelu<\/p>\n<h3>\u2139\ufe0f Przydatne informacje<\/h3>\n<p data-start=\"2813\" data-end=\"3140\"><span style=\"color: #ff0000;\">\u2022<\/span> Czas trwania: ok. 3\u20134 godziny<br data-start=\"2842\" data-end=\"2845\" \/><span style=\"color: #ff0000;\">\u2022<\/span> Odpowiednie dla go\u015bci z podstawow\u0105 mobilno\u015bci\u0105<br data-start=\"2886\" data-end=\"2889\" \/><span style=\"color: #ff0000;\">\u2022<\/span> Minimalny wysi\u0142ek fizyczny wymagany<br data-start=\"2923\" data-end=\"2926\" \/><span style=\"color: #ff0000;\">\u2022<\/span> B\u0105d\u017a gotowy przy g\u0142\u00f3wnym wej\u015bciu do hotelu 10 minut przed odbiorem<br data-start=\"2988\" data-end=\"2991\" \/><span style=\"color: #ff0000;\">\u2022<\/span> Kierowca czeka maksymalnie 5 minut<br data-start=\"3028\" data-end=\"3031\" \/><span style=\"color: #ff0000;\">\u2022<\/span> Dzieci poni\u017cej 6 roku \u017cycia podr\u00f3\u017cuj\u0105 bezp\u0142atnie, nie przys\u0142uguje im osobne miejsce w autobusie; w razie potrzeby mo\u017cna zarezerwowa\u0107 dodatkowe miejsce<\/p>\n<p class=\"mhm-jue-external-link\">Dowiedz si\u0119 wi\u0119cej o miejscu docelowym na <a href=\"https:\/\/en.wikipedia.org\/wiki\/The_Land_of_Legends\" target=\"_blank\" rel=\"noopener\">Strona Wikipedii \"The Land of Legends\"<\/a>.<\/p>\n<h3>\ud83c\udf92 Co zabra\u0107<\/h3>\n<p data-start=\"3164\" data-end=\"3299\"><span style=\"color: #ff0000;\">\u2022<\/span> Troch\u0119 got\u00f3wki na osobiste zakupy<br data-start=\"3198\" data-end=\"3201\" \/><span style=\"color: #ff0000;\">\u2022<\/span> Wygodne buty do chodzenia<br data-start=\"3228\" data-end=\"3231\" \/><span style=\"color: #ff0000;\">\u2022<\/span> Odzie\u017c stosowna do pogody<br data-start=\"3261\" data-end=\"3264\" \/><span style=\"color: #ff0000;\">\u2022<\/span> Smartfon czy aparat fotograficzny<\/p>\n<h3>\ud83d\udeab Nieodpowiednie dla<\/h3>\n<p data-start=\"3326\" data-end=\"3386\"><span style=\"color: #ff0000;\">\u2022<\/span> Go\u015bcie w wieku 95 lat i starsi lub z powa\u017cnymi ograniczeniami mobilno\u015bci<\/p>\n<h3>\ud83d\udcb8 Cena i Rezerwacja<\/h3>\n<p data-start=\"3414\" data-end=\"3541\"><span style=\"color: #ff0000;\">\u2022<\/span> Zarezerwuj teraz i zap\u0142a\u0107 w dniu wycieczki<br data-start=\"3455\" data-end=\"3458\" \/><span style=\"color: #ff0000;\">\u2022<\/span> Skontaktuj si\u0119 z nami przez WhatsApp, Telegram lub Viber, lub wype\u0142nij poni\u017cszy formularz rezerwacji<\/p>","protected":false},"excerpt":{"rendered":"<p>Zarezerwuj Nocny Pokaz Kraina Legend z Side! Ciesz si\u0119 wspania\u0142ymi pokazami fontann, \u017cywymi pokazami laserowymi, s\u0142ynn\u0105 parad\u0105 \u0142odzi i t\u0119tni\u0105c\u0105 \u017cyciem ulic\u0105 handlow\u0105. Magiczna wieczorna wycieczka z transferem hotelowym w cenie.<\/p>","protected":false},"featured_media":11018,"comment_status":"open","ping_status":"closed","template":"","meta":{"_acf_changed":false},"product_brand":[],"product_cat":[46],"product_tag":[68],"class_list":{"0":"post-11030","1":"product","2":"type-product","3":"status-publish","4":"has-post-thumbnail","6":"product_cat-side","7":"product_tag-side","9":"first","10":"instock","11":"sale","12":"featured","13":"shipping-taxable","14":"purchasable","15":"product-type-ovabrw_car_rental"},"acf":[],"aioseo_notices":[],"_links":{"self":[{"href":"https:\/\/joinusexcursions.com\/pl\/wp-json\/wp\/v2\/product\/11030","targetHints":{"allow":["GET"]}}],"collection":[{"href":"https:\/\/joinusexcursions.com\/pl\/wp-json\/wp\/v2\/product"}],"about":[{"href":"https:\/\/joinusexcursions.com\/pl\/wp-json\/wp\/v2\/types\/product"}],"replies":[{"embeddable":true,"href":"https:\/\/joinusexcursions.com\/pl\/wp-json\/wp\/v2\/comments?post=11030"}],"wp:featuredmedia":[{"embeddable":true,"href":"https:\/\/joinusexcursions.com\/pl\/wp-json\/wp\/v2\/media\/11018"}],"wp:attachment":[{"href":"https:\/\/joinusexcursions.com\/pl\/wp-json\/wp\/v2\/media?parent=11030"}],"wp:term":[{"taxonomy":"product_brand","embeddable":true,"href":"https:\/\/joinusexcursions.com\/pl\/wp-json\/wp\/v2\/product_brand?post=11030"},{"taxonomy":"product_cat","embeddable":true,"href":"https:\/\/joinusexcursions.com\/pl\/wp-json\/wp\/v2\/product_cat?post=11030"},{"taxonomy":"product_tag","embeddable":true,"href":"https:\/\/joinusexcursions.com\/pl\/wp-json\/wp\/v2\/product_tag?post=11030"}],"curies":[{"name":"wp","href":"https:\/\/api.w.org\/{rel}","templated":true}]}}