{"id":11031,"date":"2025-12-04T20:40:41","date_gmt":"2025-12-04T17:40:41","guid":{"rendered":"https:\/\/joinusexcursions.com\/?post_type=product&#038;p=11031"},"modified":"2026-04-18T04:45:27","modified_gmt":"2026-04-18T01:45:27","slug":"kemer-land-of-legends-park","status":"publish","type":"product","link":"https:\/\/joinusexcursions.com\/pl\/tours\/kemer-land-of-legends\/","title":{"rendered":"Wycieczka do parku rozrywki The Land of Legends z Kemer \u2013 Aquapark"},"content":{"rendered":"<h2>\ud83c\udfa2 Przegl\u0105d Kemer Land of Legends<\/h2>\n<p data-start=\"493\" data-end=\"801\">Zanurz si\u0119 w ca\u0142y dzie\u0144 emocji w The Land of Legends w Belek z transferami z Kemere i okolic. Do\u015bwiadcz pe\u0142nych adrenaliny zje\u017cd\u017calni, zrelaksuj si\u0119 w przestronnych basenach i spotkaj ukochane postacie w Nickelodeon Land. Idealna dla rodzin i mi\u0142o\u015bnik\u00f3w przyg\u00f3d, ta wycieczka trwa oko\u0142o 7\u20138 godzin.<\/p>\n<h3>\ud83c\udf0a Wyr\u00f3\u017cnienia<\/h3>\n<p data-start=\"1111\" data-end=\"1375\"><span style=\"color: #ff0000;\">\u2022<\/span> Ekscytuj\u0105ce zje\u017cd\u017calnie, w tym 62-metrowa Hyper Coaster<br data-start=\"1166\" data-end=\"1169\" \/><span style=\"color: #ff0000;\">\u2022<\/span> 43-metrowa kolejka g\u00f3rska Typhoon i ponad 40 zje\u017cd\u017calni wodnych<br data-start=\"1216\" data-end=\"1219\" \/><span style=\"color: #ff0000;\">\u2022<\/span> Nickelodeon Land z udzia\u0142em SpongeBoba i Psiego Patrolowi<br data-start=\"1270\" data-end=\"1273\" \/><span style=\"color: #ff0000;\">\u2022<\/span> Du\u017cy park wodny z basenami i strefami relaksu<br data-start=\"1322\" data-end=\"1325\" \/><span style=\"color: #ff0000;\">\u2022<\/span> Zabawne animacje i atrakcja Rakiet\u0105 Kosmiczn\u0105<\/p>\n<h2>Czego mo\u017cna oczekiwa\u0107 w The Land of Legends w Kemer<\/h2>\n<p data-start=\"1402\" data-end=\"1713\">Rozpocznij swoj\u0105 przygod\u0119 od wygodnego transferu z Kemer i okolic do parku rozrywki The Land of Legends w Belek. Poczuj adrenalin\u0119 na 62-metrowym Hyper Coaster lub zjed\u017a z 43-metrowego Typhoon Coaster. Odkryj ponad 40 ekscytuj\u0105cych zje\u017cd\u017calni wodnych, ciesz si\u0119 orze\u017awiaj\u0105cymi basenami lub po prostu zrelaksuj si\u0119 na s\u0142o\u0144cu.<\/p>\n<p data-start=\"1715\" data-end=\"1945\">Rodziny pokochaj\u0105 <strong data-start=\"1734\" data-end=\"1754\">Park Nickelodeon<\/strong>, siedziba postaci takich jak SpongeBob Kanciastoporty i Psi Patrol. Dzi\u0119ki po\u0142\u0105czeniu rozrywki, tematycznych stref i atrakcji przyjaznych dzieciom, park oferuje co\u015b dla odwiedzaj\u0105cych w ka\u017cdym wieku.<\/p>\n<p data-start=\"1947\" data-end=\"2146\">Przez ca\u0142y dzie\u0144 ciesz si\u0119 wodnymi przygodami, ekscytuj\u0105cymi atrakcjami, animacjami i niezapomnianymi chwilami. Po pe\u0142nej wra\u017ce\u0144 wizycie zrelaksuj si\u0119 podczas transferu powrotnego do hotelu, zabieraj\u0105c ze sob\u0105 wspomnienia na ca\u0142e \u017cycie.<\/p>\n<p class=\"mhm-jue-internal-links\">Szukasz wi\u0119cej przyg\u00f3d w okolicy? Zapoznaj si\u0119 z nasz\u0105 pe\u0142n\u0105 list\u0105 <a href=\"\/pl\/kierunki\/kemer-wycieczki\/\">Wycieczki z Kemer<\/a> lub sprawd\u017a <a href=\"\/pl\/wycieczki-2\/kemer-suluada-zachod-slonca-rejs\/\">Kemer: Wycieczka \u0142odzi\u0105 na wysp\u0119 Suluada z zachodem s\u0142o\u0144ca i kolacj\u0105<\/a> na kolejne niezapomniane prze\u017cycie.<\/p>\n<h3>\ud83e\udded Plan wycieczki<\/h3>\n<p data-start=\"2171\" data-end=\"2395\"><span style=\"color: #ff0000;\">\u2022<\/span> Odbi\u00f3r z hoteli w Kemer i okolicach<br data-start=\"2222\" data-end=\"2225\" \/><span style=\"color: #ff0000;\">\u2022<\/span> Przyjazd do The Land of Legends w Belek<br data-start=\"2266\" data-end=\"2269\" \/><span style=\"color: #ff0000;\">\u2022<\/span> Czas wolny na atrakcje, zabawy w parku wodnym i Nickelodeon Land (oko\u0142o 5\u20136 godzin)<br data-start=\"2359\" data-end=\"2362\" \/><span style=\"color: #ff0000;\">\u2022<\/span> Powrotny transport do Pa\u0144stwa hotelu<\/p>\n<h3>\u2139\ufe0f Przydatne informacje<\/h3>\n<p data-start=\"2424\" data-end=\"2665\"><span style=\"color: #ff0000;\">\u2022<\/span> Czas trwania: ok. 7\u20138 godzin (wycieczka ca\u0142odniowa)<br data-start=\"2469\" data-end=\"2472\" \/><span style=\"color: #ff0000;\">\u2022<\/span> Odpowiednie dla go\u015bci z podstawow\u0105 mobilno\u015bci\u0105<br data-start=\"2513\" data-end=\"2516\" \/><span style=\"color: #ff0000;\">\u2022<\/span> Wymagana umiarkowana aktywno\u015b\u0107 fizyczna<br data-start=\"2553\" data-end=\"2556\" \/><span style=\"color: #ff0000;\">\u2022<\/span> Voucher nale\u017cy wymieni\u0107 w kasie biletowej<br data-start=\"2605\" data-end=\"2608\" \/><span style=\"color: #ff0000;\">\u2022<\/span> Godziny otwarcia parku mog\u0105 si\u0119 r\u00f3\u017cni\u0107 w zale\u017cno\u015bci od sezonu.<\/p>\n<p class=\"mhm-jue-external-link\">Dowiedz si\u0119 wi\u0119cej o miejscu docelowym na <a href=\"https:\/\/en.wikipedia.org\/wiki\/The_Land_of_Legends\" target=\"_blank\" rel=\"noopener\">Strona Wikipedii \"The Land of Legends\"<\/a>.<\/p>\n<h3>\ud83c\udf92 Co zabra\u0107<\/h3>\n<p data-start=\"2689\" data-end=\"2758\"><span style=\"color: #ff0000;\">\u2022<\/span> Str\u00f3j k\u0105pielowy i r\u0119cznik<br data-start=\"2709\" data-end=\"2712\" \/><span style=\"color: #ff0000;\">\u2022<\/span> Buty do wody<br data-start=\"2725\" data-end=\"2728\" \/><span style=\"color: #ff0000;\">\u2022<\/span> Got\u00f3wka na wydatki osobiste<\/p>\n<h3>\ud83d\udeab Nieodpowiednie dla<\/h3>\n<p data-start=\"2785\" data-end=\"2803\"><span style=\"color: #ff0000;\">\u2022<\/span> Ci\u0119\u017carne kobiety<\/p>\n<h3>\ud83d\udcb8 Cena i Rezerwacja<\/h3>\n<p data-start=\"2831\" data-end=\"2957\"><span style=\"color: #ff0000;\">\u2022<\/span> Zarezerwuj teraz i zap\u0142a\u0107 w dniu wycieczki<br data-start=\"2872\" data-end=\"2875\" \/><span style=\"color: #ff0000;\">\u2022<\/span> Skontaktuj si\u0119 z nami przez WhatsApp, Telegram lub Viber, lub wype\u0142nij poni\u017cszy formularz rezerwacji<\/p>","protected":false},"excerpt":{"rendered":"<p>Skorzystaj z wycieczki po parku rozrywki The Land of Legends z Kemer! Najwi\u0119kszy park wodny w Turcji oferuje ekscytuj\u0105ce zje\u017cd\u017calnie, Nickelodeon Land, baseny i rodzinn\u0105 zabaw\u0119 \u2013 a wszystko to z wliczonymi transferami hotelowymi.<\/p>","protected":false},"featured_media":11032,"comment_status":"open","ping_status":"closed","template":"","meta":{"_acf_changed":false},"product_brand":[],"product_cat":[37],"product_tag":[65],"class_list":{"0":"post-11031","1":"product","2":"type-product","3":"status-publish","4":"has-post-thumbnail","6":"product_cat-kemer","7":"product_tag-kemer","9":"first","10":"instock","11":"sale","12":"featured","13":"shipping-taxable","14":"purchasable","15":"product-type-ovabrw_car_rental"},"acf":[],"aioseo_notices":[],"_links":{"self":[{"href":"https:\/\/joinusexcursions.com\/pl\/wp-json\/wp\/v2\/product\/11031","targetHints":{"allow":["GET"]}}],"collection":[{"href":"https:\/\/joinusexcursions.com\/pl\/wp-json\/wp\/v2\/product"}],"about":[{"href":"https:\/\/joinusexcursions.com\/pl\/wp-json\/wp\/v2\/types\/product"}],"replies":[{"embeddable":true,"href":"https:\/\/joinusexcursions.com\/pl\/wp-json\/wp\/v2\/comments?post=11031"}],"wp:featuredmedia":[{"embeddable":true,"href":"https:\/\/joinusexcursions.com\/pl\/wp-json\/wp\/v2\/media\/11032"}],"wp:attachment":[{"href":"https:\/\/joinusexcursions.com\/pl\/wp-json\/wp\/v2\/media?parent=11031"}],"wp:term":[{"taxonomy":"product_brand","embeddable":true,"href":"https:\/\/joinusexcursions.com\/pl\/wp-json\/wp\/v2\/product_brand?post=11031"},{"taxonomy":"product_cat","embeddable":true,"href":"https:\/\/joinusexcursions.com\/pl\/wp-json\/wp\/v2\/product_cat?post=11031"},{"taxonomy":"product_tag","embeddable":true,"href":"https:\/\/joinusexcursions.com\/pl\/wp-json\/wp\/v2\/product_tag?post=11031"}],"curies":[{"name":"wp","href":"https:\/\/api.w.org\/{rel}","templated":true}]}}