{"id":11038,"date":"2025-12-04T20:57:10","date_gmt":"2025-12-04T17:57:10","guid":{"rendered":"https:\/\/joinusexcursions.com\/?post_type=product&#038;p=11038"},"modified":"2026-04-18T04:42:54","modified_gmt":"2026-04-18T01:42:54","slug":"antalya-land-of-legends-park","status":"publish","type":"product","link":"https:\/\/joinusexcursions.com\/pl\/tours\/antalya-land-of-legends\/","title":{"rendered":"Wycieczka do parku rozrywki Land of Legends w Antalyi \u2013 Park Wodny"},"content":{"rendered":"<h2>\ud83c\udfa2 Przegl\u0105d Antalya Land of Legends<\/h2>\n<p data-start=\"472\" data-end=\"798\">Przygotuj si\u0119 na pe\u0142en ekscytacji dzie\u0144 w The Land of Legends w Belek z wygodnym transferem z Antalyi, Lary i Kundu. Do\u015bwiadcz ekscytuj\u0105cych zje\u017cd\u017calni, zrelaksuj si\u0119 w orze\u017awiaj\u0105cych basenach i odkryj Nickelodeon Land z ukochanymi postaciami. Idealna dla rodzin i poszukiwaczy wra\u017ce\u0144, wycieczka trwa oko\u0142o 7-8 godzin.<\/p>\n<h3>\ud83c\udf0a Wyr\u00f3\u017cnienia<\/h3>\n<p data-start=\"1108\" data-end=\"1374\"><span style=\"color: #ff0000;\">\u2022<\/span> Ekstremalne zje\u017cd\u017calnie, w tym Hyper Coaster o d\u0142ugo\u015bci 62 metr\u00f3w<br data-start=\"1161\" data-end=\"1164\" \/><span style=\"color: #ff0000;\">\u2022<\/span> 43-metrowa Tyrolka Typhoon i ponad 40 zje\u017cd\u017calni wodnych<br data-start=\"1220\" data-end=\"1223\" \/><span style=\"color: #ff0000;\">\u2022<\/span> Nickelodeon Land z SpongeBobem, Psim Patrolem i innymi<br data-start=\"1277\" data-end=\"1280\" \/><span style=\"color: #ff0000;\">\u2022<\/span> Obszerny aquapark z wieloma basenami<br data-start=\"1320\" data-end=\"1323\" \/><span style=\"color: #ff0000;\">\u2022<\/span> Zabawne programy, animacje i przeja\u017cd\u017cka na rakiecie kosmicznej<\/p>\n<h2>Czego mo\u017cna si\u0119 spodziewa\u0107 po Antalyi Kraina Legend<\/h2>\n<p data-start=\"1401\" data-end=\"1722\">Rozpocznij swoj\u0105 przygod\u0119 od komfortowego transferu z Antalyi, Lary lub Kundu do Parku Rozrywki The Land of Legends w Belek. Poczuj adrenalin\u0119, szybuj\u0105c na 62-metrowym Hyper Coasterze lub zje\u017cd\u017caj\u0105c po dramatycznej zje\u017cd\u017calni Typhoon Coaster z wysoko\u015bci 43 metr\u00f3w. Z ponad 40 zje\u017cd\u017calniami, znajdziesz emocje na ka\u017cdym poziomie przygody.<\/p>\n<p data-start=\"1724\" data-end=\"1978\">Rodziny b\u0119d\u0105 zachwycone kolorowym \u015bwiatem <strong data-start=\"1766\" data-end=\"1786\">Park Nickelodeon<\/strong>, siedzib\u0105 popularnych postaci, takich jak SpongeBob Kanciastoporty czy Psi Patrol. Niezale\u017cnie od tego, czy szukasz pe\u0142nych energii aktywno\u015bci, czy atrakcji przyjaznych dzieciom, park oferuje co\u015b dla ka\u017cdego.<\/p>\n<p data-start=\"1980\" data-end=\"2162\">Sp\u0119d\u017a dzie\u0144 na odkrywaniu basen\u00f3w, zje\u017cd\u017calni, stref tematycznych i \u017cywych animacji parkowych. Po godzinach zabawy, zrelaksuj si\u0119 podczas powrotnego transferu do hotelu, wspominaj\u0105c niezapomniane chwile.<\/p>\n<p class=\"mhm-jue-internal-links\">Szukasz wi\u0119cej przyg\u00f3d w okolicy? Zapoznaj si\u0119 z nasz\u0105 pe\u0142n\u0105 list\u0105 <a href=\"\/pl\/kierunki\/antalya-wycieczki\/\">Wycieczki Antalya<\/a> lub sprawd\u017a <a href=\"\/pl\/wycieczki-2\/antalya-suluada-zachod-slonca-rejs\/\">Rejs statkiem na zach\u00f3d s\u0142o\u0144ca na wysp\u0119 Suluada z Antalyi z kolacj\u0105<\/a> na kolejne niezapomniane prze\u017cycie.<\/p>\n<h3>\ud83e\udded Plan wycieczki<\/h3>\n<p data-start=\"2187\" data-end=\"2406\"><span style=\"color: #ff0000;\">\u2022<\/span> Odbi\u00f3r z hoteli w Antalyi, Lara i Kundu<br data-start=\"2234\" data-end=\"2237\" \/><span style=\"color: #ff0000;\">\u2022<\/span> Przyjazd do The Land of Legends w Belek<br data-start=\"2278\" data-end=\"2281\" \/><span style=\"color: #ff0000;\">\u2022<\/span> Czas wolny na atrakcje, zabawy w parku wodnym i Nickelodeon Land (oko\u0142o 5\u20136 godzin)<br data-start=\"2371\" data-end=\"2374\" \/><span style=\"color: #ff0000;\">\u2022<\/span> Transfer powrotny do hotelu<\/p>\n<h3>\u2139\ufe0f Przydatne informacje<\/h3>\n<p data-start=\"2424\" data-end=\"2665\"><span style=\"color: #ff0000;\">\u2022<\/span> Czas trwania: ok. 7\u20138 godzin (wycieczka ca\u0142odniowa)<br data-start=\"2469\" data-end=\"2472\" \/><span style=\"color: #ff0000;\">\u2022<\/span> Odpowiednie dla go\u015bci z podstawow\u0105 mobilno\u015bci\u0105<br data-start=\"2513\" data-end=\"2516\" \/><span style=\"color: #ff0000;\">\u2022<\/span> Wymagana umiarkowana aktywno\u015b\u0107 fizyczna<br data-start=\"2553\" data-end=\"2556\" \/><span style=\"color: #ff0000;\">\u2022<\/span> Voucher nale\u017cy wymieni\u0107 w kasie biletowej<br data-start=\"2605\" data-end=\"2608\" \/><span style=\"color: #ff0000;\">\u2022<\/span> Godziny otwarcia parku mog\u0105 si\u0119 r\u00f3\u017cni\u0107 w zale\u017cno\u015bci od sezonu.<\/p>\n<p class=\"mhm-jue-external-link\">Dowiedz si\u0119 wi\u0119cej o miejscu docelowym na <a href=\"https:\/\/en.wikipedia.org\/wiki\/The_Land_of_Legends\" target=\"_blank\" rel=\"noopener\">Strona Wikipedii \"The Land of Legends\"<\/a>.<\/p>\n<h3>\ud83c\udf92 Co zabra\u0107<\/h3>\n<p data-start=\"2689\" data-end=\"2758\"><span style=\"color: #ff0000;\">\u2022<\/span> Str\u00f3j k\u0105pielowy i r\u0119cznik<br data-start=\"2709\" data-end=\"2712\" \/><span style=\"color: #ff0000;\">\u2022<\/span> Buty do wody<br data-start=\"2725\" data-end=\"2728\" \/><span style=\"color: #ff0000;\">\u2022<\/span> Got\u00f3wka na wydatki osobiste<\/p>\n<h3>\ud83d\udeab Nieodpowiednie dla<\/h3>\n<p data-start=\"2785\" data-end=\"2803\"><span style=\"color: #ff0000;\">\u2022<\/span> Ci\u0119\u017carne kobiety<\/p>\n<h3>\ud83d\udcb8 Cena i Rezerwacja<\/h3>\n<p data-start=\"2831\" data-end=\"2957\"><span style=\"color: #ff0000;\">\u2022<\/span> Zarezerwuj teraz i zap\u0142a\u0107 w dniu wycieczki<br data-start=\"2872\" data-end=\"2875\" \/><span style=\"color: #ff0000;\">\u2022<\/span> Skontaktuj si\u0119 z nami przez WhatsApp, Telegram lub Viber, lub wype\u0142nij poni\u017cszy formularz rezerwacji<\/p>","protected":false},"excerpt":{"rendered":"<p>Ciesz si\u0119 wycieczk\u0105 do parku rozrywki The Land of Legends z Antalyi! Najwi\u0119kszy park wodny w Turcji oferuje ekscytuj\u0105ce zje\u017cd\u017calnie, Nickelodeon Land, baseny i mn\u00f3stwo zabawy dla ca\u0142ej rodziny \u2014 wszystko z wliczonym transportem hotelowym.<\/p>","protected":false},"featured_media":11032,"comment_status":"open","ping_status":"closed","template":"","meta":{"_acf_changed":false},"product_brand":[],"product_cat":[32],"product_tag":[69],"class_list":{"0":"post-11038","1":"product","2":"type-product","3":"status-publish","4":"has-post-thumbnail","6":"product_cat-antalya","7":"product_tag-antalya","9":"first","10":"instock","11":"sale","12":"featured","13":"shipping-taxable","14":"purchasable","15":"product-type-ovabrw_car_rental"},"acf":[],"aioseo_notices":[],"_links":{"self":[{"href":"https:\/\/joinusexcursions.com\/pl\/wp-json\/wp\/v2\/product\/11038","targetHints":{"allow":["GET"]}}],"collection":[{"href":"https:\/\/joinusexcursions.com\/pl\/wp-json\/wp\/v2\/product"}],"about":[{"href":"https:\/\/joinusexcursions.com\/pl\/wp-json\/wp\/v2\/types\/product"}],"replies":[{"embeddable":true,"href":"https:\/\/joinusexcursions.com\/pl\/wp-json\/wp\/v2\/comments?post=11038"}],"wp:featuredmedia":[{"embeddable":true,"href":"https:\/\/joinusexcursions.com\/pl\/wp-json\/wp\/v2\/media\/11032"}],"wp:attachment":[{"href":"https:\/\/joinusexcursions.com\/pl\/wp-json\/wp\/v2\/media?parent=11038"}],"wp:term":[{"taxonomy":"product_brand","embeddable":true,"href":"https:\/\/joinusexcursions.com\/pl\/wp-json\/wp\/v2\/product_brand?post=11038"},{"taxonomy":"product_cat","embeddable":true,"href":"https:\/\/joinusexcursions.com\/pl\/wp-json\/wp\/v2\/product_cat?post=11038"},{"taxonomy":"product_tag","embeddable":true,"href":"https:\/\/joinusexcursions.com\/pl\/wp-json\/wp\/v2\/product_tag?post=11038"}],"curies":[{"name":"wp","href":"https:\/\/api.w.org\/{rel}","templated":true}]}}