{"id":11039,"date":"2025-12-04T21:07:23","date_gmt":"2025-12-04T18:07:23","guid":{"rendered":"https:\/\/joinusexcursions.com\/?post_type=product&#038;p=11039"},"modified":"2026-04-18T04:37:33","modified_gmt":"2026-04-18T01:37:33","slug":"belek-land-of-legends-park","status":"publish","type":"product","link":"https:\/\/joinusexcursions.com\/pl\/tours\/belek-land-of-legends\/","title":{"rendered":"Wycieczka do parku rozrywki The Land of Legends z Belek \u2013 Aquapark"},"content":{"rendered":"<h2>\ud83c\udfa2 Przegl\u0105d Belek Land of Legends<\/h2>\n<p data-start=\"465\" data-end=\"752\">Sp\u0119d\u017a ekscytuj\u0105cy ca\u0142y dzie\u0144 w The Land of Legends z transferami z Belek, Kadriye i Bogazkent. Do\u015bwiadcz ekscytuj\u0105cych zje\u017cd\u017calni, zrelaksuj si\u0119 w orze\u017awiaj\u0105cych basenach i odkryj Nickelodeon Land ze swoimi s\u0142ynnymi postaciami. Idealna dla rodzin i poszukiwaczy przyg\u00f3d, wycieczka ta trwa oko\u0142o 7\u20138 godzin.<\/p>\n<h3>\ud83c\udf0a Wyr\u00f3\u017cnienia<\/h3>\n<p data-start=\"1062\" data-end=\"1329\"><span style=\"color: #ff0000;\">\u2022<\/span> Hyper Coaster (62 metr\u00f3w) i inne ekstremalne zje\u017cd\u017calnie<br data-start=\"1114\" data-end=\"1117\" \/><span style=\"color: #ff0000;\">\u2022<\/span> 43-metrowa Tyfun Coaster plus ponad 40 zje\u017cd\u017calni wodnych<br data-start=\"1165\" data-end=\"1168\" \/><span style=\"color: #ff0000;\">\u2022<\/span> Nickelodeon Land z udzia\u0142em SpongeBoba i Psiego Patrolowi<br data-start=\"1219\" data-end=\"1222\" \/><span style=\"color: #ff0000;\">\u2022<\/span> Du\u017cy park wodny z wieloma basenami i strefami rozrywki<br data-start=\"1273\" data-end=\"1276\" \/><span style=\"color: #ff0000;\">\u2022<\/span> Animacje, seriale i atrakcja Kosmiczna Rakietka<\/p>\n<h2>Czego mo\u017cna si\u0119 spodziewa\u0107 w Belek Land of Legends<\/h2>\n<p data-start=\"1356\" data-end=\"1705\">Rozpocznij dzie\u0144 od komfortowego transferu z Belek, Kadriye lub Bogazkent do Parku Rozrywki The Land of Legends w Belek. Rozpocznij przygod\u0119 od Hyper Coaster o wysoko\u015bci 62 metr\u00f3w lub poczuj dreszczyk emocji z 43-metrowego Typhoon Coaster. Z ponad 40 zje\u017cd\u017calniami, ka\u017cdy odwiedzaj\u0105cy \u2013 od dzieci po mi\u0142o\u015bnik\u00f3w adrenaliny \u2013 znajdzie co\u015b dla siebie.<\/p>\n<p data-start=\"1707\" data-end=\"1949\">Rodziny mog\u0105 odkrywa\u0107 <strong data-start=\"1728\" data-end=\"1748\">Park Nickelodeon<\/strong>, gdzie uwielbiane postacie takie jak SpongeBob i Psi Patrol tworz\u0105 niezapomniane wspomnienia. Niezale\u017cnie od tego, czy szukasz pe\u0142nych energii atrakcji, czy spokojnego czasu przy basenie, park oferuje co\u015b dla ka\u017cdego.<\/p>\n<p data-start=\"1951\" data-end=\"2130\">Sp\u0119d\u017a dzie\u0144 na odkrywaniu gigantycznych basen\u00f3w, tematycznych zje\u017cd\u017calni, stref aktywno\u015bci i pokaz\u00f3w animacji. Po godzinach ekscytuj\u0105cej zabawy dla ca\u0142ej rodziny, skorzystaj z wygodnego transferu z powrotem do hotelu.<\/p>\n<p class=\"mhm-jue-internal-links\">Szukasz wi\u0119cej przyg\u00f3d w okolicy? Zapoznaj si\u0119 z nasz\u0105 pe\u0142n\u0105 list\u0105 <a href=\"\/pl\/kierunki\/belek-wycieczki\/\">Wycieczki po Belek<\/a> lub sprawd\u017a <a href=\"\/pl\/wycieczki-2\/belek-land-of-legends-nocny-pokaz\/\">Wieczorny pokaz Land of Legends z Beleku<\/a> na kolejne niezapomniane prze\u017cycie.<\/p>\n<h3>\ud83e\udded Plan wycieczki<\/h3>\n<p data-start=\"2155\" data-end=\"2367\"><span style=\"color: #ff0000;\">\u2022<\/span> Odbi\u00f3r z hoteli w Belek, Kadriye i Bogazkent<br data-start=\"2205\" data-end=\"2208\" \/><span style=\"color: #ff0000;\">\u2022<\/span> Przyjazd do The Land of Legends w Belek<br data-start=\"2249\" data-end=\"2252\" \/><span style=\"color: #ff0000;\">\u2022<\/span> Czas wolny na atrakcje, aquapark i Nickelodeon Land (oko\u0142o 5\u20136 godzin)<br data-start=\"2331\" data-end=\"2334\" \/><span style=\"color: #ff0000;\">\u2022<\/span> Powrotny transport do Pa\u0144stwa hotelu<\/p>\n<h3>\u2139\ufe0f Przydatne informacje<\/h3>\n<p data-start=\"2424\" data-end=\"2665\"><span style=\"color: #ff0000;\">\u2022<\/span> Czas trwania: ok. 7\u20138 godzin (wycieczka ca\u0142odniowa)<br data-start=\"2469\" data-end=\"2472\" \/><span style=\"color: #ff0000;\">\u2022<\/span> Odpowiednie dla go\u015bci z podstawow\u0105 mobilno\u015bci\u0105<br data-start=\"2513\" data-end=\"2516\" \/><span style=\"color: #ff0000;\">\u2022<\/span> Wymagana umiarkowana aktywno\u015b\u0107 fizyczna<br data-start=\"2553\" data-end=\"2556\" \/><span style=\"color: #ff0000;\">\u2022<\/span> Voucher nale\u017cy wymieni\u0107 w kasie biletowej<br data-start=\"2605\" data-end=\"2608\" \/><span style=\"color: #ff0000;\">\u2022<\/span> Godziny otwarcia parku mog\u0105 si\u0119 r\u00f3\u017cni\u0107 w zale\u017cno\u015bci od sezonu.<\/p>\n<p class=\"mhm-jue-external-link\">Dowiedz si\u0119 wi\u0119cej o miejscu docelowym na <a href=\"https:\/\/en.wikipedia.org\/wiki\/The_Land_of_Legends\" target=\"_blank\" rel=\"noopener\">Strona Wikipedii \"The Land of Legends\"<\/a>.<\/p>\n<h3>\ud83c\udf92 Co zabra\u0107<\/h3>\n<p data-start=\"2689\" data-end=\"2758\"><span style=\"color: #ff0000;\">\u2022<\/span> Str\u00f3j k\u0105pielowy i r\u0119cznik<br data-start=\"2709\" data-end=\"2712\" \/><span style=\"color: #ff0000;\">\u2022<\/span> Buty do wody<br data-start=\"2725\" data-end=\"2728\" \/><span style=\"color: #ff0000;\">\u2022<\/span> Got\u00f3wka na wydatki osobiste<\/p>\n<h3>\ud83d\udeab Nieodpowiednie dla<\/h3>\n<p data-start=\"2785\" data-end=\"2803\"><span style=\"color: #ff0000;\">\u2022<\/span> Ci\u0119\u017carne kobiety<\/p>\n<h3>\ud83d\udcb8 Cena i Rezerwacja<\/h3>\n<p data-start=\"2831\" data-end=\"2957\"><span style=\"color: #ff0000;\">\u2022<\/span> Zarezerwuj teraz i zap\u0142a\u0107 w dniu wycieczki<br data-start=\"2872\" data-end=\"2875\" \/><span style=\"color: #ff0000;\">\u2022<\/span> Skontaktuj si\u0119 z nami przez WhatsApp, Telegram lub Viber, lub wype\u0142nij poni\u017cszy formularz rezerwacji<\/p>","protected":false},"excerpt":{"rendered":"<p>Ciesz si\u0119 wycieczk\u0105 do parku rozrywki The Land of Legends z Belek! Najwi\u0119kszy park wodny w Turcji oferuje ekstremalne zje\u017cd\u017calnie, Nickelodeon Land, baseny i mn\u00f3stwo zabawy dla ca\u0142ej rodziny \u2013 a wszystko to z transportem hotelowym w cenie.<\/p>","protected":false},"featured_media":11032,"comment_status":"open","ping_status":"closed","template":"","meta":{"_acf_changed":false},"product_brand":[],"product_cat":[43],"product_tag":[66],"class_list":{"0":"post-11039","1":"product","2":"type-product","3":"status-publish","4":"has-post-thumbnail","6":"product_cat-belek","7":"product_tag-belek","9":"first","10":"instock","11":"sale","12":"featured","13":"shipping-taxable","14":"purchasable","15":"product-type-ovabrw_car_rental"},"acf":[],"aioseo_notices":[],"_links":{"self":[{"href":"https:\/\/joinusexcursions.com\/pl\/wp-json\/wp\/v2\/product\/11039","targetHints":{"allow":["GET"]}}],"collection":[{"href":"https:\/\/joinusexcursions.com\/pl\/wp-json\/wp\/v2\/product"}],"about":[{"href":"https:\/\/joinusexcursions.com\/pl\/wp-json\/wp\/v2\/types\/product"}],"replies":[{"embeddable":true,"href":"https:\/\/joinusexcursions.com\/pl\/wp-json\/wp\/v2\/comments?post=11039"}],"wp:featuredmedia":[{"embeddable":true,"href":"https:\/\/joinusexcursions.com\/pl\/wp-json\/wp\/v2\/media\/11032"}],"wp:attachment":[{"href":"https:\/\/joinusexcursions.com\/pl\/wp-json\/wp\/v2\/media?parent=11039"}],"wp:term":[{"taxonomy":"product_brand","embeddable":true,"href":"https:\/\/joinusexcursions.com\/pl\/wp-json\/wp\/v2\/product_brand?post=11039"},{"taxonomy":"product_cat","embeddable":true,"href":"https:\/\/joinusexcursions.com\/pl\/wp-json\/wp\/v2\/product_cat?post=11039"},{"taxonomy":"product_tag","embeddable":true,"href":"https:\/\/joinusexcursions.com\/pl\/wp-json\/wp\/v2\/product_tag?post=11039"}],"curies":[{"name":"wp","href":"https:\/\/api.w.org\/{rel}","templated":true}]}}