{"id":11041,"date":"2025-12-04T21:16:27","date_gmt":"2025-12-04T18:16:27","guid":{"rendered":"https:\/\/joinusexcursions.com\/?post_type=product&#038;p=11041"},"modified":"2026-04-18T04:23:05","modified_gmt":"2026-04-18T01:23:05","slug":"side-land-of-legends-park","status":"publish","type":"product","link":"https:\/\/joinusexcursions.com\/pl\/tours\/side-land-of-legends\/","title":{"rendered":"Wycieczka do Parku Rozrywki The Land of Legends z Side \u2013 Aquapark"},"content":{"rendered":"<h2>\ud83c\udfa2 Przegl\u0105d Side Land of Legends<\/h2>\n<p data-start=\"471\" data-end=\"765\">Sp\u0119d\u017a niezapomniany dzie\u0144 w The Land of Legends z transferami z Side, Kumk\u00f6y, Evrenseki, \u00c7olakl\u0131 i Manavgat. Prze\u017cyj pe\u0142ne adrenaliny zje\u017cd\u017calnie, odkryj gigantyczny aquapark i ciesz si\u0119 Nickelodeon Land z ukochanymi postaciami. Idealna przygoda na 7-8 godzin dla rodzin i mi\u0142o\u015bnik\u00f3w mocnych wra\u017ce\u0144.<\/p>\n<h3>\ud83c\udf0a Wyr\u00f3\u017cnienia<\/h3>\n<p data-start=\"1075\" data-end=\"1338\"><span style=\"color: #ff0000;\">\u2022<\/span> Ekstremalne zje\u017cd\u017calnie, w tym Hyper Coaster o d\u0142ugo\u015bci 62 metr\u00f3w<br data-start=\"1128\" data-end=\"1131\" \/><span style=\"color: #ff0000;\">\u2022<\/span> 43-metrowa kolejka g\u00f3rska Typhoon i ponad 40 zje\u017cd\u017calni wodnych<br data-start=\"1178\" data-end=\"1181\" \/><span style=\"color: #ff0000;\">\u2022<\/span> Nickelodeon Land z SpongeBobem i Psim Patrolem<br data-start=\"1227\" data-end=\"1230\" \/><span style=\"color: #ff0000;\">\u2022<\/span> Obszerny park wodny z basenami i strefami dla dzieci<br data-start=\"1278\" data-end=\"1281\" \/><span style=\"color: #ff0000;\">\u2022<\/span> Fajne pokazy, animacje i atrakcja Kosmiczna Rakieta<\/p>\n<h2>Czego mo\u017cna si\u0119 spodziewa\u0107 na Side Land of Legends<\/h2>\n<p data-start=\"1365\" data-end=\"1657\">Rozpocznij dzie\u0144 od komfortowego transferu z Side i okolic do parku rozrywki The Land of Legends w Belek. Poczuj emocje na 62-metrowej kolejce g\u00f3rskiej Hyper Coaster lub dramatyczne zjazdy z 43-metrowej kolejki Typhoon Coaster. Z ponad 40 zje\u017cd\u017calniami, park wodny oferuje nieko\u0144cz\u0105c\u0105 si\u0119 zabaw\u0119 dla wszystkich grup wiekowych.<\/p>\n<p data-start=\"1659\" data-end=\"1905\">Rodziny pokochaj\u0105 <strong data-start=\"1678\" data-end=\"1698\">Park Nickelodeon<\/strong>, siedziba popularnych postaci, takich jak SpongeBob Kanciastoporty i Psi Patrol. Od ekscytuj\u0105cych przeja\u017cd\u017cek po relaksuj\u0105ce strefy basenowe, park oferuje idealne po\u0142\u0105czenie emocji i komfortu dla odwiedzaj\u0105cych w ka\u017cdym wieku.<\/p>\n<p data-start=\"1907\" data-end=\"2061\">Po skorzystaniu z atrakcji, basen\u00f3w, stref tematycznych i animacji w parku, zrelaksuj si\u0119 podczas powrotnego transferu do hotelu, zabieraj\u0105c ze sob\u0105 niezapomniane wspomnienia.<\/p>\n<p class=\"mhm-jue-internal-links\">Szukasz wi\u0119cej przyg\u00f3d w okolicy? Zapoznaj si\u0119 z nasz\u0105 pe\u0142n\u0105 list\u0105 <a href=\"\/pl\/kierunki\/side-wycieczki\/\">Wycieczki poboczne<\/a> lub sprawd\u017a <a href=\"\/pl\/wycieczki-2\/side-land-of-legends-nocny-pokaz\/\">Pokaz nocny w Land of Legends z Side<\/a> na kolejne niezapomniane prze\u017cycie.<\/p>\n<h3>\ud83e\udded Plan wycieczki<\/h3>\n<p data-start=\"2086\" data-end=\"2312\"><span style=\"color: #ff0000;\">\u2022<\/span> Odbi\u00f3r z hoteli w Side, Kumk\u00f6y, Evrenseki, \u00c7olakl\u0131 i Manavgat<br data-start=\"2153\" data-end=\"2156\" \/><span style=\"color: #ff0000;\">\u2022<\/span> Przyjazd do The Land of Legends w Belek<br data-start=\"2197\" data-end=\"2200\" \/><span style=\"color: #ff0000;\">\u2022<\/span> Wolny czas na przeja\u017cd\u017cki, zje\u017cd\u017calnie, baseny i Nickelodeon Land (oko\u0142o 5\u20136 godzin)<br data-start=\"2277\" data-end=\"2280\" \/><span style=\"color: #ff0000;\">\u2022<\/span> Transfer powrotny do hotelu<\/p>\n<h3>\u2139\ufe0f Przydatne informacje<\/h3>\n<p data-start=\"2424\" data-end=\"2665\"><span style=\"color: #ff0000;\">\u2022<\/span> Czas trwania: ok. 7\u20138 godzin (wycieczka ca\u0142odniowa)<br data-start=\"2469\" data-end=\"2472\" \/><span style=\"color: #ff0000;\">\u2022<\/span> Odpowiednie dla go\u015bci z podstawow\u0105 mobilno\u015bci\u0105<br data-start=\"2513\" data-end=\"2516\" \/><span style=\"color: #ff0000;\">\u2022<\/span> Wymagana umiarkowana aktywno\u015b\u0107 fizyczna<br data-start=\"2553\" data-end=\"2556\" \/><span style=\"color: #ff0000;\">\u2022<\/span> Voucher nale\u017cy wymieni\u0107 w kasie biletowej<br data-start=\"2605\" data-end=\"2608\" \/><span style=\"color: #ff0000;\">\u2022<\/span> Godziny otwarcia parku mog\u0105 si\u0119 r\u00f3\u017cni\u0107 w zale\u017cno\u015bci od sezonu.<\/p>\n<p class=\"mhm-jue-external-link\">Dowiedz si\u0119 wi\u0119cej o miejscu docelowym na <a href=\"https:\/\/en.wikipedia.org\/wiki\/The_Land_of_Legends\" target=\"_blank\" rel=\"noopener\">Strona Wikipedii \"The Land of Legends\"<\/a>.<\/p>\n<h3>\ud83c\udf92 Co zabra\u0107<\/h3>\n<p data-start=\"2689\" data-end=\"2758\"><span style=\"color: #ff0000;\">\u2022<\/span> Str\u00f3j k\u0105pielowy i r\u0119cznik<br data-start=\"2709\" data-end=\"2712\" \/><span style=\"color: #ff0000;\">\u2022<\/span> Buty do wody<br data-start=\"2725\" data-end=\"2728\" \/><span style=\"color: #ff0000;\">\u2022<\/span> Got\u00f3wka na wydatki osobiste<\/p>\n<h3>\ud83d\udeab Nieodpowiednie dla<\/h3>\n<p data-start=\"2785\" data-end=\"2803\"><span style=\"color: #ff0000;\">\u2022<\/span> Ci\u0119\u017carne kobiety<\/p>\n<h3>\ud83d\udcb8 Cena i Rezerwacja<\/h3>\n<p data-start=\"2831\" data-end=\"2957\"><span style=\"color: #ff0000;\">\u2022<\/span> Zarezerwuj teraz i zap\u0142a\u0107 w dniu wycieczki<br data-start=\"2872\" data-end=\"2875\" \/><span style=\"color: #ff0000;\">\u2022<\/span> Skontaktuj si\u0119 z nami przez WhatsApp, Telegram lub Viber, lub wype\u0142nij poni\u017cszy formularz rezerwacji<\/p>","protected":false},"excerpt":{"rendered":"<p>Ciesz si\u0119 wycieczk\u0105 do parku rozrywki The Land of Legends z Side! Najwi\u0119kszy park wodny w Turcji oferuje emocjonuj\u0105ce zje\u017cd\u017calnie, Nickelodeon Land, baseny i mn\u00f3stwo zabawy dla ca\u0142ej rodziny \u2013 z transferem hotelowym w cenie.<\/p>","protected":false},"featured_media":11032,"comment_status":"open","ping_status":"closed","template":"","meta":{"_acf_changed":false},"product_brand":[],"product_cat":[46],"product_tag":[68],"class_list":{"0":"post-11041","1":"product","2":"type-product","3":"status-publish","4":"has-post-thumbnail","6":"product_cat-side","7":"product_tag-side","9":"first","10":"instock","11":"sale","12":"featured","13":"shipping-taxable","14":"purchasable","15":"product-type-ovabrw_car_rental"},"acf":[],"aioseo_notices":[],"_links":{"self":[{"href":"https:\/\/joinusexcursions.com\/pl\/wp-json\/wp\/v2\/product\/11041","targetHints":{"allow":["GET"]}}],"collection":[{"href":"https:\/\/joinusexcursions.com\/pl\/wp-json\/wp\/v2\/product"}],"about":[{"href":"https:\/\/joinusexcursions.com\/pl\/wp-json\/wp\/v2\/types\/product"}],"replies":[{"embeddable":true,"href":"https:\/\/joinusexcursions.com\/pl\/wp-json\/wp\/v2\/comments?post=11041"}],"wp:featuredmedia":[{"embeddable":true,"href":"https:\/\/joinusexcursions.com\/pl\/wp-json\/wp\/v2\/media\/11032"}],"wp:attachment":[{"href":"https:\/\/joinusexcursions.com\/pl\/wp-json\/wp\/v2\/media?parent=11041"}],"wp:term":[{"taxonomy":"product_brand","embeddable":true,"href":"https:\/\/joinusexcursions.com\/pl\/wp-json\/wp\/v2\/product_brand?post=11041"},{"taxonomy":"product_cat","embeddable":true,"href":"https:\/\/joinusexcursions.com\/pl\/wp-json\/wp\/v2\/product_cat?post=11041"},{"taxonomy":"product_tag","embeddable":true,"href":"https:\/\/joinusexcursions.com\/pl\/wp-json\/wp\/v2\/product_tag?post=11041"}],"curies":[{"name":"wp","href":"https:\/\/api.w.org\/{rel}","templated":true}]}}