{"id":11069,"date":"2025-12-14T16:35:01","date_gmt":"2025-12-14T13:35:01","guid":{"rendered":"https:\/\/joinusexcursions.com\/?post_type=product&#038;p=11069"},"modified":"2026-04-18T04:13:41","modified_gmt":"2026-04-18T01:13:41","slug":"belek-laznia-turecka-hamam","status":"publish","type":"product","link":"https:\/\/joinusexcursions.com\/pl\/tours\/belek-turkish-bath-hamam\/","title":{"rendered":"Turecka \u0141a\u017ania Hamam w Belek i Tradycyjne Do\u015bwiadczenie Spa"},"content":{"rendered":"<h2>\ud83c\udf0c Przegl\u0105d tureckiej \u0142a\u017ani parowej Hamam w Belek<\/h2>\n<p data-start=\"549\" data-end=\"845\">Ucieknij od codzienno\u015bci i prze\u017cyj tradycyjn\u0105 tureck\u0105 \u0142a\u017ani\u0119 z transferami z Belek, Kadriye i Bo\u011fazkent. Zrelaksuj si\u0119 w saunie i pokoju parowym, skorzystaj z klasycznego peelingu i zabiegu piankowego, a ca\u0142o\u015b\u0107 dope\u0142nij masa\u017cem aromaterapeutycznym. Ca\u0142kowity czas trwania to oko\u0142o 2,5\u20133 godziny.<\/p>\n<h3>\ud83c\udf86 Podsumowanie<\/h3>\n<p data-start=\"1173\" data-end=\"1417\"><strong><span style=\"color: #ff0000;\">\u2022<\/span> <\/strong>Autentyczne tureckie do\u015bwiadczenie hammamu<br data-start=\"1210\" data-end=\"1213\" \/><strong><span style=\"color: #ff0000;\">\u2022<\/span> <\/strong>Od\u017cywiaj\u0105cy sk\u00f3r\u0119 peeling i bogaty masa\u017c piankowy<br data-start=\"1256\" data-end=\"1259\" \/><strong><span style=\"color: #ff0000;\">\u2022<\/span> <\/strong>Relaksuj\u0105cy masa\u017c z olejkami aromaterapeutycznymi<br data-start=\"1294\" data-end=\"1297\" \/><strong><span style=\"color: #ff0000;\">\u2022<\/span> <\/strong>Nielimitowany czas w saunie i \u0142a\u017ani parowej<br data-start=\"1334\" data-end=\"1337\" \/><strong><span style=\"color: #ff0000;\">\u2022<\/span> <\/strong>Glinka do g\u0142\u0119bokiego oczyszczania twarzy<br data-start=\"1374\" data-end=\"1377\" \/><strong><span style=\"color: #ff0000;\">\u2022<\/span> <\/strong>Dost\u0119p do basenu i herbata turecka<\/p>\n<h2>Czego mo\u017cna si\u0119 spodziewa\u0107 w tureckiej \u0142a\u017ani w Belek Hammam<\/h2>\n<p data-start=\"1444\" data-end=\"1699\">Twoje do\u015bwiadczenie rozpoczyna si\u0119 od wygodnego odbioru z hotelu w Belek lub pobliskich okolicach. Po przybyciu do tradycyjnych tureckich \u0142a\u017ani rozpoczniesz swoj\u0105 podr\u00f3\u017c wellness w saunie i \u0142a\u017ani parowej, aby pom\u00f3c Twojemu cia\u0142u si\u0119 zrelaksowa\u0107, a pory otworzy\u0107 w naturalny spos\u00f3b.<\/p>\n<p data-start=\"1701\" data-end=\"1886\">Nast\u0119pnie skorzystaj z peelingu cia\u0142a, kt\u00f3ry usunie martwy nask\u00f3rek, a po nim klasycznego masa\u017cu piankowego, kt\u00f3ry pozostawi Twoj\u0105 sk\u00f3r\u0119 mi\u0119kk\u0105 i od\u015bwie\u017con\u0105. Nast\u0119pnie na twarz na\u0142o\u017cona zostanie maska glinkowa, kt\u00f3ra oczy\u015bci i zdetoksykuje.<\/p>\n<p data-start=\"1888\" data-end=\"2151\">Po czasie relaksu lub p\u0142ywaniu w basenie, Twoje do\u015bwiadczenie b\u0119dzie kontynuowane 20-minutowym masa\u017cem olejkami aromaterapeutycznymi, zaprojektowanym w celu rozlu\u017anienia napi\u0119cia i przywr\u00f3cenia r\u00f3wnowagi. Zako\u0144cz wizyt\u0119 fili\u017cank\u0105 gor\u0105cej tureckiej herbaty, a nast\u0119pnie wr\u00f3\u0107 do hotelu w pe\u0142ni od\u015bwie\u017cony.<\/p>\n<p class=\"mhm-jue-internal-links\">Szukasz wi\u0119cej przyg\u00f3d w okolicy? Zapoznaj si\u0119 z nasz\u0105 pe\u0142n\u0105 list\u0105 <a href=\"\/pl\/kierunki\/belek-wycieczki\/\">Wycieczki po Belek<\/a> lub sprawd\u017a <a href=\"\/pl\/wycieczki-2\/belek-land-of-legends-nocny-pokaz\/\">Wieczorny pokaz Land of Legends z Beleku<\/a> na kolejne niezapomniane prze\u017cycie.<\/p>\n<h3>\ud83e\udded Plan wycieczki<\/h3>\n<p data-start=\"2176\" data-end=\"2416\"><strong><span style=\"color: #ff0000;\">\u2022<\/span> <\/strong>Odbi\u00f3r z hoteli w Belek, Kadriye i Bo\u011fazkent<br data-start=\"2226\" data-end=\"2229\" \/><strong><span style=\"color: #ff0000;\">\u2022<\/span> <\/strong>Przybycie do tureckiej \u0142a\u017ani<br data-start=\"2258\" data-end=\"2261\" \/><strong><span style=\"color: #ff0000;\">\u2022<\/span> <\/strong>Sesja w saunie i \u0142a\u017ani parowej<br data-start=\"2291\" data-end=\"2294\" \/><strong><span style=\"color: #ff0000;\">\u2022<\/span> <\/strong>Peeling do cia\u0142a i masa\u017c piankowy<br data-start=\"2323\" data-end=\"2326\" \/><strong><span style=\"color: #ff0000;\">\u2022<\/span> <\/strong>Maseczka do twarzy z glink\u0105 i czas na basen<br data-start=\"2356\" data-end=\"2359\" \/><strong><span style=\"color: #ff0000;\">\u2022<\/span> <\/strong>Masa\u017c olejkami aromaterapeutycznymi<br data-start=\"2385\" data-end=\"2388\" \/><strong><span style=\"color: #ff0000;\">\u2022<\/span> <\/strong>Powrotny transfer do hotelu<\/p>\n<h3>\u2139\ufe0f Przydatne informacje<\/h3>\n<p data-start=\"2445\" data-end=\"2654\"><strong><span style=\"color: #ff0000;\">\u2022<\/span> <\/strong>Czas trwania: ok. 2,5\u20133 godziny<br data-start=\"2476\" data-end=\"2479\" \/><strong><span style=\"color: #ff0000;\">\u2022<\/span> <\/strong>Brak limitu czasowego na korzystanie z sauny i \u0142a\u017ani parowej<br data-start=\"2519\" data-end=\"2522\" \/><strong><span style=\"color: #ff0000;\">\u2022<\/span> <\/strong>Odpowiednie dla m\u0119\u017cczyzn i kobiet<br data-start=\"2550\" data-end=\"2553\" \/><strong><span style=\"color: #ff0000;\">\u2022<\/span> <\/strong>Opcje prywatne dost\u0119pne na \u017cyczenie<br data-start=\"2593\" data-end=\"2596\" \/><strong><span style=\"color: #ff0000;\">\u2022<\/span> <\/strong>Dzieci poni\u017cej 12. roku \u017cycia mog\u0105 uczestniczy\u0107 pod opiek\u0105 rodzic\u00f3w.<\/p>\n<p class=\"mhm-jue-external-link\">Dowiedz si\u0119 wi\u0119cej o miejscu docelowym na <a href=\"https:\/\/en.wikipedia.org\/wiki\/Turkish_bath\" target=\"_blank\" rel=\"noopener\">\u0141a\u017ania turecka Wikipedia<\/a>.<\/p>\n<h3>\ud83c\udf92 Co zabra\u0107<\/h3>\n<p data-start=\"2678\" data-end=\"2756\"><strong><span style=\"color: #ff0000;\">\u2022<\/span> <\/strong>Str\u00f3j k\u0105pielowy<br data-start=\"2688\" data-end=\"2691\" \/><strong><span style=\"color: #ff0000;\">\u2022<\/span> <\/strong>R\u0119cznik (dost\u0119pny w spa)<br data-start=\"2727\" data-end=\"2730\" \/><strong><span style=\"color: #ff0000;\">\u2022<\/span> <\/strong>Kapcie lub klapki<\/p>\n<h3>\ud83d\udeab Nieodpowiednie dla<\/h3>\n<p data-start=\"2783\" data-end=\"2884\"><strong><span style=\"color: #ff0000;\">\u2022<\/span> <\/strong>Go\u015bcie z powa\u017cnymi problemami sk\u00f3rnymi lub kardiologicznymi<br data-start=\"2829\" data-end=\"2832\" \/><strong><span style=\"color: #ff0000;\">\u2022<\/span> <\/strong>Kobiety w ci\u0105\u017cy (zalecana konsultacja lekarska)<\/p>\n<h3>\ud83d\udcb8 Cena i Rezerwacja<\/h3>\n<p data-start=\"2912\" data-end=\"3086\"><strong><span style=\"color: #ff0000;\">\u2022<\/span> <\/strong>Ceny r\u00f3\u017cni\u0105 si\u0119 w zale\u017cno\u015bci od sezonu i wybranych us\u0142ug<br data-start=\"2957\" data-end=\"2960\" \/><strong><span style=\"color: #ff0000;\">\u2022<\/span> <\/strong>Zarezerwuj teraz i zap\u0142a\u0107 w dniu wycieczki<br data-start=\"3001\" data-end=\"3004\" \/><strong><span style=\"color: #ff0000;\">\u2022<\/span> <\/strong>Skontaktuj si\u0119 z nami przez WhatsApp, Telegram lub Viber, lub wype\u0142nij poni\u017cszy formularz rezerwacji<\/p>","protected":false},"excerpt":{"rendered":"<p>Zrelaksuj si\u0119 w tradycyjnej tureckiej \u0142a\u017ani w Belek z saun\u0105, peelingiem, masa\u017cem piankowym i aromaterapi\u0105. Transfer hotelowy w cenie. Od\u015bwie\u017c cia\u0142o i umys\u0142.<\/p>","protected":false},"featured_media":11070,"comment_status":"open","ping_status":"closed","template":"","meta":{"_acf_changed":false},"product_brand":[],"product_cat":[43],"product_tag":[66],"class_list":{"0":"post-11069","1":"product","2":"type-product","3":"status-publish","4":"has-post-thumbnail","6":"product_cat-belek","7":"product_tag-belek","9":"first","10":"instock","11":"sale","12":"featured","13":"shipping-taxable","14":"purchasable","15":"product-type-ovabrw_car_rental"},"acf":[],"aioseo_notices":[],"_links":{"self":[{"href":"https:\/\/joinusexcursions.com\/pl\/wp-json\/wp\/v2\/product\/11069","targetHints":{"allow":["GET"]}}],"collection":[{"href":"https:\/\/joinusexcursions.com\/pl\/wp-json\/wp\/v2\/product"}],"about":[{"href":"https:\/\/joinusexcursions.com\/pl\/wp-json\/wp\/v2\/types\/product"}],"replies":[{"embeddable":true,"href":"https:\/\/joinusexcursions.com\/pl\/wp-json\/wp\/v2\/comments?post=11069"}],"wp:featuredmedia":[{"embeddable":true,"href":"https:\/\/joinusexcursions.com\/pl\/wp-json\/wp\/v2\/media\/11070"}],"wp:attachment":[{"href":"https:\/\/joinusexcursions.com\/pl\/wp-json\/wp\/v2\/media?parent=11069"}],"wp:term":[{"taxonomy":"product_brand","embeddable":true,"href":"https:\/\/joinusexcursions.com\/pl\/wp-json\/wp\/v2\/product_brand?post=11069"},{"taxonomy":"product_cat","embeddable":true,"href":"https:\/\/joinusexcursions.com\/pl\/wp-json\/wp\/v2\/product_cat?post=11069"},{"taxonomy":"product_tag","embeddable":true,"href":"https:\/\/joinusexcursions.com\/pl\/wp-json\/wp\/v2\/product_tag?post=11069"}],"curies":[{"name":"wp","href":"https:\/\/api.w.org\/{rel}","templated":true}]}}