{"id":11077,"date":"2025-12-14T17:03:29","date_gmt":"2025-12-14T14:03:29","guid":{"rendered":"https:\/\/joinusexcursions.com\/?post_type=product&#038;p=11077"},"modified":"2026-04-18T04:06:58","modified_gmt":"2026-04-18T01:06:58","slug":"side-laznia-turecka-hamam","status":"publish","type":"product","link":"https:\/\/joinusexcursions.com\/pl\/tours\/side-turkish-bath-hamam\/","title":{"rendered":"Turecka \u0141a\u017ania Hammam i Tradycyjne Do\u015bwiadczenie Spa w Side"},"content":{"rendered":"<h2>\ud83c\udf0c Przegl\u0105d tureckiej \u0142a\u017ani parowej Hamam<\/h2>\n<p data-start=\"549\" data-end=\"845\">Do\u015bwiadcz tradycyjnej \u0142a\u017ani tureckiej z transferem z Side, Kumk\u00f6y, Evrenseki, \u00c7olakl\u0131 i Manavgat. Zrelaksuj si\u0119 w saunie i \u0142a\u017ani parowej, od\u015bwie\u017c sk\u00f3r\u0119 klasycznymi zabiegami i odpr\u0119\u017c si\u0119 podczas masa\u017cu aromaterapeutycznego. Program trwa oko\u0142o 2,5\u20133 godzin.<\/p>\n<h3>\ud83c\udf86 Podsumowanie<\/h3>\n<p data-start=\"1173\" data-end=\"1417\"><strong><span style=\"color: #ff0000;\">\u2022<\/span> <\/strong>Autentyczne tureckie do\u015bwiadczenie hammamu<br data-start=\"1210\" data-end=\"1213\" \/><strong><span style=\"color: #ff0000;\">\u2022<\/span> <\/strong>Od\u017cywiaj\u0105cy sk\u00f3r\u0119 peeling i bogaty masa\u017c piankowy<br data-start=\"1256\" data-end=\"1259\" \/><strong><span style=\"color: #ff0000;\">\u2022<\/span> <\/strong>Relaksuj\u0105cy masa\u017c z olejkami aromaterapeutycznymi<br data-start=\"1294\" data-end=\"1297\" \/><strong><span style=\"color: #ff0000;\">\u2022<\/span> <\/strong>Nielimitowany czas w saunie i \u0142a\u017ani parowej<br data-start=\"1334\" data-end=\"1337\" \/><strong><span style=\"color: #ff0000;\">\u2022<\/span> <\/strong>Glinka do g\u0142\u0119bokiego oczyszczania twarzy<br data-start=\"1374\" data-end=\"1377\" \/><strong><span style=\"color: #ff0000;\">\u2022<\/span> <\/strong>Dost\u0119p do basenu i herbata turecka<\/p>\n<h2>Czego mo\u017cna si\u0119 spodziewa\u0107 w \u0142a\u017ani tureckiej Hammam<\/h2>\n<p data-start=\"4269\" data-end=\"4473\">Tw\u00f3j relaksuj\u0105cy dzie\u0144 rozpoczyna si\u0119 odbiorem z Twojego hotelu w Side lub okolicach. Po przybyciu do tureckiej \u0142a\u017ani rozpocznij swoje do\u015bwiadczenie w saunie i \u0142a\u017ani parowej, aby przygotowa\u0107 cia\u0142o na zabiegi.<\/p>\n<p data-start=\"4475\" data-end=\"4659\">Skorzystaj z pe\u0142nego peelingu ca\u0142ego cia\u0142a, aby z\u0142uszczy\u0107 sk\u00f3r\u0119, a nast\u0119pnie rozkoszuj si\u0119 bogatym masa\u017cem pian\u0105 \u2013 jedn\u0105 z ulubionych tradycji hammamu. Nast\u0119pnie na twarz zostanie na\u0142o\u017cona maska glinkowa, kt\u00f3ra oczy\u015bci i od\u015bwie\u017cy cer\u0119.<\/p>\n<p data-start=\"4661\" data-end=\"4859\">Po relaksie lub k\u0105pieli dope\u0142nij sw\u00f3j pobyt 20-minutowym masa\u017cem olejkami aromaterapeutycznymi, kt\u00f3ry zapewni Ci pe\u0142ne odpr\u0119\u017cenie cia\u0142a. Przed powrotem do hotelu delektuj si\u0119 fili\u017cank\u0105 tradycyjnej tureckiej herbaty.<\/p>\n<p class=\"mhm-jue-internal-links\">Szukasz wi\u0119cej przyg\u00f3d w okolicy? Zapoznaj si\u0119 z nasz\u0105 pe\u0142n\u0105 list\u0105 <a href=\"\/pl\/kierunki\/side-wycieczki\/\">Wycieczki poboczne<\/a> lub sprawd\u017a <a href=\"\/pl\/wycieczki-2\/side-land-of-legends-nocny-pokaz\/\">Pokaz nocny w Land of Legends z Side<\/a> na kolejne niezapomniane prze\u017cycie.<\/p>\n<h3>\ud83e\udded Plan wycieczki<\/h3>\n<div data-start=\"4884\" data-end=\"5117\"><strong><span style=\"color: #ff0000;\">\u2022<\/span> <\/strong>Odbi\u00f3r z hoteli w Side i okolicach<\/div>\n<div data-start=\"2176\" data-end=\"2416\"><strong><span style=\"color: #ff0000;\">\u2022<\/span> <\/strong>Przybycie do tureckiej \u0142a\u017ani<br data-start=\"2258\" data-end=\"2261\" \/><strong><span style=\"color: #ff0000;\">\u2022<\/span> <\/strong>Sesja w saunie i \u0142a\u017ani parowej<br data-start=\"2291\" data-end=\"2294\" \/><strong><span style=\"color: #ff0000;\">\u2022<\/span> <\/strong>Peeling do cia\u0142a i masa\u017c piankowy<br data-start=\"2323\" data-end=\"2326\" \/><strong><span style=\"color: #ff0000;\">\u2022<\/span> <\/strong>Maseczka do twarzy z glink\u0105 i czas na basen<br data-start=\"2356\" data-end=\"2359\" \/><strong><span style=\"color: #ff0000;\">\u2022<\/span> <\/strong>Masa\u017c olejkami aromaterapeutycznymi<br data-start=\"2385\" data-end=\"2388\" \/><strong><span style=\"color: #ff0000;\">\u2022<\/span> <\/strong>Powrotny transfer do hotelu<\/div>\n<h3>\u2139\ufe0f Przydatne informacje<\/h3>\n<p data-start=\"2445\" data-end=\"2654\"><strong><span style=\"color: #ff0000;\">\u2022<\/span> <\/strong>Czas trwania: ok. 2,5\u20133 godziny<br data-start=\"2476\" data-end=\"2479\" \/><strong><span style=\"color: #ff0000;\">\u2022<\/span> <\/strong>Brak limitu czasowego na korzystanie z sauny i \u0142a\u017ani parowej<br data-start=\"2519\" data-end=\"2522\" \/><strong><span style=\"color: #ff0000;\">\u2022<\/span> <\/strong>Odpowiednie dla m\u0119\u017cczyzn i kobiet<br data-start=\"2550\" data-end=\"2553\" \/><strong><span style=\"color: #ff0000;\">\u2022<\/span> <\/strong>Opcje prywatne dost\u0119pne na \u017cyczenie<br data-start=\"2593\" data-end=\"2596\" \/><strong><span style=\"color: #ff0000;\">\u2022<\/span> <\/strong>Dzieci poni\u017cej 12. roku \u017cycia mog\u0105 uczestniczy\u0107 pod opiek\u0105 rodzic\u00f3w.<\/p>\n<p class=\"mhm-jue-external-link\">Dowiedz si\u0119 wi\u0119cej o miejscu docelowym na <a href=\"https:\/\/en.wikipedia.org\/wiki\/Turkish_bath\" target=\"_blank\" rel=\"noopener\">\u0141a\u017ania turecka Wikipedia<\/a>.<\/p>\n<h3>\ud83c\udf92 Co zabra\u0107<\/h3>\n<p data-start=\"2678\" data-end=\"2756\"><strong><span style=\"color: #ff0000;\">\u2022<\/span> <\/strong>Str\u00f3j k\u0105pielowy<br data-start=\"2688\" data-end=\"2691\" \/><strong><span style=\"color: #ff0000;\">\u2022<\/span> <\/strong>R\u0119cznik (dost\u0119pny w spa)<br data-start=\"2727\" data-end=\"2730\" \/><strong><span style=\"color: #ff0000;\">\u2022<\/span> <\/strong>Kapcie lub klapki<\/p>\n<h3>\ud83d\udeab Nieodpowiednie dla<\/h3>\n<p data-start=\"2783\" data-end=\"2884\"><strong><span style=\"color: #ff0000;\">\u2022<\/span> <\/strong>Go\u015bcie z powa\u017cnymi problemami sk\u00f3rnymi lub kardiologicznymi<br data-start=\"2829\" data-end=\"2832\" \/><strong><span style=\"color: #ff0000;\">\u2022<\/span> <\/strong>Kobiety w ci\u0105\u017cy (zalecana konsultacja lekarska)<\/p>\n<h3>\ud83d\udcb8 Cena i Rezerwacja<\/h3>\n<p data-start=\"2912\" data-end=\"3086\"><strong><span style=\"color: #ff0000;\">\u2022<\/span> <\/strong>Ceny r\u00f3\u017cni\u0105 si\u0119 w zale\u017cno\u015bci od sezonu i wybranych us\u0142ug<br data-start=\"2957\" data-end=\"2960\" \/><strong><span style=\"color: #ff0000;\">\u2022<\/span> <\/strong>Zarezerwuj teraz i zap\u0142a\u0107 w dniu wycieczki<br data-start=\"3001\" data-end=\"3004\" \/><strong><span style=\"color: #ff0000;\">\u2022<\/span> <\/strong>Skontaktuj si\u0119 z nami przez WhatsApp, Telegram lub Viber, lub wype\u0142nij poni\u017cszy formularz rezerwacji<\/p>","protected":false},"excerpt":{"rendered":"<p>Do\u015bwiadcz tradycyjnej tureckiej \u0142a\u017ani w Side z saun\u0105, peelingiem, masa\u017cem piankowym i aromaterapi\u0105. Relaksuj\u0105cy pobyt w spa z transferem z hotelu.<\/p>","protected":false},"featured_media":11070,"comment_status":"open","ping_status":"closed","template":"","meta":{"_acf_changed":false},"product_brand":[],"product_cat":[46],"product_tag":[68],"class_list":{"0":"post-11077","1":"product","2":"type-product","3":"status-publish","4":"has-post-thumbnail","6":"product_cat-side","7":"product_tag-side","9":"first","10":"instock","11":"sale","12":"featured","13":"shipping-taxable","14":"purchasable","15":"product-type-ovabrw_car_rental"},"acf":[],"aioseo_notices":[],"_links":{"self":[{"href":"https:\/\/joinusexcursions.com\/pl\/wp-json\/wp\/v2\/product\/11077","targetHints":{"allow":["GET"]}}],"collection":[{"href":"https:\/\/joinusexcursions.com\/pl\/wp-json\/wp\/v2\/product"}],"about":[{"href":"https:\/\/joinusexcursions.com\/pl\/wp-json\/wp\/v2\/types\/product"}],"replies":[{"embeddable":true,"href":"https:\/\/joinusexcursions.com\/pl\/wp-json\/wp\/v2\/comments?post=11077"}],"wp:featuredmedia":[{"embeddable":true,"href":"https:\/\/joinusexcursions.com\/pl\/wp-json\/wp\/v2\/media\/11070"}],"wp:attachment":[{"href":"https:\/\/joinusexcursions.com\/pl\/wp-json\/wp\/v2\/media?parent=11077"}],"wp:term":[{"taxonomy":"product_brand","embeddable":true,"href":"https:\/\/joinusexcursions.com\/pl\/wp-json\/wp\/v2\/product_brand?post=11077"},{"taxonomy":"product_cat","embeddable":true,"href":"https:\/\/joinusexcursions.com\/pl\/wp-json\/wp\/v2\/product_cat?post=11077"},{"taxonomy":"product_tag","embeddable":true,"href":"https:\/\/joinusexcursions.com\/pl\/wp-json\/wp\/v2\/product_tag?post=11077"}],"curies":[{"name":"wp","href":"https:\/\/api.w.org\/{rel}","templated":true}]}}