{"id":11081,"date":"2025-12-14T17:48:34","date_gmt":"2025-12-14T14:48:34","guid":{"rendered":"https:\/\/joinusexcursions.com\/?post_type=product&#038;p=11081"},"modified":"2026-04-13T22:08:42","modified_gmt":"2026-04-13T19:08:42","slug":"belek-olympos-kolejka-linowa","status":"publish","type":"product","link":"https:\/\/joinusexcursions.com\/pl\/tours\/belek-olympos-cable-car\/","title":{"rendered":"Kolejka linowa Olympos Teleferik na g\u00f3r\u0119 Tahtal\u0131 z Belek (2365 m)"},"content":{"rendered":"<h2>\ud83c\udfd4\ufe0f Przegl\u0105d Kolejki Gondolowej Olympos w Belek<\/h2>\n<p data-start=\"592\" data-end=\"855\">Prze\u017cyj niezapomnian\u0105 g\u00f3rsk\u0105 przygod\u0119 z transferami z Belek, Kadriye i Bo\u011fazkent. Wjed\u017a kolejk\u0105 linow\u0105 Olympos na szczyt g\u00f3ry Tahtal\u0131, podziwiaj panoramiczne widoki, \u015bwie\u017ce g\u00f3rskie powietrze i sp\u0119d\u017a wolny czas na g\u00f3rze. Ca\u0142kowity czas trwania to ok. 4\u20135 godzin.<\/p>\n<h3>\ud83c\udf04 Atrakcje<\/h3>\n<p data-start=\"4142\" data-end=\"4395\"><span style=\"color: #ff0000;\"><strong>\u2022<\/strong> <\/span>Przejazd kolejk\u0105 linow\u0105 na szczyt g\u00f3ry Tahtal\u0131<br data-start=\"4192\" data-end=\"4195\" \/><span style=\"color: #ff0000;\"><strong>\u2022<\/strong> <\/span>Osza\u0142amiaj\u0105ce panoramy Morza \u015ar\u00f3dziemnego i g\u00f3rskie<br data-start=\"4242\" data-end=\"4245\" \/><span style=\"color: #ff0000;\"><strong>\u2022<\/strong> <\/span>Malownicza trasa przez Park Narodowy Beyda\u011flar\u0131<br data-start=\"4292\" data-end=\"4295\" \/><span style=\"color: #ff0000;\"><strong>\u2022<\/strong> <\/span>Czas wolny na tarasach widokowych i w kawiarni na szczycie<br data-start=\"4342\" data-end=\"4345\" \/><span style=\"color: #ff0000;\"><strong>\u2022<\/strong> <\/span>Idealna wycieczka dla mi\u0142o\u015bnik\u00f3w przyrody i fotografii<\/p>\n<h2>Czego mo\u017cna si\u0119 spodziewa\u0107 w kolejce linowej Belek Olympos Teleferik<\/h2>\n<p data-start=\"4422\" data-end=\"4614\">Tw\u00f3j dzie\u0144 rozpoczyna si\u0119 odbiorem z hotelu w Side lub okolicach. Zrelaksuj si\u0119 podczas malowniczej jazdy przez Park Narodowy Beyda\u011flar\u0131, zanim dotrzesz do stacji bazowej kolejki linowej Olympos.<\/p>\n<p data-start=\"4616\" data-end=\"4834\">Ciesz si\u0119 p\u0142ynnym wjazdem nowoczesn\u0105 kabin\u0105 kolejki linowej, wznosz\u0105c\u0105 si\u0119 na wysoko\u015b\u0107 2365 metr\u00f3w w oko\u0142o 10-12 minut. W miar\u0119 wznoszenia si\u0119 podziwiaj zapieraj\u0105ce dech w piersiach widoki las\u00f3w, g\u00f3r i rozci\u0105gaj\u0105cego si\u0119 poni\u017cej wybrze\u017ca Morza \u015ar\u00f3dziemnego.<\/p>\n<p data-start=\"4836\" data-end=\"5057\">Na szczycie, masz oko\u0142o godziny wolnego czasu na zwiedzanie platform widokowych, robienie zdj\u0119\u0107, wizyt\u0119 w sklepach z pami\u0105tkami lub po prostu relaks i cieszenie si\u0119 \u015bwie\u017cym g\u00f3rskim powietrzem. Nast\u0119pnie zjed\u017a kolejk\u0105 linow\u0105 i wr\u00f3\u0107 do hotelu.<\/p>\n<p class=\"mhm-jue-internal-links\">Szukasz wi\u0119cej przyg\u00f3d w okolicy? Zapoznaj si\u0119 z nasz\u0105 pe\u0142n\u0105 list\u0105 <a href=\"\/pl\/kierunki\/belek-wycieczki\/\">Wycieczki po Belek<\/a> lub sprawd\u017a <a href=\"\/pl\/wycieczki-2\/belek-land-of-legends-nocny-pokaz\/\">Wieczorny pokaz Land of Legends z Beleku<\/a> na kolejne niezapomniane prze\u017cycie.<\/p>\n<h3>\ud83e\udded Plan wycieczki<\/h3>\n<p data-start=\"5082\" data-end=\"5343\"><span style=\"color: #ff0000;\"><strong>\u2022<\/strong> <\/span>Odbi\u00f3r z hoteli w Side i okolicach<br data-start=\"5130\" data-end=\"5133\" \/><span style=\"color: #ff0000;\"><strong>\u2022<\/strong> <\/span>Malownicza trasa przez Park Narodowy Beyda\u011flar\u0131<br data-start=\"5180\" data-end=\"5183\" \/><span style=\"color: #ff0000;\"><strong>\u2022<\/strong> <\/span>Przyjazd na stacj\u0119 kolejki linowej Olympos<br data-start=\"5221\" data-end=\"5224\" \/><span style=\"color: #ff0000;\"><strong>\u2022<\/strong> <\/span>Przejazd kolejk\u0105 linow\u0105 na szczyt g\u00f3ry Tahtali<br data-start=\"5267\" data-end=\"5270\" \/><span style=\"color: #ff0000;\"><strong>\u2022<\/strong> <\/span>Czas wolny na szczycie (ok. 1 godzina)<br data-start=\"5312\" data-end=\"5315\" \/><span style=\"color: #ff0000;\"><strong>\u2022<\/strong> <\/span>Powrotny transfer do hotelu<\/p>\n<h3>\u2139\ufe0f Przydatne informacje<\/h3>\n<p data-start=\"5372\" data-end=\"5562\"><span style=\"color: #ff0000;\"><strong>\u2022<\/strong> <\/span>Czas trwania wycieczki: ok. 4\u20135 godzin<br data-start=\"5406\" data-end=\"5409\" \/><span style=\"color: #ff0000;\"><strong>\u2022<\/strong> <\/span>Czas przejazdu kolejk\u0105 linow\u0105: 10\u201312 minut<br data-start=\"5449\" data-end=\"5452\" \/><span style=\"color: #ff0000;\"><strong>\u2022<\/strong> <\/span>Ni\u017csze temperatury na szczycie<br data-start=\"5487\" data-end=\"5490\" \/><span style=\"color: #ff0000;\"><strong>\u2022<\/strong> <\/span>Dzieci jad\u0105ce gratis mog\u0105 nie otrzyma\u0107 osobnego miejsca w autobusie, je\u015bli jest on zape\u0142niony.<\/p>\n<p class=\"mhm-jue-external-link\">Dowiedz si\u0119 wi\u0119cej o miejscu docelowym na <a href=\"https:\/\/en.wikipedia.org\/wiki\/Tahtal%C4%B1_Da%C4%9F%C4%B1\" target=\"_blank\" rel=\"noopener\">Strona Tahtal\u0131 Da\u011f\u0131 w Wikipedii<\/a>.<\/p>\n<h3>\ud83c\udf92 Co zabra\u0107<\/h3>\n<p data-start=\"5586\" data-end=\"5675\"><span style=\"color: #ff0000;\"><strong>\u2022<\/strong> <\/span>Wygodne buty<br data-start=\"5605\" data-end=\"5608\" \/><span style=\"color: #ff0000;\"><strong>\u2022<\/strong> <\/span>Lekka kurtka lub sweter<br data-start=\"5633\" data-end=\"5636\" \/><span style=\"color: #ff0000;\"><strong>\u2022<\/strong> <\/span>Aparat czy smartfon<br data-start=\"5658\" data-end=\"5661\" \/><span style=\"color: #ff0000;\"><strong>\u2022<\/strong> <\/span>Okulary przeciws\u0142oneczne<\/p>\n<h3>\ud83d\udeab Nieodpowiednie dla<\/h3>\n<p data-start=\"5702\" data-end=\"5789\"><span style=\"color: #ff0000;\"><strong>\u2022<\/strong> <\/span>Go\u015bcie z l\u0119kiem wysoko\u015bci lub silnymi zawrotami g\u0142owy<br data-start=\"5749\" data-end=\"5752\" \/><span style=\"color: #ff0000;\"><strong>\u2022<\/strong> <\/span>Go\u015bcie z trudno\u015bciami w poruszaniu si\u0119<\/p>\n<h3>\ud83d\udcb8 Cena i Rezerwacja<\/h3>\n<p data-start=\"5817\" data-end=\"5973\"><span style=\"color: #ff0000;\"><strong>\u2022<\/strong> <\/span>Ceny mog\u0105 si\u0119 r\u00f3\u017cni\u0107 w zale\u017cno\u015bci od sezonu<br data-start=\"5844\" data-end=\"5847\" \/><span style=\"color: #ff0000;\"><strong>\u2022<\/strong> <\/span>Zarezerwuj teraz i zap\u0142a\u0107 w dniu wycieczki<br data-start=\"5888\" data-end=\"5891\" \/><span style=\"color: #ff0000;\"><strong>\u2022<\/strong> <\/span>Skontaktuj si\u0119 z nami przez WhatsApp, Telegram lub Viber, lub wype\u0142nij poni\u017cszy formularz rezerwacji<\/p>","protected":false},"excerpt":{"rendered":"<p>Wjed\u017a kolejk\u0105 linow\u0105 Olympos z Belek na g\u00f3r\u0119 Tahtal\u0131 na wysoko\u015b\u0107 2365 m. Ciesz si\u0119 panoramicznymi widokami, \u015bwie\u017cym powietrzem i transferami hotelowymi w cenie.<\/p>","protected":false},"featured_media":10850,"comment_status":"open","ping_status":"closed","template":"","meta":{"_acf_changed":false},"product_brand":[],"product_cat":[43],"product_tag":[66],"class_list":{"0":"post-11081","1":"product","2":"type-product","3":"status-publish","4":"has-post-thumbnail","6":"product_cat-belek","7":"product_tag-belek","9":"first","10":"instock","11":"sale","12":"featured","13":"shipping-taxable","14":"purchasable","15":"product-type-ovabrw_car_rental"},"acf":[],"aioseo_notices":[],"_links":{"self":[{"href":"https:\/\/joinusexcursions.com\/pl\/wp-json\/wp\/v2\/product\/11081","targetHints":{"allow":["GET"]}}],"collection":[{"href":"https:\/\/joinusexcursions.com\/pl\/wp-json\/wp\/v2\/product"}],"about":[{"href":"https:\/\/joinusexcursions.com\/pl\/wp-json\/wp\/v2\/types\/product"}],"replies":[{"embeddable":true,"href":"https:\/\/joinusexcursions.com\/pl\/wp-json\/wp\/v2\/comments?post=11081"}],"wp:featuredmedia":[{"embeddable":true,"href":"https:\/\/joinusexcursions.com\/pl\/wp-json\/wp\/v2\/media\/10850"}],"wp:attachment":[{"href":"https:\/\/joinusexcursions.com\/pl\/wp-json\/wp\/v2\/media?parent=11081"}],"wp:term":[{"taxonomy":"product_brand","embeddable":true,"href":"https:\/\/joinusexcursions.com\/pl\/wp-json\/wp\/v2\/product_brand?post=11081"},{"taxonomy":"product_cat","embeddable":true,"href":"https:\/\/joinusexcursions.com\/pl\/wp-json\/wp\/v2\/product_cat?post=11081"},{"taxonomy":"product_tag","embeddable":true,"href":"https:\/\/joinusexcursions.com\/pl\/wp-json\/wp\/v2\/product_tag?post=11081"}],"curies":[{"name":"wp","href":"https:\/\/api.w.org\/{rel}","templated":true}]}}