{"id":11086,"date":"2025-12-14T18:13:32","date_gmt":"2025-12-14T15:13:32","guid":{"rendered":"https:\/\/joinusexcursions.com\/?post_type=product&#038;p=11086"},"modified":"2026-04-18T03:39:31","modified_gmt":"2026-04-18T00:39:31","slug":"side-safari-quadem","status":"publish","type":"product","link":"https:\/\/joinusexcursions.com\/pl\/tours\/side-quad-safari\/","title":{"rendered":"Wycieczka Quadami po Bokach, Ekscytuj\u0105ca Przygoda w Terenie"},"content":{"rendered":"<p data-start=\"3331\" data-end=\"3505\">Prze\u017cyj pe\u0142ne adrenaliny safari quadami z Side i odkryj surowe G\u00f3ry Taurus. Przejed\u017a si\u0119 po zakurzonych \u015bcie\u017ckach, le\u015bnych trasach i b\u0142otnistych duktach z wliczonymi transferami z hotelu.<\/p>\n<h2>\ud83d\udea9 Przegl\u0105d Safari na Quadach<\/h2>\n<p data-start=\"3524\" data-end=\"3760\">Prze\u017cyj niezapomniane safari na quadach z transferem z Side, Kumk\u00f6y, Evrenseki, \u00c7olakl\u0131 i Manavgat. Przejed\u017a przez lasy, skalisty teren i koryta rzek w prowadzonej przygodzie, odpowiedniej dla pocz\u0105tkuj\u0105cych. Ca\u0142kowity czas trwania ok. 2,5\u20133 godziny.<\/p>\n<h3>\ud83c\udf86 Podsumowanie<\/h3>\n<p data-start=\"1076\" data-end=\"1360\"><strong><span style=\"color: #ff0000;\">\u2022<\/span> <\/strong>Przejed\u017a si\u0119 pot\u0119\u017cnym quadem po g\u00f3rach Taurus<br data-start=\"1127\" data-end=\"1130\" \/><strong><span style=\"color: #ff0000;\">\u2022<\/span> <\/strong>Przemierzaj le\u015bne \u015bcie\u017cki, piaszczyste drogi i kamieniste szlaki<br data-start=\"1182\" data-end=\"1185\" \/><strong><span style=\"color: #ff0000;\">\u2022<\/span> <\/strong>Pluskaj si\u0119 po b\u0142otnistym i nier\u00f3wnym terenie<br data-start=\"1226\" data-end=\"1229\" \/><strong><span style=\"color: #ff0000;\">\u2022<\/span> <\/strong>Post\u00f3j na sesj\u0119 zdj\u0119ciow\u0105 w malowniczym punkcie widokowym z panoram\u0105<br data-start=\"1273\" data-end=\"1276\" \/><strong><span style=\"color: #ff0000;\">\u2022<\/span> <\/strong>Orze\u017awiaj\u0105ca przerwa na k\u0105piel w kanionie<br data-start=\"1311\" data-end=\"1314\" \/><strong><span style=\"color: #ff0000;\">\u2022<\/span> <\/strong>Idealne dla pocz\u0105tkuj\u0105cych i mi\u0142o\u015bnik\u00f3w przyg\u00f3d<\/p>\n<h2>Czego mo\u017cna si\u0119 spodziewa\u0107 podczas safari na quadach<\/h2>\n<p data-start=\"4334\" data-end=\"4544\">Twoja wycieczka rozpoczyna si\u0119 od odbioru z hotelu w Side lub okolicznych miejscowo\u015bciach, a nast\u0119pnie malownicz\u0105 jazd\u0105 do bazy safari quadami. Po instrukta\u017cu bezpiecze\u0144stwa i je\u017adzie pr\u00f3bnej b\u0119dziesz gotowy na przygod\u0119 w terenie.<\/p>\n<p data-start=\"4546\" data-end=\"4722\">Przejed\u017a si\u0119 quadem po le\u015bnych \u015bcie\u017ckach, drogach gruntowych i kamienistych g\u00f3rskich szlakach. Poczuj emocje, poruszaj\u0105c si\u0119 po b\u0142otnistych terenach i nier\u00f3wnym pod\u0142o\u017cu, otoczony pi\u0119kn\u0105 przyrod\u0105.<\/p>\n<p data-start=\"4724\" data-end=\"4991\">Podczas wycieczki zaplanowano przerw\u0119 w malowniczym punkcie widokowym na zdj\u0119cia i odpoczynek. Druga cz\u0119\u015b\u0107 safari to trudniejsze trasy i ekscytuj\u0105ce zakr\u0119ty. Przygod\u0119 zako\u0144cz orze\u017awiaj\u0105c\u0105 k\u0105piel\u0105 w kanionie, a nast\u0119pnie powr\u00f3t do bazy i hotelu.<\/p>\n<p class=\"mhm-jue-internal-links\">Szukasz wi\u0119cej przyg\u00f3d w okolicy? Zapoznaj si\u0119 z nasz\u0105 pe\u0142n\u0105 list\u0105 <a href=\"\/pl\/kierunki\/side-wycieczki\/\">Wycieczki poboczne<\/a> lub sprawd\u017a <a href=\"\/pl\/wycieczki-2\/side-land-of-legends-nocny-pokaz\/\">Pokaz nocny w Land of Legends z Side<\/a> na kolejne niezapomniane prze\u017cycie.<\/p>\n<h3>\ud83e\udded Plan wycieczki<\/h3>\n<div data-start=\"5016\" data-end=\"5268\"><strong><span style=\"color: #ff0000;\">\u2022<\/span> <\/strong>Odbi\u00f3r z hoteli w Side i okolicach<\/div>\n<div data-start=\"2187\" data-end=\"2437\"><strong><span style=\"color: #ff0000;\">\u2022<\/span> <\/strong>Przybycie do bazy quad safari<br data-start=\"2273\" data-end=\"2276\" \/><strong><span style=\"color: #ff0000;\">\u2022<\/span> <\/strong>Odprawa bezpiecze\u0144stwa i jazda pr\u00f3bna<br data-start=\"2308\" data-end=\"2311\" \/><strong><span style=\"color: #ff0000;\">\u2022<\/span> <\/strong>Quad safari po g\u00f3rskich szlakach<br data-start=\"2348\" data-end=\"2351\" \/><strong><span style=\"color: #ff0000;\">\u2022<\/span> <\/strong>Przerwa na zdj\u0119cie z punktu widokowego<br data-start=\"2384\" data-end=\"2387\" \/><strong><span style=\"color: #ff0000;\">\u2022<\/span> <\/strong>Przerwa w p\u0142ywaniu w kanionie<br data-start=\"2406\" data-end=\"2409\" \/><strong><span style=\"color: #ff0000;\">\u2022<\/span> <\/strong>Powrotny transfer do hotelu<\/div>\n<h3>\u2139\ufe0f Przydatne informacje<\/h3>\n<p data-start=\"2466\" data-end=\"2653\"><strong><span style=\"color: #ff0000;\">\u2022<\/span> <\/strong>Nie wymagane prawo jazdy<br data-start=\"2495\" data-end=\"2498\" \/><strong><span style=\"color: #ff0000;\">\u2022<\/span> <\/strong>Odpowiednie dla pocz\u0105tkuj\u0105cych i do\u015bwiadczonych je\u017ad\u017ac\u00f3w<br data-start=\"2545\" data-end=\"2548\" \/><strong><span style=\"color: #ff0000;\">\u2022<\/span> <\/strong>Minimalny wiek kierowcy: 17<br data-start=\"2572\" data-end=\"2575\" \/><strong><span style=\"color: #ff0000;\">\u2022<\/span> <\/strong>Nier\u00f3wny teren \u2014 zalecana dobra r\u00f3wnowaga<br data-start=\"2618\" data-end=\"2621\" \/><strong><span style=\"color: #ff0000;\">\u2022<\/span> <\/strong>Sprz\u0119t ochronny jest zapewniony<\/p>\n<p class=\"mhm-jue-external-link\">Dowiedz si\u0119 wi\u0119cej o miejscu docelowym na <a href=\"https:\/\/en.wikipedia.org\/wiki\/Side,_Turkey\" target=\"_blank\" rel=\"noopener\">Side, Turcja Strona w Wikipedii<\/a>.<\/p>\n<h3>\ud83c\udf92 Co zabra\u0107<\/h3>\n<p data-start=\"2677\" data-end=\"2775\"><strong><span style=\"color: #ff0000;\">\u2022<\/span> <\/strong>Wygodne ubrania i buty<br data-start=\"2708\" data-end=\"2711\" \/><strong><span style=\"color: #ff0000;\">\u2022<\/span> <\/strong>R\u0119cznik i str\u00f3j k\u0105pielowy<br data-start=\"2731\" data-end=\"2734\" \/><strong><span style=\"color: #ff0000;\">\u2022<\/span> <\/strong>Krem do opalania<br data-start=\"2745\" data-end=\"2748\" \/><strong><span style=\"color: #ff0000;\">\u2022<\/span> <\/strong>Got\u00f3wka na dodatkowe wydatki<\/p>\n<h3>\ud83d\udeab Nieodpowiednie dla<\/h3>\n<p data-start=\"2802\" data-end=\"2854\"><strong><span style=\"color: #ff0000;\">\u2022<\/span> <\/strong>Ci\u0119\u017carne kobiety<br data-start=\"2818\" data-end=\"2821\" \/><strong><span style=\"color: #ff0000;\">\u2022<\/span> <\/strong>Go\u015bcie z problemami z poruszaniem si\u0119<\/p>\n<h3>\ud83d\udcb8 Cena i Rezerwacja<\/h3>\n<p data-start=\"2882\" data-end=\"3059\"><strong><span style=\"color: #ff0000;\">\u2022<\/span> <\/strong>Ceny r\u00f3\u017cni\u0105 si\u0119 w zale\u017cno\u015bci od sezonu i wielko\u015bci grupy<br data-start=\"2930\" data-end=\"2933\" \/><strong><span style=\"color: #ff0000;\">\u2022<\/span> <\/strong>Zarezerwuj teraz i zap\u0142a\u0107 w dniu wycieczki<br data-start=\"2974\" data-end=\"2977\" \/><strong><span style=\"color: #ff0000;\">\u2022<\/span> <\/strong>Skontaktuj si\u0119 z nami przez WhatsApp, Telegram lub Viber, lub wype\u0142nij poni\u017cszy formularz rezerwacji<\/p>","protected":false},"excerpt":{"rendered":"<p>Prze\u017cyj quad safari z Side w g\u00f3rach Taurus. Przejed\u017a po terenowych trasach, odkryj przyrod\u0119, pop\u0142ywaj w kanionie, a transfery hotelowe s\u0105 wliczone.<\/p>","protected":false},"featured_media":11085,"comment_status":"open","ping_status":"closed","template":"","meta":{"_acf_changed":false},"product_brand":[],"product_cat":[46],"product_tag":[68],"class_list":{"0":"post-11086","1":"product","2":"type-product","3":"status-publish","4":"has-post-thumbnail","6":"product_cat-side","7":"product_tag-side","9":"first","10":"instock","11":"sale","12":"featured","13":"shipping-taxable","14":"purchasable","15":"product-type-ovabrw_car_rental"},"acf":[],"aioseo_notices":[],"_links":{"self":[{"href":"https:\/\/joinusexcursions.com\/pl\/wp-json\/wp\/v2\/product\/11086","targetHints":{"allow":["GET"]}}],"collection":[{"href":"https:\/\/joinusexcursions.com\/pl\/wp-json\/wp\/v2\/product"}],"about":[{"href":"https:\/\/joinusexcursions.com\/pl\/wp-json\/wp\/v2\/types\/product"}],"replies":[{"embeddable":true,"href":"https:\/\/joinusexcursions.com\/pl\/wp-json\/wp\/v2\/comments?post=11086"}],"wp:featuredmedia":[{"embeddable":true,"href":"https:\/\/joinusexcursions.com\/pl\/wp-json\/wp\/v2\/media\/11085"}],"wp:attachment":[{"href":"https:\/\/joinusexcursions.com\/pl\/wp-json\/wp\/v2\/media?parent=11086"}],"wp:term":[{"taxonomy":"product_brand","embeddable":true,"href":"https:\/\/joinusexcursions.com\/pl\/wp-json\/wp\/v2\/product_brand?post=11086"},{"taxonomy":"product_cat","embeddable":true,"href":"https:\/\/joinusexcursions.com\/pl\/wp-json\/wp\/v2\/product_cat?post=11086"},{"taxonomy":"product_tag","embeddable":true,"href":"https:\/\/joinusexcursions.com\/pl\/wp-json\/wp\/v2\/product_tag?post=11086"}],"curies":[{"name":"wp","href":"https:\/\/api.w.org\/{rel}","templated":true}]}}