{"id":11093,"date":"2025-12-14T18:42:06","date_gmt":"2025-12-14T15:42:06","guid":{"rendered":"https:\/\/joinusexcursions.com\/?post_type=product&#038;p=11093"},"modified":"2026-04-13T19:36:11","modified_gmt":"2026-04-13T16:36:11","slug":"side-safari-jeepem","status":"publish","type":"product","link":"https:\/\/joinusexcursions.com\/pl\/tours\/side-jeep-safari\/","title":{"rendered":"Wycieczka jeepami po g\u00f3rach Taurus \u2013 Odkryj g\u00f3ry Taurus"},"content":{"rendered":"<p data-start=\"306\" data-end=\"502\">Do\u0142\u0105cz do wycieczki Side Jeep Safari i odkryj G\u00f3ry Taurus w pot\u0119\u017cnych jeepach 4x4. Odwied\u017a g\u00f3rskie wioski, p\u0142ywaj w rzekach, zjedz obiad z grilla i prze\u017cyj ca\u0142odniow\u0105 przygod\u0119 na \u0142onie natury.<\/p>\n<h2>\ud83d\ude99 Przegl\u0105d Jeep Safari po okolicy<\/h2>\n<p data-start=\"521\" data-end=\"807\">We\u017a udzia\u0142 w ekscytuj\u0105cym jeep safari z Side i odkryj dzikie pi\u0119kno g\u00f3r Taurus. Przejed\u017a le\u015bnymi \u015bcie\u017ckami, g\u00f3rskimi wioskami i korytami rzek w odkrytych jeepach 4x4. Ciesz si\u0119 malowniczymi przystankami na zdj\u0119cia, pysznym lunchem z grilla i orze\u017awiaj\u0105c\u0105 k\u0105piel\u0105 w rzece podczas tej pe\u0142nej zabawy, trwaj\u0105cej 7\u20138 godzin przygody.<\/p>\n<h3>\ud83c\udf1f Najwa\u017cniejsze informacje<\/h3>\n<p data-start=\"1043\" data-end=\"1324\"><span style=\"color: #ff0000;\"><strong>\u2022<\/strong> <\/span>Jazda terenowa przez lasy, drogi szutrowe i rzeki<br data-start=\"1100\" data-end=\"1103\" \/><span style=\"color: #ff0000;\"><strong>\u2022<\/strong> <\/span>Wizyta w tradycyjnej tureckiej wiosce g\u00f3rskiej<br data-start=\"1152\" data-end=\"1155\" \/><span style=\"color: #ff0000;\"><strong>\u2022<\/strong> <\/span>Punkt widokowy ze wspania\u0142ym krajobrazem i widokiem panoramicznym<br data-start=\"1196\" data-end=\"1199\" \/><span style=\"color: #ff0000;\"><strong>\u2022<\/strong> <\/span>Grill w otoczeniu przyrody<br data-start=\"1231\" data-end=\"1234\" \/><span style=\"color: #ff0000;\"><strong>\u2022<\/strong> <\/span>Orze\u017awiaj\u0105ca k\u0105piel w g\u00f3rskiej rzece<br data-start=\"1277\" data-end=\"1280\" \/><span style=\"color: #ff0000;\"><strong>\u2022<\/strong> <\/span>\u015awietna wodna bitwa mi\u0119dzy jeepami (opcjonalnie)<\/p>\n<h2>Czego mo\u017cna si\u0119 spodziewa\u0107 podczas Jeep Safari po bezdro\u017cach<\/h2>\n<div data-start=\"1373\" data-end=\"1664\">Twoja przygoda rozpoczyna si\u0119 od odbioru z hotelu w Side lub okolicach. Po spotkaniu z przyjaznymi kierowcami wyruszcie pot\u0119\u017cnymi jeepami 4x4 z otwartym dachem w kierunku g\u00f3r Taurus. Ciesz si\u0119 \u015bwie\u017cym g\u00f3rskim powietrzem, pi\u0119knymi krajobrazami i ekscytuj\u0105cymi trasami terenowymi przez lasy i nier\u00f3wny teren.<\/div>\n<div data-start=\"1666\" data-end=\"1867\">Po drodze zatrzymaj si\u0119 na malowniczych punktach widokowych, aby zrobi\u0107 zdj\u0119cia i odwied\u017a lokaln\u0105 wiosk\u0119, aby pozna\u0107 tradycyjne wiejskie \u017cycie. W po\u0142udnie zjedz pyszny lunch z grilla w wiejskiej restauracji otoczonej natur\u0105.<\/div>\n<div data-start=\"1869\" data-end=\"2149\">Po obiedzie zrelaksuj si\u0119 lub och\u0142od\u017a orze\u017awiaj\u0105c\u0105 k\u0105piel\u0105 w g\u00f3rskiej rzece. W drodze powrotnej we\u017a udzia\u0142 w opcjonalnej bitwie wodnej mi\u0119dzy jeepami \u2013 zabawna atrakcja, kt\u00f3ra sprawia, \u017ce safari jest niezapomniane. Na koniec wr\u00f3\u0107 do hotelu z niesamowitymi wspomnieniami o przygodzie i naturze.<\/div>\n<p class=\"mhm-jue-internal-links\">Szukasz wi\u0119cej przyg\u00f3d w okolicy? Zapoznaj si\u0119 z nasz\u0105 pe\u0142n\u0105 list\u0105 <a href=\"\/pl\/kierunki\/side-wycieczki\/\">Wycieczki poboczne<\/a> lub sprawd\u017a <a href=\"\/pl\/wycieczki-2\/side-land-of-legends-nocny-pokaz\/\">Pokaz nocny w Land of Legends z Side<\/a> na kolejne niezapomniane prze\u017cycie.<\/p>\n<h3>\ud83e\udded Plan wycieczki<\/h3>\n<p data-start=\"2137\" data-end=\"2397\"><span style=\"color: #ff0000;\"><strong>\u2022<\/strong> <\/span>Odbi\u00f3r z hoteli w Side<br data-start=\"2166\" data-end=\"2169\" \/><span style=\"color: #ff0000;\"><strong>\u2022<\/strong> <\/span>Jazda terenowa w g\u00f3ry Taurus<br data-start=\"2211\" data-end=\"2214\" \/><span style=\"color: #ff0000;\"><strong>\u2022<\/strong> <\/span>Wizyta w tradycyjnej g\u00f3rskiej wsi<br data-start=\"2255\" data-end=\"2258\" \/><span style=\"color: #ff0000;\"><strong>\u2022<\/strong> <\/span>Malownicze punkty widokowe<br data-start=\"2278\" data-end=\"2281\" \/><span style=\"color: #ff0000;\"><strong>\u2022<\/strong> <\/span>Grill w naturze<br data-start=\"2302\" data-end=\"2305\" \/><span style=\"color: #ff0000;\"><strong>\u2022<\/strong> <\/span>Przerwa na p\u0142ywanie w g\u00f3rskiej rzece<br data-start=\"2341\" data-end=\"2344\" \/><span style=\"color: #ff0000;\"><strong>\u2022<\/strong> <\/span>Opcjonalna bitwa wodna<br data-start=\"2366\" data-end=\"2369\" \/><span style=\"color: #ff0000;\"><strong>\u2022<\/strong> <\/span>Powrotny transfer do hotelu<\/p>\n<h3>\u2139\ufe0f Przydatne informacje<\/h3>\n<p data-start=\"2426\" data-end=\"2644\"><span style=\"color: #ff0000;\"><strong>\u2022<\/strong> <\/span>Czas trwania: ok. 6\u20137 godzin<br data-start=\"2455\" data-end=\"2458\" \/><span style=\"color: #ff0000;\"><strong>\u2022<\/strong> <\/span>Wycieczka prowadzona w jeepach safari bez dachu<br data-start=\"2499\" data-end=\"2502\" \/><span style=\"color: #ff0000;\"><strong>\u2022<\/strong> <\/span>Odpowiednie dla rodzin i mi\u0142o\u015bnik\u00f3w przyg\u00f3d<br data-start=\"2546\" data-end=\"2549\" \/><span style=\"color: #ff0000;\"><strong>\u2022<\/strong> <\/span>Umiarkowana aktywno\u015b\u0107 fizyczna<br data-start=\"2577\" data-end=\"2580\" \/><span style=\"color: #ff0000;\"><strong>\u2022<\/strong> <\/span>B\u0105d\u017a gotowy przy g\u0142\u00f3wnym wej\u015bciu do hotelu 10 minut przed odbiorem<\/p>\n<p class=\"mhm-jue-external-link\">Dowiedz si\u0119 wi\u0119cej o miejscu docelowym na <a href=\"https:\/\/en.wikipedia.org\/wiki\/Side,_Turkey\" target=\"_blank\" rel=\"noopener\">Side, Turcja Strona w Wikipedii<\/a>.<\/p>\n<h3>\ud83c\udf92 Co zabra\u0107<\/h3>\n<p data-start=\"2668\" data-end=\"2780\"><span style=\"color: #ff0000;\"><strong>\u2022<\/strong> <\/span>Wygodne ubrania i buty<br data-start=\"2699\" data-end=\"2702\" \/><span style=\"color: #ff0000;\"><strong>\u2022<\/strong> <\/span>Str\u00f3j k\u0105pielowy i r\u0119cznik<br data-start=\"2722\" data-end=\"2725\" \/><span style=\"color: #ff0000;\"><strong>\u2022<\/strong> <\/span>Krem do opalania<br data-start=\"2736\" data-end=\"2739\" \/><span style=\"color: #ff0000;\"><strong>\u2022<\/strong> <\/span>Got\u00f3wka na napoje i wydatki osobiste<\/p>\n<h3>\ud83d\udeab Nieodpowiednie dla<\/h3>\n<p data-start=\"2807\" data-end=\"2875\"><span style=\"color: #ff0000;\"><strong>\u2022<\/strong> <\/span>Ci\u0119\u017carne kobiety<br data-start=\"2823\" data-end=\"2826\" \/><span style=\"color: #ff0000;\"><strong>\u2022<\/strong> <\/span>Go\u015bcie z powa\u017cnymi problemami z kr\u0119gos\u0142upem lub mobilno\u015bci\u0105<\/p>\n<h3>\ud83d\udcb8 Cena i Rezerwacja<\/h3>\n<p data-start=\"2903\" data-end=\"3086\"><span style=\"color: #ff0000;\"><strong>\u2022<\/strong> <\/span>Ceny mog\u0105 si\u0119 r\u00f3\u017cni\u0107 w zale\u017cno\u015bci od sezonu i dost\u0119pno\u015bci<br data-start=\"2957\" data-end=\"2960\" \/><span style=\"color: #ff0000;\"><strong>\u2022<\/strong> <\/span>Zarezerwuj teraz i zap\u0142a\u0107 w dniu wycieczki<br data-start=\"3001\" data-end=\"3004\" \/><span style=\"color: #ff0000;\"><strong>\u2022<\/strong> <\/span>Skontaktuj si\u0119 z nami przez WhatsApp, Telegram lub Viber, lub wype\u0142nij poni\u017cszy formularz rezerwacji<\/p>","protected":false},"excerpt":{"rendered":"<p>Do\u0142\u0105cz do Jeep Safari z Side w g\u00f3rach Taurus. Przejed\u017a si\u0119 jeepami 4x4, odwied\u017a wioski, pop\u0142ywaj w rzekach, delektuj si\u0119 lunchem z grilla i skorzystaj z transfer\u00f3w hotelowych.<\/p>","protected":false},"featured_media":11092,"comment_status":"open","ping_status":"closed","template":"","meta":{"_acf_changed":false},"product_brand":[],"product_cat":[46],"product_tag":[66],"class_list":{"0":"post-11093","1":"product","2":"type-product","3":"status-publish","4":"has-post-thumbnail","6":"product_cat-side","7":"product_tag-belek","9":"first","10":"instock","11":"sale","12":"featured","13":"shipping-taxable","14":"purchasable","15":"product-type-ovabrw_car_rental"},"acf":[],"aioseo_notices":[],"_links":{"self":[{"href":"https:\/\/joinusexcursions.com\/pl\/wp-json\/wp\/v2\/product\/11093","targetHints":{"allow":["GET"]}}],"collection":[{"href":"https:\/\/joinusexcursions.com\/pl\/wp-json\/wp\/v2\/product"}],"about":[{"href":"https:\/\/joinusexcursions.com\/pl\/wp-json\/wp\/v2\/types\/product"}],"replies":[{"embeddable":true,"href":"https:\/\/joinusexcursions.com\/pl\/wp-json\/wp\/v2\/comments?post=11093"}],"wp:featuredmedia":[{"embeddable":true,"href":"https:\/\/joinusexcursions.com\/pl\/wp-json\/wp\/v2\/media\/11092"}],"wp:attachment":[{"href":"https:\/\/joinusexcursions.com\/pl\/wp-json\/wp\/v2\/media?parent=11093"}],"wp:term":[{"taxonomy":"product_brand","embeddable":true,"href":"https:\/\/joinusexcursions.com\/pl\/wp-json\/wp\/v2\/product_brand?post=11093"},{"taxonomy":"product_cat","embeddable":true,"href":"https:\/\/joinusexcursions.com\/pl\/wp-json\/wp\/v2\/product_cat?post=11093"},{"taxonomy":"product_tag","embeddable":true,"href":"https:\/\/joinusexcursions.com\/pl\/wp-json\/wp\/v2\/product_tag?post=11093"}],"curies":[{"name":"wp","href":"https:\/\/api.w.org\/{rel}","templated":true}]}}