{"id":11094,"date":"2025-12-14T18:51:23","date_gmt":"2025-12-14T15:51:23","guid":{"rendered":"https:\/\/joinusexcursions.com\/?post_type=product&#038;p=11094"},"modified":"2026-04-13T19:36:11","modified_gmt":"2026-04-13T16:36:11","slug":"kemer-wedkarstwo-morskie","status":"publish","type":"product","link":"https:\/\/joinusexcursions.com\/pl\/tours\/kemer-sea-fishing\/","title":{"rendered":"Wycieczka w\u0119dkarska po morzu z Kemer \u2013 \u015bniadanie i obiad w cenie"},"content":{"rendered":"<p data-start=\"306\" data-end=\"510\">Do\u0142\u0105cz do relaksuj\u0105cej wycieczki morskiej z Kemer i ciesz si\u0119 spokojn\u0105 wycieczk\u0105 \u0142odzi\u0105 po Morzu \u015ar\u00f3dziemnym. W cenie \u015bniadanie, sprz\u0119t w\u0119dkarski, postoje na k\u0105piel, lunch z Twoim po\u0142owem, transfer z hotelu i ubezpieczenie.<\/p>\n<h2>\ud83c\udfa3 Przegl\u0105d Kemer Morskiej W\u0119dkarskiej Wycieczki<\/h2>\n<p data-start=\"529\" data-end=\"791\">Wyrusz na spokojn\u0105 wypraw\u0119 w\u0119dkarsk\u0105 z Kemer i okolicznych miejscowo\u015bci. \u0141\u00f3w ryby w krystalicznie czystych wodach Morza \u015ar\u00f3dziemnego, p\u0142ywaj w zacisznych zatoczkach i delektuj si\u0119 \u015bniadaniem i lunchem na pok\u0142adzie. Ta p\u00f3\u0142dniowa wycieczka, idealna dla pocz\u0105tkuj\u0105cych i mi\u0142o\u015bnik\u00f3w przyrody, trwa oko\u0142o 4-6 godzin.<\/p>\n<h3>\ud83c\udf0a Wyr\u00f3\u017cnienia<\/h3>\n<p data-start=\"1102\" data-end=\"1294\"><strong><span style=\"color: #ff0000;\">\u2022<\/span> <\/strong>W\u0119dkowanie w przejrzystych wodach Morza \u015ar\u00f3dziemnego<br data-start=\"1141\" data-end=\"1144\" \/><strong><span style=\"color: #ff0000;\">\u2022<\/span> <\/strong>Malownicze widoki wybrze\u017ca z \u0142odzi<br data-start=\"1182\" data-end=\"1185\" \/><strong><span style=\"color: #ff0000;\">\u2022<\/span> <\/strong>P\u0142ywanie w cichych zatoczkach<br data-start=\"1216\" data-end=\"1219\" \/><strong><span style=\"color: #ff0000;\">\u2022<\/span> <\/strong>Profesjonalny sprz\u0119t w\u0119dkarski i wskaz\u00f3wki<br data-start=\"1259\" data-end=\"1262\" \/><strong><span style=\"color: #ff0000;\">\u2022<\/span> <\/strong>\u015awie\u017co z\u0142owione ryby przygotowane na pok\u0142adzie<\/p>\n<h2>Czego spodziewa\u0107 si\u0119 podczas wycieczki w\u0119dkarskiej po morzu w Kemer<\/h2>\n<div data-start=\"1321\" data-end=\"1559\">Tw\u00f3j dzie\u0144 rozpoczyna si\u0119 komfortowym odbiorem z hotelu w Kemer lub okolicach, a nast\u0119pnie transferem do mariny. Wejd\u017a na pok\u0142ad w pe\u0142ni wyposa\u017conej \u0142odzi rybackiej i zjedz pyszne \u015bniadanie podczas rejsu po spokojnym Morzu \u015ar\u00f3dziemnym.<\/div>\n<div data-start=\"1561\" data-end=\"1815\">Niezale\u017cnie od tego, czy jeste\u015b pocz\u0105tkuj\u0105cym, czy do\u015bwiadczonym w\u0119dkarzem, przyjazna za\u0142oga zapewnia ca\u0142y niezb\u0119dny sprz\u0119t i instrukcje, kt\u00f3re pomog\u0105 Ci cieszy\u0107 si\u0119 t\u0105 aktywno\u015bci\u0105. Gdy \u0142\u00f3d\u017a zakotwiczy w najlepszych \u0142owiskach, spr\u00f3buj swojego szcz\u0119\u015bcia, ch\u0142on\u0105c spokojn\u0105 atmosfer\u0119 morza.<\/div>\n<div data-start=\"1817\" data-end=\"2119\">Podczas wycieczki zatrzymaj si\u0119 w zacisznych zatoczkach, aby pop\u0142ywa\u0107 w turkusowych wodach. Na lunch zjedz \u015bwie\u017co przygotowany posi\u0142ek na pok\u0142adzie, w tym z\u0142owione tego dnia ryby, je\u015bli chcesz. Po relaksuj\u0105cym i przyjemnym do\u015bwiadczeniu na morzu, wr\u00f3\u0107 do mariny i udaj si\u0119 z powrotem do hotelu z cudownymi wspomnieniami.<\/div>\n<p class=\"mhm-jue-internal-links\">Szukasz wi\u0119cej przyg\u00f3d w okolicy? Zapoznaj si\u0119 z nasz\u0105 pe\u0142n\u0105 list\u0105 <a href=\"\/pl\/kierunki\/kemer-wycieczki\/\">Wycieczki z Kemer<\/a> lub sprawd\u017a <a href=\"\/pl\/wycieczki-2\/kemer-suluada-zachod-slonca-rejs\/\">Kemer: Wycieczka \u0142odzi\u0105 na wysp\u0119 Suluada z zachodem s\u0142o\u0144ca i kolacj\u0105<\/a> na kolejne niezapomniane prze\u017cycie.<\/p>\n<h3>\ud83e\udded Plan wycieczki<\/h3>\n<p data-start=\"2144\" data-end=\"2409\"><strong><span style=\"color: #ff0000;\">\u2022<\/span> <\/strong>Odbi\u00f3r z hoteli w Kemer i okolicach<br data-start=\"2195\" data-end=\"2198\" \/><strong><span style=\"color: #ff0000;\">\u2022<\/span> <\/strong>Przybycie do mariny w Kemer i wej\u015bcie na pok\u0142ad<br data-start=\"2236\" data-end=\"2239\" \/><strong><span style=\"color: #ff0000;\">\u2022<\/span> <\/strong>\u015aniadanie na pok\u0142adzie<br data-start=\"2258\" data-end=\"2261\" \/><strong><span style=\"color: #ff0000;\">\u2022<\/span> <\/strong>W\u0119dkarstwo ze sprz\u0119tem i instrukta\u017cem<br data-start=\"2301\" data-end=\"2304\" \/><strong><span style=\"color: #ff0000;\">\u2022<\/span> <\/strong>P\u0142ywanie zatrzymuje si\u0119 w malowniczych zatoczkach<br data-start=\"2335\" data-end=\"2338\" \/><strong><span style=\"color: #ff0000;\">\u2022<\/span> <\/strong>Lunch na pok\u0142adzie (\u015bwie\u017co z\u0142owiona ryba opcjonalnie)<br data-start=\"2376\" data-end=\"2379\" \/><strong><span style=\"color: #ff0000;\">\u2022<\/span> <\/strong>Wr\u00f3\u0107 do mariny i hotelu<\/p>\n<h3>\u2139\ufe0f Przydatne informacje<\/h3>\n<p data-start=\"2438\" data-end=\"2649\"><strong><span style=\"color: #ff0000;\">\u2022<\/span> <\/strong>Czas trwania: ok. 4\u20136 godzin (wycieczka p\u00f3\u0142dniowa)<br data-start=\"2483\" data-end=\"2486\" \/><strong><span style=\"color: #ff0000;\">\u2022<\/span> <\/strong>Niska do umiarkowana aktywno\u015b\u0107 fizyczna<br data-start=\"2521\" data-end=\"2524\" \/><strong><span style=\"color: #ff0000;\">\u2022<\/span> <\/strong>Dzieci poni\u017cej 5 roku \u017cycia podr\u00f3\u017cuj\u0105 bezp\u0142atnie (bez oddzielnego miejsca siedz\u0105cego)<br data-start=\"2573\" data-end=\"2576\" \/><strong><span style=\"color: #ff0000;\">\u2022<\/span> <\/strong>Dania wegetaria\u0144skie dost\u0119pne na \u017cyczenie<br data-start=\"2617\" data-end=\"2620\" \/><strong><span style=\"color: #ff0000;\">\u2022<\/span> <\/strong>Wycieczka jest zale\u017cna od pogody<\/p>\n<p class=\"mhm-jue-external-link\">Dowiedz si\u0119 wi\u0119cej o miejscu docelowym na <a href=\"https:\/\/en.wikipedia.org\/wiki\/Kemer\" target=\"_blank\" rel=\"noopener\">Strona Wikipedii Kemer<\/a>.<\/p>\n<h3>\ud83c\udf92 Co zabra\u0107<\/h3>\n<p data-start=\"2673\" data-end=\"2797\"><strong><span style=\"color: #ff0000;\">\u2022<\/span> <\/strong>Wygodne ubrania<br data-start=\"2694\" data-end=\"2697\" \/><strong><span style=\"color: #ff0000;\">\u2022<\/span> <\/strong>Str\u00f3j k\u0105pielowy i r\u0119cznik<br data-start=\"2717\" data-end=\"2720\" \/><strong><span style=\"color: #ff0000;\">\u2022<\/span> <\/strong>Krem z filtrem i kapelusz<br data-start=\"2739\" data-end=\"2742\" \/><strong><span style=\"color: #ff0000;\">\u2022<\/span> <\/strong>Aparat czy smartfon<br data-start=\"2764\" data-end=\"2767\" \/><strong><span style=\"color: #ff0000;\">\u2022<\/span> <\/strong>Got\u00f3wka na wydatki osobiste<\/p>\n<h3>\ud83d\udeab Nieodpowiednie dla<\/h3>\n<p data-start=\"2824\" data-end=\"2862\"><strong><span style=\"color: #ff0000;\">\u2022<\/span> <\/strong>Go\u015bcie z siln\u0105 chorob\u0105 lokomocyjn\u0105<\/p>\n<h3>\ud83d\udcb8 Cena i Rezerwacja<\/h3>\n<p data-start=\"2890\" data-end=\"3073\"><strong><span style=\"color: #ff0000;\">\u2022<\/span> <\/strong>Ceny mog\u0105 si\u0119 r\u00f3\u017cni\u0107 w zale\u017cno\u015bci od sezonu i dost\u0119pno\u015bci<br data-start=\"2944\" data-end=\"2947\" \/><strong><span style=\"color: #ff0000;\">\u2022<\/span> <\/strong>Zarezerwuj teraz i zap\u0142a\u0107 w dniu wycieczki<br data-start=\"2988\" data-end=\"2991\" \/><strong><span style=\"color: #ff0000;\">\u2022<\/span> <\/strong>Skontaktuj si\u0119 z nami przez WhatsApp, Telegram lub Viber, lub wype\u0142nij poni\u017cszy formularz rezerwacji<\/p>","protected":false},"excerpt":{"rendered":"<p>Wybierz si\u0119 na morsk\u0105 wycieczk\u0119 w\u0119dkarsk\u0105 z Kemer z wliczonym \u015bniadaniem, lunchem, postojami na k\u0105piel i sprz\u0119tem w\u0119dkarskim. Zrelaksuj si\u0119 na Morzu \u015ar\u00f3dziemnym z wliczonym transportem z hotelu.<\/p>","protected":false},"featured_media":11095,"comment_status":"open","ping_status":"closed","template":"","meta":{"_acf_changed":false},"product_brand":[],"product_cat":[37],"product_tag":[65],"class_list":{"0":"post-11094","1":"product","2":"type-product","3":"status-publish","4":"has-post-thumbnail","6":"product_cat-kemer","7":"product_tag-kemer","9":"first","10":"instock","11":"sale","12":"featured","13":"shipping-taxable","14":"purchasable","15":"product-type-ovabrw_car_rental"},"acf":[],"aioseo_notices":[],"_links":{"self":[{"href":"https:\/\/joinusexcursions.com\/pl\/wp-json\/wp\/v2\/product\/11094","targetHints":{"allow":["GET"]}}],"collection":[{"href":"https:\/\/joinusexcursions.com\/pl\/wp-json\/wp\/v2\/product"}],"about":[{"href":"https:\/\/joinusexcursions.com\/pl\/wp-json\/wp\/v2\/types\/product"}],"replies":[{"embeddable":true,"href":"https:\/\/joinusexcursions.com\/pl\/wp-json\/wp\/v2\/comments?post=11094"}],"wp:featuredmedia":[{"embeddable":true,"href":"https:\/\/joinusexcursions.com\/pl\/wp-json\/wp\/v2\/media\/11095"}],"wp:attachment":[{"href":"https:\/\/joinusexcursions.com\/pl\/wp-json\/wp\/v2\/media?parent=11094"}],"wp:term":[{"taxonomy":"product_brand","embeddable":true,"href":"https:\/\/joinusexcursions.com\/pl\/wp-json\/wp\/v2\/product_brand?post=11094"},{"taxonomy":"product_cat","embeddable":true,"href":"https:\/\/joinusexcursions.com\/pl\/wp-json\/wp\/v2\/product_cat?post=11094"},{"taxonomy":"product_tag","embeddable":true,"href":"https:\/\/joinusexcursions.com\/pl\/wp-json\/wp\/v2\/product_tag?post=11094"}],"curies":[{"name":"wp","href":"https:\/\/api.w.org\/{rel}","templated":true}]}}