{"id":11103,"date":"2025-12-14T19:06:28","date_gmt":"2025-12-14T16:06:28","guid":{"rendered":"https:\/\/joinusexcursions.com\/?post_type=product&#038;p=11103"},"modified":"2026-04-13T19:36:11","modified_gmt":"2026-04-13T16:36:11","slug":"antalya-wedkarstwo-morskie","status":"publish","type":"product","link":"https:\/\/joinusexcursions.com\/pl\/tours\/antalya-sea-fishing\/","title":{"rendered":"Antalya Wycieczka na Po\u0142\u00f3w Ryb Morskich \u2013 All Inclusive"},"content":{"rendered":"<p data-start=\"283\" data-end=\"486\">Zarezerwuj wycieczk\u0119 w\u0119dkarsk\u0105 do Antalyi i ciesz si\u0119 relaksuj\u0105cym \u0142owieniem w g\u0142\u0119binach Morza \u015ar\u00f3dziemnego. Z\u0142\u00f3w w\u0142asn\u0105 ryb\u0119, grilluj j\u0105 na lunch i ciesz si\u0119 p\u00f3\u0142dniow\u0105 wycieczk\u0105 \u0142odzi\u0105 z transportem hotelowym w cenie.<\/p>\n<h2>\ud83c\udfa3 Przegl\u0105d wycieczki w\u0119dkarskiej na morzu w Antalyi<\/h2>\n<p data-start=\"505\" data-end=\"786\">Wybierz si\u0119 na p\u00f3\u0142dniow\u0105 przygod\u0119 z w\u0119dkowaniem na pe\u0142nym morzu z Antalyi i do\u015bwiadcz spokojnego pi\u0119kna Morza \u015ar\u00f3dziemnego. Ta wycieczka, odpowiednia zar\u00f3wno dla pocz\u0105tkuj\u0105cych, jak i do\u015bwiadczonych w\u0119dkarzy, \u0142\u0105czy w sobie w\u0119dkowanie, malownicze widoki i pyszny grillowany lunch na pok\u0142adzie. Ca\u0142kowity czas trwania wynosi oko\u0142o 5\u20135,5 godziny.<\/p>\n<h3>\ud83c\udf1f Najwa\u017cniejsze informacje<\/h3>\n<p data-start=\"1071\" data-end=\"1299\"><span style=\"color: #ff0000;\"><strong>\u2022<\/strong> <\/span>Z\u0142ap i grilluj swoj\u0105 w\u0142asn\u0105 ryb\u0119 na obiad<br data-start=\"1112\" data-end=\"1115\" \/><span style=\"color: #ff0000;\"><strong>\u2022<\/strong> <\/span>Profesjonalne doradztwo z nowoczesnym sprz\u0119tem w\u0119dkarskim<br data-start=\"1162\" data-end=\"1165\" \/><span style=\"color: #ff0000;\"><strong>\u2022<\/strong> <\/span>W\u0119dkarstwo g\u0142\u0119binowe do 60 metr\u00f3w<br data-start=\"1199\" data-end=\"1202\" \/><span style=\"color: #ff0000;\"><strong>\u2022<\/strong> <\/span>Malownicze widoki na wybrze\u017ce Antalyi i g\u00f3ry Taurus<br data-start=\"1258\" data-end=\"1261\" \/><span style=\"color: #ff0000;\"><strong>\u2022<\/strong> <\/span>Kameralne do\u015bwiadczenie dla komfortu<\/p>\n<h2>Czego mo\u017cna si\u0119 spodziewa\u0107 podczas wycieczki na w\u0119dkowanie na morzu w Antalyi<\/h2>\n<p data-start=\"1326\" data-end=\"1545\">Tw\u00f3j dzie\u0144 rozpoczyna si\u0119 komfortowym odbiorem z hotelu w Antalyi, a nast\u0119pnie transferem do mariny. Po kr\u00f3tkim wst\u0119pie dotycz\u0105cym bezpiecze\u0144stwa i \u0142owienia od Twojego przyjaznego kapitana, wyruszysz na otwarte Morze \u015ar\u00f3dziemne.<\/p>\n<p data-start=\"1547\" data-end=\"1794\">Ryby \u0142owione na g\u0142\u0119binowych \u0142owiskach do 60 metr\u00f3w przy u\u017cyciu nowoczesnego sprz\u0119tu i system\u00f3w sonarowych. Niezale\u017cnie od tego, czy jeste\u015b pocz\u0105tkuj\u0105cym, czy do\u015bwiadczonym w\u0119dkarzem, Tw\u00f3j przewodnik b\u0119dzie Ci towarzyszy\u0142 przez ca\u0142e do\u015bwiadczenie, zapewniaj\u0105c przyjemny i relaksuj\u0105cy czas na wodzie.<\/p>\n<p data-start=\"1796\" data-end=\"2081\">Po zako\u0144czeniu po\u0142ow\u00f3w, rozkoszuj si\u0119 \u015bwie\u017co z\u0142owionymi rybami grillowanymi na pok\u0142adzie, podanymi jako pyszny lunch podczas rejsu wzd\u0142u\u017c pi\u0119knego wybrze\u017ca. Po czasie na relaks i cieszenie si\u0119 morsk\u0105 bryz\u0105, wr\u00f3\u0107 do portu i wr\u00f3\u0107 do hotelu z niezapomnianymi wspomnieniami.<\/p>\n<p class=\"mhm-jue-internal-links\">Szukasz wi\u0119cej przyg\u00f3d w okolicy? Zapoznaj si\u0119 z nasz\u0105 pe\u0142n\u0105 list\u0105 <a href=\"\/pl\/kierunki\/antalya-wycieczki\/\">Wycieczki Antalya<\/a> lub sprawd\u017a <a href=\"\/pl\/wycieczki-2\/antalya-suluada-zachod-slonca-rejs\/\">Rejs statkiem na zach\u00f3d s\u0142o\u0144ca na wysp\u0119 Suluada z Antalyi z kolacj\u0105<\/a> na kolejne niezapomniane prze\u017cycie.<\/p>\n<h3>\ud83e\udded Plan wycieczki<\/h3>\n<p data-start=\"2106\" data-end=\"2309\"><span style=\"color: #ff0000;\"><strong>\u2022<\/strong> <\/span>Odbi\u00f3r z hoteli w Antalyi (oko\u0142o 07:30)<br data-start=\"2149\" data-end=\"2152\" \/><span style=\"color: #ff0000;\"><strong>\u2022<\/strong> <\/span>Odprawa w marinie<br data-start=\"2184\" data-end=\"2187\" \/><span style=\"color: #ff0000;\"><strong>\u2022<\/strong> <\/span>3\u20134 godziny w\u0119dkowania na otwartym morzu<br data-start=\"2218\" data-end=\"2221\" \/><span style=\"color: #ff0000;\"><strong>\u2022<\/strong> <\/span>Grilluj i delektuj si\u0119 swoim po\u0142\u00f3w na lunch<br data-start=\"2259\" data-end=\"2262\" \/><span style=\"color: #ff0000;\"><strong>\u2022<\/strong> <\/span>Powr\u00f3t statku wycieczkowego do portu<br data-start=\"2288\" data-end=\"2291\" \/><span style=\"color: #ff0000;\"><strong>\u2022<\/strong> <\/span>Zrzut do hotelu<\/p>\n<h3>\u2139\ufe0f Przydatne informacje<\/h3>\n<p data-start=\"2438\" data-end=\"2649\"><strong><span style=\"color: #ff0000;\">\u2022<\/span> <\/strong>Czas trwania: ok. 4\u20136 godzin (wycieczka p\u00f3\u0142dniowa)<br data-start=\"2483\" data-end=\"2486\" \/><strong><span style=\"color: #ff0000;\">\u2022<\/span> <\/strong>Niska do umiarkowana aktywno\u015b\u0107 fizyczna<br data-start=\"2521\" data-end=\"2524\" \/><strong><span style=\"color: #ff0000;\">\u2022<\/span> <\/strong>Dzieci poni\u017cej 5 roku \u017cycia podr\u00f3\u017cuj\u0105 bezp\u0142atnie (bez oddzielnego miejsca siedz\u0105cego)<br data-start=\"2573\" data-end=\"2576\" \/><strong><span style=\"color: #ff0000;\">\u2022<\/span> <\/strong>Dania wegetaria\u0144skie dost\u0119pne na \u017cyczenie<br data-start=\"2617\" data-end=\"2620\" \/><strong><span style=\"color: #ff0000;\">\u2022<\/span> <\/strong>Wycieczka jest zale\u017cna od pogody<\/p>\n<p class=\"mhm-jue-external-link\">Dowiedz si\u0119 wi\u0119cej o miejscu docelowym na <a href=\"https:\/\/en.wikipedia.org\/wiki\/Antalya\" target=\"_blank\" rel=\"noopener\">Strona Wikipedii o Antalyi<\/a>.<\/p>\n<h3>\ud83c\udf92 Co zabra\u0107<\/h3>\n<p data-start=\"2673\" data-end=\"2797\"><strong><span style=\"color: #ff0000;\">\u2022<\/span> <\/strong>Wygodne ubrania<br data-start=\"2694\" data-end=\"2697\" \/><strong><span style=\"color: #ff0000;\">\u2022<\/span> <\/strong>Str\u00f3j k\u0105pielowy i r\u0119cznik<br data-start=\"2717\" data-end=\"2720\" \/><strong><span style=\"color: #ff0000;\">\u2022<\/span> <\/strong>Krem z filtrem i kapelusz<br data-start=\"2739\" data-end=\"2742\" \/><strong><span style=\"color: #ff0000;\">\u2022<\/span> <\/strong>Aparat czy smartfon<br data-start=\"2764\" data-end=\"2767\" \/><strong><span style=\"color: #ff0000;\">\u2022<\/span> <\/strong>Got\u00f3wka na wydatki osobiste<\/p>\n<h3>\ud83d\udeab Nieodpowiednie dla<\/h3>\n<p data-start=\"2824\" data-end=\"2862\"><strong><span style=\"color: #ff0000;\">\u2022<\/span> <\/strong>Go\u015bcie z siln\u0105 chorob\u0105 lokomocyjn\u0105<\/p>\n<h3>\ud83d\udcb8 Cena i Rezerwacja<\/h3>\n<p data-start=\"2890\" data-end=\"3073\"><strong><span style=\"color: #ff0000;\">\u2022<\/span> <\/strong>Ceny mog\u0105 si\u0119 r\u00f3\u017cni\u0107 w zale\u017cno\u015bci od sezonu i dost\u0119pno\u015bci<br data-start=\"2944\" data-end=\"2947\" \/><strong><span style=\"color: #ff0000;\">\u2022<\/span> <\/strong>Zarezerwuj teraz i zap\u0142a\u0107 w dniu wycieczki<br data-start=\"2988\" data-end=\"2991\" \/><strong><span style=\"color: #ff0000;\">\u2022<\/span> <\/strong>Skontaktuj si\u0119 z nami przez WhatsApp, Telegram lub Viber, lub wype\u0142nij poni\u017cszy formularz rezerwacji<\/p>","protected":false},"excerpt":{"rendered":"<p>Do\u0142\u0105cz do wyprawy na po\u0142\u00f3w ryb g\u0142\u0119binowych z Antalyi. Z\u0142\u00f3w i grilluj w\u0142asne ryby, ciesz si\u0119 \u015bniadaniem i lunchem na pok\u0142adzie z wliczonym transferem hotelowym.<\/p>","protected":false},"featured_media":11095,"comment_status":"open","ping_status":"closed","template":"","meta":{"_acf_changed":false},"product_brand":[],"product_cat":[32],"product_tag":[69],"class_list":{"0":"post-11103","1":"product","2":"type-product","3":"status-publish","4":"has-post-thumbnail","6":"product_cat-antalya","7":"product_tag-antalya","9":"first","10":"instock","11":"sale","12":"featured","13":"shipping-taxable","14":"purchasable","15":"product-type-ovabrw_car_rental"},"acf":[],"aioseo_notices":[],"_links":{"self":[{"href":"https:\/\/joinusexcursions.com\/pl\/wp-json\/wp\/v2\/product\/11103","targetHints":{"allow":["GET"]}}],"collection":[{"href":"https:\/\/joinusexcursions.com\/pl\/wp-json\/wp\/v2\/product"}],"about":[{"href":"https:\/\/joinusexcursions.com\/pl\/wp-json\/wp\/v2\/types\/product"}],"replies":[{"embeddable":true,"href":"https:\/\/joinusexcursions.com\/pl\/wp-json\/wp\/v2\/comments?post=11103"}],"wp:featuredmedia":[{"embeddable":true,"href":"https:\/\/joinusexcursions.com\/pl\/wp-json\/wp\/v2\/media\/11095"}],"wp:attachment":[{"href":"https:\/\/joinusexcursions.com\/pl\/wp-json\/wp\/v2\/media?parent=11103"}],"wp:term":[{"taxonomy":"product_brand","embeddable":true,"href":"https:\/\/joinusexcursions.com\/pl\/wp-json\/wp\/v2\/product_brand?post=11103"},{"taxonomy":"product_cat","embeddable":true,"href":"https:\/\/joinusexcursions.com\/pl\/wp-json\/wp\/v2\/product_cat?post=11103"},{"taxonomy":"product_tag","embeddable":true,"href":"https:\/\/joinusexcursions.com\/pl\/wp-json\/wp\/v2\/product_tag?post=11103"}],"curies":[{"name":"wp","href":"https:\/\/api.w.org\/{rel}","templated":true}]}}