{"id":11104,"date":"2025-12-14T19:31:52","date_gmt":"2025-12-14T16:31:52","guid":{"rendered":"https:\/\/joinusexcursions.com\/?post_type=product&#038;p=11104"},"modified":"2026-04-13T19:36:11","modified_gmt":"2026-04-13T16:36:11","slug":"belek-wedkarstwo-morskie","status":"publish","type":"product","link":"https:\/\/joinusexcursions.com\/pl\/tours\/belek-sea-fishing\/","title":{"rendered":"W\u0119dkowanie Morskie w Belek \u2013 All Inclusive"},"content":{"rendered":"<p data-start=\"263\" data-end=\"423\">Zarezerwuj Wycieczk\u0119 W\u0119dkarsk\u0105 do Belek i ciesz si\u0119 spokojnym w\u0119dkowaniem na g\u0142\u0119binach Morza \u015ar\u00f3dziemnego. W cenie \u015bniadanie, obiad, sprz\u0119t w\u0119dkarski i transfer z hotelu.<\/p>\n<h2>\ud83c\udfa3 Przegl\u0105d wycieczki w\u0119dkarskiej na Morzu w Belek<\/h2>\n<p data-start=\"442\" data-end=\"738\">Ucieknij od gwarnej atmosfery kurortu i ciesz si\u0119 spokojn\u0105 przygod\u0105 w\u0119dkarsk\u0105 z wycieczk\u0105 w\u0119dkarsk\u0105 Belek. Ta wycieczka, odpowiednia zar\u00f3wno dla pocz\u0105tkuj\u0105cych, jak i do\u015bwiadczonych w\u0119dkarzy, \u0142\u0105czy relaks, przyrod\u0119 i sport. Sp\u0119d\u017a orze\u017awiaj\u0105cy dzie\u0144 na morzu z kapitanem-ekspertem, kt\u00f3ry poprowadzi Ci\u0119 do najlepszych \u0142owisk.<\/p>\n<h3>\ud83c\udf1f<\/h3>\n<h3>\ud83c\udf0a Atrakcje wycieczki<\/h3>\n<p data-start=\"1074\" data-end=\"1370\"><strong><span style=\"color: #ff0000;\">\u2022<\/span> <\/strong>Profesjonalne wskaz\u00f3wki od zawodowego kapitana w\u0119dkarskiego<br data-start=\"1127\" data-end=\"1130\" \/><strong><span style=\"color: #ff0000;\">\u2022<\/span> <\/strong>Po\u0142\u00f3w g\u0142\u0119binowy na g\u0142\u0119boko\u015bci od 30 do 60 metr\u00f3w<br data-start=\"1174\" data-end=\"1177\" \/><strong><span style=\"color: #ff0000;\">\u2022<\/span> <\/strong>\u0141\u00f3w r\u00f3\u017cne gatunki, takie jak labraks, tu\u0144czyk, kalmar i o\u015bmiornica<br data-start=\"1240\" data-end=\"1243\" \/><strong><span style=\"color: #ff0000;\">\u2022<\/span> <\/strong>P\u0142ywaj i relaksuj si\u0119 w krystalicznie czystych wodach Morza \u015ar\u00f3dziemnego<br data-start=\"1297\" data-end=\"1300\" \/><strong><span style=\"color: #ff0000;\">\u2022<\/span> <\/strong>Osobiste do\u015bwiadczenie w ma\u0142ej grupie na pok\u0142adzie tradycyjnej \u0142odzi rybackiej<\/p>\n<h2>Czego mo\u017cna si\u0119 spodziewa\u0107 podczas wycieczki w\u0119dkarskiej na morzu w Belek<\/h2>\n<div data-start=\"1397\" data-end=\"1583\">Tw\u00f3j dzie\u0144 rozpoczyna si\u0119 odbiorem z hotelu w Belek, a nast\u0119pnie transferem do mariny. Poznaj swojego przyjaznego kapitana i za\u0142og\u0119, a nast\u0119pnie wyp\u0142y\u0144 na morze na pok\u0142adzie tradycyjnej \u0142odzi rybackiej.<\/div>\n<div data-start=\"1585\" data-end=\"1849\">Do\u015bwiadczony kapitan poprowadzi Ci\u0119 do najlepszych \u0142owisk, gdzie b\u0119dziesz \u0142owi\u0107 na g\u0142\u0119boko\u015bci od 30 do 60 metr\u00f3w, u\u017cywaj\u0105c wysokiej jako\u015bci sprz\u0119tu. Niezale\u017cnie od tego, czy jeste\u015b pocz\u0105tkuj\u0105cym, czy do\u015bwiadczonym w\u0119dkarzem, za\u0142oga zapewni udane i przyjemne wra\u017cenia.<\/div>\n<div data-start=\"1851\" data-end=\"2003\">Podczas rejsu zjedz pyszne \u015bniadanie i obiad serwowane na pok\u0142adzie. B\u0119dziesz mia\u0142 r\u00f3wnie\u017c okazj\u0119 pop\u0142ywa\u0107 i zrelaksowa\u0107 si\u0119 w osza\u0142amiaj\u0105cych wodach Morza \u015ar\u00f3dziemnego.<\/div>\n<div data-start=\"2005\" data-end=\"2145\">Po porannym w\u0119dkowaniu, wr\u00f3\u0107 do mariny i udaj si\u0119 do hotelu z niezapomnianymi wspomnieniami i satysfakcj\u0105 z po\u0142owu.<\/div>\n<p class=\"mhm-jue-internal-links\">Szukasz wi\u0119cej przyg\u00f3d w okolicy? Zapoznaj si\u0119 z nasz\u0105 pe\u0142n\u0105 list\u0105 <a href=\"\/pl\/kierunki\/belek-wycieczki\/\">Wycieczki po Belek<\/a> lub sprawd\u017a <a href=\"\/pl\/wycieczki-2\/belek-land-of-legends-nocny-pokaz\/\">Wieczorny pokaz Land of Legends z Beleku<\/a> na kolejne niezapomniane prze\u017cycie.<\/p>\n<h3>\ud83e\udded Plan wycieczki<\/h3>\n<p data-start=\"2170\" data-end=\"2443\"><strong><span style=\"color: #ff0000;\">\u2022<\/span> <\/strong>06:45 Rano \u2013 Odbi\u00f3r z hoteli w Belek<br data-start=\"2207\" data-end=\"2210\" \/><strong><span style=\"color: #ff0000;\">\u2022<\/span> <\/strong>Spotkaj si\u0119 z kapitanem i za\u0142og\u0105 w marinie<br data-start=\"2252\" data-end=\"2255\" \/><strong><span style=\"color: #ff0000;\">\u2022<\/span> <\/strong>Udaj si\u0119 do najlepszych \u0142owisk na po\u0142\u00f3w ryb g\u0142\u0119binowych<br data-start=\"2308\" data-end=\"2311\" \/><strong><span style=\"color: #ff0000;\">\u2022<\/span> <\/strong>\u015aniadanie i obiad serwowane na pok\u0142adzie<br data-start=\"2347\" data-end=\"2350\" \/><strong><span style=\"color: #ff0000;\">\u2022<\/span> <\/strong>Opcjonalne przerwy na p\u0142ywanie i relaks<br data-start=\"2391\" data-end=\"2394\" \/><strong><span style=\"color: #ff0000;\">\u2022<\/span> <\/strong>Wr\u00f3\u0107 do portu i hotelu do po\u0142udnia<\/p>\n<h3>\u2139\ufe0f Przydatne informacje<\/h3>\n<p data-start=\"2472\" data-end=\"2611\"><strong><span style=\"color: #ff0000;\">\u2022<\/span> <\/strong>Czas trwania: ok. 5\u20135,5 godziny<br data-start=\"2503\" data-end=\"2506\" \/><strong><span style=\"color: #ff0000;\">\u2022<\/span> <\/strong>Codzienne poranne odjazdy<br data-start=\"2532\" data-end=\"2535\" \/><strong><span style=\"color: #ff0000;\">\u2022<\/span> <\/strong>Nie jest wymagane do\u015bwiadczenie<br data-start=\"2559\" data-end=\"2562\" \/><strong><span style=\"color: #ff0000;\">\u2022<\/span> <\/strong>Ma\u0142a grupa wycieczkowa, dla komfortowego do\u015bwiadczenia<\/p>\n<p class=\"mhm-jue-external-link\">Dowiedz si\u0119 wi\u0119cej o miejscu docelowym na <a href=\"https:\/\/en.wikipedia.org\/wiki\/Belek\" target=\"_blank\" rel=\"noopener\">Strona Belek na Wikipedii<\/a>.<\/p>\n<h3>\ud83c\udf92 Co zabra\u0107<\/h3>\n<p data-start=\"2635\" data-end=\"2752\"><strong><span style=\"color: #ff0000;\">\u2022<\/span> <\/strong>Wygodna odzie\u017c<br data-start=\"2657\" data-end=\"2660\" \/><strong><span style=\"color: #ff0000;\">\u2022<\/span> <\/strong>Krem do opalania<br data-start=\"2671\" data-end=\"2674\" \/><strong><span style=\"color: #ff0000;\">\u2022<\/span> <\/strong>Aparat czy smartfon<br data-start=\"2696\" data-end=\"2699\" \/><strong><span style=\"color: #ff0000;\">\u2022<\/span> <\/strong>R\u0119cznik i str\u00f3j k\u0105pielowy<br data-start=\"2719\" data-end=\"2722\" \/><strong><span style=\"color: #ff0000;\">\u2022<\/span> <\/strong>Got\u00f3wka na wydatki osobiste<\/p>\n<h3>\ud83d\udeab Nieodpowiednie dla<\/h3>\n<p data-start=\"2779\" data-end=\"2836\"><strong><span style=\"color: #ff0000;\">\u2022<\/span> <\/strong>Ci\u0119\u017carne kobiety<br data-start=\"2795\" data-end=\"2798\" \/><strong><span style=\"color: #ff0000;\">\u2022<\/span> <\/strong>Go\u015bcie z siln\u0105 chorob\u0105 lokomocyjn\u0105<\/p>\n<h3>\ud83d\udcb8 Cena i Rezerwacja<\/h3>\n<p data-start=\"2864\" data-end=\"3045\"><strong><span style=\"color: #ff0000;\">\u2022<\/span> <\/strong>Ceny mog\u0105 si\u0119 r\u00f3\u017cni\u0107 w zale\u017cno\u015bci od sezonu i wielko\u015bci grupy<br data-start=\"2916\" data-end=\"2919\" \/><strong><span style=\"color: #ff0000;\">\u2022<\/span> <\/strong>Zarezerwuj teraz i zap\u0142a\u0107 w dniu wycieczki<br data-start=\"2960\" data-end=\"2963\" \/><strong><span style=\"color: #ff0000;\">\u2022<\/span> <\/strong>Skontaktuj si\u0119 z nami przez WhatsApp, Telegram lub Viber, lub wype\u0142nij poni\u017cszy formularz rezerwacji<\/p>","protected":false},"excerpt":{"rendered":"<p>Do\u0142\u0105cz do wycieczki na po\u0142owy dalekomorskie z Belek. Ciesz si\u0119 \u0142owieniem ryb, p\u0142ywaj w Morzu \u015ar\u00f3dziemnym i delektuj si\u0119 \u015bniadaniem i lunchem na pok\u0142adzie z wliczonym transferem do hotelu.<\/p>","protected":false},"featured_media":11095,"comment_status":"open","ping_status":"closed","template":"","meta":{"_acf_changed":false},"product_brand":[],"product_cat":[43],"product_tag":[66],"class_list":{"0":"post-11104","1":"product","2":"type-product","3":"status-publish","4":"has-post-thumbnail","6":"product_cat-belek","7":"product_tag-belek","9":"first","10":"instock","11":"sale","12":"featured","13":"shipping-taxable","14":"purchasable","15":"product-type-ovabrw_car_rental"},"acf":[],"aioseo_notices":[],"_links":{"self":[{"href":"https:\/\/joinusexcursions.com\/pl\/wp-json\/wp\/v2\/product\/11104","targetHints":{"allow":["GET"]}}],"collection":[{"href":"https:\/\/joinusexcursions.com\/pl\/wp-json\/wp\/v2\/product"}],"about":[{"href":"https:\/\/joinusexcursions.com\/pl\/wp-json\/wp\/v2\/types\/product"}],"replies":[{"embeddable":true,"href":"https:\/\/joinusexcursions.com\/pl\/wp-json\/wp\/v2\/comments?post=11104"}],"wp:featuredmedia":[{"embeddable":true,"href":"https:\/\/joinusexcursions.com\/pl\/wp-json\/wp\/v2\/media\/11095"}],"wp:attachment":[{"href":"https:\/\/joinusexcursions.com\/pl\/wp-json\/wp\/v2\/media?parent=11104"}],"wp:term":[{"taxonomy":"product_brand","embeddable":true,"href":"https:\/\/joinusexcursions.com\/pl\/wp-json\/wp\/v2\/product_brand?post=11104"},{"taxonomy":"product_cat","embeddable":true,"href":"https:\/\/joinusexcursions.com\/pl\/wp-json\/wp\/v2\/product_cat?post=11104"},{"taxonomy":"product_tag","embeddable":true,"href":"https:\/\/joinusexcursions.com\/pl\/wp-json\/wp\/v2\/product_tag?post=11104"}],"curies":[{"name":"wp","href":"https:\/\/api.w.org\/{rel}","templated":true}]}}