{"id":11106,"date":"2025-12-14T19:44:44","date_gmt":"2025-12-14T16:44:44","guid":{"rendered":"https:\/\/joinusexcursions.com\/?post_type=product&#038;p=11106"},"modified":"2026-04-18T03:36:54","modified_gmt":"2026-04-18T00:36:54","slug":"side-wedkarstwo-morskie","status":"publish","type":"product","link":"https:\/\/joinusexcursions.com\/pl\/tours\/side-sea-fishing\/","title":{"rendered":"Wycieczka w\u0119dkarska po morzu bocznym - All Inclusive"},"content":{"rendered":"<p data-start=\"312\" data-end=\"478\">Zarezerwuj Side Fishing Trip i ciesz si\u0119 relaksuj\u0105c\u0105 p\u00f3\u0142dniow\u0105 wycieczk\u0105 po Morzu \u015ar\u00f3dziemnym z w\u0119dkowaniem, p\u0142ywaniem i fachowymi wskaz\u00f3wkami kapitana. Sprz\u0119t i transfer do hotelu wliczone w cen\u0119.<\/p>\n<h2>\ud83c\udfa3 Przegl\u0105d wycieczki w\u0119dkarskiej na Morzu Po\u0142udniowym<\/h2>\n<p data-start=\"497\" data-end=\"868\">Do\u015bwiadcz rado\u015bci z w\u0119dkowania w l\u015bni\u0105cym, b\u0142\u0119kitnym Morzu \u015ar\u00f3dziemnym podczas Side Fishing Trip. Ta p\u00f3\u0142dniowa przygoda \u0142\u0105czy w\u0119dkarstwo, relaks i malowniczy rejs na pok\u0142adzie wygodnej 10-metrowej \u0142odzi rybackiej. Idealny dla pocz\u0105tkuj\u0105cych, do\u015bwiadczonych w\u0119dkarzy lub go\u015bci, kt\u00f3rzy po prostu chc\u0105 si\u0119 zrelaksowa\u0107, poopala\u0107 i pop\u0142ywa\u0107. Ca\u0142kowity czas trwania wynosi oko\u0142o 5 godzin, w tym transfery.<\/p>\n<h3>\ud83c\udf1f Najwa\u017cniejsze informacje<\/h3>\n<p data-start=\"1263\" data-end=\"1538\"><span style=\"color: #ff0000;\"><strong>\u2022<\/strong> <\/span>Autentyczne do\u015bwiadczenie w\u0119dkarskie na ma\u0142ej \u0142odzi (maks. 12 os\u00f3b)<br data-start=\"1326\" data-end=\"1329\" \/><span style=\"color: #ff0000;\"><strong>\u2022<\/strong> <\/span>Pod opiek\u0105 profesjonalnego lokalnego rybaka<br data-start=\"1371\" data-end=\"1374\" \/><span style=\"color: #ff0000;\"><strong>\u2022<\/strong> <\/span>\u0141owienie na g\u0142\u0119boko\u015bci 30-60 metr\u00f3w przy u\u017cyciu technologii sonarowej<br data-start=\"1422\" data-end=\"1425\" \/><span style=\"color: #ff0000;\"><strong>\u2022<\/strong> <\/span>Lu\u017ana atmosfera z przerwami na p\u0142ywanie i opalanie<br data-start=\"1481\" data-end=\"1484\" \/><span style=\"color: #ff0000;\"><strong>\u2022<\/strong> <\/span>Dost\u0119pne s\u0105 codzienne opcje wycieczek porannych i popo\u0142udniowych<\/p>\n<h2>Czego mo\u017cna si\u0119 spodziewa\u0107 podczas Side Sea Fishing Tour<\/h2>\n<p data-start=\"1565\" data-end=\"1812\">Przygoda w\u0119dkarska rozpoczyna si\u0119 od wygodnego transferu z hotelu w regionie Side do portu. Po przybyciu na miejsce zostaniesz powitany przez przyjaznego kapitana i otrzymasz kr\u00f3tk\u0105 odpraw\u0119 na temat sprz\u0119tu w\u0119dkarskiego, trasy i zasad bezpiecze\u0144stwa.<\/p>\n<p data-start=\"1814\" data-end=\"2031\">Nast\u0119pnie \u0142\u00f3d\u017a kieruje si\u0119 w stron\u0119 bogatych obszar\u00f3w po\u0142owowych w pobli\u017cu Karaburun lub Dolphin Island. Sp\u0119d\u017a 3-4 przyjemne godziny \u0142owi\u0105c ryby w spokojnych wodach Morza \u015ar\u00f3dziemnego, niezale\u017cnie od tego, czy rzucasz \u017cy\u0142k\u0119 po raz pierwszy, czy masz ju\u017c do\u015bwiadczenie.<\/p>\n<p data-start=\"2033\" data-end=\"2268\">Podczas porannej wycieczki na pok\u0142adzie serwowane jest lekkie \u015bniadanie. Wszyscy go\u015bcie mog\u0105 cieszy\u0107 si\u0119 orze\u017awiaj\u0105c\u0105 przerw\u0105 na p\u0142ywanie w krystalicznie czystych wodach. Po relaksuj\u0105cym i przyjemnym czasie sp\u0119dzonym na morzu, wr\u00f3cimy do portu w Side i odwieziemy Pa\u0144stwa do hotelu.<\/p>\n<p class=\"mhm-jue-internal-links\">Szukasz wi\u0119cej przyg\u00f3d w okolicy? Zapoznaj si\u0119 z nasz\u0105 pe\u0142n\u0105 list\u0105 <a href=\"\/pl\/kierunki\/side-wycieczki\/\">Wycieczki poboczne<\/a> lub sprawd\u017a <a href=\"\/pl\/wycieczki-2\/side-land-of-legends-nocny-pokaz\/\">Pokaz nocny w Land of Legends z Side<\/a> na kolejne niezapomniane prze\u017cycie.<\/p>\n<h3>\ud83e\udded Plan wycieczki<\/h3>\n<p data-start=\"2293\" data-end=\"2583\"><span style=\"color: #ff0000;\"><strong>\u2022<\/strong> <\/span>Odbi\u00f3r z hoteli w regionie Side<br data-start=\"2332\" data-end=\"2335\" \/><span style=\"color: #ff0000;\"><strong>\u2022<\/strong> <\/span>Przybycie do Side Harbour i powitanie przez kapitana<br data-start=\"2387\" data-end=\"2390\" \/><span style=\"color: #ff0000;\"><strong>\u2022<\/strong> <\/span>Kr\u00f3tkie om\u00f3wienie \u0142owisk i sprz\u0119tu w\u0119dkarskiego<br data-start=\"2437\" data-end=\"2440\" \/><span style=\"color: #ff0000;\"><strong>\u2022<\/strong> <\/span>3-4 godziny w\u0119dkowania i wypoczynku na morzu<br data-start=\"2481\" data-end=\"2484\" \/><span style=\"color: #ff0000;\"><strong>\u2022<\/strong> <\/span>Lekkie \u015bniadanie (poranna wycieczka) i przerwa na p\u0142ywanie<br data-start=\"2535\" data-end=\"2538\" \/><span style=\"color: #ff0000;\"><strong>\u2022<\/strong> <\/span>Powr\u00f3t do Side Harbour<br data-start=\"2562\" data-end=\"2565\" \/><span style=\"color: #ff0000;\"><strong>\u2022<\/strong> <\/span>Zrzut do hotelu<\/p>\n<h3>\u2139\ufe0f Przydatne informacje<\/h3>\n<p data-start=\"2612\" data-end=\"2838\"><span style=\"color: #ff0000;\"><strong>\u2022<\/strong> <\/span>Czas trwania: ok. 5 godzin (w tym transfery)<br data-start=\"2661\" data-end=\"2664\" \/><span style=\"color: #ff0000;\"><strong>\u2022<\/strong> <\/span>Pojemno\u015b\u0107 \u0142odzi: do 12 os\u00f3b<br data-start=\"2696\" data-end=\"2699\" \/><span style=\"color: #ff0000;\"><strong>\u2022<\/strong> <\/span>Nie jest wymagane \u017cadne do\u015bwiadczenie w w\u0119dkowaniu<br data-start=\"2731\" data-end=\"2734\" \/><span style=\"color: #ff0000;\"><strong>\u2022<\/strong> <\/span>Opcjonalna us\u0142uga czyszczenia i gotowania ryb (5 EUR za osob\u0119)<br data-start=\"2794\" data-end=\"2797\" \/><span style=\"color: #ff0000;\"><strong>\u2022<\/strong> <\/span>Dwa odjazdy dziennie: 08:00 i 15:00<\/p>\n<p class=\"mhm-jue-external-link\">Dowiedz si\u0119 wi\u0119cej o miejscu docelowym na <a href=\"https:\/\/en.wikipedia.org\/wiki\/Side,_Turkey\" target=\"_blank\" rel=\"noopener\">Side, Turcja Strona w Wikipedii<\/a>.<\/p>\n<h3>\ud83c\udf92 Co zabra\u0107<\/h3>\n<p data-start=\"2635\" data-end=\"2752\"><strong><span style=\"color: #ff0000;\">\u2022<\/span> <\/strong>Wygodna odzie\u017c<br data-start=\"2657\" data-end=\"2660\" \/><strong><span style=\"color: #ff0000;\">\u2022<\/span> <\/strong>Krem do opalania<br data-start=\"2671\" data-end=\"2674\" \/><strong><span style=\"color: #ff0000;\">\u2022<\/span> <\/strong>Aparat czy smartfon<br data-start=\"2696\" data-end=\"2699\" \/><strong><span style=\"color: #ff0000;\">\u2022<\/span> <\/strong>R\u0119cznik i str\u00f3j k\u0105pielowy<br data-start=\"2719\" data-end=\"2722\" \/><strong><span style=\"color: #ff0000;\">\u2022<\/span> <\/strong>Got\u00f3wka na wydatki osobiste<\/p>\n<h3>\ud83d\udeab Nieodpowiednie dla<\/h3>\n<p data-start=\"2779\" data-end=\"2836\"><strong><span style=\"color: #ff0000;\">\u2022<\/span> <\/strong>Ci\u0119\u017carne kobiety<br data-start=\"2795\" data-end=\"2798\" \/><strong><span style=\"color: #ff0000;\">\u2022<\/span> <\/strong>Go\u015bcie z siln\u0105 chorob\u0105 lokomocyjn\u0105<\/p>\n<h3>\ud83d\udcb8 Cena i Rezerwacja<\/h3>\n<p data-start=\"2864\" data-end=\"3045\"><strong><span style=\"color: #ff0000;\">\u2022<\/span> <\/strong>Ceny mog\u0105 si\u0119 r\u00f3\u017cni\u0107 w zale\u017cno\u015bci od sezonu i wielko\u015bci grupy<br data-start=\"2916\" data-end=\"2919\" \/><strong><span style=\"color: #ff0000;\">\u2022<\/span> <\/strong>Zarezerwuj teraz i zap\u0142a\u0107 w dniu wycieczki<br data-start=\"2960\" data-end=\"2963\" \/><strong><span style=\"color: #ff0000;\">\u2022<\/span> <\/strong>Skontaktuj si\u0119 z nami przez WhatsApp, Telegram lub Viber, lub wype\u0142nij poni\u017cszy formularz rezerwacji<\/p>","protected":false},"excerpt":{"rendered":"<p>Ciesz si\u0119 rejsem w\u0119dkarskim Side na Morzu \u015ar\u00f3dziemnym z p\u0142ywaniem, fachowymi wskaz\u00f3wkami kapitana i sprz\u0119tem wliczonym w cen\u0119. Relaksuj\u0105ca p\u00f3\u0142dniowa wycieczka z transferem do hotelu.<\/p>","protected":false},"featured_media":11095,"comment_status":"open","ping_status":"closed","template":"","meta":{"_acf_changed":false},"product_brand":[],"product_cat":[46],"product_tag":[66],"class_list":{"0":"post-11106","1":"product","2":"type-product","3":"status-publish","4":"has-post-thumbnail","6":"product_cat-side","7":"product_tag-belek","9":"first","10":"instock","11":"sale","12":"featured","13":"shipping-taxable","14":"purchasable","15":"product-type-ovabrw_car_rental"},"acf":[],"aioseo_notices":[],"_links":{"self":[{"href":"https:\/\/joinusexcursions.com\/pl\/wp-json\/wp\/v2\/product\/11106","targetHints":{"allow":["GET"]}}],"collection":[{"href":"https:\/\/joinusexcursions.com\/pl\/wp-json\/wp\/v2\/product"}],"about":[{"href":"https:\/\/joinusexcursions.com\/pl\/wp-json\/wp\/v2\/types\/product"}],"replies":[{"embeddable":true,"href":"https:\/\/joinusexcursions.com\/pl\/wp-json\/wp\/v2\/comments?post=11106"}],"wp:featuredmedia":[{"embeddable":true,"href":"https:\/\/joinusexcursions.com\/pl\/wp-json\/wp\/v2\/media\/11095"}],"wp:attachment":[{"href":"https:\/\/joinusexcursions.com\/pl\/wp-json\/wp\/v2\/media?parent=11106"}],"wp:term":[{"taxonomy":"product_brand","embeddable":true,"href":"https:\/\/joinusexcursions.com\/pl\/wp-json\/wp\/v2\/product_brand?post=11106"},{"taxonomy":"product_cat","embeddable":true,"href":"https:\/\/joinusexcursions.com\/pl\/wp-json\/wp\/v2\/product_cat?post=11106"},{"taxonomy":"product_tag","embeddable":true,"href":"https:\/\/joinusexcursions.com\/pl\/wp-json\/wp\/v2\/product_tag?post=11106"}],"curies":[{"name":"wp","href":"https:\/\/api.w.org\/{rel}","templated":true}]}}