{"id":11116,"date":"2025-12-15T12:48:34","date_gmt":"2025-12-15T09:48:34","guid":{"rendered":"https:\/\/joinusexcursions.com\/?post_type=product&#038;p=11116"},"modified":"2026-04-13T19:36:11","modified_gmt":"2026-04-13T16:36:11","slug":"belek-tazi-kanion-rafting","status":"publish","type":"product","link":"https:\/\/joinusexcursions.com\/pl\/tours\/belek-tazi-canyon-rafting\/","title":{"rendered":"Kanion Taz\u0131, sp\u0142yw kajakowy i wycieczka jeepem z Belek"},"content":{"rendered":"<p data-start=\"412\" data-end=\"577\">Przygotuj si\u0119 na ca\u0142odniow\u0105 przygod\u0119 z Belek, \u0142\u0105cz\u0105c\u0105 widoki na Kanion Taz\u0131, ekscytuj\u0105ce Jeep Safari i opcjonalny rafting w Kanionie K\u00f6pr\u00fcl\u00fc. Transfery hotelowe w cenie.<\/p>\n<h2>\ud83c\udf04 Przegl\u0105d wycieczki raftingowej po w\u0105wozie Belek Taz\u0131<\/h2>\n<p data-start=\"596\" data-end=\"892\">Prze\u017cyj niezapomnian\u0105 wycieczk\u0119 przyrodniczo-przygodow\u0105 z Belek, Kadriye i Bo\u011fazkent. Podr\u00f3\u017cuj przez g\u00f3ry Taurus d\u017cipem 4x4, odwied\u017a zapieraj\u0105cy dech w piersiach kanion Taz\u0131 i zrelaksuj si\u0119 podczas opcjonalnego raftingu na dzikiej wodzie w kanionie K\u00f6pr\u00fcl\u00fc. Idealne po\u0142\u0105czenie krajobraz\u00f3w, adrenaliny i zabawy na ca\u0142y dzie\u0144.<\/p>\n<h3>\ud83c\udf1f Najwa\u017cniejsze informacje<\/h3>\n<p data-start=\"1240\" data-end=\"1520\"><span style=\"color: #ff0000;\"><strong>\u2022<\/strong> <\/span>Odwied\u017a spektakularny Kanion Taz\u0131 (punkt widokowy Eagle's Nest)<br data-start=\"1300\" data-end=\"1303\" \/><span style=\"color: #ff0000;\"><strong>\u2022<\/strong> <\/span>Safari terenowe Jeepem przez g\u00f3ry Taurus<br data-start=\"1354\" data-end=\"1357\" \/><span style=\"color: #ff0000;\"><strong>\u2022<\/strong> <\/span>Opcjonalny rafting w Kanionie K\u00f6pr\u00fcl\u00fc z profesjonalnymi instruktorami<br data-start=\"1423\" data-end=\"1426\" \/><span style=\"color: #ff0000;\"><strong>\u2022<\/strong> <\/span>Punkt widokowy panorama dla niesamowitych zdj\u0119\u0107<br data-start=\"1467\" data-end=\"1470\" \/><span style=\"color: #ff0000;\"><strong>\u2022<\/strong> <\/span>Malownicze krajobrazy rzeczne i \u015bwie\u017ce g\u00f3rskie powietrze<\/p>\n<h2>Czego mo\u017cna spodziewa\u0107 si\u0119 podczas wycieczki raftingowej po kanionie Taz\u0131 w Belek<\/h2>\n<div data-start=\"1547\" data-end=\"1795\">Twoja przygoda rozpoczyna si\u0119 wygodnym odbiorem z Twojego hotelu w Belek lub okolicach, a nast\u0119pnie ekscytuj\u0105c\u0105 przeja\u017cd\u017ck\u0105 Jeep Safari przez G\u00f3ry Taurus. Ciesz si\u0119 trasami terenowymi, g\u00f3rskimi widokami i pi\u0119knymi krajobrazami naturalnymi po drodze.<\/div>\n<div data-start=\"1797\" data-end=\"2064\">Wycieczka dociera najpierw do bazy nad rzek\u0105 w Kanionie K\u00f6pr\u00fcl\u00fc. Tutaj mo\u017cesz zdecydowa\u0107 si\u0119 na opcjonalny sp\u0142yw tratw\u0105 lub odpocz\u0105\u0107 nad rzek\u0105. Je\u015bli we\u017amiesz udzia\u0142, do\u015bwiadczeni instruktorzy zapewni\u0105 sprz\u0119t bezpiecze\u0144stwa i podstawowe szkolenie \u2014 nie jest wymagane wcze\u015bniejsze do\u015bwiadczenie.<\/div>\n<div data-start=\"2066\" data-end=\"2390\">Nast\u0119pnie przejed\u017a si\u0119 jeepem safari z otwartym dachem do <strong data-start=\"2106\" data-end=\"2121\">Kanion Taz\u0131<\/strong>, jeden z najbardziej imponuj\u0105cych naturalnych punkt\u00f3w widokowych w regionie. Znany jako Orle Gniazdo, ten malowniczy kanion oferuje zapieraj\u0105ce dech w piersiach panoramiczne widoki. Czas wolny na punkcie widokowym na zdj\u0119cia i relaks. Ze wzgl\u0119d\u00f3w bezpiecze\u0144stwa wej\u015bcie do kanionu jest niedozwolone.<\/div>\n<div data-start=\"2392\" data-end=\"2667\">Nast\u0119pnie wr\u00f3\u0107 do kanionu K\u00f6pr\u00fcl\u00fc, aby wzi\u0105\u0107 udzia\u0142 w g\u0142\u00f3wnej trasie sp\u0142ywu pontonowego, je\u015bli zosta\u0142a wybrana. Przep\u0142y\u0144 przez orze\u017awiaj\u0105ce bystrza, skorzystaj z przerw na k\u0105piel i podziwiaj otaczaj\u0105c\u0105 przyrod\u0119. Dzie\u0144 zako\u0144cz pysznym lunchem nad rzek\u0105, po czym wr\u00f3\u0107 do hotelu pe\u0142en niezapomnianych wspomnie\u0144.<\/div>\n<p class=\"mhm-jue-internal-links\">Szukasz wi\u0119cej przyg\u00f3d w okolicy? Zapoznaj si\u0119 z nasz\u0105 pe\u0142n\u0105 list\u0105 <a href=\"\/pl\/kierunki\/belek-wycieczki\/\">Wycieczki po Belek<\/a> lub sprawd\u017a <a href=\"\/pl\/wycieczki-2\/belek-land-of-legends-nocny-pokaz\/\">Wieczorny pokaz Land of Legends z Beleku<\/a> na kolejne niezapomniane prze\u017cycie.<\/p>\n<h3>\ud83e\udded Plan wycieczki<\/h3>\n<p data-start=\"2692\" data-end=\"3064\"><span style=\"color: #ff0000;\"><strong>\u2022<\/strong> <\/span>Odbi\u00f3r z hoteli w Belek i okolicach<br data-start=\"2741\" data-end=\"2744\" \/><span style=\"color: #ff0000;\"><strong>\u2022<\/strong> <\/span>Jeep Safari przez g\u00f3ry Taurus<br data-start=\"2786\" data-end=\"2789\" \/><span style=\"color: #ff0000;\"><strong>\u2022<\/strong> <\/span>Przyjazd do bazy nad rzek\u0105 w Kanionie K\u00f6pr\u00fcl\u00fc<br data-start=\"2831\" data-end=\"2834\" \/><span style=\"color: #ff0000;\"><strong>\u2022<\/strong> <\/span>Opcjonalny sp\u0142yw tratw\u0105 lub czas wolny nad rzek\u0105<br data-start=\"2878\" data-end=\"2881\" \/><span style=\"color: #ff0000;\"><strong>\u2022<\/strong> <\/span> Przeja\u017cd\u017cka Jeepem do punktu widokowego Kanionu Taz\u0131<br data-start=\"2917\" data-end=\"2920\" \/><span style=\"color: #ff0000;\"><strong>\u2022<\/strong> <\/span>Czas wolny na zdj\u0119cia i zwiedzanie<br data-start=\"2958\" data-end=\"2961\" \/><span style=\"color: #ff0000;\"><strong>\u2022<\/strong> <\/span>Rejs tratw\u0105 w Kanionie K\u00f6pr\u00fcl\u00fc (je\u015bli wybrano)<br data-start=\"3013\" data-end=\"3016\" \/><span style=\"color: #ff0000;\"><strong>\u2022<\/strong> <\/span>Lunch nad rzek\u0105<br data-start=\"3033\" data-end=\"3036\" \/><span style=\"color: #ff0000;\"><strong>\u2022<\/strong> <\/span>Powrotny transfer do hotelu<\/p>\n<h3>\u2139\ufe0f Przydatne informacje<\/h3>\n<p data-start=\"3093\" data-end=\"3296\"><span style=\"color: #ff0000;\"><strong>\u2022<\/strong> <\/span>Ca\u0142odniowa wycieczka<br data-start=\"3108\" data-end=\"3111\" \/><span style=\"color: #ff0000;\"><strong>\u2022<\/strong> <\/span>Nie wymaga si\u0119 do\u015bwiadczenia w raftingu<br data-start=\"3143\" data-end=\"3146\" \/><span style=\"color: #ff0000;\"><strong>\u2022<\/strong> <\/span>Odpowiednie dla mi\u0142o\u015bnik\u00f3w przyg\u00f3d i przyrody<br data-start=\"3188\" data-end=\"3191\" \/><span style=\"color: #ff0000;\"><strong>\u2022<\/strong> <\/span>Dost\u0119p do kanionu jest ograniczony tylko do punkt\u00f3w widokowych<br data-start=\"3236\" data-end=\"3239\" \/><span style=\"color: #ff0000;\"><strong>\u2022<\/strong> <\/span>Program wycieczki mo\u017ce ulec zmianie w zale\u017cno\u015bci od warunk\u00f3w pogodowych<\/p>\n<p class=\"mhm-jue-external-link\">Dowiedz si\u0119 wi\u0119cej o miejscu docelowym na <a href=\"https:\/\/en.wikipedia.org\/wiki\/K%C3%B6pr%C3%BCl%C3%BC_Canyon_National_Park\" target=\"_blank\" rel=\"noopener\">Strona Wikipedii Parku Narodowego W\u0105wozu K\u00f6pr\u00fcl\u00fc<\/a>.<\/p>\n<h3>\ud83c\udf92 Co zabra\u0107<\/h3>\n<p data-start=\"3320\" data-end=\"3435\"><span style=\"color: #ff0000;\"><strong>\u2022<\/strong> <\/span>Wygodne ubrania i buty<br data-start=\"3351\" data-end=\"3354\" \/><span style=\"color: #ff0000;\"><strong>\u2022<\/strong> <\/span>Str\u00f3j k\u0105pielowy i r\u0119cznik<br data-start=\"3374\" data-end=\"3377\" \/><span style=\"color: #ff0000;\"><strong>\u2022<\/strong> <\/span>Krem do opalania<br data-start=\"3388\" data-end=\"3391\" \/><span style=\"color: #ff0000;\"><strong>\u2022<\/strong> <\/span>Aparat czy smartfon<br data-start=\"3413\" data-end=\"3416\" \/><span style=\"color: #ff0000;\"><strong>\u2022<\/strong> <\/span>Pieni\u0105dze na dodatki<\/p>\n<h3>\ud83d\udeab Nieodpowiednie dla<\/h3>\n<p data-start=\"3462\" data-end=\"3522\"><span style=\"color: #ff0000;\"><strong>\u2022<\/strong> <\/span>Ci\u0119\u017carne kobiety<br data-start=\"3478\" data-end=\"3481\" \/><span style=\"color: #ff0000;\"><strong>\u2022<\/strong> <\/span>Go\u015bcie z powa\u017cnymi problemami z poruszaniem si\u0119<\/p>\n<h3>\ud83d\udcb8 Cena i Rezerwacja<\/h3>\n<p data-start=\"3550\" data-end=\"3736\"><span style=\"color: #ff0000;\"><strong>\u2022<\/strong> <\/span>Ceny r\u00f3\u017cni\u0105 si\u0119 w zale\u017cno\u015bci od sezonu i wybranych aktywno\u015bci.<br data-start=\"3607\" data-end=\"3610\" \/><span style=\"color: #ff0000;\"><strong>\u2022<\/strong> <\/span>Zarezerwuj teraz i zap\u0142a\u0107 w dniu wycieczki<br data-start=\"3651\" data-end=\"3654\" \/><span style=\"color: #ff0000;\"><strong>\u2022<\/strong> <\/span>Skontaktuj si\u0119 z nami przez WhatsApp, Telegram lub Viber, lub wype\u0142nij poni\u017cszy formularz rezerwacji<\/p>","protected":false},"excerpt":{"rendered":"<p>Do\u0142\u0105cz do ca\u0142odniowej przygody z Belek, podziwiaj\u0105c widoki na Kanion Taz\u0131, Jeep Safari i opcjonalny sp\u0142yw pontonowy w Kanionie K\u00f6pr\u00fcl\u00fc. W cenie natura, zabawa i transfery hotelowe.<\/p>","protected":false},"featured_media":11117,"comment_status":"open","ping_status":"closed","template":"","meta":{"_acf_changed":false},"product_brand":[],"product_cat":[43],"product_tag":[66],"class_list":{"0":"post-11116","1":"product","2":"type-product","3":"status-publish","4":"has-post-thumbnail","6":"product_cat-belek","7":"product_tag-belek","9":"first","10":"instock","11":"sale","12":"featured","13":"shipping-taxable","14":"purchasable","15":"product-type-ovabrw_car_rental"},"acf":[],"aioseo_notices":[],"_links":{"self":[{"href":"https:\/\/joinusexcursions.com\/pl\/wp-json\/wp\/v2\/product\/11116","targetHints":{"allow":["GET"]}}],"collection":[{"href":"https:\/\/joinusexcursions.com\/pl\/wp-json\/wp\/v2\/product"}],"about":[{"href":"https:\/\/joinusexcursions.com\/pl\/wp-json\/wp\/v2\/types\/product"}],"replies":[{"embeddable":true,"href":"https:\/\/joinusexcursions.com\/pl\/wp-json\/wp\/v2\/comments?post=11116"}],"wp:featuredmedia":[{"embeddable":true,"href":"https:\/\/joinusexcursions.com\/pl\/wp-json\/wp\/v2\/media\/11117"}],"wp:attachment":[{"href":"https:\/\/joinusexcursions.com\/pl\/wp-json\/wp\/v2\/media?parent=11116"}],"wp:term":[{"taxonomy":"product_brand","embeddable":true,"href":"https:\/\/joinusexcursions.com\/pl\/wp-json\/wp\/v2\/product_brand?post=11116"},{"taxonomy":"product_cat","embeddable":true,"href":"https:\/\/joinusexcursions.com\/pl\/wp-json\/wp\/v2\/product_cat?post=11116"},{"taxonomy":"product_tag","embeddable":true,"href":"https:\/\/joinusexcursions.com\/pl\/wp-json\/wp\/v2\/product_tag?post=11116"}],"curies":[{"name":"wp","href":"https:\/\/api.w.org\/{rel}","templated":true}]}}