{"id":11118,"date":"2025-12-15T13:11:04","date_gmt":"2025-12-15T10:11:04","guid":{"rendered":"https:\/\/joinusexcursions.com\/?post_type=product&#038;p=11118"},"modified":"2026-04-13T19:36:11","modified_gmt":"2026-04-13T16:36:11","slug":"side-tazi-kanion-rafting","status":"publish","type":"product","link":"https:\/\/joinusexcursions.com\/pl\/tours\/side-tazi-canyon-rafting\/","title":{"rendered":"Wycieczka do kanionu Ta\u017a, sp\u0142yw pontonowy i safari jeepem z Side"},"content":{"rendered":"<p data-start=\"4039\" data-end=\"4206\">Prze\u017cyj ekscytuj\u0105c\u0105 ca\u0142odniow\u0105 przygod\u0119 z Side, \u0142\u0105cz\u0105c\u0105 Kanion Taz\u0131, Jeep Safari i opcjonalny rafting w Kanionie K\u00f6pr\u00fcl\u00fc. Idealna ucieczka na \u0142ono natury z transferami hotelowymi.<\/p>\n<h2>\ud83c\udf04 Przegl\u0105d wycieczki po sp\u0142ywie kajakowym po kanionie Side Taz\u0131<\/h2>\n<p data-start=\"4225\" data-end=\"4507\">Odkryj dzikie pi\u0119kno g\u00f3r Taurus podczas tej wycieczki przygodowej z Side, Kumk\u00f6y, Evrenseki, \u00c7olakl\u0131 i Manavgat. Poznaj punkty widokowe kanionu Taz\u0131, przejed\u017a si\u0119 jeepami z otwartym dachem i skorzystaj z opcjonalnego raftingu w kanionie K\u00f6pr\u00fcl\u00fc. Pe\u0142nodniowe do\u015bwiadczenie pe\u0142ne natury i emocji.<\/p>\n<h3>\ud83c\udf1f Najwa\u017cniejsze informacje<\/h3>\n<p data-start=\"1240\" data-end=\"1520\"><span style=\"color: #ff0000;\"><strong>\u2022<\/strong> <\/span>Odwied\u017a spektakularny Kanion Taz\u0131 (punkt widokowy Eagle's Nest)<br data-start=\"1300\" data-end=\"1303\" \/><span style=\"color: #ff0000;\"><strong>\u2022<\/strong> <\/span>Safari terenowe Jeepem przez g\u00f3ry Taurus<br data-start=\"1354\" data-end=\"1357\" \/><span style=\"color: #ff0000;\"><strong>\u2022<\/strong> <\/span>Opcjonalny rafting w Kanionie K\u00f6pr\u00fcl\u00fc z profesjonalnymi instruktorami<br data-start=\"1423\" data-end=\"1426\" \/><span style=\"color: #ff0000;\"><strong>\u2022<\/strong> <\/span>Punkt widokowy panorama dla niesamowitych zdj\u0119\u0107<br data-start=\"1467\" data-end=\"1470\" \/><span style=\"color: #ff0000;\"><strong>\u2022<\/strong> <\/span>Malownicze krajobrazy rzeczne i \u015bwie\u017ce g\u00f3rskie powietrze<\/p>\n<h2>Czego mo\u017cna si\u0119 spodziewa\u0107 podczas wycieczki raftingowej po kanionie Taz\u0131<\/h2>\n<div data-start=\"5117\" data-end=\"5338\">Tw\u00f3j dzie\u0144 rozpoczyna si\u0119 odbiorem z hotelu w Side lub okolicach, a nast\u0119pnie malownicz\u0105 i pe\u0142n\u0105 przyg\u00f3d Jeep Safari przez G\u00f3ry Taurus. Ciesz si\u0119 jazd\u0105 po bezdro\u017cach i pi\u0119knymi krajobrazami naturalnymi na trasie.<\/div>\n<div data-start=\"5340\" data-end=\"5553\">Wycieczka najpierw dociera do W\u0105wozu K\u00f6pr\u00fcl\u00fc, gdzie mo\u017cna wzi\u0105\u0107 udzia\u0142 w opcjonalnym sp\u0142ywie kajakowym lub zrelaksowa\u0107 si\u0119 nad rzek\u0105. Profesjonalni instruktorzy zapewniaj\u0105 sprz\u0119t i wskaz\u00f3wki, dzi\u0119ki czemu sp\u0142ywy s\u0105 odpowiednie nawet dla pocz\u0105tkuj\u0105cych.<\/div>\n<div data-start=\"5555\" data-end=\"5818\">Nast\u0119pnie udaj si\u0119 jeepem safari do <strong data-start=\"5586\" data-end=\"5601\">Kanion Taz\u0131<\/strong>, jedno z najbardziej imponuj\u0105cych naturalnych punkt\u00f3w widokowych regionu. Ciesz si\u0119 wolnym czasem na szczycie, aby zrobi\u0107 zdj\u0119cia i odpocz\u0105\u0107, podziwiaj\u0105c dramatyczny krajobraz kanionu. Ze wzgl\u0119d\u00f3w bezpiecze\u0144stwa wej\u015bcie do samego kanionu jest zabronione.<\/div>\n<div data-start=\"5820\" data-end=\"6007\">Je\u015bli wybierzesz sp\u0142yw, wr\u00f3\u0107 do Kanionu K\u00f6pr\u00fcl\u00fc na ekscytuj\u0105c\u0105 przygod\u0119 rzeczn\u0105 z p\u0142ywaniem i postojami na zdj\u0119cia. Zako\u0144cz dzie\u0144 pysznym lunchem nad rzek\u0105, zanim wr\u00f3cisz do hotelu.<\/div>\n<p class=\"mhm-jue-internal-links\">Szukasz wi\u0119cej przyg\u00f3d w okolicy? Zapoznaj si\u0119 z nasz\u0105 pe\u0142n\u0105 list\u0105 <a href=\"\/pl\/kierunki\/side-wycieczki\/\">Wycieczki poboczne<\/a> lub sprawd\u017a <a href=\"\/pl\/wycieczki-2\/side-land-of-legends-nocny-pokaz\/\">Pokaz nocny w Land of Legends z Side<\/a> na kolejne niezapomniane prze\u017cycie.<\/p>\n<h3>\ud83e\udded Plan wycieczki<\/h3>\n<p data-start=\"2692\" data-end=\"3064\"><span style=\"color: #ff0000;\"><strong>\u2022<\/strong> <\/span>Odbi\u00f3r z hoteli w Side i okolicach<br data-start=\"2741\" data-end=\"2744\" \/><span style=\"color: #ff0000;\"><strong>\u2022<\/strong> <\/span>Jeep Safari przez g\u00f3ry Taurus<br data-start=\"2786\" data-end=\"2789\" \/><span style=\"color: #ff0000;\"><strong>\u2022<\/strong> <\/span>Przyjazd do bazy nad rzek\u0105 w Kanionie K\u00f6pr\u00fcl\u00fc<br data-start=\"2831\" data-end=\"2834\" \/><span style=\"color: #ff0000;\"><strong>\u2022<\/strong> <\/span>Opcjonalny sp\u0142yw tratw\u0105 lub czas wolny nad rzek\u0105<br data-start=\"2878\" data-end=\"2881\" \/><span style=\"color: #ff0000;\"><strong>\u2022<\/strong> <\/span> Przeja\u017cd\u017cka Jeepem do punktu widokowego Kanionu Taz\u0131<br data-start=\"2917\" data-end=\"2920\" \/><span style=\"color: #ff0000;\"><strong>\u2022<\/strong> <\/span>Czas wolny na zdj\u0119cia i zwiedzanie<br data-start=\"2958\" data-end=\"2961\" \/><span style=\"color: #ff0000;\"><strong>\u2022<\/strong> <\/span>Rejs tratw\u0105 w Kanionie K\u00f6pr\u00fcl\u00fc (je\u015bli wybrano)<br data-start=\"3013\" data-end=\"3016\" \/><span style=\"color: #ff0000;\"><strong>\u2022<\/strong> <\/span>Lunch nad rzek\u0105<br data-start=\"3033\" data-end=\"3036\" \/><span style=\"color: #ff0000;\"><strong>\u2022<\/strong> <\/span>Powrotny transfer do hotelu<\/p>\n<h3>\u2139\ufe0f Przydatne informacje<\/h3>\n<p data-start=\"3093\" data-end=\"3296\"><span style=\"color: #ff0000;\"><strong>\u2022<\/strong> <\/span>Ca\u0142odniowa wycieczka<br data-start=\"3108\" data-end=\"3111\" \/><span style=\"color: #ff0000;\"><strong>\u2022<\/strong> <\/span>Nie wymaga si\u0119 do\u015bwiadczenia w raftingu<br data-start=\"3143\" data-end=\"3146\" \/><span style=\"color: #ff0000;\"><strong>\u2022<\/strong> <\/span>Odpowiednie dla mi\u0142o\u015bnik\u00f3w przyg\u00f3d i przyrody<br data-start=\"3188\" data-end=\"3191\" \/><span style=\"color: #ff0000;\"><strong>\u2022<\/strong> <\/span>Dost\u0119p do kanionu jest ograniczony tylko do punkt\u00f3w widokowych<br data-start=\"3236\" data-end=\"3239\" \/><span style=\"color: #ff0000;\"><strong>\u2022<\/strong> <\/span>Program wycieczki mo\u017ce ulec zmianie w zale\u017cno\u015bci od warunk\u00f3w pogodowych<\/p>\n<p class=\"mhm-jue-external-link\">Dowiedz si\u0119 wi\u0119cej o miejscu docelowym na <a href=\"https:\/\/en.wikipedia.org\/wiki\/K%C3%B6pr%C3%BCl%C3%BC_Canyon_National_Park\" target=\"_blank\" rel=\"noopener\">Strona Wikipedii Parku Narodowego W\u0105wozu K\u00f6pr\u00fcl\u00fc<\/a>.<\/p>\n<h3>\ud83c\udf92 Co zabra\u0107<\/h3>\n<p data-start=\"3320\" data-end=\"3435\"><span style=\"color: #ff0000;\"><strong>\u2022<\/strong> <\/span>Wygodne ubrania i buty<br data-start=\"3351\" data-end=\"3354\" \/><span style=\"color: #ff0000;\"><strong>\u2022<\/strong> <\/span>Str\u00f3j k\u0105pielowy i r\u0119cznik<br data-start=\"3374\" data-end=\"3377\" \/><span style=\"color: #ff0000;\"><strong>\u2022<\/strong> <\/span>Krem do opalania<br data-start=\"3388\" data-end=\"3391\" \/><span style=\"color: #ff0000;\"><strong>\u2022<\/strong> <\/span>Aparat czy smartfon<br data-start=\"3413\" data-end=\"3416\" \/><span style=\"color: #ff0000;\"><strong>\u2022<\/strong> <\/span>Pieni\u0105dze na dodatki<\/p>\n<h3>\ud83d\udeab Nieodpowiednie dla<\/h3>\n<p data-start=\"3462\" data-end=\"3522\"><span style=\"color: #ff0000;\"><strong>\u2022<\/strong> <\/span>Ci\u0119\u017carne kobiety<br data-start=\"3478\" data-end=\"3481\" \/><span style=\"color: #ff0000;\"><strong>\u2022<\/strong> <\/span>Go\u015bcie z powa\u017cnymi problemami z poruszaniem si\u0119<\/p>\n<h3>\ud83d\udcb8 Cena i Rezerwacja<\/h3>\n<p data-start=\"3550\" data-end=\"3736\"><span style=\"color: #ff0000;\"><strong>\u2022<\/strong> <\/span>Ceny r\u00f3\u017cni\u0105 si\u0119 w zale\u017cno\u015bci od sezonu i wybranych aktywno\u015bci.<br data-start=\"3607\" data-end=\"3610\" \/><span style=\"color: #ff0000;\"><strong>\u2022<\/strong> <\/span>Zarezerwuj teraz i zap\u0142a\u0107 w dniu wycieczki<br data-start=\"3651\" data-end=\"3654\" \/><span style=\"color: #ff0000;\"><strong>\u2022<\/strong> <\/span>Skontaktuj si\u0119 z nami przez WhatsApp, Telegram lub Viber, lub wype\u0142nij poni\u017cszy formularz rezerwacji<\/p>","protected":false},"excerpt":{"rendered":"<p>Prze\u017cyj ca\u0142odniow\u0105 przygod\u0119 z Side, podziwiaj\u0105c widoki na kanion Taz\u0131, jeep safari i opcjonalny rafting w kanionie K\u00f6pr\u00fcl\u00fc. W cenie: przyroda, zabawa i transfery hotelowe.<\/p>","protected":false},"featured_media":11117,"comment_status":"open","ping_status":"closed","template":"","meta":{"_acf_changed":false},"product_brand":[],"product_cat":[46],"product_tag":[68],"class_list":{"0":"post-11118","1":"product","2":"type-product","3":"status-publish","4":"has-post-thumbnail","6":"product_cat-side","7":"product_tag-side","9":"first","10":"instock","11":"sale","12":"featured","13":"shipping-taxable","14":"purchasable","15":"product-type-ovabrw_car_rental"},"acf":[],"aioseo_notices":[],"_links":{"self":[{"href":"https:\/\/joinusexcursions.com\/pl\/wp-json\/wp\/v2\/product\/11118","targetHints":{"allow":["GET"]}}],"collection":[{"href":"https:\/\/joinusexcursions.com\/pl\/wp-json\/wp\/v2\/product"}],"about":[{"href":"https:\/\/joinusexcursions.com\/pl\/wp-json\/wp\/v2\/types\/product"}],"replies":[{"embeddable":true,"href":"https:\/\/joinusexcursions.com\/pl\/wp-json\/wp\/v2\/comments?post=11118"}],"wp:featuredmedia":[{"embeddable":true,"href":"https:\/\/joinusexcursions.com\/pl\/wp-json\/wp\/v2\/media\/11117"}],"wp:attachment":[{"href":"https:\/\/joinusexcursions.com\/pl\/wp-json\/wp\/v2\/media?parent=11118"}],"wp:term":[{"taxonomy":"product_brand","embeddable":true,"href":"https:\/\/joinusexcursions.com\/pl\/wp-json\/wp\/v2\/product_brand?post=11118"},{"taxonomy":"product_cat","embeddable":true,"href":"https:\/\/joinusexcursions.com\/pl\/wp-json\/wp\/v2\/product_cat?post=11118"},{"taxonomy":"product_tag","embeddable":true,"href":"https:\/\/joinusexcursions.com\/pl\/wp-json\/wp\/v2\/product_tag?post=11118"}],"curies":[{"name":"wp","href":"https:\/\/api.w.org\/{rel}","templated":true}]}}