{"id":11119,"date":"2025-12-15T13:25:53","date_gmt":"2025-12-15T10:25:53","guid":{"rendered":"https:\/\/joinusexcursions.com\/?post_type=product&#038;p=11119"},"modified":"2026-04-13T19:36:11","modified_gmt":"2026-04-13T16:36:11","slug":"belek-rafting-kanion-koprulu","status":"publish","type":"product","link":"https:\/\/joinusexcursions.com\/pl\/tours\/belek-rafting-koprulu-canyon\/","title":{"rendered":"Sp\u0142yw pontonowy po kanionie K\u00f6pr\u00fcl\u00fc z Belek \u2014 z lunchem"},"content":{"rendered":"<p data-start=\"362\" data-end=\"543\">Prze\u017cyj pe\u0142n\u0105 akcji przygod\u0119 z raftingiem z Belek w Kanionie K\u00f6pr\u00fcl\u00fc. Pokonuj ekscytuj\u0105ce bystrza, p\u0142ywaj w spokojnych zakolach rzeki i ciesz si\u0119 ca\u0142ym dniem na \u0142onie natury z wliczonym transferem z hotelu.<\/p>\n<h2>\ud83d\udef6 Przegl\u0105d raftingu w Kanionie Kanionu K\u00f6pr\u00fcl\u00fc w Belek<\/h2>\n<p data-start=\"562\" data-end=\"847\">We\u017a udzia\u0142 w ekscytuj\u0105cej wycieczce raftingowej z Belek, Kadriye i Bo\u011fazkent do Kanionu K\u00f6pr\u00fcl\u00fc, cudu natury wpisanego na list\u0119 UNESCO. Pokonaj 14-kilometrow\u0105 tras\u0119 sp\u0142ywu z 10 zabawnymi bystrzami, ciesz si\u0119 przerwami na p\u0142ywanie, opcjonalnymi aktywno\u015bciami i lunchem nad rzek\u0105. Idealne dla pocz\u0105tkuj\u0105cych i mi\u0142o\u015bnik\u00f3w przyg\u00f3d.<\/p>\n<h3>\ud83c\udf1f Najwa\u017cniejsze informacje<\/h3>\n<p data-start=\"1189\" data-end=\"1465\"><span style=\"color: #ff0000;\"><strong>\u2022<\/strong> <\/span>14 km sp\u0142ywu pontonowego z 10 ekscytuj\u0105cymi progami rzecznymi<br data-start=\"1234\" data-end=\"1237\" \/><span style=\"color: #ff0000;\"><strong>\u2022<\/strong> <\/span>P\u0142ywaj w spokojnych odcinkach rzeki otoczonych natur\u0105<br data-start=\"1287\" data-end=\"1290\" \/><span style=\"color: #ff0000;\"><strong>\u2022<\/strong> <\/span>Profesjonalni przewodnicy i pe\u0142ne wyposa\u017cenie ochronne<br data-start=\"1337\" data-end=\"1340\" \/><span style=\"color: #ff0000;\"><strong>\u2022<\/strong> <\/span>Widoki w pobli\u017cu staro\u017cytnych rzymskich most\u00f3w<br data-start=\"1374\" data-end=\"1377\" \/><span style=\"color: #ff0000;\"><strong>\u2022<\/strong> <\/span>Opcjonalne atrakcje zjazdowe na linie i przygodowe<br data-start=\"1415\" data-end=\"1418\" \/><span style=\"color: #ff0000;\"><strong>\u2022<\/strong> <\/span>Zabawny i bezpieczny sp\u0142yw pontonowy odpowiedni dla pocz\u0105tkuj\u0105cych<\/p>\n<h2>Czego mo\u017cna si\u0119 spodziewa\u0107 podczas sp\u0142ywu pontonowego po kanionie K\u00f6pr\u00fcl\u00fc w Belek<\/h2>\n<div data-start=\"1492\" data-end=\"1747\">Twoja przygoda rozpoczyna si\u0119 od komfortowego odbioru z Twojego hotelu w Belek lub okolicznych miejscowo\u015bci, a nast\u0119pnie malownicz\u0105 przeja\u017cd\u017ck\u0105 do Kanionu K\u00f6pr\u00fcl\u00fc. Po przybyciu do bazy otrzymasz odpraw\u0119 dotycz\u0105c\u0105 bezpiecze\u0144stwa i wyposa\u017cenie w kaski, kamizelki ratunkowe i wios\u0142a.<\/div>\n<div data-start=\"1749\" data-end=\"1943\">Wyrusz w ekscytuj\u0105c\u0105 podr\u00f3\u017c pontonow\u0105 licz\u0105c\u0105 14 km z 10 ekscytuj\u0105cymi bystrzami. Pomi\u0119dzy bystrzami delektuj si\u0119 orze\u017awiaj\u0105cymi k\u0105pielami w spokojnych zatoczkach rzecznych otoczonych g\u00f3rami i bujn\u0105 zieleni\u0105.<\/div>\n<div data-start=\"1945\" data-end=\"2194\">Podczas wycieczki zaplanowano przerw\u0119 na opcjonalne napoje i nale\u015bniki oraz post\u00f3j w strefie przyg\u00f3d z atrakcjami takimi jak zjazd na linie i nurkowanie (dodatkowa op\u0142ata). Zjedzcie smaczny lunch w restauracji nad rzek\u0105, zanim ruszycie dalej tras\u0105 sp\u0142ywu do punktu ko\u0144cowego.<\/div>\n<div data-start=\"2196\" data-end=\"2323\">Na koniec wycieczki mo\u017cesz obejrze\u0107 sw\u00f3j film z raftingu, przegl\u0105dn\u0105\u0107 zdj\u0119cia i zrelaksowa\u0107 si\u0119 podczas powrotnego transferu do hotelu.<\/div>\n<p class=\"mhm-jue-internal-links\">Szukasz wi\u0119cej przyg\u00f3d w okolicy? Zapoznaj si\u0119 z nasz\u0105 pe\u0142n\u0105 list\u0105 <a href=\"\/pl\/kierunki\/belek-wycieczki\/\">Wycieczki po Belek<\/a> lub sprawd\u017a <a href=\"\/pl\/wycieczki-2\/belek-land-of-legends-nocny-pokaz\/\">Wieczorny pokaz Land of Legends z Beleku<\/a> na kolejne niezapomniane prze\u017cycie.<\/p>\n<h3>\ud83e\udded Plan wycieczki<\/h3>\n<p data-start=\"2348\" data-end=\"2661\"><span style=\"color: #ff0000;\"><strong>\u2022<\/strong> <\/span>Odbi\u00f3r z hoteli w Belek i okolicach<br data-start=\"2397\" data-end=\"2400\" \/><span style=\"color: #ff0000;\"><strong>\u2022<\/strong> <\/span>Przyjazd do bazy obozowej Kanionu K\u00f6pr\u00fcl\u00fc<br data-start=\"2437\" data-end=\"2440\" \/><span style=\"color: #ff0000;\"><strong>\u2022<\/strong> <\/span>Odprawa bezpiecze\u0144stwa i dystrybucja sprz\u0119tu<br data-start=\"2484\" data-end=\"2487\" \/><span style=\"color: #ff0000;\"><strong>\u2022<\/strong> <\/span>Sp\u0142yw kajakowy na 14-kilometrowej trasie z przerwami na k\u0105piel<br data-start=\"2534\" data-end=\"2537\" \/><span style=\"color: #ff0000;\"><strong>\u2022<\/strong> <\/span>Opcjonalna tyrolka i przystanek na aktywno\u015bci<br data-start=\"2573\" data-end=\"2576\" \/><span style=\"color: #ff0000;\"><strong>\u2022<\/strong> <\/span>Lunch nad rzek\u0105<br data-start=\"2593\" data-end=\"2596\" \/><span style=\"color: #ff0000;\"><strong>\u2022<\/strong> <\/span>Kontynuuj sp\u0142yw do punktu ko\u0144cowego<br data-start=\"2630\" data-end=\"2633\" \/><span style=\"color: #ff0000;\"><strong>\u2022<\/strong> <\/span>Powrotny transfer do hotelu<\/p>\n<h3>\u2139\ufe0f Przydatne informacje<\/h3>\n<p data-start=\"2690\" data-end=\"2913\"><span style=\"color: #ff0000;\"><strong>\u2022<\/strong> <\/span>\u0141\u00f3d\u017a ratunkowa: W zestawie \u0142odzie ratunkowe dla 10 os\u00f3b<br data-start=\"2731\" data-end=\"2734\" \/><span style=\"color: #ff0000;\"><strong>\u2022<\/strong> <\/span>2-osobowa tratwa dost\u0119pna za dodatkow\u0105 op\u0142at\u0105<br data-start=\"2776\" data-end=\"2779\" \/><span style=\"color: #ff0000;\"><strong>\u2022<\/strong> <\/span>Nie wymaga si\u0119 do\u015bwiadczenia w raftingu<br data-start=\"2811\" data-end=\"2814\" \/><span style=\"color: #ff0000;\"><strong>\u2022<\/strong> <\/span>Odpowiednie dla rodzin i poszukiwaczy przyg\u00f3d<br data-start=\"2859\" data-end=\"2862\" \/><span style=\"color: #ff0000;\"><strong>\u2022<\/strong> <\/span>Program wycieczki mo\u017ce ulec zmianie ze wzgl\u0119du na warunki pogodowe<\/p>\n<p class=\"mhm-jue-external-link\">Dowiedz si\u0119 wi\u0119cej o miejscu docelowym na <a href=\"https:\/\/en.wikipedia.org\/wiki\/K%C3%B6pr%C3%BCl%C3%BC_Canyon_National_Park\" target=\"_blank\" rel=\"noopener\">Strona Wikipedii Parku Narodowego W\u0105wozu K\u00f6pr\u00fcl\u00fc<\/a>.<\/p>\n<h3>\ud83c\udf92 Co zabra\u0107<\/h3>\n<p data-start=\"2937\" data-end=\"3060\"><span style=\"color: #ff0000;\"><strong>\u2022<\/strong> <\/span>Str\u00f3j k\u0105pielowy i r\u0119cznik<br data-start=\"2957\" data-end=\"2960\" \/><span style=\"color: #ff0000;\"><strong>\u2022<\/strong> <\/span>Wygodne buty (mog\u0105 by\u0107 mokre)<br data-start=\"2993\" data-end=\"2996\" \/><span style=\"color: #ff0000;\"><strong>\u2022<\/strong> <\/span>Krem do opalania<br data-start=\"3007\" data-end=\"3010\" \/><span style=\"color: #ff0000;\"><strong>\u2022<\/strong> <\/span>Dodatkowe ubrania<br data-start=\"3025\" data-end=\"3028\" \/><span style=\"color: #ff0000;\"><strong>\u2022<\/strong> <\/span>Got\u00f3wka na opcjonalne zaj\u0119cia<\/p>\n<h3>\ud83d\udeab Nieodpowiednie dla<\/h3>\n<p data-start=\"3087\" data-end=\"3147\"><span style=\"color: #ff0000;\"><strong>\u2022<\/strong> <\/span>Ci\u0119\u017carne kobiety<br data-start=\"3103\" data-end=\"3106\" \/><span style=\"color: #ff0000;\"><strong>\u2022<\/strong> <\/span>Go\u015bcie z powa\u017cnymi problemami z poruszaniem si\u0119<\/p>\n<h3>\ud83d\udcb8 Cena i Rezerwacja<\/h3>\n<p data-start=\"3175\" data-end=\"3349\"><span style=\"color: #ff0000;\"><strong>\u2022<\/strong> <\/span>Ceny zale\u017c\u0105 od sezonu i wybranych opcji<br data-start=\"3220\" data-end=\"3223\" \/><span style=\"color: #ff0000;\"><strong>\u2022<\/strong> <\/span>Zarezerwuj teraz i zap\u0142a\u0107 w dniu wycieczki<br data-start=\"3264\" data-end=\"3267\" \/><span style=\"color: #ff0000;\"><strong>\u2022<\/strong> <\/span>Skontaktuj si\u0119 z nami przez WhatsApp, Telegram lub Viber, lub wype\u0142nij poni\u017cszy formularz rezerwacji<\/p>","protected":false},"excerpt":{"rendered":"<p>Wybierz si\u0119 na sp\u0142yw pontonowy z Belek do Kanionu K\u00f6pr\u00fcl\u00fc. Pokonaj 10 bystrzy na 14-kilometrowej trasie, pop\u0142ywaj, zjedz lunch i skorzystaj z transferu hotelowego w cenie.<\/p>","protected":false},"featured_media":11122,"comment_status":"open","ping_status":"closed","template":"","meta":{"_acf_changed":false},"product_brand":[],"product_cat":[43],"product_tag":[66],"class_list":{"0":"post-11119","1":"product","2":"type-product","3":"status-publish","4":"has-post-thumbnail","6":"product_cat-belek","7":"product_tag-belek","9":"first","10":"instock","11":"sale","12":"featured","13":"shipping-taxable","14":"purchasable","15":"product-type-ovabrw_car_rental"},"acf":[],"aioseo_notices":[],"_links":{"self":[{"href":"https:\/\/joinusexcursions.com\/pl\/wp-json\/wp\/v2\/product\/11119","targetHints":{"allow":["GET"]}}],"collection":[{"href":"https:\/\/joinusexcursions.com\/pl\/wp-json\/wp\/v2\/product"}],"about":[{"href":"https:\/\/joinusexcursions.com\/pl\/wp-json\/wp\/v2\/types\/product"}],"replies":[{"embeddable":true,"href":"https:\/\/joinusexcursions.com\/pl\/wp-json\/wp\/v2\/comments?post=11119"}],"wp:featuredmedia":[{"embeddable":true,"href":"https:\/\/joinusexcursions.com\/pl\/wp-json\/wp\/v2\/media\/11122"}],"wp:attachment":[{"href":"https:\/\/joinusexcursions.com\/pl\/wp-json\/wp\/v2\/media?parent=11119"}],"wp:term":[{"taxonomy":"product_brand","embeddable":true,"href":"https:\/\/joinusexcursions.com\/pl\/wp-json\/wp\/v2\/product_brand?post=11119"},{"taxonomy":"product_cat","embeddable":true,"href":"https:\/\/joinusexcursions.com\/pl\/wp-json\/wp\/v2\/product_cat?post=11119"},{"taxonomy":"product_tag","embeddable":true,"href":"https:\/\/joinusexcursions.com\/pl\/wp-json\/wp\/v2\/product_tag?post=11119"}],"curies":[{"name":"wp","href":"https:\/\/api.w.org\/{rel}","templated":true}]}}