{"id":11123,"date":"2025-12-15T15:00:22","date_gmt":"2025-12-15T12:00:22","guid":{"rendered":"https:\/\/joinusexcursions.com\/?post_type=product&#038;p=11123"},"modified":"2026-04-18T04:02:51","modified_gmt":"2026-04-18T01:02:51","slug":"belek-demre-myra-kekova","status":"publish","type":"product","link":"https:\/\/joinusexcursions.com\/pl\/tours\/belek-demre-myra-kekova\/","title":{"rendered":"Wycieczka Demre Myra Kekova z Belek"},"content":{"rendered":"<p data-start=\"347\" data-end=\"505\">Odkryj staro\u017cytne cuda Licji podczas ca\u0142odniowej wycieczki z Belek. Pop\u0142y\u0144 do zatopionego miasta Kekova, odwied\u017a ruiny Myry i odkryj ko\u015bci\u00f3\u0142 \u015bw. Miko\u0142aja.<\/p>\n<h2>\ud83c\udf0d Przegl\u0105d Belek Demre Myra Kekova<\/h2>\n<p data-start=\"524\" data-end=\"822\">Podr\u00f3\u017cuj w czasie podczas ca\u0142odniowej kulturalnej wycieczki z Belek, Kadriye i Bo\u011fazkent do serca staro\u017cytnej Licyi. Odwied\u017a skalne grobowce i rzymski teatr w Myrze, zwied\u017a Ko\u015bci\u00f3\u0142 \u015bw. Miko\u0142aja w Demre i wybierz si\u0119 w rejs jachtem ze szklanym dnem do zatopionego miasta Kekova z przerw\u0105 na k\u0105piel.<\/p>\n<h3>\ud83c\udf1f Najwa\u017cniejsze informacje<\/h3>\n<p data-start=\"1234\" data-end=\"1519\"><span style=\"color: #ff0000;\"><strong>\u2022<\/strong> <\/span>Odkryj staro\u017cytn\u0105 krain\u0119 Licyjczyk\u00f3w<br data-start=\"1270\" data-end=\"1273\" \/><span style=\"color: #ff0000;\"><strong>\u2022<\/strong> <\/span>Rejs jachtem ze szklanym dnem do Zatopionego Miasta Kekova<br data-start=\"1322\" data-end=\"1325\" \/><span style=\"color: #ff0000;\"><strong>\u2022<\/strong> <\/span>Odwied\u017a Ko\u015bci\u00f3\u0142 \u015bw. Miko\u0142aja (\u015awi\u0119tego Miko\u0142aja)<br data-start=\"1373\" data-end=\"1376\" \/><span style=\"color: #ff0000;\"><strong>\u2022<\/strong> <\/span>Zwied\u017a skalne grobowce Myry i teatr rzymski<br data-start=\"1419\" data-end=\"1422\" \/><span style=\"color: #ff0000;\"><strong>\u2022<\/strong> <\/span>P\u0142ywa\u0107 w krystalicznie czystej wodzie Morza \u015ar\u00f3dziemnego<br data-start=\"1466\" data-end=\"1469\" \/><span style=\"color: #ff0000;\"><strong>\u2022<\/strong> <\/span>Malownicza nadmorska jazda i bezproblemowe transfery<\/p>\n<h2>Czego mo\u017cna si\u0119 spodziewa\u0107 podczas wycieczki do Belek Demre Myra Kekova<\/h2>\n<div data-start=\"1546\" data-end=\"1705\">Tw\u00f3j dzie\u0144 rozpoczyna si\u0119 komfortowym odbiorem z hotelu w okolicach Belek. Ciesz si\u0119 malownicz\u0105 jazd\u0105 wzd\u0142u\u017c wybrze\u017ca w kierunku staro\u017cytnych krain Licyjczyk\u00f3w.<\/div>\n<div data-start=\"1707\" data-end=\"1882\">Pierwszy przystanek to <strong data-start=\"1725\" data-end=\"1733\">Maja<\/strong>, jednym z najwa\u017cniejszych miast licyjskich. Tutaj mo\u017cna podziwia\u0107 imponuj\u0105ce grobowce wykute w ska\u0142ach, wci\u015bni\u0119te w zbocza klif\u00f3w, oraz ruiny du\u017cego teatru grecko-rzymskiego.<\/div>\n<div data-start=\"1884\" data-end=\"2088\">Kontynuuj <strong data-start=\"1896\" data-end=\"1905\">Demre<\/strong> odwiedzi\u0107 <strong data-start=\"1919\" data-end=\"1945\">Ko\u015bci\u00f3\u0142 \u015bw. Miko\u0142aja<\/strong>, zbudowana nad miejscem poch\u00f3wku \u015bwi\u0119tego z IV wieku, kt\u00f3ry zainspirowa\u0142 legend\u0119 \u015awi\u0119tego Miko\u0142aja. Poznaj jego \u017cycie i historyczne znaczenie.<\/div>\n<div data-start=\"2090\" data-end=\"2452\">Po pysznym lokalnym obiedzie udaj si\u0119 do <strong data-start=\"2129\" data-end=\"2147\">Port \u00c7aya\u011fz\u0131<\/strong> i wej\u015b\u0107 na pok\u0142ad prywatnego jachtu ze szklanym dnem w stylu akwarium. Rejs w kierunku <strong data-start=\"2217\" data-end=\"2234\">Wyspa Kekova<\/strong> i podziwia\u0107 tajemnicze ruiny <strong data-start=\"2274\" data-end=\"2289\">zatopione miasto<\/strong>, cz\u0119\u015bciowo zanurzone po dawnym trz\u0119sieniu ziemi. Obserwuj podwodne pozosta\u0142o\u015bci przez szklane panele jachtu i podziwiaj widoki na <strong data-start=\"2419\" data-end=\"2436\">Zamek Simena<\/strong> na wzg\u00f3rzu.<\/div>\n<div data-start=\"2454\" data-end=\"2631\">Przed powrotem orze\u017awij si\u0119 p\u0142ywaniem w turkusowych wodach Morza \u015ar\u00f3dziemnego. Na koniec zrelaksuj si\u0119 podczas podr\u00f3\u017cy powrotnej do hotelu z niezapomnianymi wspomnieniami historii i przyrody.<\/div>\n<p class=\"mhm-jue-internal-links\">Szukasz wi\u0119cej przyg\u00f3d w okolicy? Zapoznaj si\u0119 z nasz\u0105 pe\u0142n\u0105 list\u0105 <a href=\"\/pl\/kierunki\/belek-wycieczki\/\">Wycieczki po Belek<\/a> lub sprawd\u017a <a href=\"\/pl\/wycieczki-2\/belek-land-of-legends-nocny-pokaz\/\">Wieczorny pokaz Land of Legends z Beleku<\/a> na kolejne niezapomniane prze\u017cycie.<\/p>\n<h3>\ud83e\udded Plan wycieczki<\/h3>\n<p data-start=\"2656\" data-end=\"2969\"><span style=\"color: #ff0000;\"><strong>\u2022<\/strong> <\/span>Odbi\u00f3r z hoteli w Belek i okolicach<br data-start=\"2705\" data-end=\"2708\" \/><span style=\"color: #ff0000;\"><strong>\u2022<\/strong> <\/span>Malownicza przeja\u017cd\u017cka do Myry<br data-start=\"2730\" data-end=\"2733\" \/><span style=\"color: #ff0000;\"><strong>\u2022<\/strong> <\/span>Odwied\u017a grobowce skalne Myry i rzymski teatr<br data-start=\"2774\" data-end=\"2777\" \/><span style=\"color: #ff0000;\"><strong>\u2022<\/strong> <\/span>Demre \u2013 Ko\u015bci\u00f3\u0142 \u015bw. Miko\u0142aja<br data-start=\"2809\" data-end=\"2812\" \/><span style=\"color: #ff0000;\"><strong>\u2022<\/strong> <\/span>Lunch w lokalnej restauracji<br data-start=\"2841\" data-end=\"2844\" \/><span style=\"color: #ff0000;\"><strong>\u2022<\/strong> <\/span>Rejs jachtem ze szklanym dnem z \u00c7aya\u011fz\u0131<br data-start=\"2884\" data-end=\"2887\" \/><span style=\"color: #ff0000;\"><strong>\u2022<\/strong> <\/span>Odwiedziny Zatopionego Miasta Kekova<br data-start=\"2919\" data-end=\"2922\" \/><span style=\"color: #ff0000;\"><strong>\u2022<\/strong> <\/span>Przerwa na p\u0142ywanie<br data-start=\"2938\" data-end=\"2941\" \/><span style=\"color: #ff0000;\"><strong>\u2022<\/strong> <\/span>Powrotny transfer do hotelu<\/p>\n<h3>\u2139\ufe0f Przydatne informacje<\/h3>\n<p data-start=\"2998\" data-end=\"3153\"><span style=\"color: #ff0000;\"><strong>\u2022<\/strong> <\/span>Ca\u0142odniowa wycieczka<br data-start=\"3013\" data-end=\"3016\" \/><span style=\"color: #ff0000;\"><strong>\u2022<\/strong> <\/span>Czas rejsu jachtem: ok. 2,5 godziny<br data-start=\"3058\" data-end=\"3061\" \/><span style=\"color: #ff0000;\"><strong>\u2022<\/strong> <\/span>P\u0142ywanie zale\u017cy od warunk\u00f3w pogodowych<br data-start=\"3101\" data-end=\"3104\" \/><span style=\"color: #ff0000;\"><strong>\u2022<\/strong> <\/span>Umiarkowany spacer po historycznych miejscach<\/p>\n<p class=\"mhm-jue-external-link\">Dowiedz si\u0119 wi\u0119cej o miejscu docelowym na <a href=\"https:\/\/en.wikipedia.org\/wiki\/Myra\" target=\"_blank\" rel=\"noopener\">staro\u017cytne miasto Myra strona Wikipedii<\/a>.<\/p>\n<h3>\ud83c\udf92 Co zabra\u0107<\/h3>\n<p data-start=\"3177\" data-end=\"3314\"><span style=\"color: #ff0000;\"><strong>\u2022<\/strong> <\/span>Wygodne buty do chodzenia<br data-start=\"3204\" data-end=\"3207\" \/><span style=\"color: #ff0000;\"><strong>\u2022<\/strong> <\/span>Str\u00f3j k\u0105pielowy i r\u0119cznik<br data-start=\"3227\" data-end=\"3230\" \/><span style=\"color: #ff0000;\"><strong>\u2022<\/strong> <\/span>Krem z filtrem i kapelusz<br data-start=\"3249\" data-end=\"3252\" \/><span style=\"color: #ff0000;\"><strong>\u2022<\/strong> <\/span>Aparat czy smartfon<br data-start=\"3274\" data-end=\"3277\" \/><span style=\"color: #ff0000;\"><strong>\u2022<\/strong> <\/span>Got\u00f3wka na op\u0142aty wst\u0119pu i napoje<\/p>\n<h3>\ud83d\udeab Nieodpowiednie dla<\/h3>\n<p data-start=\"3341\" data-end=\"3385\"><span style=\"color: #ff0000;\"><strong>\u2022<\/strong> <\/span>Go\u015bcie o powa\u017cnych ograniczeniach ruchowych<\/p>\n<h3>\ud83d\udcb8 Cena i Rezerwacja<\/h3>\n<p data-start=\"3413\" data-end=\"3579\"><span style=\"color: #ff0000;\"><strong>\u2022<\/strong> <\/span>Ceny mog\u0105 si\u0119 r\u00f3\u017cni\u0107 w zale\u017cno\u015bci od sezonu<br data-start=\"3450\" data-end=\"3453\" \/><span style=\"color: #ff0000;\"><strong>\u2022<\/strong> <\/span>Zarezerwuj teraz i zap\u0142a\u0107 w dniu wycieczki<br data-start=\"3494\" data-end=\"3497\" \/><span style=\"color: #ff0000;\"><strong>\u2022<\/strong> <\/span>Skontaktuj si\u0119 z nami przez WhatsApp, Telegram lub Viber, lub wype\u0142nij poni\u017cszy formularz rezerwacji<\/p>","protected":false},"excerpt":{"rendered":"<p>Poznaj Zatopione Miasto Kekova, ruiny Myry i Ko\u015bci\u00f3\u0142 \u015bw. Miko\u0142aja podczas jednodniowej wycieczki z Beleku. Ciesz si\u0119 rejsem jachtem ze szklanym dnem, p\u0142ywaniem i lunchem.<\/p>","protected":false},"featured_media":10750,"comment_status":"open","ping_status":"closed","template":"","meta":{"_acf_changed":false},"product_brand":[],"product_cat":[43],"product_tag":[66],"class_list":{"0":"post-11123","1":"product","2":"type-product","3":"status-publish","4":"has-post-thumbnail","6":"product_cat-belek","7":"product_tag-belek","9":"first","10":"instock","11":"sale","12":"featured","13":"shipping-taxable","14":"purchasable","15":"product-type-ovabrw_car_rental"},"acf":[],"aioseo_notices":[],"_links":{"self":[{"href":"https:\/\/joinusexcursions.com\/pl\/wp-json\/wp\/v2\/product\/11123","targetHints":{"allow":["GET"]}}],"collection":[{"href":"https:\/\/joinusexcursions.com\/pl\/wp-json\/wp\/v2\/product"}],"about":[{"href":"https:\/\/joinusexcursions.com\/pl\/wp-json\/wp\/v2\/types\/product"}],"replies":[{"embeddable":true,"href":"https:\/\/joinusexcursions.com\/pl\/wp-json\/wp\/v2\/comments?post=11123"}],"wp:featuredmedia":[{"embeddable":true,"href":"https:\/\/joinusexcursions.com\/pl\/wp-json\/wp\/v2\/media\/10750"}],"wp:attachment":[{"href":"https:\/\/joinusexcursions.com\/pl\/wp-json\/wp\/v2\/media?parent=11123"}],"wp:term":[{"taxonomy":"product_brand","embeddable":true,"href":"https:\/\/joinusexcursions.com\/pl\/wp-json\/wp\/v2\/product_brand?post=11123"},{"taxonomy":"product_cat","embeddable":true,"href":"https:\/\/joinusexcursions.com\/pl\/wp-json\/wp\/v2\/product_cat?post=11123"},{"taxonomy":"product_tag","embeddable":true,"href":"https:\/\/joinusexcursions.com\/pl\/wp-json\/wp\/v2\/product_tag?post=11123"}],"curies":[{"name":"wp","href":"https:\/\/api.w.org\/{rel}","templated":true}]}}