{"id":11124,"date":"2025-12-15T15:12:51","date_gmt":"2025-12-15T12:12:51","guid":{"rendered":"https:\/\/joinusexcursions.com\/?post_type=product&#038;p=11124"},"modified":"2026-04-13T19:36:12","modified_gmt":"2026-04-13T16:36:12","slug":"belek-pamukkale-hierapolis","status":"publish","type":"product","link":"https:\/\/joinusexcursions.com\/pl\/tours\/belek-pamukkale-hierapolis\/","title":{"rendered":"Wycieczka do Pamukkale i Hierapolis z Belek"},"content":{"rendered":"<p data-start=\"378\" data-end=\"546\">Odkryj naturalne pi\u0119kno Pamukkale i staro\u017cytnego miasta Hierapolis podczas ca\u0142odniowej wycieczki z przewodnikiem z Belek. K\u0105p si\u0119 w wodach termalnych, zwiedzaj ruiny i zjedz lunch.<\/p>\n<h2>Przegl\u0105d wycieczki Belek Pamukkale Hierapolis<\/h2>\n<p data-start=\"564\" data-end=\"857\">Do\u0142\u0105cz do ca\u0142odniowego do\u015bwiadczenia kulturalnego i przyrodniczego z Belek, Kadriye i Bo\u011fazkent do Pamukkale, s\u0142ynnego \u201cBawe\u0142nianego Zamku\u201d. Spaceruj po \u015bnie\u017cnobia\u0142ych tarasach, zwied\u017a staro\u017cytne miasto Hierapolis i ciesz si\u0119 wolnym czasem na relaks w wodach termalnych. Idealne po\u0142\u0105czenie historii, przyrody i relaksu.<\/p>\n<h3>\ud83c\udf1f Najwa\u017cniejsze informacje<\/h3>\n<p data-start=\"1175\" data-end=\"1447\"><strong><span style=\"color: #ff0000;\">\u2022<\/span> <\/strong>Przejd\u017a si\u0119 po bia\u0142ych trawertynowych tarasach Pamukkale<br data-start=\"1227\" data-end=\"1230\" \/><strong><span style=\"color: #ff0000;\">\u2022<\/span> <\/strong>Poznaj staro\u017cytne ruiny Hierapolis<br data-start=\"1271\" data-end=\"1274\" \/><strong><span style=\"color: #ff0000;\">\u2022<\/span> <\/strong>Odwied\u017a rzymski teatr, termy i staro\u017cytne ulice<br data-start=\"1322\" data-end=\"1325\" \/><strong><span style=\"color: #ff0000;\">\u2022<\/span> <\/strong>P\u0142ywa\u0107 w naturalnych basenach termalnych<br data-start=\"1356\" data-end=\"1359\" \/><strong><span style=\"color: #ff0000;\">\u2022<\/span> <\/strong>Opcjonalna k\u0105piel w Fontannie Kleopatry<br data-start=\"1394\" data-end=\"1397\" \/><strong><span style=\"color: #ff0000;\">\u2022<\/span> <\/strong>Malownicza podr\u00f3\u017c przez tureck\u0105 wie\u015b<\/p>\n<h2>Czego mo\u017cna si\u0119 spodziewa\u0107 podczas wycieczki Belek Pamukkale Hierapolis<\/h2>\n<div data-start=\"1474\" data-end=\"1647\">Twoja podr\u00f3\u017c rozpoczyna si\u0119 wcze\u015bnie od komfortowego odbioru z hotelu w Belek lub okolicach. Ciesz si\u0119 malownicz\u0105 jazd\u0105 przez pi\u0119kne krajobrazy w drodze do Pamukkale.<\/div>\n<div data-start=\"1649\" data-end=\"1874\">Zanim odwiedzisz miejsce, zatrzymaj si\u0119 na pyszny lunch w formie otwartego bufetu, aby na\u0142adowa\u0107 baterie. Nast\u0119pnie przyjed\u017a do <strong data-start=\"1742\" data-end=\"1755\">Pamukkale<\/strong>, s\u0142yn\u0105ce z ol\u015bniewaj\u0105cych bia\u0142ych taras\u00f3w trawertynowych, utworzonych przez wody termalne bogate w minera\u0142y sp\u0142ywaj\u0105ce po zboczu wzg\u00f3rza.<\/div>\n<div data-start=\"1876\" data-end=\"2208\">Kontynuuj eksploracj\u0119 <strong data-start=\"1896\" data-end=\"1910\">Hierapolis<\/strong>, staro\u017cytne miasto za\u0142o\u017cone jako uzdrowisko termalne w II wieku p.n.e. Spaceruj w\u015br\u00f3d niezwykle dobrze zachowanych ruin, w tym rzymskiego teatru, \u015bwi\u0105tyni Apollina, rzymskich \u0142a\u017ani, fontann i staro\u017cytnej agory. Tw\u00f3j profesjonalny przewodnik podzieli si\u0119 fascynuj\u0105cymi spostrze\u017ceniami na temat historii i znaczenia kulturowego miasta.<\/div>\n<div data-start=\"2210\" data-end=\"2495\">Po zwiedzaniu z przewodnikiem, czeka na Pa\u0144stwa czas wolny na relaks lub k\u0105piel w naturalnych basenach termalnych. Za dodatkow\u0105 op\u0142at\u0105 mo\u017cna r\u00f3wnie\u017c pop\u0142ywa\u0107 w legendarnym <strong data-start=\"2349\" data-end=\"2369\">Basen Kleopatry<\/strong>, kt\u00f3r\u0105, jak si\u0119 uwa\u017ca, odwiedzi\u0142a sama kr\u00f3lowa. Pod koniec dnia wr\u00f3\u0107 do hotelu z niezapomnianymi wspomnieniami.<\/div>\n<p class=\"mhm-jue-internal-links\">Szukasz wi\u0119cej przyg\u00f3d w okolicy? Zapoznaj si\u0119 z nasz\u0105 pe\u0142n\u0105 list\u0105 <a href=\"\/pl\/kierunki\/belek-wycieczki\/\">Wycieczki po Belek<\/a> lub sprawd\u017a <a href=\"\/pl\/wycieczki-2\/belek-land-of-legends-nocny-pokaz\/\">Wieczorny pokaz Land of Legends z Beleku<\/a> na kolejne niezapomniane prze\u017cycie.<\/p>\n<h3>\ud83e\udded Plan wycieczki<\/h3>\n<p data-start=\"2520\" data-end=\"2800\"><strong><span style=\"color: #ff0000;\">\u2022<\/span> <\/strong>Odbi\u00f3r z hoteli w Belek i okolicach<br data-start=\"2569\" data-end=\"2572\" \/><strong><span style=\"color: #ff0000;\">\u2022<\/span> <\/strong>Malownicza przeja\u017cd\u017cka do Pamukkale<br data-start=\"2599\" data-end=\"2602\" \/><strong><span style=\"color: #ff0000;\">\u2022<\/span> <\/strong>Przerwa obiadowa (szwedzki st\u00f3\u0142)<br data-start=\"2629\" data-end=\"2632\" \/><strong><span style=\"color: #ff0000;\">\u2022<\/span> <\/strong>Odwied\u017a wapienne tarasy Pamukkale<br data-start=\"2661\" data-end=\"2664\" \/><strong><span style=\"color: #ff0000;\">\u2022<\/span> <\/strong>Wycieczka z przewodnikiem po Hierapolis<br data-start=\"2691\" data-end=\"2694\" \/><strong><span style=\"color: #ff0000;\">\u2022<\/span> <\/strong>Czas wolny na p\u0142ywanie i relaks<br data-start=\"2733\" data-end=\"2736\" \/><strong><span style=\"color: #ff0000;\">\u2022<\/span> <\/strong>Opcjonalna wizyta nad Basenem Kleopatry<br data-start=\"2769\" data-end=\"2772\" \/><strong><span style=\"color: #ff0000;\">\u2022<\/span> <\/strong>Powrotny transfer do hotelu<\/p>\n<h3>\u2139\ufe0f Przydatne informacje<\/h3>\n<p data-start=\"2829\" data-end=\"2953\"><strong><span style=\"color: #ff0000;\">\u2022<\/span> <\/strong>Ca\u0142odniowa wycieczka<br data-start=\"2844\" data-end=\"2847\" \/><strong><span style=\"color: #ff0000;\">\u2022<\/span> <\/strong>Umiarkowane spacery wliczone<br data-start=\"2874\" data-end=\"2877\" \/><strong><span style=\"color: #ff0000;\">\u2022<\/span> <\/strong>Polecane wygodne buty<br data-start=\"2908\" data-end=\"2911\" \/><strong><span style=\"color: #ff0000;\">\u2022<\/span> <\/strong>P\u0142ywanie zale\u017cy od warunk\u00f3w pogodowych<\/p>\n<p class=\"mhm-jue-external-link\">Dowiedz si\u0119 wi\u0119cej o miejscu docelowym na <a href=\"https:\/\/en.wikipedia.org\/wiki\/Pamukkale\" target=\"_blank\" rel=\"noopener\">Strona Pamukkale w Wikipedii<\/a>.<\/p>\n<h3>\ud83c\udf92 Co zabra\u0107<\/h3>\n<p data-start=\"2977\" data-end=\"3114\"><strong><span style=\"color: #ff0000;\">\u2022<\/span> <\/strong>Wygodne buty do chodzenia<br data-start=\"3004\" data-end=\"3007\" \/><strong><span style=\"color: #ff0000;\">\u2022<\/span> <\/strong>Str\u00f3j k\u0105pielowy i r\u0119cznik<br data-start=\"3027\" data-end=\"3030\" \/><strong><span style=\"color: #ff0000;\">\u2022<\/span> <\/strong>Krem z filtrem i kapelusz<br data-start=\"3049\" data-end=\"3052\" \/><strong><span style=\"color: #ff0000;\">\u2022<\/span> <\/strong>Aparat czy smartfon<br data-start=\"3074\" data-end=\"3077\" \/><strong><span style=\"color: #ff0000;\">\u2022<\/span> <\/strong>Got\u00f3wka na op\u0142aty za wst\u0119p i dodatki<\/p>\n<h3>\ud83d\udeab Nieodpowiednie dla<\/h3>\n<p data-start=\"3141\" data-end=\"3186\"><strong><span style=\"color: #ff0000;\">\u2022<\/span> <\/strong>Go\u015bcie z powa\u017cnymi trudno\u015bciami w poruszaniu si\u0119<\/p>\n<h3>\ud83d\udcb8 Cena i Rezerwacja<\/h3>\n<p data-start=\"3214\" data-end=\"3380\"><strong><span style=\"color: #ff0000;\">\u2022<\/span> <\/strong>Ceny mog\u0105 si\u0119 r\u00f3\u017cni\u0107 w zale\u017cno\u015bci od sezonu<br data-start=\"3251\" data-end=\"3254\" \/><strong><span style=\"color: #ff0000;\">\u2022<\/span> <\/strong>Zarezerwuj teraz i zap\u0142a\u0107 w dniu wycieczki<br data-start=\"3295\" data-end=\"3298\" \/><strong><span style=\"color: #ff0000;\">\u2022<\/span> <\/strong>Skontaktuj si\u0119 z nami przez WhatsApp, Telegram lub Viber, lub wype\u0142nij poni\u017cszy formularz rezerwacji<\/p>","protected":false},"excerpt":{"rendered":"<p>Odwied\u017a Pamukkale i Hierapolis podczas ca\u0142odniowej wycieczki z Belek. Spaceruj po bia\u0142ych tarasach wapiennych, zwiedzaj staro\u017cytne ruiny, p\u0142ywaj w gor\u0105cych \u017ar\u00f3d\u0142ach i zjedz lunch.<\/p>","protected":false},"featured_media":10711,"comment_status":"open","ping_status":"closed","template":"","meta":{"_acf_changed":false},"product_brand":[],"product_cat":[43],"product_tag":[66],"class_list":{"0":"post-11124","1":"product","2":"type-product","3":"status-publish","4":"has-post-thumbnail","6":"product_cat-belek","7":"product_tag-belek","9":"first","10":"instock","11":"sale","12":"featured","13":"shipping-taxable","14":"purchasable","15":"product-type-ovabrw_car_rental"},"acf":[],"aioseo_notices":[],"_links":{"self":[{"href":"https:\/\/joinusexcursions.com\/pl\/wp-json\/wp\/v2\/product\/11124","targetHints":{"allow":["GET"]}}],"collection":[{"href":"https:\/\/joinusexcursions.com\/pl\/wp-json\/wp\/v2\/product"}],"about":[{"href":"https:\/\/joinusexcursions.com\/pl\/wp-json\/wp\/v2\/types\/product"}],"replies":[{"embeddable":true,"href":"https:\/\/joinusexcursions.com\/pl\/wp-json\/wp\/v2\/comments?post=11124"}],"wp:featuredmedia":[{"embeddable":true,"href":"https:\/\/joinusexcursions.com\/pl\/wp-json\/wp\/v2\/media\/10711"}],"wp:attachment":[{"href":"https:\/\/joinusexcursions.com\/pl\/wp-json\/wp\/v2\/media?parent=11124"}],"wp:term":[{"taxonomy":"product_brand","embeddable":true,"href":"https:\/\/joinusexcursions.com\/pl\/wp-json\/wp\/v2\/product_brand?post=11124"},{"taxonomy":"product_cat","embeddable":true,"href":"https:\/\/joinusexcursions.com\/pl\/wp-json\/wp\/v2\/product_cat?post=11124"},{"taxonomy":"product_tag","embeddable":true,"href":"https:\/\/joinusexcursions.com\/pl\/wp-json\/wp\/v2\/product_tag?post=11124"}],"curies":[{"name":"wp","href":"https:\/\/api.w.org\/{rel}","templated":true}]}}