{"id":11127,"date":"2025-12-15T15:45:29","date_gmt":"2025-12-15T12:45:29","guid":{"rendered":"https:\/\/joinusexcursions.com\/?post_type=product&#038;p=11127"},"modified":"2026-04-13T19:36:12","modified_gmt":"2026-04-13T16:36:12","slug":"side-pamukkale-hierapolis","status":"publish","type":"product","link":"https:\/\/joinusexcursions.com\/pl\/tours\/side-pamukkale-hierapolis\/","title":{"rendered":"Wycieczka do Pamukkale i Hierapolis z Belek Side"},"content":{"rendered":"<p data-start=\"3658\" data-end=\"3805\">Odkryj bia\u0142e tarasy Pamukkale i staro\u017cytne miasto Hierapolis podczas ca\u0142odniowej wycieczki z przewodnikiem z Side. W cenie baseny termalne, ruiny i lunch.<\/p>\n<h2>\u2728 Przegl\u0105d wycieczki bocznej Pamukkale Hierapolis<\/h2>\n<p data-start=\"3823\" data-end=\"4065\">Prze\u017cyj jedn\u0105 z najbardziej kultowych destynacji Turcji podczas ca\u0142odniowej wycieczki z Side, Kumk\u00f6y, Evrenseki, \u00c7olakl\u0131 i Manavgatu. Odkryj tarasy wapienne Pamukkale, zwied\u017a staro\u017cytne miasto Hierapolis i skorzystaj z wolnego czasu na k\u0105piel w wodach termalnych.<\/p>\n<h3>\ud83c\udf1f Najwa\u017cniejsze informacje<\/h3>\n<p data-start=\"1175\" data-end=\"1447\"><strong><span style=\"color: #ff0000;\">\u2022<\/span> <\/strong>Przejd\u017a si\u0119 po bia\u0142ych trawertynowych tarasach Pamukkale<br data-start=\"1227\" data-end=\"1230\" \/><strong><span style=\"color: #ff0000;\">\u2022<\/span> <\/strong>Poznaj staro\u017cytne ruiny Hierapolis<br data-start=\"1271\" data-end=\"1274\" \/><strong><span style=\"color: #ff0000;\">\u2022<\/span> <\/strong>Odwied\u017a rzymski teatr, termy i staro\u017cytne ulice<br data-start=\"1322\" data-end=\"1325\" \/><strong><span style=\"color: #ff0000;\">\u2022<\/span> <\/strong>P\u0142ywa\u0107 w naturalnych basenach termalnych<br data-start=\"1356\" data-end=\"1359\" \/><strong><span style=\"color: #ff0000;\">\u2022<\/span> <\/strong>Opcjonalna k\u0105piel w Fontannie Kleopatry<br data-start=\"1394\" data-end=\"1397\" \/><strong><span style=\"color: #ff0000;\">\u2022<\/span> <\/strong>Malownicza podr\u00f3\u017c przez tureck\u0105 wie\u015b<\/p>\n<h2>Czego mo\u017cna si\u0119 spodziewa\u0107 podczas wycieczki do Pamukkale Hierapolis<\/h2>\n<div data-start=\"4679\" data-end=\"4853\">Rozpocznij sw\u00f3j dzie\u0144 od wczesnego odbioru z hotelu w Side lub okolicznych regionach. Zrelaksuj si\u0119 podczas malowniczej jazdy do Pamukkale, podziwiaj\u0105c po drodze urokliwe wiejskie krajobrazy.<\/div>\n<div data-start=\"4855\" data-end=\"5065\">Po rozkoszowaniu si\u0119 lunchem w formie bufetu, przyb\u0105d\u017a do <strong data-start=\"4902\" data-end=\"4915\">Pamukkale<\/strong> i odkryj s\u0142ynne bia\u0142e tarasy trawertynowe utworzone przez sp\u0142ywaj\u0105ce wody termalne. Przejd\u017a boso po bogatych w minera\u0142y basenach i zr\u00f3b niezapomniane zdj\u0119cia.<\/div>\n<div data-start=\"5067\" data-end=\"5273\">Dalej do staro\u017cytnego miasta <strong data-start=\"5099\" data-end=\"5113\">Hierapolis<\/strong>, niegdy\u015b renomowane miasto uzdrowiskowe. Odwied\u017a jego imponuj\u0105cy teatr rzymski, staro\u017cytne \u0142a\u017anie, \u015bwi\u0105tynie i agor\u0119, podczas gdy Tw\u00f3j przewodnik opowie historie o jego bogatej historii.<\/div>\n<div data-start=\"5275\" data-end=\"5468\">Ciesz si\u0119 wolnym czasem na relaks lub k\u0105piel w basenach termalnych. Je\u015bli chcesz, mo\u017cesz r\u00f3wnie\u017c odwiedzi\u0107 <strong data-start=\"5362\" data-end=\"5382\">Basen Kleopatry<\/strong> za dodatkow\u0105 op\u0142at\u0105. Zako\u0144cz dzie\u0144 komfortowym transferem powrotnym do hotelu.<\/div>\n<p class=\"mhm-jue-internal-links\">Szukasz wi\u0119cej przyg\u00f3d w okolicy? Zapoznaj si\u0119 z nasz\u0105 pe\u0142n\u0105 list\u0105 <a href=\"\/pl\/kierunki\/side-wycieczki\/\">Wycieczki poboczne<\/a> lub sprawd\u017a <a href=\"\/pl\/wycieczki-2\/side-land-of-legends-nocny-pokaz\/\">Pokaz nocny w Land of Legends z Side<\/a> na kolejne niezapomniane prze\u017cycie.<\/p>\n<h3>\ud83e\udded Plan wycieczki<\/h3>\n<p data-start=\"2520\" data-end=\"2800\"><strong><span style=\"color: #ff0000;\">\u2022<\/span> <\/strong>Odbi\u00f3r z hoteli w Side i okolicach<br data-start=\"2569\" data-end=\"2572\" \/><strong><span style=\"color: #ff0000;\">\u2022<\/span> <\/strong>Malownicza przeja\u017cd\u017cka do Pamukkale<br data-start=\"2599\" data-end=\"2602\" \/><strong><span style=\"color: #ff0000;\">\u2022<\/span> <\/strong>Przerwa obiadowa (szwedzki st\u00f3\u0142)<br data-start=\"2629\" data-end=\"2632\" \/><strong><span style=\"color: #ff0000;\">\u2022<\/span> <\/strong>Odwied\u017a wapienne tarasy Pamukkale<br data-start=\"2661\" data-end=\"2664\" \/><strong><span style=\"color: #ff0000;\">\u2022<\/span> <\/strong>Wycieczka z przewodnikiem po Hierapolis<br data-start=\"2691\" data-end=\"2694\" \/><strong><span style=\"color: #ff0000;\">\u2022<\/span> <\/strong>Czas wolny na p\u0142ywanie i relaks<br data-start=\"2733\" data-end=\"2736\" \/><strong><span style=\"color: #ff0000;\">\u2022<\/span> <\/strong>Opcjonalna wizyta nad Basenem Kleopatry<br data-start=\"2769\" data-end=\"2772\" \/><strong><span style=\"color: #ff0000;\">\u2022<\/span> <\/strong>Powrotny transfer do hotelu<\/p>\n<h3>\u2139\ufe0f Przydatne informacje<\/h3>\n<p data-start=\"2829\" data-end=\"2953\"><strong><span style=\"color: #ff0000;\">\u2022<\/span> <\/strong>Ca\u0142odniowa wycieczka<br data-start=\"2844\" data-end=\"2847\" \/><strong><span style=\"color: #ff0000;\">\u2022<\/span> <\/strong>Umiarkowane spacery wliczone<br data-start=\"2874\" data-end=\"2877\" \/><strong><span style=\"color: #ff0000;\">\u2022<\/span> <\/strong>Polecane wygodne buty<br data-start=\"2908\" data-end=\"2911\" \/><strong><span style=\"color: #ff0000;\">\u2022<\/span> <\/strong>P\u0142ywanie zale\u017cy od warunk\u00f3w pogodowych<\/p>\n<p class=\"mhm-jue-external-link\">Dowiedz si\u0119 wi\u0119cej o miejscu docelowym na <a href=\"https:\/\/en.wikipedia.org\/wiki\/Pamukkale\" target=\"_blank\" rel=\"noopener\">Strona Pamukkale w Wikipedii<\/a>.<\/p>\n<h3>\ud83c\udf92 Co zabra\u0107<\/h3>\n<p data-start=\"2977\" data-end=\"3114\"><strong><span style=\"color: #ff0000;\">\u2022<\/span> <\/strong>Wygodne buty do chodzenia<br data-start=\"3004\" data-end=\"3007\" \/><strong><span style=\"color: #ff0000;\">\u2022<\/span> <\/strong>Str\u00f3j k\u0105pielowy i r\u0119cznik<br data-start=\"3027\" data-end=\"3030\" \/><strong><span style=\"color: #ff0000;\">\u2022<\/span> <\/strong>Krem z filtrem i kapelusz<br data-start=\"3049\" data-end=\"3052\" \/><strong><span style=\"color: #ff0000;\">\u2022<\/span> <\/strong>Aparat czy smartfon<br data-start=\"3074\" data-end=\"3077\" \/><strong><span style=\"color: #ff0000;\">\u2022<\/span> <\/strong>Got\u00f3wka na op\u0142aty za wst\u0119p i dodatki<\/p>\n<h3>\ud83d\udeab Nieodpowiednie dla<\/h3>\n<p data-start=\"3141\" data-end=\"3186\"><strong><span style=\"color: #ff0000;\">\u2022<\/span> <\/strong>Go\u015bcie z powa\u017cnymi trudno\u015bciami w poruszaniu si\u0119<\/p>\n<h3>\ud83d\udcb8 Cena i Rezerwacja<\/h3>\n<p data-start=\"3214\" data-end=\"3380\"><strong><span style=\"color: #ff0000;\">\u2022<\/span> <\/strong>Ceny mog\u0105 si\u0119 r\u00f3\u017cni\u0107 w zale\u017cno\u015bci od sezonu<br data-start=\"3251\" data-end=\"3254\" \/><strong><span style=\"color: #ff0000;\">\u2022<\/span> <\/strong>Zarezerwuj teraz i zap\u0142a\u0107 w dniu wycieczki<br data-start=\"3295\" data-end=\"3298\" \/><strong><span style=\"color: #ff0000;\">\u2022<\/span> <\/strong>Skontaktuj si\u0119 z nami przez WhatsApp, Telegram lub Viber, lub wype\u0142nij poni\u017cszy formularz rezerwacji<\/p>","protected":false},"excerpt":{"rendered":"<p data-start=\"6308\" data-end=\"6461\">Odkryj Pamukkale i Hierapolis podczas ca\u0142odniowej wycieczki z Side. Spaceruj po bia\u0142ych tarasach, zwiedzaj staro\u017cytne ruiny, p\u0142ywaj w gor\u0105cych \u017ar\u00f3d\u0142ach i zjedz lunch.<\/p>","protected":false},"featured_media":10711,"comment_status":"open","ping_status":"closed","template":"","meta":{"_acf_changed":false},"product_brand":[],"product_cat":[46],"product_tag":[68],"class_list":{"0":"post-11127","1":"product","2":"type-product","3":"status-publish","4":"has-post-thumbnail","6":"product_cat-side","7":"product_tag-side","9":"first","10":"instock","11":"sale","12":"featured","13":"shipping-taxable","14":"purchasable","15":"product-type-ovabrw_car_rental"},"acf":[],"aioseo_notices":[],"_links":{"self":[{"href":"https:\/\/joinusexcursions.com\/pl\/wp-json\/wp\/v2\/product\/11127","targetHints":{"allow":["GET"]}}],"collection":[{"href":"https:\/\/joinusexcursions.com\/pl\/wp-json\/wp\/v2\/product"}],"about":[{"href":"https:\/\/joinusexcursions.com\/pl\/wp-json\/wp\/v2\/types\/product"}],"replies":[{"embeddable":true,"href":"https:\/\/joinusexcursions.com\/pl\/wp-json\/wp\/v2\/comments?post=11127"}],"wp:featuredmedia":[{"embeddable":true,"href":"https:\/\/joinusexcursions.com\/pl\/wp-json\/wp\/v2\/media\/10711"}],"wp:attachment":[{"href":"https:\/\/joinusexcursions.com\/pl\/wp-json\/wp\/v2\/media?parent=11127"}],"wp:term":[{"taxonomy":"product_brand","embeddable":true,"href":"https:\/\/joinusexcursions.com\/pl\/wp-json\/wp\/v2\/product_brand?post=11127"},{"taxonomy":"product_cat","embeddable":true,"href":"https:\/\/joinusexcursions.com\/pl\/wp-json\/wp\/v2\/product_cat?post=11127"},{"taxonomy":"product_tag","embeddable":true,"href":"https:\/\/joinusexcursions.com\/pl\/wp-json\/wp\/v2\/product_tag?post=11127"}],"curies":[{"name":"wp","href":"https:\/\/api.w.org\/{rel}","templated":true}]}}