{"id":11128,"date":"2025-12-15T17:14:25","date_gmt":"2025-12-15T14:14:25","guid":{"rendered":"https:\/\/joinusexcursions.com\/?post_type=product&#038;p=11128"},"modified":"2026-04-18T04:01:38","modified_gmt":"2026-04-18T01:01:38","slug":"belek-antalya-stare-miasto","status":"publish","type":"product","link":"https:\/\/joinusexcursions.com\/pl\/tours\/belek-antalya-city-tour\/","title":{"rendered":"Wycieczka po Antalyi z Belek \u2013 Stare Miasto i Wodospady"},"content":{"rendered":"<p data-start=\"397\" data-end=\"556\">Odkryj magi\u0119 Antalyi podczas ca\u0142odniowej wycieczki z przewodnikiem z Belek. Ciesz si\u0119 wodospadami, relaksuj\u0105c\u0105 przeja\u017cd\u017ck\u0105 \u0142odzi\u0105, zwiedzaniem Starego Miasta i pysznym tureckim lunchem.<\/p>\n<h2>\ud83c\udf05 Przegl\u0105d wycieczki po mie\u015bcie Belek w Antalyi<\/h2>\n<p data-start=\"575\" data-end=\"812\">Do\u0142\u0105cz do ca\u0142odniowej wycieczki po Antalyi z Belek, Kadriye i Bo\u011fazkent, \u0142\u0105cz\u0105cej histori\u0119, przyrod\u0119 i widoki na morze. Odwied\u017a Stare Miasto Kalei\u00e7i, pop\u0142y\u0144 statkiem wzd\u0142u\u017c wybrze\u017ca, zwied\u017a G\u00f3rny i Dolny Wodospad D\u00fcden oraz zjedz tradycyjny lunch.<\/p>\n<h3>\ud83c\udf1f Najwa\u017cniejsze informacje<\/h3>\n<p data-start=\"1114\" data-end=\"1425\"><span style=\"color: #ff0000;\"><strong>\u2022<\/strong> <\/span>Odwied\u017a Dolne Wodospady D\u00fcden wpadaj\u0105ce do Morza \u015ar\u00f3dziemnego<br data-start=\"1175\" data-end=\"1178\" \/><span style=\"color: #ff0000;\"><strong>\u2022<\/strong> <\/span>Odkryj Stare Miasto Kalei\u00e7i i zabytkowe miejsca<br data-start=\"1227\" data-end=\"1230\" \/><span style=\"color: #ff0000;\"><strong>\u2022<\/strong> <\/span>Ciesz si\u0119 godzin-nym rejsem statkiem z Starego Portu<br data-start=\"1276\" data-end=\"1279\" \/><span style=\"color: #ff0000;\"><strong>\u2022<\/strong> <\/span>Odkryj G\u00f3rne Wodospady D\u00fcden otoczone natur\u0105<br data-start=\"1333\" data-end=\"1336\" \/><span style=\"color: #ff0000;\"><strong>\u2022<\/strong> <\/span>Tradycyjny turecki lunch wliczony w cen\u0119<br data-start=\"1372\" data-end=\"1375\" \/><span style=\"color: #ff0000;\"><strong>\u2022<\/strong> <\/span>Wizyta u z\u0142otnika z lokalnymi wyrobami r\u0119kodzielniczymi<\/p>\n<h2>Czego mo\u017cna si\u0119 spodziewa\u0107 podczas wycieczki po Belek Antalya<\/h2>\n<div data-start=\"1452\" data-end=\"1785\">Tw\u00f3j dzie\u0144 rozpoczyna si\u0119 wygodnym odbiorem z hotelu w Beleku lub okolicznych miejscowo\u015bciach. Podr\u00f3\u017c do centrum Antalyi, aby zwiedzi\u0107 <strong data-start=\"1577\" data-end=\"1597\">Stare Miasto Kalei\u00e7i<\/strong>, gdzie historia o\u017cywa w\u015br\u00f3d rzymskich, seld\u017cuckich i osma\u0144skich zabytk\u00f3w. Przejd\u017a przez Bram\u0119 Hadriana, podziwiaj Minaret Yivli i Wie\u017c\u0119 Zegarow\u0105, a nast\u0119pnie skorzystaj z wolnego czasu na zwiedzanie sklep\u00f3w lub kawiarni.<\/div>\n<div data-start=\"1787\" data-end=\"1976\">Nast\u0119pnie udaj si\u0119 do historycznego <strong data-start=\"1814\" data-end=\"1828\">Stara Port<\/strong> i ciesz si\u0119 relaksuj\u0105c\u0105, godzinn\u0105 wycieczk\u0105 statkiem widokowym wzd\u0142u\u017c zachwycaj\u0105cego wybrze\u017ca Antalyi, oferuj\u0105c\u0105 pi\u0119kne widoki na klify i Morze \u015ar\u00f3dziemne.<\/div>\n<div data-start=\"1978\" data-end=\"2241\">Po rejsie, delektuj si\u0119 pysznym <strong data-start=\"2014\" data-end=\"2043\">tradycyjny turecki lunch<\/strong> w lokalnej restauracji. Kontynuuj wycieczk\u0119 wizytami w <strong data-start=\"2100\" data-end=\"2126\">G\u00f3rne Wodospady D\u00fcden<\/strong>, otoczony zieleni\u0105 i jaskiniami, a <strong data-start=\"2166\" data-end=\"2192\">Dolne Wodospady D\u00fcden<\/strong>, gdzie woda kaskadami dramatycznie spada do morza.<\/div>\n<div data-start=\"2243\" data-end=\"2408\">Przed powrotem zatrzymaj si\u0119 w lokalnym <strong data-start=\"2277\" data-end=\"2301\">zak\u0142ad z\u0142otniczy<\/strong> aby zobaczy\u0107 tradycyjn\u0105, r\u0119cznie robion\u0105 bi\u017cuteri\u0119 srebrn\u0105. Zako\u0144cz dzie\u0144 komfortowym przejazdem do hotelu.<\/div>\n<p class=\"mhm-jue-internal-links\">Szukasz wi\u0119cej przyg\u00f3d w okolicy? Zapoznaj si\u0119 z nasz\u0105 pe\u0142n\u0105 list\u0105 <a href=\"\/pl\/kierunki\/belek-wycieczki\/\">Wycieczki po Belek<\/a> lub sprawd\u017a <a href=\"\/pl\/wycieczki-2\/belek-land-of-legends-nocny-pokaz\/\">Wieczorny pokaz Land of Legends z Beleku<\/a> na kolejne niezapomniane prze\u017cycie.<\/p>\n<h3>\ud83e\udded Plan wycieczki<\/h3>\n<p data-start=\"2433\" data-end=\"2727\"><span style=\"color: #ff0000;\"><strong>\u2022<\/strong> <\/span>Odbi\u00f3r z hoteli w Belek i okolicach<br data-start=\"2482\" data-end=\"2485\" \/><span style=\"color: #ff0000;\"><strong>\u2022<\/strong> <\/span>Zwiedzanie Starego Miasta Kalei\u00e7i i czas wolny<br data-start=\"2529\" data-end=\"2532\" \/><span style=\"color: #ff0000;\"><strong>\u2022<\/strong> <\/span>Wycieczka \u0142odzi\u0105 ze Starego Portu w Antalyi (1 godzina)<br data-start=\"2576\" data-end=\"2579\" \/><span style=\"color: #ff0000;\"><strong>\u2022<\/strong> <\/span>Lunch w lokalnej restauracji<br data-start=\"2608\" data-end=\"2611\" \/><span style=\"color: #ff0000;\"><strong>\u2022<\/strong> <\/span>Odwied\u017a g\u00f3rne wodospady D\u00fcden<br data-start=\"2641\" data-end=\"2644\" \/><span style=\"color: #ff0000;\"><strong>\u2022<\/strong> <\/span>Odwied\u017a Dolne Wodospady D\u00fcden<br data-start=\"2674\" data-end=\"2677\" \/><span style=\"color: #ff0000;\"><strong>\u2022<\/strong> <\/span>Wizyta u z\u0142otnika<br data-start=\"2696\" data-end=\"2699\" \/><span style=\"color: #ff0000;\"><strong>\u2022<\/strong> <\/span>Powrotny transfer do hotelu<\/p>\n<h3>\u2139\ufe0f Przydatne informacje<\/h3>\n<p data-start=\"2756\" data-end=\"2886\"><span style=\"color: #ff0000;\"><strong>\u2022<\/strong> <\/span>Ca\u0142odniowa wycieczka po mie\u015bcie<br data-start=\"2776\" data-end=\"2779\" \/><span style=\"color: #ff0000;\"><strong>\u2022<\/strong> <\/span>Umiarkowane spacery wliczone<br data-start=\"2806\" data-end=\"2809\" \/><span style=\"color: #ff0000;\"><strong>\u2022<\/strong> <\/span>Wycieczka \u0142odzi\u0105 uzale\u017cniona od warunk\u00f3w pogodowych<br data-start=\"2850\" data-end=\"2853\" \/><span style=\"color: #ff0000;\"><strong>\u2022<\/strong> <\/span>Polecane wygodne buty<\/p>\n<p class=\"mhm-jue-external-link\">Dowiedz si\u0119 wi\u0119cej o miejscu docelowym na <a href=\"https:\/\/en.wikipedia.org\/wiki\/Antalya\" target=\"_blank\" rel=\"noopener\">Strona Wikipedii o Antalyi<\/a>.<\/p>\n<h3>\ud83c\udf92 Co zabra\u0107<\/h3>\n<p data-start=\"2910\" data-end=\"3017\"><span style=\"color: #ff0000;\"><strong>\u2022<\/strong> <\/span>Wygodne buty do chodzenia<br data-start=\"2937\" data-end=\"2940\" \/><span style=\"color: #ff0000;\"><strong>\u2022<\/strong> <\/span>Aparat czy smartfon<br data-start=\"2962\" data-end=\"2965\" \/><span style=\"color: #ff0000;\"><strong>\u2022<\/strong> <\/span>Krem z filtrem i kapelusz<br data-start=\"2984\" data-end=\"2987\" \/><span style=\"color: #ff0000;\"><strong>\u2022<\/strong> <\/span>Got\u00f3wka na wydatki osobiste<\/p>\n<h3>\ud83d\udeab Nieodpowiednie dla<\/h3>\n<p data-start=\"3044\" data-end=\"3088\"><span style=\"color: #ff0000;\"><strong>\u2022<\/strong> <\/span>Go\u015bcie o powa\u017cnych ograniczeniach ruchowych<\/p>\n<h3>\ud83d\udcb8 Cena i Rezerwacja<\/h3>\n<p data-start=\"3116\" data-end=\"3272\"><span style=\"color: #ff0000;\"><strong>\u2022<\/strong> <\/span>Ceny mog\u0105 si\u0119 r\u00f3\u017cni\u0107 w zale\u017cno\u015bci od sezonu<br data-start=\"3143\" data-end=\"3146\" \/><span style=\"color: #ff0000;\"><strong>\u2022<\/strong> <\/span>Zarezerwuj teraz i zap\u0142a\u0107 w dniu wycieczki<br data-start=\"3187\" data-end=\"3190\" \/><span style=\"color: #ff0000;\"><strong>\u2022<\/strong> <\/span>Skontaktuj si\u0119 z nami przez WhatsApp, Telegram lub Viber, lub wype\u0142nij poni\u017cszy formularz rezerwacji<\/p>","protected":false},"excerpt":{"rendered":"<p>Zwied\u017a Antali\u0119 podczas ca\u0142odniowej wycieczki z Belek z wizyt\u0105 w Starym Mie\u015bcie, rejsem statkiem, g\u00f3rnymi i dolnymi wodospadami D\u00fcden oraz lunchem w cenie. Odkryj natur\u0119 i histori\u0119.<\/p>","protected":false},"featured_media":10682,"comment_status":"open","ping_status":"closed","template":"","meta":{"_acf_changed":false},"product_brand":[],"product_cat":[43],"product_tag":[66],"class_list":{"0":"post-11128","1":"product","2":"type-product","3":"status-publish","4":"has-post-thumbnail","6":"product_cat-belek","7":"product_tag-belek","9":"first","10":"instock","11":"sale","12":"featured","13":"shipping-taxable","14":"purchasable","15":"product-type-ovabrw_car_rental"},"acf":[],"aioseo_notices":[],"_links":{"self":[{"href":"https:\/\/joinusexcursions.com\/pl\/wp-json\/wp\/v2\/product\/11128","targetHints":{"allow":["GET"]}}],"collection":[{"href":"https:\/\/joinusexcursions.com\/pl\/wp-json\/wp\/v2\/product"}],"about":[{"href":"https:\/\/joinusexcursions.com\/pl\/wp-json\/wp\/v2\/types\/product"}],"replies":[{"embeddable":true,"href":"https:\/\/joinusexcursions.com\/pl\/wp-json\/wp\/v2\/comments?post=11128"}],"wp:featuredmedia":[{"embeddable":true,"href":"https:\/\/joinusexcursions.com\/pl\/wp-json\/wp\/v2\/media\/10682"}],"wp:attachment":[{"href":"https:\/\/joinusexcursions.com\/pl\/wp-json\/wp\/v2\/media?parent=11128"}],"wp:term":[{"taxonomy":"product_brand","embeddable":true,"href":"https:\/\/joinusexcursions.com\/pl\/wp-json\/wp\/v2\/product_brand?post=11128"},{"taxonomy":"product_cat","embeddable":true,"href":"https:\/\/joinusexcursions.com\/pl\/wp-json\/wp\/v2\/product_cat?post=11128"},{"taxonomy":"product_tag","embeddable":true,"href":"https:\/\/joinusexcursions.com\/pl\/wp-json\/wp\/v2\/product_tag?post=11128"}],"curies":[{"name":"wp","href":"https:\/\/api.w.org\/{rel}","templated":true}]}}