{"id":11130,"date":"2025-12-15T17:29:12","date_gmt":"2025-12-15T14:29:12","guid":{"rendered":"https:\/\/joinusexcursions.com\/?post_type=product&#038;p=11130"},"modified":"2026-04-13T19:36:12","modified_gmt":"2026-04-13T16:36:12","slug":"side-antalya-stare-miasto","status":"publish","type":"product","link":"https:\/\/joinusexcursions.com\/pl\/tours\/side-antalya-city-tour\/","title":{"rendered":"Wycieczka po Antalyi z Side \u2013 Stare Miasto i Wodospady"},"content":{"rendered":"<p data-start=\"3567\" data-end=\"3707\">Ciesz si\u0119 ca\u0142odniow\u0105 wycieczk\u0105 po Antalyi z Side, obejmuj\u0105c\u0105 wodospady, malowniczy rejs statkiem, zwiedzanie Starego Miasta i tradycyjny turecki lunch.<\/p>\n<h2>\ud83c\udf06 Przegl\u0105d Wycieczki po Antalyi<\/h2>\n<p data-start=\"3726\" data-end=\"3955\">Poznaj atrakcje Antalyi podczas ca\u0142odniowej wycieczki z Side, Kumk\u00f6y, Evrenseki, \u00c7olakl\u0131 i Manavgat. Odkryj Stare Miasto Kalei\u00e7i, pop\u0142y\u0144 wzd\u0142u\u017c wybrze\u017ca \u0142odzi\u0105, odwied\u017a g\u00f3rne i dolne wodospady D\u00fcden oraz zjedz pyszny lunch.<\/p>\n<h3>\ud83c\udf1f Najwa\u017cniejsze informacje<\/h3>\n<p data-start=\"1114\" data-end=\"1425\"><span style=\"color: #ff0000;\"><strong>\u2022<\/strong> <\/span>Odwied\u017a Dolne Wodospady D\u00fcden wpadaj\u0105ce do Morza \u015ar\u00f3dziemnego<br data-start=\"1175\" data-end=\"1178\" \/><span style=\"color: #ff0000;\"><strong>\u2022<\/strong> <\/span>Odkryj Stare Miasto Kalei\u00e7i i zabytkowe miejsca<br data-start=\"1227\" data-end=\"1230\" \/><span style=\"color: #ff0000;\"><strong>\u2022<\/strong> <\/span>Ciesz si\u0119 godzin-nym rejsem statkiem z Starego Portu<br data-start=\"1276\" data-end=\"1279\" \/><span style=\"color: #ff0000;\"><strong>\u2022<\/strong> <\/span>Odkryj G\u00f3rne Wodospady D\u00fcden otoczone natur\u0105<br data-start=\"1333\" data-end=\"1336\" \/><span style=\"color: #ff0000;\"><strong>\u2022<\/strong> <\/span>Tradycyjny turecki lunch wliczony w cen\u0119<br data-start=\"1372\" data-end=\"1375\" \/><span style=\"color: #ff0000;\"><strong>\u2022<\/strong> <\/span>Wizyta u z\u0142otnika z lokalnymi wyrobami r\u0119kodzielniczymi<\/p>\n<h2>Czego spodziewa\u0107 si\u0119 podczas wycieczki po mie\u015bcie Antalya<\/h2>\n<div data-start=\"4577\" data-end=\"4859\">Tw\u00f3j dzie\u0144 rozpoczyna si\u0119 odbiorem z hotelu w Side lub okolicznych regionach. Przyjazd do Antalyi i zwiedzanie <strong data-start=\"4680\" data-end=\"4700\">Stare Miasto Kalei\u00e7i<\/strong>, spaceruj\u0105c po historycznych uliczkach i zabytkach, takich jak Brama Hadriana, Minaret Yivli i Wie\u017ca Zegarowa. Czas wolny na zwiedzanie sklep\u00f3w, muze\u00f3w lub kawiarni.<\/div>\n<div data-start=\"4861\" data-end=\"5056\">Przejd\u017a do <strong data-start=\"4877\" data-end=\"4891\">Stara Port<\/strong> na relaksuj\u0105c\u0105, godzinn\u0105 wycieczk\u0119 \u0142odzi\u0105 z panoramicznym widokiem na wybrze\u017ce i klify Antalyi. Po rejsie delektuj si\u0119 pysznym <strong data-start=\"5016\" data-end=\"5033\">Turecki lunch<\/strong> w lokalnej restauracji.<\/div>\n<div data-start=\"5058\" data-end=\"5310\">Po po\u0142udniu, odwied\u017a <strong data-start=\"5082\" data-end=\"5108\">G\u00f3rne Wodospady D\u00fcden<\/strong>, ukryty w\u015br\u00f3d zieleni, a za nim <strong data-start=\"5145\" data-end=\"5171\">Dolne Wodospady D\u00fcden<\/strong>, gdzie woda dramatycznie spotyka si\u0119 z morzem. Przed powrotem zatrzymaj si\u0119 w lokalnym <strong data-start=\"5247\" data-end=\"5262\">Z\u0142otnik<\/strong> zobaczy\u0107 tradycyjne r\u0119kodzie\u0142o srebrne.<\/div>\n<div data-start=\"5312\" data-end=\"5406\">Zako\u0144cz dzie\u0144 komfortowym powrotem do hotelu, pe\u0142nym niezapomnianych wra\u017ce\u0144.<\/div>\n<p class=\"mhm-jue-internal-links\">Szukasz wi\u0119cej przyg\u00f3d w okolicy? Zapoznaj si\u0119 z nasz\u0105 pe\u0142n\u0105 list\u0105 <a href=\"\/pl\/kierunki\/side-wycieczki\/\">Wycieczki poboczne<\/a> lub sprawd\u017a <a href=\"\/pl\/wycieczki-2\/side-land-of-legends-nocny-pokaz\/\">Pokaz nocny w Land of Legends z Side<\/a> na kolejne niezapomniane prze\u017cycie.<\/p>\n<h3>\ud83e\udded Plan wycieczki<\/h3>\n<p data-start=\"2433\" data-end=\"2727\"><span style=\"color: #ff0000;\"><strong>\u2022<\/strong> <\/span>Odbi\u00f3r z hoteli w Side i okolicach<br data-start=\"2482\" data-end=\"2485\" \/><span style=\"color: #ff0000;\"><strong>\u2022<\/strong> <\/span>Zwiedzanie Starego Miasta Kalei\u00e7i i czas wolny<br data-start=\"2529\" data-end=\"2532\" \/><span style=\"color: #ff0000;\"><strong>\u2022<\/strong> <\/span>Wycieczka \u0142odzi\u0105 ze Starego Portu w Antalyi (1 godzina)<br data-start=\"2576\" data-end=\"2579\" \/><span style=\"color: #ff0000;\"><strong>\u2022<\/strong> <\/span>Lunch w lokalnej restauracji<br data-start=\"2608\" data-end=\"2611\" \/><span style=\"color: #ff0000;\"><strong>\u2022<\/strong> <\/span>Odwied\u017a g\u00f3rne wodospady D\u00fcden<br data-start=\"2641\" data-end=\"2644\" \/><span style=\"color: #ff0000;\"><strong>\u2022<\/strong> <\/span>Odwied\u017a Dolne Wodospady D\u00fcden<br data-start=\"2674\" data-end=\"2677\" \/><span style=\"color: #ff0000;\"><strong>\u2022<\/strong> <\/span>Wizyta u z\u0142otnika<br data-start=\"2696\" data-end=\"2699\" \/><span style=\"color: #ff0000;\"><strong>\u2022<\/strong> <\/span>Powrotny transfer do hotelu<\/p>\n<h3>\u2139\ufe0f Przydatne informacje<\/h3>\n<p data-start=\"2756\" data-end=\"2886\"><span style=\"color: #ff0000;\"><strong>\u2022<\/strong> <\/span>Ca\u0142odniowa wycieczka po mie\u015bcie<br data-start=\"2776\" data-end=\"2779\" \/><span style=\"color: #ff0000;\"><strong>\u2022<\/strong> <\/span>Umiarkowane spacery wliczone<br data-start=\"2806\" data-end=\"2809\" \/><span style=\"color: #ff0000;\"><strong>\u2022<\/strong> <\/span>Wycieczka \u0142odzi\u0105 uzale\u017cniona od warunk\u00f3w pogodowych<br data-start=\"2850\" data-end=\"2853\" \/><span style=\"color: #ff0000;\"><strong>\u2022<\/strong> <\/span>Polecane wygodne buty<\/p>\n<p class=\"mhm-jue-external-link\">Dowiedz si\u0119 wi\u0119cej o miejscu docelowym na <a href=\"https:\/\/en.wikipedia.org\/wiki\/Antalya\" target=\"_blank\" rel=\"noopener\">Strona Wikipedii o Antalyi<\/a>.<\/p>\n<h3>\ud83c\udf92 Co zabra\u0107<\/h3>\n<p data-start=\"2910\" data-end=\"3017\"><span style=\"color: #ff0000;\"><strong>\u2022<\/strong> <\/span>Wygodne buty do chodzenia<br data-start=\"2937\" data-end=\"2940\" \/><span style=\"color: #ff0000;\"><strong>\u2022<\/strong> <\/span>Aparat czy smartfon<br data-start=\"2962\" data-end=\"2965\" \/><span style=\"color: #ff0000;\"><strong>\u2022<\/strong> <\/span>Krem z filtrem i kapelusz<br data-start=\"2984\" data-end=\"2987\" \/><span style=\"color: #ff0000;\"><strong>\u2022<\/strong> <\/span>Got\u00f3wka na wydatki osobiste<\/p>\n<h3>\ud83d\udeab Nieodpowiednie dla<\/h3>\n<p data-start=\"3044\" data-end=\"3088\"><span style=\"color: #ff0000;\"><strong>\u2022<\/strong> <\/span>Go\u015bcie o powa\u017cnych ograniczeniach ruchowych<\/p>\n<h3>\ud83d\udcb8 Cena i Rezerwacja<\/h3>\n<p data-start=\"3116\" data-end=\"3272\"><span style=\"color: #ff0000;\"><strong>\u2022<\/strong> <\/span>Ceny mog\u0105 si\u0119 r\u00f3\u017cni\u0107 w zale\u017cno\u015bci od sezonu<br data-start=\"3143\" data-end=\"3146\" \/><span style=\"color: #ff0000;\"><strong>\u2022<\/strong> <\/span>Zarezerwuj teraz i zap\u0142a\u0107 w dniu wycieczki<br data-start=\"3187\" data-end=\"3190\" \/><span style=\"color: #ff0000;\"><strong>\u2022<\/strong> <\/span>Skontaktuj si\u0119 z nami przez WhatsApp, Telegram lub Viber, lub wype\u0142nij poni\u017cszy formularz rezerwacji<\/p>","protected":false},"excerpt":{"rendered":"<p>Odkryj Antaly\u0119 podczas ca\u0142odniowej wycieczki z Side, obejmuj\u0105cej Stare Miasto, rejs statkiem, g\u00f3rny i dolny wodospad D\u00fcden oraz lunch. Historia, morze i natura.<\/p>","protected":false},"featured_media":10682,"comment_status":"open","ping_status":"closed","template":"","meta":{"_acf_changed":false},"product_brand":[],"product_cat":[46],"product_tag":[68],"class_list":{"0":"post-11130","1":"product","2":"type-product","3":"status-publish","4":"has-post-thumbnail","6":"product_cat-side","7":"product_tag-side","9":"first","10":"instock","11":"sale","12":"featured","13":"shipping-taxable","14":"purchasable","15":"product-type-ovabrw_car_rental"},"acf":[],"aioseo_notices":[],"_links":{"self":[{"href":"https:\/\/joinusexcursions.com\/pl\/wp-json\/wp\/v2\/product\/11130","targetHints":{"allow":["GET"]}}],"collection":[{"href":"https:\/\/joinusexcursions.com\/pl\/wp-json\/wp\/v2\/product"}],"about":[{"href":"https:\/\/joinusexcursions.com\/pl\/wp-json\/wp\/v2\/types\/product"}],"replies":[{"embeddable":true,"href":"https:\/\/joinusexcursions.com\/pl\/wp-json\/wp\/v2\/comments?post=11130"}],"wp:featuredmedia":[{"embeddable":true,"href":"https:\/\/joinusexcursions.com\/pl\/wp-json\/wp\/v2\/media\/10682"}],"wp:attachment":[{"href":"https:\/\/joinusexcursions.com\/pl\/wp-json\/wp\/v2\/media?parent=11130"}],"wp:term":[{"taxonomy":"product_brand","embeddable":true,"href":"https:\/\/joinusexcursions.com\/pl\/wp-json\/wp\/v2\/product_brand?post=11130"},{"taxonomy":"product_cat","embeddable":true,"href":"https:\/\/joinusexcursions.com\/pl\/wp-json\/wp\/v2\/product_cat?post=11130"},{"taxonomy":"product_tag","embeddable":true,"href":"https:\/\/joinusexcursions.com\/pl\/wp-json\/wp\/v2\/product_tag?post=11130"}],"curies":[{"name":"wp","href":"https:\/\/api.w.org\/{rel}","templated":true}]}}