{"id":11133,"date":"2025-12-15T18:19:34","date_gmt":"2025-12-15T15:19:34","guid":{"rendered":"https:\/\/joinusexcursions.com\/?post_type=product&#038;p=11133"},"modified":"2026-04-18T03:59:12","modified_gmt":"2026-04-18T00:59:12","slug":"belek-porto-genoese-blue-lagoon","status":"publish","type":"product","link":"https:\/\/joinusexcursions.com\/pl\/tours\/belek-porto-genoese-blue-lagoon\/","title":{"rendered":"Wycieczka \u0142odzi\u0105 Porto Genoese z Belek i B\u0142\u0119kitna Laguna"},"content":{"rendered":"<p data-start=\"404\" data-end=\"563\">Wyrusz na niezapomniany \u015br\u00f3dziemnomorski rejs statkiem z Beleku. K\u0105pcie si\u0119 w turkusowych zatoczkach, skorzystajcie z k\u0105pieli b\u0142otnej, odkryjcie ukryte jaskinie i delektujcie si\u0119 \u015bwie\u017cym lunchem na pok\u0142adzie.<\/p>\n<h2>\ud83c\udf0a Przegl\u0105d rejsu \u0142odzi\u0105 po Belek Porto Genoese<\/h2>\n<p data-start=\"582\" data-end=\"840\">Prze\u017cyj luksusowy rejs jachtem butikowym z Belek, Kadriye i Bo\u011fazkent do najpi\u0119kniejszych zatok Morza \u015ar\u00f3dziemnego. Odwied\u017a Zatok\u0119 Akseki, Porto Ceneviz, Zatok\u0119 Korsan i Jaskini\u0119 Fosforlu, pop\u0142ywaj w krystalicznie czystych wodach i zrelaksuj si\u0119 na urokliwym jachcie z lunchem w cenie.<\/p>\n<h3>\ud83c\udf1f Najwa\u017cniejsze informacje<\/h3>\n<p data-start=\"1143\" data-end=\"1404\"><span style=\"color: #ff0000;\"><strong>\u2022<\/strong> <\/span>P\u0142y\u0144 w turkusowych wodach Zatoki Porto Ceneviz<br data-start=\"1190\" data-end=\"1193\" \/><span style=\"color: #ff0000;\"><strong>\u2022<\/strong> <\/span>Odwied\u017a Zatok\u0119 Akseki, Zatok\u0119 Korsan i Jaskini\u0119 Fosforow\u0105<br data-start=\"1241\" data-end=\"1244\" \/><span style=\"color: #ff0000;\"><strong>\u2022<\/strong> <\/span>Ciesz si\u0119 naturaln\u0105 k\u0105piel\u0105 b\u0142otn\u0105<br data-start=\"1281\" data-end=\"1284\" \/><span style=\"color: #ff0000;\"><strong>\u2022<\/strong> <\/span>Zrelaksuj si\u0119 na butikowym jachcie z malowniczymi widokami<br data-start=\"1329\" data-end=\"1332\" \/><span style=\"color: #ff0000;\"><strong>\u2022<\/strong> <\/span>\u015awie\u017co przygotowany lunch na pok\u0142adzie<br data-start=\"1364\" data-end=\"1367\" \/><span style=\"color: #ff0000;\"><strong>\u2022<\/strong> <\/span>Spokojna \u015br\u00f3dziemnomorska atmosfera<\/p>\n<h2>Czego mo\u017cna si\u0119 spodziewa\u0107 podczas rejsu statkiem Porto Genoese w Belek<\/h2>\n<div data-start=\"1431\" data-end=\"1596\">Tw\u00f3j dzie\u0144 rozpoczyna si\u0119 komfortowym odbiorem z Twojego hotelu w Beleku lub okolicach, a nast\u0119pnie malownicz\u0105 przeja\u017cd\u017ck\u0105 do <strong data-start=\"1545\" data-end=\"1561\">Port Adrasan<\/strong>, gdzie czeka na Ciebie butikowy jacht.<\/div>\n<div data-start=\"1598\" data-end=\"1814\">Pierwszy przystanek na k\u0105piel to <strong data-start=\"1625\" data-end=\"1639\">Zatoka Akseki<\/strong>, gdzie b\u0119dziesz mie\u0107 oko\u0142o 30 minut na p\u0142ywanie i snorkeling w czystych wodach bogatych w \u017cycie morskie. Na dnie morskim mog\u0105 znajdowa\u0107 si\u0119 je\u017cowce, dlatego zalecane s\u0105 buty do snorkelingu.<\/div>\n<div data-start=\"1816\" data-end=\"2030\">Nast\u0119pnie pop\u0142y\u0144 do osza\u0142amiaj\u0105cego <strong data-start=\"1845\" data-end=\"1866\">Zatoka Genue\u0144ska<\/strong> na d\u0142u\u017cszy post\u00f3j trwaj\u0105cy oko\u0142o 60 minut. Pop\u0142ywaj w \u017cywych turkusowych wodach, skorzystaj z zabawnej i od\u015bwie\u017caj\u0105cej k\u0105pieli b\u0142otnej oraz zrelaksuj si\u0119 na pok\u0142adzie, podczas gdy serwowany b\u0119dzie pyszny lunch.<\/div>\n<div data-start=\"2032\" data-end=\"2294\">Po kr\u00f3tkim rejsie, dotrzyj do <strong data-start=\"2064\" data-end=\"2078\">Zatoka Korsarzy<\/strong> przez oko\u0142o 40 minut p\u0142ywania i relaksu w tej spokojnej, ustronnej zatoce. Je\u015bli warunki pogodowe i morskie na to pozwol\u0105, jacht odwiedzi r\u00f3wnie\u017c magiczne <strong data-start=\"2235\" data-end=\"2252\">Jaskinia Fosforowa<\/strong>, znana z niepowtarzalnej, \u015bwietlistej atmosfery.<\/div>\n<div data-start=\"2296\" data-end=\"2420\">Na koniec tej relaksuj\u0105cej i malowniczej podr\u00f3\u017cy, wr\u00f3\u0107 na pla\u017c\u0119 Adrasan i skorzystaj z komfortowego transferu z powrotem do swojego hotelu.<\/div>\n<p class=\"mhm-jue-internal-links\">Szukasz wi\u0119cej przyg\u00f3d w okolicy? Zapoznaj si\u0119 z nasz\u0105 pe\u0142n\u0105 list\u0105 <a href=\"\/pl\/kierunki\/belek-wycieczki\/\">Wycieczki po Belek<\/a> lub sprawd\u017a <a href=\"\/pl\/wycieczki-2\/belek-land-of-legends-nocny-pokaz\/\">Wieczorny pokaz Land of Legends z Beleku<\/a> na kolejne niezapomniane prze\u017cycie.<\/p>\n<h3>\ud83e\udded Plan wycieczki<\/h3>\n<p data-start=\"2445\" data-end=\"2721\"><span style=\"color: #ff0000;\"><strong>\u2022<\/strong> <\/span>Odbi\u00f3r z hoteli w Belek i okolicach<br data-start=\"2494\" data-end=\"2497\" \/><span style=\"color: #ff0000;\"><strong>\u2022<\/strong> <\/span>Transfer do portu Adrasan<br data-start=\"2523\" data-end=\"2526\" \/><span style=\"color: #ff0000;\"><strong>\u2022<\/strong> <\/span>Przystanek na k\u0105piel w Zatoce Akseki<br data-start=\"2552\" data-end=\"2555\" \/><span style=\"color: #ff0000;\"><strong>\u2022<\/strong> <\/span>P\u0142ywanie, k\u0105piel b\u0142otna i lunch w zatoce Ceneviz w Porto<br data-start=\"2601\" data-end=\"2604\" \/><span style=\"color: #ff0000;\"><strong>\u2022<\/strong> <\/span>Przystanek na p\u0142ywanie w Zatoce Korsarzy<br data-start=\"2630\" data-end=\"2633\" \/><span style=\"color: #ff0000;\"><strong>\u2022<\/strong> <\/span>Wizyta w Jaskini Fosforowej (je\u015bli pogoda pozwoli)<br data-start=\"2675\" data-end=\"2678\" \/><span style=\"color: #ff0000;\"><strong>\u2022<\/strong> <\/span>Wr\u00f3\u0107 do Adrasan i przejd\u017a do hotelu<\/p>\n<h3>\u2139\ufe0f Przydatne informacje<\/h3>\n<p data-start=\"2750\" data-end=\"2896\"><span style=\"color: #ff0000;\"><strong>\u2022<\/strong> <\/span>Ca\u0142odniowa wycieczka \u0142odzi\u0105<br data-start=\"2770\" data-end=\"2773\" \/><span style=\"color: #ff0000;\"><strong>\u2022<\/strong> <\/span>Wizyta w Jaskini Fosforowej zale\u017cy od stanu morza<br data-start=\"2820\" data-end=\"2823\" \/><span style=\"color: #ff0000;\"><strong>\u2022<\/strong> <\/span>Rekomendowane buty do snorkelingu<br data-start=\"2853\" data-end=\"2856\" \/><span style=\"color: #ff0000;\"><strong>\u2022<\/strong> <\/span>Trasa wycieczki mo\u017ce ulec zmianie z powodu pogody<\/p>\n<p class=\"mhm-jue-external-link\">Dowiedz si\u0119 wi\u0119cej o miejscu docelowym na <a href=\"https:\/\/en.wikipedia.org\/wiki\/Phaselis\" target=\"_blank\" rel=\"noopener\">Strona Wikipedii o staro\u017cytnym mie\u015bcie Faselis<\/a>.<\/p>\n<h3>\ud83c\udf92 Co zabra\u0107<\/h3>\n<p data-start=\"2920\" data-end=\"3026\"><span style=\"color: #ff0000;\"><strong>\u2022<\/strong> <\/span>Str\u00f3j k\u0105pielowy i r\u0119cznik<br data-start=\"2940\" data-end=\"2943\" \/><span style=\"color: #ff0000;\"><strong>\u2022<\/strong> <\/span>Krem z filtrem i kapelusz<br data-start=\"2962\" data-end=\"2965\" \/><span style=\"color: #ff0000;\"><strong>\u2022<\/strong> <\/span>Sprz\u0119t do snorkelingu (opcjonalnie)<br data-start=\"2993\" data-end=\"2996\" \/><span style=\"color: #ff0000;\"><strong>\u2022<\/strong> <\/span>Got\u00f3wka na napoje i dodatki<\/p>\n<h3>\ud83d\udeab Nieodpowiednie dla<\/h3>\n<p data-start=\"3053\" data-end=\"3097\"><span style=\"color: #ff0000;\"><strong>\u2022<\/strong> <\/span>Go\u015bcie z powa\u017cnymi trudno\u015bciami w poruszaniu si\u0119<\/p>\n<h3>\ud83d\udcb8 Cena i Rezerwacja<\/h3>\n<p data-start=\"3125\" data-end=\"3287\"><span style=\"color: #ff0000;\"><strong>\u2022<\/strong> <\/span>Ceny r\u00f3\u017cni\u0105 si\u0119 w zale\u017cno\u015bci od sezonu<br data-start=\"3158\" data-end=\"3161\" \/><span style=\"color: #ff0000;\"><strong>\u2022<\/strong> <\/span>Zarezerwuj teraz i zap\u0142a\u0107 w dniu wycieczki<br data-start=\"3202\" data-end=\"3205\" \/><span style=\"color: #ff0000;\"><strong>\u2022<\/strong> <\/span>Skontaktuj si\u0119 z nami przez WhatsApp, Telegram lub Viber, lub wype\u0142nij poni\u017cszy formularz rezerwacji<\/p>","protected":false},"excerpt":{"rendered":"<p>Ciesz si\u0119 rejsem jachtem z Belek do Porto Ceneviz, Akseki i Zatok Korsan. W cenie k\u0105piel, k\u0105piel b\u0142otna, lunch na pok\u0142adzie i transfery z hotelu.<\/p>","protected":false},"featured_media":10662,"comment_status":"open","ping_status":"closed","template":"","meta":{"_acf_changed":false},"product_brand":[],"product_cat":[43,72],"product_tag":[66],"class_list":{"0":"post-11133","1":"product","2":"type-product","3":"status-publish","4":"has-post-thumbnail","6":"product_cat-belek","7":"product_cat-porto-genoese-bay","8":"product_tag-belek","10":"first","11":"instock","12":"featured","13":"shipping-taxable","14":"purchasable","15":"product-type-ovabrw_car_rental"},"acf":[],"aioseo_notices":[],"_links":{"self":[{"href":"https:\/\/joinusexcursions.com\/pl\/wp-json\/wp\/v2\/product\/11133","targetHints":{"allow":["GET"]}}],"collection":[{"href":"https:\/\/joinusexcursions.com\/pl\/wp-json\/wp\/v2\/product"}],"about":[{"href":"https:\/\/joinusexcursions.com\/pl\/wp-json\/wp\/v2\/types\/product"}],"replies":[{"embeddable":true,"href":"https:\/\/joinusexcursions.com\/pl\/wp-json\/wp\/v2\/comments?post=11133"}],"wp:featuredmedia":[{"embeddable":true,"href":"https:\/\/joinusexcursions.com\/pl\/wp-json\/wp\/v2\/media\/10662"}],"wp:attachment":[{"href":"https:\/\/joinusexcursions.com\/pl\/wp-json\/wp\/v2\/media?parent=11133"}],"wp:term":[{"taxonomy":"product_brand","embeddable":true,"href":"https:\/\/joinusexcursions.com\/pl\/wp-json\/wp\/v2\/product_brand?post=11133"},{"taxonomy":"product_cat","embeddable":true,"href":"https:\/\/joinusexcursions.com\/pl\/wp-json\/wp\/v2\/product_cat?post=11133"},{"taxonomy":"product_tag","embeddable":true,"href":"https:\/\/joinusexcursions.com\/pl\/wp-json\/wp\/v2\/product_tag?post=11133"}],"curies":[{"name":"wp","href":"https:\/\/api.w.org\/{rel}","templated":true}]}}