{"id":11135,"date":"2025-12-15T18:34:10","date_gmt":"2025-12-15T15:34:10","guid":{"rendered":"https:\/\/joinusexcursions.com\/?post_type=product&#038;p=11135"},"modified":"2026-04-13T19:36:12","modified_gmt":"2026-04-13T16:36:12","slug":"belek-suluada-wyspa-rejs","status":"publish","type":"product","link":"https:\/\/joinusexcursions.com\/pl\/tours\/belek-suluada-island-boat\/","title":{"rendered":"Rejs \u0142odzi\u0105 na wysp\u0119 Suluada z Belek \u2013 Tureckie Malediwy"},"content":{"rendered":"<p data-start=\"317\" data-end=\"479\">Ucieknij do raju podczas ca\u0142odniowej wycieczki \u0142odzi\u0105 na wysp\u0119 Suluada z Belek. K\u0105pcie si\u0119 w turkusowych wodach, relaksujcie na bia\u0142ych, piaszczystych pla\u017cach i odkryjcie Jaskini\u0119 Mi\u0142o\u015bci z wliczonym lunchem.<\/p>\n<h2>\ud83c\udfdd\ufe0f Przegl\u0105d wycieczki statkiem na wysp\u0119 Suluada w Belek<\/h2>\n<p data-start=\"499\" data-end=\"786\">Ciesz si\u0119 ca\u0142odniow\u0105 wycieczk\u0105 \u0142odzi\u0105 z Belek, Kadriye i Bo\u011fazkent do <strong data-start=\"563\" data-end=\"581\">Wyspa Suluada<\/strong>, cz\u0119sto nazywane Malediwami Turcji. Wybierz si\u0119 w rejs z portu Adrasan do krystalicznie czystych zatoczek, pop\u0142ywaj w turkusowych wodach i zrelaksuj si\u0119 na dziewiczych pla\u017cach. Idealna \u015br\u00f3dziemnomorska ucieczka dla mi\u0142o\u015bnik\u00f3w przyrody i rodzin.<\/p>\n<h3>\ud83c\udf1f Najwa\u017cniejsze informacje<\/h3>\n<p data-start=\"1070\" data-end=\"1327\"><span style=\"color: #ff0000;\"><strong>\u2022<\/strong> <\/span>P\u0142ywaj w krystalicznie czystych wodach w Zatoce Suluada na Malediwach<br data-start=\"1124\" data-end=\"1127\" \/><span style=\"color: #ff0000;\"><strong>\u2022<\/strong> <\/span>Zrelaksuj si\u0119 na ukrytych, bia\u0142ych piaszczystych pla\u017cach<br data-start=\"1164\" data-end=\"1167\" \/><span style=\"color: #ff0000;\"><strong>\u2022<\/strong> <\/span>Odwied\u017a s\u0142ynn\u0105 Jaskini\u0119 Mi\u0142o\u015bci<br data-start=\"1197\" data-end=\"1200\" \/><span style=\"color: #ff0000;\"><strong>\u2022<\/strong> <\/span>Skosztuj \u015bwie\u017co przygotowanego lunchu barbecue na pok\u0142adzie<br data-start=\"1244\" data-end=\"1247\" \/><span style=\"color: #ff0000;\"><strong>\u2022<\/strong> <\/span>Spokojna, rodzinna atmosfera<br data-start=\"1281\" data-end=\"1284\" \/><span style=\"color: #ff0000;\"><strong>\u2022<\/strong> <\/span>Osza\u0142amiaj\u0105ce widoki na Morze \u015ar\u00f3dziemne i wyspy<\/p>\n<h2>Czego mo\u017cna si\u0119 spodziewa\u0107 podczas rejsu statkiem na wysp\u0119 Suluada z Belek<\/h2>\n<p data-start=\"1354\" data-end=\"1583\">Tw\u00f3j dzie\u0144 rozpoczyna si\u0119 komfortowym odbiorem z Twojego hotelu w Beleku lub okolicach, a nast\u0119pnie malownicz\u0105 przeja\u017cd\u017ck\u0105 do <strong data-start=\"1468\" data-end=\"1484\">Port Adrasan<\/strong>. Wskocz na pok\u0142ad przestronnej i wygodnej \u0142odzi i wyrusz w kierunku turkusowych w\u00f3d wyspy Suluada.<\/p>\n<p data-start=\"1585\" data-end=\"1896\">Wycieczka obejmuje trzy postoje na p\u0142ywanie w najpi\u0119kniejszych miejscach Suluady. Najpierw odwiedzimy <strong data-start=\"1672\" data-end=\"1688\">Zatoka Malediwy<\/strong>, s\u0142yn\u0105cej z bia\u0142ego piasku i krystalicznie czystych w\u00f3d, idealnych do p\u0142ywania i snorkelingu. Kontynuuj do <strong data-start=\"1789\" data-end=\"1817\">Ukryte pla\u017ce Suluada<\/strong>, gdzie mo\u017cna odpocz\u0105\u0107 na cichych brzegach, spacerowa\u0107 wzd\u0142u\u017c wybrze\u017ca lub po prostu opala\u0107 si\u0119.<\/p>\n<p data-start=\"1898\" data-end=\"2163\">Kolejn\u0105 atrakcj\u0105 jest <strong data-start=\"1923\" data-end=\"1936\">Jaskinia Mi\u0142o\u015bci<\/strong>, naturalna formacja oferuj\u0105ca wyj\u0105tkow\u0105 mo\u017cliwo\u015b\u0107 p\u0142ywania i robienia zdj\u0119\u0107. Oko\u0142o po\u0142udnia na pok\u0142adzie czeka lunch z grilla, z opcjami takimi jak ryby, kurczak lub dania wegetaria\u0144skie, w towarzystwie tradycyjnych tureckich meze.<\/p>\n<p data-start=\"2165\" data-end=\"2356\">Po relaksuj\u0105cej przerwie na herbat\u0119, \u0142\u00f3d\u017a wraca do portu w Adrasan. Na koniec czeka Ci\u0119 komfortowy transfer z powrotem do hotelu w Belek z niezapomnianymi wspomnieniami \u015br\u00f3dziemnomorskiego raju Turcji.<\/p>\n<p class=\"mhm-jue-internal-links\">Szukasz wi\u0119cej przyg\u00f3d w okolicy? Zapoznaj si\u0119 z nasz\u0105 pe\u0142n\u0105 list\u0105 <a href=\"\/pl\/kierunki\/belek-wycieczki\/\">Wycieczki po Belek<\/a> lub sprawd\u017a <a href=\"\/pl\/wycieczki-2\/belek-land-of-legends-nocny-pokaz\/\">Wieczorny pokaz Land of Legends z Beleku<\/a> na kolejne niezapomniane prze\u017cycie.<\/p>\n<h3>\ud83e\udded Plan wycieczki<\/h3>\n<p data-start=\"2381\" data-end=\"2663\"><span style=\"color: #ff0000;\"><strong>\u2022<\/strong> <\/span>Odbi\u00f3r z hoteli w Belek i okolicach<br data-start=\"2430\" data-end=\"2433\" \/><span style=\"color: #ff0000;\"><strong>\u2022<\/strong> <\/span>Transfer do portu Adrasan<br data-start=\"2459\" data-end=\"2462\" \/><span style=\"color: #ff0000;\"><strong>\u2022<\/strong> <\/span>Wyjazd \u0142odzi na wysp\u0119 Suluada<br data-start=\"2496\" data-end=\"2499\" \/><span style=\"color: #ff0000;\"><strong>\u2022<\/strong> <\/span>Zatoka Malediwy przystanek na k\u0105piel<br data-start=\"2527\" data-end=\"2530\" \/><span style=\"color: #ff0000;\"><strong>\u2022<\/strong> <\/span>Ukryte pla\u017ce przystanek na k\u0105piel<br data-start=\"2560\" data-end=\"2563\" \/><span style=\"color: #ff0000;\"><strong>\u2022<\/strong> <\/span>Wizyta w Jaskini Mi\u0142o\u015bci<br data-start=\"2580\" data-end=\"2583\" \/><span style=\"color: #ff0000;\"><strong>\u2022<\/strong> <\/span>Grillowy lunch na pok\u0142adzie<br data-start=\"2602\" data-end=\"2605\" \/><span style=\"color: #ff0000;\"><strong>\u2022<\/strong> <\/span>Przerwa na herbat\u0119 i rejs powrotny<br data-start=\"2634\" data-end=\"2637\" \/><span style=\"color: #ff0000;\"><strong>\u2022<\/strong> <\/span>Powr\u00f3t do hotelu<\/p>\n<h3>\u2139\ufe0f Przydatne informacje<\/h3>\n<p data-start=\"2692\" data-end=\"2865\"><span style=\"color: #ff0000;\"><strong>\u2022<\/strong> <\/span>Ca\u0142odniowa wycieczka \u0142odzi\u0105<br data-start=\"2712\" data-end=\"2715\" \/><span style=\"color: #ff0000;\"><strong>\u2022<\/strong> <\/span>Spokojne i p\u0142ytkie wody odpowiednie dla rodzin<br data-start=\"2762\" data-end=\"2765\" \/><span style=\"color: #ff0000;\"><strong>\u2022<\/strong> <\/span>Trasa wycieczki mo\u017ce ulec zmianie ze wzgl\u0119du na warunki pogodowe<br data-start=\"2814\" data-end=\"2817\" \/><span style=\"color: #ff0000;\"><strong>\u2022<\/strong> <\/span>Dost\u0119pne opcje dla ma\u0142ych grup i du\u017cych \u0142odzi<\/p>\n<p class=\"mhm-jue-external-link\">Dowiedz si\u0119 wi\u0119cej o miejscu docelowym na <a href=\"https:\/\/en.wikipedia.org\/wiki\/Suluada\" target=\"_blank\" rel=\"noopener\">Strona Suluada w Wikipedii<\/a>.<\/p>\n<h3>\ud83c\udf92 Co zabra\u0107<\/h3>\n<p data-start=\"2889\" data-end=\"3004\"><span style=\"color: #ff0000;\"><strong>\u2022<\/strong> <\/span>Str\u00f3j k\u0105pielowy i r\u0119cznik<br data-start=\"2909\" data-end=\"2912\" \/><span style=\"color: #ff0000;\"><strong>\u2022<\/strong> <\/span>Krem z filtrem i kapelusz<br data-start=\"2931\" data-end=\"2934\" \/><span style=\"color: #ff0000;\"><strong>\u2022<\/strong> <\/span>Okulary przeciws\u0142oneczne<br data-start=\"2946\" data-end=\"2949\" \/><span style=\"color: #ff0000;\"><strong>\u2022<\/strong> <\/span>Aparat czy smartfon<br data-start=\"2971\" data-end=\"2974\" \/><span style=\"color: #ff0000;\"><strong>\u2022<\/strong> <\/span>Got\u00f3wka na napoje i dodatki<\/p>\n<h3>\ud83d\udeab Nieodpowiednie dla<\/h3>\n<p data-start=\"3031\" data-end=\"3074\"><span style=\"color: #ff0000;\"><strong>\u2022<\/strong> <\/span>Go\u015bcie z powa\u017cnymi ograniczeniami ruchowymi<\/p>\n<h3>\ud83d\udcb8 Cena i Rezerwacja<\/h3>\n<p data-start=\"3102\" data-end=\"3278\"><span style=\"color: #ff0000;\"><strong>\u2022<\/strong> <\/span>Ceny r\u00f3\u017cni\u0105 si\u0119 w zale\u017cno\u015bci od sezonu i typu \u0142odzi<br data-start=\"3149\" data-end=\"3152\" \/><span style=\"color: #ff0000;\"><strong>\u2022<\/strong> <\/span>Zarezerwuj teraz i zap\u0142a\u0107 w dniu wycieczki<br data-start=\"3193\" data-end=\"3196\" \/><span style=\"color: #ff0000;\"><strong>\u2022<\/strong> <\/span>Skontaktuj si\u0119 z nami przez WhatsApp, Telegram lub Viber, lub wype\u0142nij poni\u017cszy formularz rezerwacji<\/p>","protected":false},"excerpt":{"rendered":"<p>Wybierz si\u0119 na wycieczk\u0119 statkiem na Suluad\u0119 z Belek. P\u0142ywaj w turkusowych wodach, odkryj Jaskini\u0119 Mi\u0142o\u015bci, zrelaksuj si\u0119 na bia\u0142ych pla\u017cach i delektuj si\u0119 lunchem z grilla z transferem.<\/p>","protected":false},"featured_media":10643,"comment_status":"open","ping_status":"closed","template":"","meta":{"_acf_changed":false},"product_brand":[],"product_cat":[43,71],"product_tag":[66],"class_list":{"0":"post-11135","1":"product","2":"type-product","3":"status-publish","4":"has-post-thumbnail","6":"product_cat-belek","7":"product_cat-suluada-maldives","8":"product_tag-belek","10":"first","11":"instock","12":"sale","13":"featured","14":"shipping-taxable","15":"purchasable","16":"product-type-ovabrw_car_rental"},"acf":[],"aioseo_notices":[],"_links":{"self":[{"href":"https:\/\/joinusexcursions.com\/pl\/wp-json\/wp\/v2\/product\/11135","targetHints":{"allow":["GET"]}}],"collection":[{"href":"https:\/\/joinusexcursions.com\/pl\/wp-json\/wp\/v2\/product"}],"about":[{"href":"https:\/\/joinusexcursions.com\/pl\/wp-json\/wp\/v2\/types\/product"}],"replies":[{"embeddable":true,"href":"https:\/\/joinusexcursions.com\/pl\/wp-json\/wp\/v2\/comments?post=11135"}],"wp:featuredmedia":[{"embeddable":true,"href":"https:\/\/joinusexcursions.com\/pl\/wp-json\/wp\/v2\/media\/10643"}],"wp:attachment":[{"href":"https:\/\/joinusexcursions.com\/pl\/wp-json\/wp\/v2\/media?parent=11135"}],"wp:term":[{"taxonomy":"product_brand","embeddable":true,"href":"https:\/\/joinusexcursions.com\/pl\/wp-json\/wp\/v2\/product_brand?post=11135"},{"taxonomy":"product_cat","embeddable":true,"href":"https:\/\/joinusexcursions.com\/pl\/wp-json\/wp\/v2\/product_cat?post=11135"},{"taxonomy":"product_tag","embeddable":true,"href":"https:\/\/joinusexcursions.com\/pl\/wp-json\/wp\/v2\/product_tag?post=11135"}],"curies":[{"name":"wp","href":"https:\/\/api.w.org\/{rel}","templated":true}]}}