{"id":11137,"date":"2025-12-15T22:24:11","date_gmt":"2025-12-15T19:24:11","guid":{"rendered":"https:\/\/joinusexcursions.com\/?post_type=product&#038;p=11137"},"modified":"2026-04-18T03:58:10","modified_gmt":"2026-04-18T00:58:10","slug":"belek-rejs-statkiem-pirackim-gonster","status":"publish","type":"product","link":"https:\/\/joinusexcursions.com\/pl\/tours\/belek-pirate-boat-gonster\/","title":{"rendered":"Rejs piracki z Belek Gonster \u2013 All Inclusive"},"content":{"rendered":"<p data-start=\"317\" data-end=\"472\">Do\u0142\u0105cz do legendarnego rejsu statkiem pirackim Gonster z Belek i ciesz si\u0119 pe\u0142nym zabawy dniem na morzu z pokazami pirackimi, postojami na p\u0142ywanie, lunchem i napojami bezalkoholowymi w cenie.<\/p>\n<h2>Przegl\u0105d rejsu statkiem pirackim w Belek<\/h2>\n<p data-start=\"490\" data-end=\"762\">Wyrusz w niezapomnian\u0105, pirack\u0105 podr\u00f3\u017c statkiem z Belek, Kadriye i Bo\u011fazkent do turkusowych zatoczek Kemer. Ciesz si\u0119 wyst\u0119pami na \u017cywo, przerwami na p\u0142ywanie, malowniczymi widokami i pysznym lunchem na pok\u0142adzie. Idealna, przyjazna rodzinom morska przygoda pe\u0142na zabawy i niespodzianek.<\/p>\n<h3>\ud83c\udf1f Najwa\u017cniejsze informacje<\/h3>\n<p data-start=\"1099\" data-end=\"1367\"><span style=\"color: #ff0000;\"><strong>\u2022<\/strong> <\/span>\u0141\u00f3d\u017a w pirackim stylu z \u017cyw\u0105 atmosfer\u0105<br data-start=\"1142\" data-end=\"1145\" \/><span style=\"color: #ff0000;\"><strong>\u2022<\/strong> <\/span>P\u0142ywaj w krystalicznie czystych zatoczkach Kemer<br data-start=\"1182\" data-end=\"1185\" \/><span style=\"color: #ff0000;\"><strong>\u2022<\/strong> <\/span>Odwied\u017a Zatok\u0119 Phaselis, Zatok\u0119 Nieba i Zatok\u0119 Ksi\u0119\u017cycow\u0105<br data-start=\"1235\" data-end=\"1238\" \/><span style=\"color: #ff0000;\"><strong>\u2022<\/strong> <\/span>Przep\u0142y\u0144 obok tajemniczej Jaskini Pirat\u00f3w<br data-start=\"1278\" data-end=\"1281\" \/><span style=\"color: #ff0000;\"><strong>\u2022<\/strong> <\/span>Lunch i napoje bezalkoholowe wliczone w cen\u0119<br data-start=\"1313\" data-end=\"1316\" \/><span style=\"color: #ff0000;\"><strong>\u2022<\/strong> <\/span>Fajne programy, muzyka i rozrywka dla wszystkich grup wiekowych<\/p>\n<h2>Czego spodziewa\u0107 si\u0119 podczas rejsu statkiem pirackim w Belek<\/h2>\n<div data-start=\"1394\" data-end=\"1642\">Twoja przygoda zaczyna si\u0119 komfortowym odbiorem z Twojego hotelu w Belek lub okolicach, a nast\u0119pnie transferem do <strong data-start=\"1510\" data-end=\"1526\">Marina Kemer<\/strong>. Wejd\u017a na pok\u0142ad <strong data-start=\"1544\" data-end=\"1567\">Okr\u0119t Piracki Gonster<\/strong>, wyj\u0105tkowo zaprojektowany statek w stylu pirackim, pe\u0142en charakteru i ekscytacji.<\/div>\n<div data-start=\"1644\" data-end=\"1916\">Statek p\u0142yn\u0105cy wzd\u0142u\u017c osza\u0142amiaj\u0105cego wybrze\u017ca Kemer tworzy weso\u0142\u0105 i energiczn\u0105 atmosfer\u0119 dzi\u0119ki muzyce, ta\u0144com i rozrywce o tematyce pirackiej. Wycieczka obejmuje kilka przystank\u00f3w na k\u0105piel w pi\u0119knych zatoczkach, gdzie mo\u017cna och\u0142odzi\u0107 si\u0119 w turkusowej wodzie lub zrelaksowa\u0107 na pok\u0142adzie.<\/div>\n<div data-start=\"1918\" data-end=\"2211\">P\u0142ywaj w pobli\u017cu staro\u017cytnych ruin na <strong data-start=\"1949\" data-end=\"1965\">Zatoka Phaselis<\/strong>, ciesz si\u0119 spokojnym pi\u0119knem <strong data-start=\"1996\" data-end=\"2010\">Zatoka Nieba<\/strong>, i zrelaksuj si\u0119 w <strong data-start=\"2025\" data-end=\"2042\">Zatoka Ksi\u0119\u017cycowa<\/strong>, jednej z najpopularniejszych nadmorskich miejscowo\u015bci w Kemerze. B\u0119dziesz tak\u017ce mija\u0107 legendarny <strong data-start=\"2125\" data-end=\"2140\">Jaskinia Pirat\u00f3w<\/strong>, oferuj\u0105c fantastyczne mo\u017cliwo\u015bci fotograficzne z dramatycznymi formacjami skalnymi.<\/div>\n<div data-start=\"2213\" data-end=\"2450\">Na pok\u0142adzie serwowany jest smaczny lunch, a napoje bezalkoholowe s\u0105 dost\u0119pne przez ca\u0142y dzie\u0144. Z przestronnymi pok\u0142adami do opalania, mn\u00f3stwem atrakcji i przyjazn\u0105 za\u0142og\u0105, ta wycieczka obiecuje dzie\u0144 pe\u0142en zabawy, relaksu i niezapomnianych wspomnie\u0144.<\/div>\n<p class=\"mhm-jue-internal-links\">Szukasz wi\u0119cej przyg\u00f3d w okolicy? Zapoznaj si\u0119 z nasz\u0105 pe\u0142n\u0105 list\u0105 <a href=\"\/pl\/kierunki\/belek-wycieczki\/\">Wycieczki po Belek<\/a> lub sprawd\u017a <a href=\"\/pl\/wycieczki-2\/belek-land-of-legends-nocny-pokaz\/\">Wieczorny pokaz Land of Legends z Beleku<\/a> na kolejne niezapomniane prze\u017cycie.<\/p>\n<h3>\ud83e\udded Plan wycieczki<\/h3>\n<p data-start=\"2475\" data-end=\"2788\"><span style=\"color: #ff0000;\"><strong>\u2022<\/strong> <\/span>Odbi\u00f3r z hoteli w Belek i okolicach<br data-start=\"2524\" data-end=\"2527\" \/><span style=\"color: #ff0000;\"><strong>\u2022<\/strong> <\/span>Transfer do Kemer Marina<br data-start=\"2553\" data-end=\"2556\" \/><span style=\"color: #ff0000;\"><strong>\u2022<\/strong> <\/span>Wsiadanie na pok\u0142ad statku pirackiego Gonster<br data-start=\"2590\" data-end=\"2593\" \/><span style=\"color: #ff0000;\"><strong>\u2022<\/strong> <\/span>Przystanek na p\u0142ywanie w Zatoce Phaselis<br data-start=\"2621\" data-end=\"2624\" \/><span style=\"color: #ff0000;\"><strong>\u2022<\/strong> <\/span>Przystanek na k\u0105piel w Heaven Bay<br data-start=\"2650\" data-end=\"2653\" \/><span style=\"color: #ff0000;\"><strong>\u2022<\/strong> <\/span>Przystanek na p\u0142ywanie w Zatoce Ksi\u0119\u017cycowej<br data-start=\"2682\" data-end=\"2685\" \/><span style=\"color: #ff0000;\"><strong>\u2022<\/strong> <\/span>Zwiedzanie Jaskini Pirat\u00f3w<br data-start=\"2710\" data-end=\"2713\" \/><span style=\"color: #ff0000;\"><strong>\u2022<\/strong> <\/span>Lunch i rozrywka na pok\u0142adzie<br data-start=\"2746\" data-end=\"2749\" \/><span style=\"color: #ff0000;\"><strong>\u2022<\/strong> <\/span>Powr\u00f3t do mariny i transfer do hotelu<\/p>\n<h3>\u2139\ufe0f Przydatne informacje<\/h3>\n<p data-start=\"2817\" data-end=\"2977\"><span style=\"color: #ff0000;\"><strong>\u2022<\/strong> <\/span>Ca\u0142odniowa wycieczka \u0142odzi\u0105<br data-start=\"2837\" data-end=\"2840\" \/><span style=\"color: #ff0000;\"><strong>\u2022<\/strong> <\/span>Przyjazny rodzinie i odpowiedni dla dzieci<br data-start=\"2883\" data-end=\"2886\" \/><span style=\"color: #ff0000;\"><strong>\u2022<\/strong> <\/span>Napoje bezalkoholowe wliczone w cen\u0119 wycieczki<br data-start=\"2924\" data-end=\"2927\" \/><span style=\"color: #ff0000;\"><strong>\u2022<\/strong> <\/span>Trasa mo\u017ce si\u0119 r\u00f3\u017cni\u0107 w zale\u017cno\u015bci od warunk\u00f3w pogodowych<\/p>\n<p class=\"mhm-jue-external-link\">Dowiedz si\u0119 wi\u0119cej o miejscu docelowym na <a href=\"https:\/\/en.wikipedia.org\/wiki\/Phaselis\" target=\"_blank\" rel=\"noopener\">Strona Wikipedii o staro\u017cytnym mie\u015bcie Faselis<\/a>.<\/p>\n<h3>\ud83c\udf92 Co zabra\u0107<\/h3>\n<p data-start=\"3001\" data-end=\"3116\"><span style=\"color: #ff0000;\"><strong>\u2022<\/strong> <\/span>Str\u00f3j k\u0105pielowy i r\u0119cznik<br data-start=\"3021\" data-end=\"3024\" \/><span style=\"color: #ff0000;\"><strong>\u2022<\/strong> <\/span>Krem z filtrem i kapelusz<br data-start=\"3043\" data-end=\"3046\" \/><span style=\"color: #ff0000;\"><strong>\u2022<\/strong> <\/span>Okulary przeciws\u0142oneczne<br data-start=\"3058\" data-end=\"3061\" \/><span style=\"color: #ff0000;\"><strong>\u2022<\/strong> <\/span>Aparat czy smartfon<br data-start=\"3083\" data-end=\"3086\" \/><span style=\"color: #ff0000;\"><strong>\u2022<\/strong> <\/span>Got\u00f3wka na wydatki osobiste<\/p>\n<h3>\ud83d\udeab Nieodpowiednie dla<\/h3>\n<p data-start=\"3143\" data-end=\"3186\"><span style=\"color: #ff0000;\"><strong>\u2022<\/strong> <\/span>Go\u015bcie z powa\u017cnymi ograniczeniami ruchowymi<\/p>\n<h3>\ud83d\udcb8 Cena i Rezerwacja<\/h3>\n<p data-start=\"3214\" data-end=\"3380\"><span style=\"color: #ff0000;\"><strong>\u2022<\/strong> <\/span>Ceny mog\u0105 si\u0119 r\u00f3\u017cni\u0107 w zale\u017cno\u015bci od sezonu<br data-start=\"3251\" data-end=\"3254\" \/><span style=\"color: #ff0000;\"><strong>\u2022<\/strong> <\/span>Zarezerwuj teraz i zap\u0142a\u0107 w dniu wycieczki<br data-start=\"3295\" data-end=\"3298\" \/><span style=\"color: #ff0000;\"><strong>\u2022<\/strong> <\/span>Skontaktuj si\u0119 z nami przez WhatsApp, Telegram lub Viber, lub wype\u0142nij poni\u017cszy formularz rezerwacji<\/p>","protected":false},"excerpt":{"rendered":"<p>Ciesz si\u0119 rejsami na \u0142odziach pirackich Gonster z Belek. K\u0105p si\u0119 w zatokach Kemer, ogl\u0105daj pirackie pokazy, zjedz lunch, napij si\u0119 napoj\u00f3w bezalkoholowych i baw si\u0119 przy weso\u0142ej rozrywce, w\u0142\u0105czaj\u0105c transfery.<\/p>","protected":false},"featured_media":10574,"comment_status":"open","ping_status":"closed","template":"","meta":{"_acf_changed":false},"product_brand":[],"product_cat":[43,70],"product_tag":[66],"class_list":{"0":"post-11137","1":"product","2":"type-product","3":"status-publish","4":"has-post-thumbnail","6":"product_cat-belek","7":"product_cat-pirates-boat-tours","8":"product_tag-belek","10":"first","11":"instock","12":"sale","13":"featured","14":"shipping-taxable","15":"purchasable","16":"product-type-ovabrw_car_rental"},"acf":[],"aioseo_notices":[],"_links":{"self":[{"href":"https:\/\/joinusexcursions.com\/pl\/wp-json\/wp\/v2\/product\/11137","targetHints":{"allow":["GET"]}}],"collection":[{"href":"https:\/\/joinusexcursions.com\/pl\/wp-json\/wp\/v2\/product"}],"about":[{"href":"https:\/\/joinusexcursions.com\/pl\/wp-json\/wp\/v2\/types\/product"}],"replies":[{"embeddable":true,"href":"https:\/\/joinusexcursions.com\/pl\/wp-json\/wp\/v2\/comments?post=11137"}],"wp:featuredmedia":[{"embeddable":true,"href":"https:\/\/joinusexcursions.com\/pl\/wp-json\/wp\/v2\/media\/10574"}],"wp:attachment":[{"href":"https:\/\/joinusexcursions.com\/pl\/wp-json\/wp\/v2\/media?parent=11137"}],"wp:term":[{"taxonomy":"product_brand","embeddable":true,"href":"https:\/\/joinusexcursions.com\/pl\/wp-json\/wp\/v2\/product_brand?post=11137"},{"taxonomy":"product_cat","embeddable":true,"href":"https:\/\/joinusexcursions.com\/pl\/wp-json\/wp\/v2\/product_cat?post=11137"},{"taxonomy":"product_tag","embeddable":true,"href":"https:\/\/joinusexcursions.com\/pl\/wp-json\/wp\/v2\/product_tag?post=11137"}],"curies":[{"name":"wp","href":"https:\/\/api.w.org\/{rel}","templated":true}]}}