{"id":11138,"date":"2025-12-15T22:34:36","date_gmt":"2025-12-15T19:34:36","guid":{"rendered":"https:\/\/joinusexcursions.com\/?post_type=product&#038;p=11138"},"modified":"2026-04-18T03:56:55","modified_gmt":"2026-04-18T00:56:55","slug":"belek-rejs-statkiem-pirackim-red-dragon","status":"publish","type":"product","link":"https:\/\/joinusexcursions.com\/pl\/tours\/belek-pirate-boat-red-dragon\/","title":{"rendered":"Rejs Statkiem Pirackim z Belek \u2014 Czerwony Smok"},"content":{"rendered":"<p data-start=\"314\" data-end=\"471\">Ciesz si\u0119 stylowym rejsem katamaranem z Beleku do turkusowych zatoczek Kemer. K\u0105pcie si\u0119 w krystalicznie czystej wodzie, relaksujcie na przestronnych pok\u0142adach i sp\u0119d\u017acie dzie\u0144 pe\u0142en zabawy na morzu.<\/p>\n<h2>Przegl\u0105d rejsu statkiem pirackim w Beleku<\/h2>\n<p data-start=\"489\" data-end=\"741\">Do\u0142\u0105cz do ca\u0142odniowej wycieczki katamaranem z Belek, Kadriye i Bo\u011fazkent na pi\u0119kne wybrze\u017ce Kemer. Pop\u0142y\u0144 nowoczesnym, komfortowym katamaranem, ciesz si\u0119 przystankami na k\u0105piele w zachwycaj\u0105cych zatoczkach, lekk\u0105 rozrywk\u0105 na pok\u0142adzie i zapieraj\u0105cymi dech w piersiach widokami Morza \u015ar\u00f3dziemnego.<\/p>\n<h3>\ud83c\udf1f Najwa\u017cniejsze informacje<\/h3>\n<p data-start=\"1068\" data-end=\"1328\"><span style=\"color: #ff0000;\"><strong>\u2022<\/strong> <\/span>Rejs luksusowym nowoczesnym katamaranem<br data-start=\"1108\" data-end=\"1111\" \/><span style=\"color: #ff0000;\"><strong>\u2022<\/strong> <\/span>P\u0142ywaj w krystalicznie czystych zatoczkach Kemer<br data-start=\"1148\" data-end=\"1151\" \/><span style=\"color: #ff0000;\"><strong>\u2022<\/strong> <\/span>Odwied\u017a Zatok\u0119 Phaselis, Zatok\u0119 Nieba i Zatok\u0119 Ksi\u0119\u017cycow\u0105<br data-start=\"1201\" data-end=\"1204\" \/><span style=\"color: #ff0000;\"><strong>\u2022<\/strong> <\/span>Przep\u0142y\u0144 obok legendarnej Jaskini Pirat\u00f3w<br data-start=\"1241\" data-end=\"1244\" \/><span style=\"color: #ff0000;\"><strong>\u2022<\/strong> <\/span>Zrelaksuj si\u0119 i opalaj na przestronnych pok\u0142adach<br data-start=\"1282\" data-end=\"1285\" \/><span style=\"color: #ff0000;\"><strong>\u2022<\/strong> <\/span>\u015awietne okazje do zdj\u0119\u0107 i widoki na morze<\/p>\n<h2>Czego mo\u017cna si\u0119 spodziewa\u0107 podczas rejsu pirackim statkiem po Belek<\/h2>\n<div data-start=\"1355\" data-end=\"1576\">Tw\u00f3j relaksuj\u0105cy dzie\u0144 nad morzem zaczyna si\u0119 od wygodnego odbioru z Twojego hotelu w Belek lub okolicach, a nast\u0119pnie transferu do <strong data-start=\"1478\" data-end=\"1494\">Marina Kemer<\/strong>. Wejd\u017a na pok\u0142ad stylowego i nowoczesnego katamaranu zaprojektowanego z my\u015bl\u0105 o komforcie, przestrzeni i relaksie.<\/div>\n<div data-start=\"1578\" data-end=\"1774\">Podczas rejsu katamaranem wzd\u0142u\u017c malowniczego wybrze\u017ca Kemer, ciesz si\u0119 muzyk\u0105 na \u017cywo i przyjemn\u0105 atmosfer\u0105 na pok\u0142adzie. Wycieczka obejmuje kilka przystank\u00f3w na k\u0105piele w najpi\u0119kniejszych zatoczkach regionu.<\/div>\n<div data-start=\"1776\" data-end=\"2065\">P\u0142ywaj w pobli\u017cu staro\u017cytnych ruin na <strong data-start=\"1807\" data-end=\"1823\">Zatoka Phaselis<\/strong>, zrelaksuj si\u0119 w spokojnych wodach <strong data-start=\"1857\" data-end=\"1871\">Zatoka Nieba<\/strong>, i ciesz si\u0119 \u017cyw\u0105 atmosfer\u0105 <strong data-start=\"1908\" data-end=\"1925\">Zatoka Ksi\u0119\u017cycowa<\/strong>, idealne do p\u0142ywania i robienia zdj\u0119\u0107. Przep\u0142yniemy r\u00f3wnie\u017c obok tajemniczego <strong data-start=\"1999\" data-end=\"2014\">Jaskinia Pirat\u00f3w<\/strong>, oferuj\u0105c fantastyczne widoki i mo\u017cliwo\u015bci robienia zdj\u0119\u0107.<\/div>\n<div data-start=\"2067\" data-end=\"2287\">Podczas wycieczki, w zale\u017cno\u015bci od wybranego pakietu, mo\u017cesz skorzysta\u0107 z lunchu i napoj\u00f3w na pok\u0142adzie. Z mn\u00f3stwem miejsca do opalania, p\u0142ywania lub po prostu relaksu, ten rejs katamaranem oferuje idealn\u0105 r\u00f3wnowag\u0119 mi\u0119dzy zabaw\u0105 a spokojem.<\/div>\n<p class=\"mhm-jue-internal-links\">Szukasz wi\u0119cej przyg\u00f3d w okolicy? Zapoznaj si\u0119 z nasz\u0105 pe\u0142n\u0105 list\u0105 <a href=\"\/pl\/kierunki\/belek-wycieczki\/\">Wycieczki po Belek<\/a> lub sprawd\u017a <a href=\"\/pl\/wycieczki-2\/belek-land-of-legends-nocny-pokaz\/\">Wieczorny pokaz Land of Legends z Beleku<\/a> na kolejne niezapomniane prze\u017cycie.<\/p>\n<h3>\ud83e\udded Plan wycieczki<\/h3>\n<p data-start=\"2312\" data-end=\"2623\"><span style=\"color: #ff0000;\"><strong>\u2022<\/strong> <\/span>Odbi\u00f3r z hoteli w Belek i okolicach<br data-start=\"2361\" data-end=\"2364\" \/><span style=\"color: #ff0000;\"><strong>\u2022<\/strong> <\/span>Transfer do Kemer Marina<br data-start=\"2390\" data-end=\"2393\" \/><span style=\"color: #ff0000;\"><strong>\u2022<\/strong> <\/span>Wsiadanie na katamaran<br data-start=\"2417\" data-end=\"2420\" \/><span style=\"color: #ff0000;\"><strong>\u2022<\/strong> <\/span>Przystanek na p\u0142ywanie w Zatoce Phaselis<br data-start=\"2448\" data-end=\"2451\" \/><span style=\"color: #ff0000;\"><strong>\u2022<\/strong> <\/span>Przystanek na k\u0105piel w Heaven Bay<br data-start=\"2477\" data-end=\"2480\" \/><span style=\"color: #ff0000;\"><strong>\u2022<\/strong> <\/span>Przystanek na p\u0142ywanie w Zatoce Ksi\u0119\u017cycowej<br data-start=\"2509\" data-end=\"2512\" \/><span style=\"color: #ff0000;\"><strong>\u2022<\/strong> <\/span>Zwiedzanie Jaskini Pirat\u00f3w<br data-start=\"2537\" data-end=\"2540\" \/><span style=\"color: #ff0000;\"><strong>\u2022<\/strong> <\/span>Czas wolny na relaks i opalanie<br data-start=\"2581\" data-end=\"2584\" \/><span style=\"color: #ff0000;\"><strong>\u2022<\/strong> <\/span>Powr\u00f3t do mariny i transfer do hotelu<\/p>\n<h3>\u2139\ufe0f Przydatne informacje<\/h3>\n<p data-start=\"2652\" data-end=\"2820\"><span style=\"color: #ff0000;\"><strong>\u2022<\/strong> <\/span>Ca\u0142odniowa wycieczka \u0142odzi\u0105<br data-start=\"2672\" data-end=\"2675\" \/><span style=\"color: #ff0000;\"><strong>\u2022<\/strong> <\/span>Odpowiednie dla par, rodzin i podr\u00f3\u017cuj\u0105cych w pojedynk\u0119<br data-start=\"2726\" data-end=\"2729\" \/><span style=\"color: #ff0000;\"><strong>\u2022<\/strong> <\/span>Przestronne zacienione i miejsca do opalania<br data-start=\"2767\" data-end=\"2770\" \/><span style=\"color: #ff0000;\"><strong>\u2022<\/strong> <\/span>Trasa mo\u017ce si\u0119 r\u00f3\u017cni\u0107 w zale\u017cno\u015bci od warunk\u00f3w pogodowych<\/p>\n<p class=\"mhm-jue-external-link\">Dowiedz si\u0119 wi\u0119cej o miejscu docelowym na <a href=\"https:\/\/en.wikipedia.org\/wiki\/Phaselis\" target=\"_blank\" rel=\"noopener\">Strona Wikipedii o staro\u017cytnym mie\u015bcie Faselis<\/a>.<\/p>\n<h3>\ud83c\udf92 Co zabra\u0107<\/h3>\n<p data-start=\"2844\" data-end=\"2959\"><span style=\"color: #ff0000;\"><strong>\u2022<\/strong> <\/span>Str\u00f3j k\u0105pielowy i r\u0119cznik<br data-start=\"2864\" data-end=\"2867\" \/><span style=\"color: #ff0000;\"><strong>\u2022<\/strong> <\/span>Krem z filtrem i kapelusz<br data-start=\"2886\" data-end=\"2889\" \/><span style=\"color: #ff0000;\"><strong>\u2022<\/strong> <\/span>Okulary przeciws\u0142oneczne<br data-start=\"2901\" data-end=\"2904\" \/><span style=\"color: #ff0000;\"><strong>\u2022<\/strong> <\/span>Aparat czy smartfon<br data-start=\"2926\" data-end=\"2929\" \/><span style=\"color: #ff0000;\"><strong>\u2022<\/strong> <\/span>Got\u00f3wka na zakupy na pok\u0142adzie<\/p>\n<h3>\ud83d\udeab Nieodpowiednie dla<\/h3>\n<p data-start=\"2986\" data-end=\"3029\"><span style=\"color: #ff0000;\"><strong>\u2022<\/strong> <\/span>Go\u015bcie z powa\u017cnymi ograniczeniami ruchowymi<\/p>\n<h3>\ud83d\udcb8 Cena i Rezerwacja<\/h3>\n<p data-start=\"3057\" data-end=\"3235\"><span style=\"color: #ff0000;\"><strong>\u2022<\/strong> <\/span>Ceny mog\u0105 si\u0119 r\u00f3\u017cni\u0107 w zale\u017cno\u015bci od sezonu i pakietu<br data-start=\"3106\" data-end=\"3109\" \/><span style=\"color: #ff0000;\"><strong>\u2022<\/strong> <\/span>Zarezerwuj teraz i zap\u0142a\u0107 w dniu wycieczki<br data-start=\"3150\" data-end=\"3153\" \/><span style=\"color: #ff0000;\"><strong>\u2022<\/strong> <\/span>Skontaktuj si\u0119 z nami przez WhatsApp, Telegram lub Viber, lub wype\u0142nij poni\u017cszy formularz rezerwacji<\/p>","protected":false},"excerpt":{"rendered":"<p>Wybierz si\u0119 na wycieczk\u0119 katamaranem z Belek do Kemer. Pop\u0142ywaj w krystalicznie czystych zatoczkach, podziwiaj widoki na morze, ciesz si\u0119 muzyk\u0105 na \u017cywo i relaksuj\u0105cym rejsem z wliczonymi transferami.<\/p>","protected":false},"featured_media":10878,"comment_status":"open","ping_status":"closed","template":"","meta":{"_acf_changed":false},"product_brand":[],"product_cat":[43,70],"product_tag":[66],"class_list":{"0":"post-11138","1":"product","2":"type-product","3":"status-publish","4":"has-post-thumbnail","6":"product_cat-belek","7":"product_cat-pirates-boat-tours","8":"product_tag-belek","10":"first","11":"instock","12":"sale","13":"featured","14":"shipping-taxable","15":"purchasable","16":"product-type-ovabrw_car_rental"},"acf":[],"aioseo_notices":[],"_links":{"self":[{"href":"https:\/\/joinusexcursions.com\/pl\/wp-json\/wp\/v2\/product\/11138","targetHints":{"allow":["GET"]}}],"collection":[{"href":"https:\/\/joinusexcursions.com\/pl\/wp-json\/wp\/v2\/product"}],"about":[{"href":"https:\/\/joinusexcursions.com\/pl\/wp-json\/wp\/v2\/types\/product"}],"replies":[{"embeddable":true,"href":"https:\/\/joinusexcursions.com\/pl\/wp-json\/wp\/v2\/comments?post=11138"}],"wp:featuredmedia":[{"embeddable":true,"href":"https:\/\/joinusexcursions.com\/pl\/wp-json\/wp\/v2\/media\/10878"}],"wp:attachment":[{"href":"https:\/\/joinusexcursions.com\/pl\/wp-json\/wp\/v2\/media?parent=11138"}],"wp:term":[{"taxonomy":"product_brand","embeddable":true,"href":"https:\/\/joinusexcursions.com\/pl\/wp-json\/wp\/v2\/product_brand?post=11138"},{"taxonomy":"product_cat","embeddable":true,"href":"https:\/\/joinusexcursions.com\/pl\/wp-json\/wp\/v2\/product_cat?post=11138"},{"taxonomy":"product_tag","embeddable":true,"href":"https:\/\/joinusexcursions.com\/pl\/wp-json\/wp\/v2\/product_tag?post=11138"}],"curies":[{"name":"wp","href":"https:\/\/api.w.org\/{rel}","templated":true}]}}