{"id":11139,"date":"2025-12-15T22:46:22","date_gmt":"2025-12-15T19:46:22","guid":{"rendered":"https:\/\/joinusexcursions.com\/?post_type=product&#038;p=11139"},"modified":"2026-04-20T17:09:44","modified_gmt":"2026-04-20T14:09:44","slug":"antalya-rejs-statkiem-pirackim-gonster","status":"publish","type":"product","link":"https:\/\/joinusexcursions.com\/pl\/tours\/antalya-pirate-boat-gonster\/","title":{"rendered":"Rejs statkiem pirackim z antenalii \u2013 all inclusive"},"content":{"rendered":"<h2>Czego mo\u017cna si\u0119 spodziewa\u0107 podczas wycieczki statkiem pirackim w Antalyi Gonster<\/h2>\n<p class=\"mhm-jue-internal-links\">Szukasz wi\u0119cej przyg\u00f3d w okolicy? Zapoznaj si\u0119 z nasz\u0105 pe\u0142n\u0105 list\u0105 <a href=\"\/pl\/kierunki\/antalya-wycieczki\/\">Wycieczki Antalya<\/a> lub sprawd\u017a <a href=\"\/pl\/wycieczki-2\/antalya-suluada-zachod-slonca-rejs\/\">Rejs statkiem na zach\u00f3d s\u0142o\u0144ca na wysp\u0119 Suluada z Antalyi z kolacj\u0105<\/a> na kolejne niezapomniane prze\u017cycie.<\/p>\n<p class=\"mhm-jue-external-link\">Dowiedz si\u0119 wi\u0119cej o miejscu docelowym na <a href=\"https:\/\/en.wikipedia.org\/wiki\/Phaselis\" target=\"_blank\" rel=\"noopener\">Strona Wikipedii o staro\u017cytnym mie\u015bcie Faselis<\/a>.<\/p>\n<p class=\"\" data-start=\"882\" data-end=\"1040\">Przygotuj si\u0119 na niezapomniany dzie\u0144 na morzu z <strong data-start=\"937\" data-end=\"965\">Potw\u00f3r<\/strong> <strong data-start=\"937\" data-end=\"965\">Rejs statkiem pirackim<\/strong> \u2014 idealne po\u0142\u0105czenie emocji, natury i relaksuj\u0105cej \u015br\u00f3dziemnomorskiej atmosfery.<\/p>\n<p class=\"\" data-start=\"1042\" data-end=\"1335\">Twoja podr\u00f3\u017c rozpoczyna si\u0119 w Kemer Marina, sk\u0105d wejdziesz na pok\u0142ad Gonstera, \u0142odzi w stylu pirackim pe\u0142nej charakteru. Podczas rejsu wzd\u0142u\u017c pi\u0119knego wybrze\u017ca, za\u0142oga utrzyma \u017cyw\u0105 atmosfer\u0119 dzi\u0119ki muzyce, ta\u0144com i tematycznym rozrywkom \u2014 idealnym dla rodzin, przyjaci\u00f3\u0142 i poszukiwaczy przyg\u00f3d!<\/p>\n<p class=\"\" data-start=\"1337\" data-end=\"1408\">Odwiedzisz trzy spektakularne zatoczki, idealne do p\u0142ywania i relaksu:<\/p>\n<p class=\"\" data-start=\"1410\" data-end=\"1559\">\ud83c\udfdb\ufe0f <strong data-start=\"1414\" data-end=\"1430\">Zatoka Phaselis<\/strong> \u2013 Pop\u0142ywaj w pobli\u017cu staro\u017cytnych ruin likijskiego miasta Faselis. Miejsce, gdzie historia spotyka si\u0119 z natur\u0105 w spokojnej i cichej scenerii.<\/p>\n<p class=\"\" data-start=\"1561\" data-end=\"1673\">Wyspa <strong data-start=\"1565\" data-end=\"1579\">Zatoka Nieba<\/strong> \u2013 Ukryty klejnot otoczony bujn\u0105 przyrod\u0105 i krystalicznie czyst\u0105 wod\u0105 \u2013 idealny na spokojn\u0105, malownicz\u0105 k\u0105piel.<\/p>\n<p class=\"\" data-start=\"1675\" data-end=\"1791\">\ud83c\udf0a <strong data-start=\"1678\" data-end=\"1695\">Zatoka Ksi\u0119\u017cycowa<\/strong> \u2013 Popularne i malownicze miejsce w pobli\u017cu Kemer, gdzie mo\u017cna odpocz\u0105\u0107, zrobi\u0107 zdj\u0119cia lub cieszy\u0107 si\u0119 morzem.<\/p>\n<p class=\"\" data-start=\"1793\" data-end=\"1936\">\ud83e\udd9c <strong data-start=\"1796\" data-end=\"1811\">Jaskinia Pirat\u00f3w<\/strong> \u2013 Przep\u0142y\u0144 obok tej tajemniczej morskiej jaskini pe\u0142nej pirackich legend i niesamowitych formacji skalnych \u2013 nie zapomnij aparatu!<\/p>\n<p class=\"\" data-start=\"1938\" data-end=\"2123\">Podczas rejsu czeka na Ciebie pyszny lunch serwowany na pok\u0142adzie, z <strong data-start=\"2009\" data-end=\"2033\">napoje gazowane w cenie<\/strong> przez ca\u0142y dzie\u0144. Jest du\u017co miejsca do opalania, ta\u0144czenia lub po prostu podziwiania widok\u00f3w.<\/p>\n<p class=\"\" data-start=\"2125\" data-end=\"2273\">Idealna dla rodzin z dzie\u0107mi, par lub ka\u017cdego, kto uwielbia wodn\u0105 zabaw\u0119 \u2014 Piracki Statek Gonster oferuje dzie\u0144 pe\u0142en niezapomnianych wspomnie\u0144!<\/p>\n<p class=\"\" data-start=\"2275\" data-end=\"2375\">\ud83d\udeab <strong data-start=\"2278\" data-end=\"2298\">Nieodpowiednie dla<\/strong><br data-start=\"2298\" data-end=\"2301\" \/><span style=\"color: #ff0000;\">\u2022<\/span> Go\u015bcie z siln\u0105 chorob\u0105 lokomocyjn\u0105<br data-start=\"2337\" data-end=\"2340\" \/><span style=\"color: #ff0000;\">\u2022<\/span> Osoby z ograniczeniami ruchowymi<\/p>\n<p class=\"\" data-start=\"2377\" data-end=\"2538\">\ud83c\udf92 <strong data-start=\"2380\" data-end=\"2397\">Co zabra\u0107<\/strong><br data-start=\"2397\" data-end=\"2400\" \/><span style=\"color: #ff0000;\">\u2022<\/span> Str\u00f3j k\u0105pielowy i r\u0119cznik<br data-start=\"2420\" data-end=\"2423\" \/><span style=\"color: #ff0000;\">\u2022<\/span> Krem przeciws\u0142oneczny i okulary przeciws\u0142oneczne<br data-start=\"2447\" data-end=\"2450\" \/><span style=\"color: #ff0000;\">\u2022<\/span> Kapelusz lub czapka<br data-start=\"2462\" data-end=\"2465\" \/><span style=\"color: #ff0000;\">\u2022<\/span> Wodoodporne etui na telefon lub aparat<br data-start=\"2498\" data-end=\"2501\" \/><span style=\"color: #ff0000;\">\u2022<\/span> Troch\u0119 got\u00f3wki na pami\u0105tki lub dodatkowe wydatki<\/p>\n<p class=\"\" data-start=\"2540\" data-end=\"2626\">\u274c <strong data-start=\"2542\" data-end=\"2557\">Zabronione<\/strong><br data-start=\"2557\" data-end=\"2560\" \/><span style=\"color: #ff0000;\">\u2022<\/span> Jedzenie i napoje z zewn\u0105trz<br data-start=\"2585\" data-end=\"2588\" \/><span style=\"color: #ff0000;\">\u2022<\/span> Zwierz\u0119ta domowe<br data-start=\"2594\" data-end=\"2597\" \/><span style=\"color: #ff0000;\">\u2022<\/span> Palenie w miejscach zamkni\u0119tych<\/p>\n<p class=\"\" data-start=\"2628\" data-end=\"2916\">\u2139\ufe0f <strong data-start=\"2631\" data-end=\"2653\">Zanim wyjdziesz<\/strong><br data-start=\"2653\" data-end=\"2656\" \/><span style=\"color: #ff0000;\">\u2022<\/span> Czas trwania wycieczki: 5\u20136 godzin<br data-start=\"2682\" data-end=\"2685\" \/><span style=\"color: #ff0000;\">\u2022<\/span> \u0141\u00f3d\u017a posiada zar\u00f3wno zacienione, jak i miejsca do opalania<br data-start=\"2732\" data-end=\"2735\" \/><span style=\"color: #ff0000;\">\u2022<\/span> Dzieci poni\u017cej okre\u015blonego wieku podr\u00f3\u017cuj\u0105ce bezp\u0142atnie nie maj\u0105 gwarancji oddzielnego miejsca w autobusie. Je\u015bli autobus jest pe\u0142ny, musz\u0105 siedzie\u0107 na kolanach opiekuna lub nale\u017cy dokupi\u0107 dla nich osobne miejsce podczas rezerwacji.<\/p>\n<p class=\"\" data-start=\"2918\" data-end=\"3107\">\ud83d\udcb8 <strong data-start=\"2921\" data-end=\"2941\">Ceny i rezerwacja<\/strong><br data-start=\"2941\" data-end=\"2944\" \/><span style=\"color: #ff0000;\">\u2022<\/span> Ceny mog\u0105 si\u0119 r\u00f3\u017cni\u0107 w zale\u017cno\u015bci od sezonu i liczby uczestnik\u00f3w.<br data-start=\"3013\" data-end=\"3016\" \/><span style=\"color: #ff0000;\">\u2022<\/span> Zarezerwuj teraz, zap\u0142a\u0107 w dniu wycieczki \u2013 wczesna rezerwacja jest zalecana dla najlepszych stawek.<\/p>\n<p class=\"\" data-start=\"3109\" data-end=\"3186\">\ud83d\udcde Skontaktuj si\u0119 z nami przez WhatsApp, Telegram lub Viber, aby dokona\u0107 rezerwacji i uzyska\u0107 wi\u0119cej informacji.<\/p>","protected":false},"excerpt":{"rendered":"<p>What to Expect on the Antalya Pirate Boat Tour Gonster Looking for more adventures in the area? Explore our full list of Antalya tours or check out the Suluada Island Sunset Boat Trip from Antalya with Dinner for another unforgettable experience. Learn more about the destination on the Phaselis ancient city Wikipedia page. Get ready [&hellip;]<\/p>\n","protected":false},"featured_media":10574,"comment_status":"open","ping_status":"closed","template":"","meta":{"_acf_changed":false},"product_brand":[],"product_cat":[32,70],"product_tag":[69],"class_list":{"0":"post-11139","1":"product","2":"type-product","3":"status-publish","4":"has-post-thumbnail","6":"product_cat-antalya","7":"product_cat-pirates-boat-tours","8":"product_tag-antalya","10":"first","11":"instock","12":"featured","13":"shipping-taxable","14":"purchasable","15":"product-type-ovabrw_car_rental"},"acf":[],"aioseo_notices":[],"_links":{"self":[{"href":"https:\/\/joinusexcursions.com\/pl\/wp-json\/wp\/v2\/product\/11139","targetHints":{"allow":["GET"]}}],"collection":[{"href":"https:\/\/joinusexcursions.com\/pl\/wp-json\/wp\/v2\/product"}],"about":[{"href":"https:\/\/joinusexcursions.com\/pl\/wp-json\/wp\/v2\/types\/product"}],"replies":[{"embeddable":true,"href":"https:\/\/joinusexcursions.com\/pl\/wp-json\/wp\/v2\/comments?post=11139"}],"wp:featuredmedia":[{"embeddable":true,"href":"https:\/\/joinusexcursions.com\/pl\/wp-json\/wp\/v2\/media\/10574"}],"wp:attachment":[{"href":"https:\/\/joinusexcursions.com\/pl\/wp-json\/wp\/v2\/media?parent=11139"}],"wp:term":[{"taxonomy":"product_brand","embeddable":true,"href":"https:\/\/joinusexcursions.com\/pl\/wp-json\/wp\/v2\/product_brand?post=11139"},{"taxonomy":"product_cat","embeddable":true,"href":"https:\/\/joinusexcursions.com\/pl\/wp-json\/wp\/v2\/product_cat?post=11139"},{"taxonomy":"product_tag","embeddable":true,"href":"https:\/\/joinusexcursions.com\/pl\/wp-json\/wp\/v2\/product_tag?post=11139"}],"curies":[{"name":"wp","href":"https:\/\/api.w.org\/{rel}","templated":true}]}}