{"id":11140,"date":"2025-12-15T22:49:59","date_gmt":"2025-12-15T19:49:59","guid":{"rendered":"https:\/\/joinusexcursions.com\/?post_type=product&#038;p=11140"},"modified":"2026-04-20T17:08:40","modified_gmt":"2026-04-20T14:08:40","slug":"antalya-rejs-statkiem-pirackim-red-dragon","status":"publish","type":"product","link":"https:\/\/joinusexcursions.com\/pl\/tours\/antalya-pirate-boat-red-dragon\/","title":{"rendered":"Rejs Statkiem Pirackim Czerwony Smok z Antalyi z Lunchem"},"content":{"rendered":"<h2>\u26f5 Rejs katamaranem po Kemer: Luksus, zabawa i morskie klimaty<\/h2>\n<div>\n<p class=\"\" data-start=\"221\" data-end=\"455\">Wybierz si\u0119 na stylowy rejs wzd\u0142u\u017c turkusowego wybrze\u017ca z <strong data-start=\"279\" data-end=\"308\">Wycieczka Katamaranem w Kemer<\/strong> \u2014 idealne po\u0142\u0105czenie relaksu, rozrywki i naturalnego pi\u0119kna. Pop\u0142y\u0144 nowoczesnym katamaranem i poznaj Morze \u015ar\u00f3dziemne jak nigdy dot\u0105d!<\/p>\n<h3 data-start=\"462\" data-end=\"485\">\ud83c\udf1f Najwa\u017cniejsze punkty wycieczki<\/h3>\n<p><span style=\"color: #ff0000;\"><strong>\u2022 <\/strong><\/span>Rejs luksusowym, nowoczesnym katamaranem<\/p>\n<\/div>\n<div><span style=\"color: #ff0000;\"><strong>\u2022 <\/strong><\/span>P\u0142ywaj w krystalicznie czystych zatoczkach Kemer<\/div>\n<div><span style=\"color: #ff0000;\"><strong>\u2022 <\/strong><\/span>Muzyka na \u017cywo i rozrywka na pok\u0142adzie<\/div>\n<div><span style=\"color: #ff0000;\"><strong>\u2022 <\/strong><\/span>Pyszne jedzenie i napoje (dost\u0119pne na pok\u0142adzie)<\/div>\n<div><span style=\"color: #ff0000;\"><strong>\u2022 <\/strong><\/span>Wygrzewaj si\u0119 na s\u0142o\u0144cu i relaksuj na przestronnych pok\u0142adach<\/div>\n<div><span style=\"color: #ff0000;\"><strong>\u2022 <\/strong><\/span>Obrazy doskona\u0142e i \u015bwietne mo\u017cliwo\u015bci robienia zdj\u0119\u0107<\/div>\n<div>\n<p><strong><span style=\"color: #ff0000;\">\u2022<\/span> <\/strong>Niedrogie i wysokiej jako\u015bci do\u015bwiadczenie<\/p>\n<h2>Czego mo\u017cna si\u0119 spodziewa\u0107 podczas wycieczki statkiem pirackim w Antalyi<\/h2>\n<p class=\"\" data-start=\"259\" data-end=\"526\">Wp\u0142y\u0144 w idealny dzie\u0144 z <strong data-start=\"292\" data-end=\"321\">Wycieczka Katamaranem w Kemer<\/strong>, gdzie l\u015bni\u0105ce, b\u0142\u0119kitne morze spotyka si\u0119 z relaksem, zabaw\u0105 i cudami natury. Niezale\u017cnie od tego, czy opalasz si\u0119 na przestronnym pok\u0142adzie, p\u0142ywasz w krystalicznie czystej wodzie, czy odkrywasz ukryte zatoczki, ta wycieczka ma wszystko.<\/p>\n<p class=\"\" data-start=\"528\" data-end=\"757\">Twoja podr\u00f3\u017c zaczyna si\u0119 w <strong data-start=\"551\" data-end=\"567\">Marina Kemer<\/strong>, gdzie wsi\u0105dziecie na pok\u0142ad nowoczesnego katamarana wyposa\u017conego z my\u015bl\u0105 o komforcie i stylu. Statek pop\u0142ynie wzd\u0142u\u017c malowniczego wybrze\u017ca, zatrzymuj\u0105c si\u0119 w <strong data-start=\"700\" data-end=\"727\">trzy zapieraj\u0105ce dech w piersiach zatoki<\/strong> do p\u0142ywania i eksploracji:<\/p>\n<p class=\"\" data-start=\"761\" data-end=\"943\">\ud83c\udfdb\ufe0f <strong data-start=\"765\" data-end=\"781\">Zatoka Phaselis<\/strong>P\u0142ywaj w pobli\u017cu staro\u017cytnych ruin licyjskiego miasta Faselis. Ta unikalna lokalizacja \u0142\u0105czy histori\u0119 i przyrod\u0119, otoczon\u0105 sosnami i spokojnymi, czystymi wodami.<\/p>\n<p class=\"\" data-start=\"946\" data-end=\"1081\"><strong>\ud83c\udfdd\ufe0f Rajska Zatoka<\/strong>: Ustronny raj znany z lazurowego morza i dziewiczej urody \u2014 idealny na spokojn\u0105 k\u0105piel.<\/p>\n<p class=\"\" data-start=\"1084\" data-end=\"1229\">\ud83c\udf0a <strong data-start=\"1087\" data-end=\"1119\">Zatoka Ksi\u0119\u017cycowa<\/strong>Ulubione miejsce w pobli\u017cu Kemer o swobodnej atmosferze, idealne do p\u0142ywania, opalania si\u0119 i robienia niesamowitych zdj\u0119\u0107.<\/p>\n<p class=\"\" data-start=\"1232\" data-end=\"1420\">\ud83c\udff4\u200d\u2620\ufe0f <strong data-start=\"1238\" data-end=\"1271\">Jaskinia Pirat\u00f3w<\/strong>Przep\u0142y\u0144 obok tej tajemniczej morskiej jaskini, gdzie wci\u0105\u017c rozbrzmiewaj\u0105 legendy o piratach. Wspania\u0142a okazja do zdj\u0119\u0107 z dramatycznymi formacjami skalnymi i g\u0142\u0119bok\u0105, b\u0142\u0119kitn\u0105 wod\u0105.<\/p>\n<p class=\"\" data-start=\"1422\" data-end=\"1692\">Podczas gdy Ty b\u0119dziesz podziwia\u0107 widoki, za\u0142oga utrzyma dobry nastr\u00f3j dzi\u0119ki muzyce i opcjonalnej lekkiej rozrywce. B\u0119dzie czas na to, by cieszy\u0107 si\u0119 <strong data-start=\"1564\" data-end=\"1581\">obiad na pok\u0142adzie<\/strong> (w zale\u017cno\u015bci od pakietu), a tak\u017ce mn\u00f3stwo mo\u017cliwo\u015bci relaksu, opalania lub po prostu podziwiania widok\u00f3w.<\/p>\n<p class=\"\" data-start=\"1694\" data-end=\"1818\">Idealny dla par, grup, rodzin lub podr\u00f3\u017cuj\u0105cych solo \u2014 ten rejs katamaranem to jedna z najprzyjemniejszych jednodniowych wycieczek w Kemerze.<\/p>\n<p class=\"mhm-jue-internal-links\">Szukasz wi\u0119cej przyg\u00f3d w okolicy? Zapoznaj si\u0119 z nasz\u0105 pe\u0142n\u0105 list\u0105 <a href=\"\/pl\/kierunki\/antalya-wycieczki\/\">Wycieczki Antalya<\/a> lub sprawd\u017a <a href=\"\/pl\/wycieczki-2\/antalya-suluada-zachod-slonca-rejs\/\">Rejs statkiem na zach\u00f3d s\u0142o\u0144ca na wysp\u0119 Suluada z Antalyi z kolacj\u0105<\/a> na kolejne niezapomniane prze\u017cycie.<\/p>\n<h3 data-start=\"1551\" data-end=\"1575\">\ud83d\udeab Nieodpowiednie dla<\/h3>\n<ul data-start=\"1576\" data-end=\"1650\">\n<li class=\"\" data-start=\"1576\" data-end=\"1614\">Go\u015bcie z siln\u0105 chorob\u0105 lokomocyjn\u0105<\/li>\n<li class=\"\" data-start=\"1615\" data-end=\"1650\">Osoby z ograniczeniami ruchowymi<\/li>\n<\/ul>\n<p class=\"mhm-jue-external-link\">Dowiedz si\u0119 wi\u0119cej o miejscu docelowym na <a href=\"https:\/\/en.wikipedia.org\/wiki\/Phaselis\" target=\"_blank\" rel=\"noopener\">Strona Wikipedii o staro\u017cytnym mie\u015bcie Faselis<\/a>.<\/p>\n<h3 data-start=\"1657\" data-end=\"1678\">\ud83c\udf92 Co zabra\u0107<\/h3>\n<ul data-start=\"1679\" data-end=\"1812\">\n<li class=\"\" data-start=\"1679\" data-end=\"1701\">Str\u00f3j k\u0105pielowy i r\u0119cznik<\/li>\n<li class=\"\" data-start=\"1702\" data-end=\"1728\">Krem przeciws\u0142oneczny i okulary przeciws\u0142oneczne<\/li>\n<li class=\"\" data-start=\"1729\" data-end=\"1743\">Kapelusz lub czapka<\/li>\n<li class=\"\" data-start=\"1744\" data-end=\"1779\">Wodoodporne etui na telefon lub aparat<\/li>\n<li class=\"\" data-start=\"1780\" data-end=\"1812\">Troch\u0119 got\u00f3wki na dodatkowe rzeczy na pok\u0142adzie<\/li>\n<\/ul>\n<h3 data-start=\"1819\" data-end=\"1837\">\u274c Niedozwolone<\/h3>\n<ul data-start=\"1838\" data-end=\"1904\">\n<li class=\"\" data-start=\"1838\" data-end=\"1865\">Jedzenie i napoje z zewn\u0105trz<\/li>\n<li class=\"\" data-start=\"1866\" data-end=\"1874\">Zwierz\u0119ta domowe<\/li>\n<li class=\"\" data-start=\"1875\" data-end=\"1904\">Palenie w miejscach zamkni\u0119tych<\/li>\n<\/ul>\n<h3 data-start=\"1911\" data-end=\"1937\">\u2139\ufe0f Informacje przed wyjazdem<\/h3>\n<ul data-start=\"1938\" data-end=\"2098\">\n<li class=\"\" data-start=\"1938\" data-end=\"1970\">Czas trwania wycieczki: <strong data-start=\"1955\" data-end=\"1968\">5\u20136 godzin<\/strong><\/li>\n<li data-start=\"1938\" data-end=\"1970\">Katamaran ma zar\u00f3wno zacienione, jak i s\u0142oneczne miejsca do opalania<\/li>\n<li class=\"\" data-start=\"2048\" data-end=\"2098\">Dzieci poni\u017cej okre\u015blonego wieku podr\u00f3\u017cuj\u0105ce bezp\u0142atnie nie maj\u0105 gwarancji oddzielnego miejsca w autobusie. Je\u015bli autobus jest pe\u0142ny, musz\u0105 siedzie\u0107 na kolanach opiekuna lub nale\u017cy dokupi\u0107 dla nich osobne miejsce podczas rezerwacji.<\/li>\n<\/ul>\n<p><strong>\ud83d\udcb8 Ceny i Rezerwacje<\/strong><\/p>\n<p><span style=\"color: #ff0000;\"><strong>\u2022 <\/strong><\/span>Ceny mog\u0105 si\u0119 r\u00f3\u017cni\u0107 w zale\u017cno\u015bci od sezonu i liczby uczestnik\u00f3w.<\/p>\n<p><strong><span style=\"color: #ff0000;\">\u2022 <\/span>Zarezerwuj teraz, zap\u0142a\u0107 w dniu wycieczki <\/strong>\u2013 zaleca si\u0119 wcze\u015bniejsz\u0105 rezerwacj\u0119 dla najlepszych cen.<\/p>\n<p><strong>\ud83d\udcde Skontaktuj si\u0119 z nami na WhatsApp, Telegram lub Viber<\/strong> w sprawie rezerwacji i dodatkowych informacji.<\/p>\n<\/div>","protected":false},"excerpt":{"rendered":"<p>\u26f5 Kemer Catamaran Boat Tour: Luxury, Fun &amp; Sea Vibes Enjoy a stylish cruise along the turquoise coast with the Kemer Catamaran Boat Tour \u2014 a perfect blend of relaxation, entertainment, and natural beauty. Sail on a modern catamaran and experience the Mediterranean like never before! \ud83c\udf1f Tour Highlights \u2022 Cruise on a luxurious, modern [&hellip;]<\/p>\n","protected":false},"featured_media":10861,"comment_status":"open","ping_status":"closed","template":"","meta":{"_acf_changed":false},"product_brand":[],"product_cat":[32,70],"product_tag":[69],"class_list":{"0":"post-11140","1":"product","2":"type-product","3":"status-publish","4":"has-post-thumbnail","6":"product_cat-antalya","7":"product_cat-pirates-boat-tours","8":"product_tag-antalya","10":"first","11":"instock","12":"featured","13":"shipping-taxable","14":"purchasable","15":"product-type-ovabrw_car_rental"},"acf":[],"aioseo_notices":[],"_links":{"self":[{"href":"https:\/\/joinusexcursions.com\/pl\/wp-json\/wp\/v2\/product\/11140","targetHints":{"allow":["GET"]}}],"collection":[{"href":"https:\/\/joinusexcursions.com\/pl\/wp-json\/wp\/v2\/product"}],"about":[{"href":"https:\/\/joinusexcursions.com\/pl\/wp-json\/wp\/v2\/types\/product"}],"replies":[{"embeddable":true,"href":"https:\/\/joinusexcursions.com\/pl\/wp-json\/wp\/v2\/comments?post=11140"}],"wp:featuredmedia":[{"embeddable":true,"href":"https:\/\/joinusexcursions.com\/pl\/wp-json\/wp\/v2\/media\/10861"}],"wp:attachment":[{"href":"https:\/\/joinusexcursions.com\/pl\/wp-json\/wp\/v2\/media?parent=11140"}],"wp:term":[{"taxonomy":"product_brand","embeddable":true,"href":"https:\/\/joinusexcursions.com\/pl\/wp-json\/wp\/v2\/product_brand?post=11140"},{"taxonomy":"product_cat","embeddable":true,"href":"https:\/\/joinusexcursions.com\/pl\/wp-json\/wp\/v2\/product_cat?post=11140"},{"taxonomy":"product_tag","embeddable":true,"href":"https:\/\/joinusexcursions.com\/pl\/wp-json\/wp\/v2\/product_tag?post=11140"}],"curies":[{"name":"wp","href":"https:\/\/api.w.org\/{rel}","templated":true}]}}