{"id":11142,"date":"2025-12-15T22:53:32","date_gmt":"2025-12-15T19:53:32","guid":{"rendered":"https:\/\/joinusexcursions.com\/?post_type=product&#038;p=11142"},"modified":"2026-04-13T21:32:31","modified_gmt":"2026-04-13T18:32:31","slug":"kemer-rejs-statkiem-pirackim-red-dragon","status":"publish","type":"product","link":"https:\/\/joinusexcursions.com\/pl\/tours\/kemer-pirate-boat-red-dragon\/","title":{"rendered":"Rejs statkiem pirackim Kemer Red Dragon \u2014 z lunchem"},"content":{"rendered":"<p data-start=\"277\" data-end=\"416\">Wyrusz w pirack\u0105 przygod\u0119 \u0142odzi\u0105 z Beleku do turkusowych zatoczek Kemer. P\u0142ywaj, ta\u0144cz, relaksuj si\u0119 i ciesz si\u0119 weso\u0142ym dniem na morzu.<\/p>\n<h2>\u26f5 Przegl\u0105d wycieczki statkiem pirackim w Kemer<\/h2>\n<p data-start=\"434\" data-end=\"718\">Do\u0142\u0105cz do ca\u0142odniowej pirateskiej wycieczki statkiem z Belek, Kadriye i Bo\u011fazkent na pi\u0119kne wybrze\u017ce Kemer. \u017begluj du\u017cym statkiem w stylu pirackim, ciesz si\u0119 postojami na k\u0105piele w malowniczych zatoczkach, muzyk\u0105 na \u017cywo, rozrywk\u0105 i \u017cyw\u0105 atmosfer\u0105. Idealna morska przygoda dla rodzin, par i grup.<\/p>\n<h3>\ud83c\udf1f Najwa\u017cniejsze informacje<\/h3>\n<p data-start=\"1040\" data-end=\"1320\"><span style=\"color: #ff0000;\"><strong>\u2022<\/strong> <\/span>\u0141\u00f3d\u017a w stylu pirackim z zabawn\u0105 i energiczn\u0105 atmosfer\u0105<br data-start=\"1093\" data-end=\"1096\" \/><span style=\"color: #ff0000;\"><strong>\u2022<\/strong> <\/span>P\u0142ywaj w krystalicznie czystych zatoczkach Kemer<br data-start=\"1133\" data-end=\"1136\" \/><span style=\"color: #ff0000;\"><strong>\u2022<\/strong> <\/span>Odwied\u017a Zatok\u0119 Phaselis, Zatok\u0119 Nieba i Zatok\u0119 Ksi\u0119\u017cycow\u0105<br data-start=\"1186\" data-end=\"1189\" \/><span style=\"color: #ff0000;\"><strong>\u2022<\/strong> <\/span>Przep\u0142y\u0144 obok legendarnej Jaskini Pirat\u00f3w<br data-start=\"1228\" data-end=\"1231\" \/><span style=\"color: #ff0000;\"><strong>\u2022<\/strong> <\/span>Przestronne pok\u0142ady do opalania i ta\u0144czenia<br data-start=\"1274\" data-end=\"1277\" \/><span style=\"color: #ff0000;\"><strong>\u2022<\/strong> <\/span>\u015awietne okazje do zdj\u0119\u0107 i widoki na morze<\/p>\n<h2>Czego spodziewa\u0107 si\u0119 podczas rejsu statkiem pirackim w Kemer<\/h2>\n<div data-start=\"1347\" data-end=\"1579\">Twoja przygoda zaczyna si\u0119 komfortowym odbiorem z Twojego hotelu w Belek lub okolicach, a nast\u0119pnie transferem do <strong data-start=\"1463\" data-end=\"1479\">Marina Kemer<\/strong>. Wejd\u017a na pok\u0142ad du\u017cego <strong data-start=\"1501\" data-end=\"1523\">\u0142\u00f3d\u017a w stylu pirackim<\/strong>, zaprojektowany dla zabawy, muzyki i niezapomnianych moment\u00f3w nad morzem.<\/div>\n<div data-start=\"1581\" data-end=\"1821\">Podczas rejsu \u0142odzi\u0105 wzd\u0142u\u017c zachwycaj\u0105cego wybrze\u017ca Kemer, za\u0142oga podtrzymuje wysoki poziom energii dzi\u0119ki muzyce, ta\u0144com i rozrywce w pirackim stylu. Wycieczka obejmuje kilka postoj\u00f3w na k\u0105piele, gdzie mo\u017cna och\u0142odzi\u0107 si\u0119 w turkusowych wodach lub zrelaksowa\u0107 na pok\u0142adzie.<\/div>\n<div data-start=\"1823\" data-end=\"2094\">P\u0142ywaj w pobli\u017cu staro\u017cytnych ruin na <strong data-start=\"1854\" data-end=\"1870\">Zatoka Phaselis<\/strong>, ciesz si\u0119 spokojn\u0105 atmosfer\u0105 <strong data-start=\"1905\" data-end=\"1919\">Zatoka Nieba<\/strong>, i relaksowa\u0107 si\u0119 lub robi\u0107 zdj\u0119cia na <strong data-start=\"1949\" data-end=\"1966\">Zatoka Ksi\u0119\u017cycowa<\/strong>. Przep\u0142yniesz r\u00f3wnie\u017c obok tajemniczego <strong data-start=\"2009\" data-end=\"2024\">Jaskinia Pirat\u00f3w<\/strong>, oferuj\u0105c spektakularne formacje skalne i doskona\u0142e mo\u017cliwo\u015bci do robienia zdj\u0119\u0107.<\/div>\n<div data-start=\"2096\" data-end=\"2325\">Przez ca\u0142\u0105 wycieczk\u0119 na pok\u0142adzie dost\u0119pne s\u0105 jedzenie i napoje, w zale\u017cno\u015bci od wybranego pakietu. Dzi\u0119ki \u017cywio\u0142owej rozrywce, pi\u0119knym widokom i mn\u00f3stwu czasu na p\u0142ywanie, ta piracka wycieczka \u0142odzi\u0105 obiecuje dzie\u0144 pe\u0142en zabawy i wspomnie\u0144.<\/div>\n<p class=\"mhm-jue-internal-links\">Szukasz wi\u0119cej przyg\u00f3d w okolicy? Zapoznaj si\u0119 z nasz\u0105 pe\u0142n\u0105 list\u0105 <a href=\"\/pl\/kierunki\/kemer-wycieczki\/\">Wycieczki z Kemer<\/a> lub sprawd\u017a <a href=\"\/pl\/wycieczki-2\/kemer-suluada-wyspa-rejs\/\">Wycieczka \u0142odzi\u0105 na wysp\u0119 Kemer Suluada<\/a> na kolejne niezapomniane prze\u017cycie.<\/p>\n<h3>\ud83e\udded Plan wycieczki<\/h3>\n<p data-start=\"2350\" data-end=\"2669\"><span style=\"color: #ff0000;\"><strong>\u2022<\/strong> <\/span>Odbi\u00f3r z hoteli w Belek i okolicach<br data-start=\"2399\" data-end=\"2402\" \/><span style=\"color: #ff0000;\"><strong>\u2022<\/strong> <\/span>Transfer do Kemer Marina<br data-start=\"2428\" data-end=\"2431\" \/><span style=\"color: #ff0000;\"><strong>\u2022<\/strong> <\/span>Wsiadanie na pok\u0142ad pirackiego statku<br data-start=\"2457\" data-end=\"2460\" \/><span style=\"color: #ff0000;\"><strong>\u2022<\/strong> <\/span>Przystanek na p\u0142ywanie w Zatoce Phaselis<br data-start=\"2488\" data-end=\"2491\" \/><span style=\"color: #ff0000;\"><strong>\u2022<\/strong> <\/span>Przystanek na k\u0105piel w Heaven Bay<br data-start=\"2517\" data-end=\"2520\" \/><span style=\"color: #ff0000;\"><strong>\u2022<\/strong> <\/span>Przystanek na p\u0142ywanie w Zatoce Ksi\u0119\u017cycowej<br data-start=\"2549\" data-end=\"2552\" \/><span style=\"color: #ff0000;\"><strong>\u2022<\/strong> <\/span>Zwiedzanie Jaskini Pirat\u00f3w<br data-start=\"2577\" data-end=\"2580\" \/><span style=\"color: #ff0000;\"><strong>\u2022<\/strong> <\/span>Rozrywka, p\u0142ywanie i czas wolny na pok\u0142adzie<br data-start=\"2627\" data-end=\"2630\" \/><span style=\"color: #ff0000;\"><strong>\u2022<\/strong> <\/span>Powr\u00f3t do mariny i transfer do hotelu<\/p>\n<h3>\u2139\ufe0f Przydatne informacje<\/h3>\n<p data-start=\"2698\" data-end=\"2865\"><span style=\"color: #ff0000;\"><strong>\u2022<\/strong> <\/span>Ca\u0142odniowa wycieczka pirackim statkiem<br data-start=\"2725\" data-end=\"2728\" \/><span style=\"color: #ff0000;\"><strong>\u2022<\/strong> <\/span>Przyjazny rodzinie i odpowiedni dla dzieci<br data-start=\"2771\" data-end=\"2774\" \/><span style=\"color: #ff0000;\"><strong>\u2022<\/strong> <\/span>Muzyka na \u017cywo i rozrywka na pok\u0142adzie<br data-start=\"2812\" data-end=\"2815\" \/><span style=\"color: #ff0000;\"><strong>\u2022<\/strong> <\/span>Trasa mo\u017ce si\u0119 r\u00f3\u017cni\u0107 w zale\u017cno\u015bci od warunk\u00f3w pogodowych<\/p>\n<p class=\"mhm-jue-external-link\">Dowiedz si\u0119 wi\u0119cej o miejscu docelowym na <a href=\"https:\/\/en.wikipedia.org\/wiki\/Phaselis\" target=\"_blank\" rel=\"noopener\">Strona Wikipedii o staro\u017cytnym mie\u015bcie Faselis<\/a>.<\/p>\n<h3>\ud83c\udf92 Co zabra\u0107<\/h3>\n<p data-start=\"2889\" data-end=\"3004\"><span style=\"color: #ff0000;\"><strong>\u2022<\/strong> <\/span>Str\u00f3j k\u0105pielowy i r\u0119cznik<br data-start=\"2909\" data-end=\"2912\" \/><span style=\"color: #ff0000;\"><strong>\u2022<\/strong> <\/span>Krem z filtrem i kapelusz<br data-start=\"2931\" data-end=\"2934\" \/><span style=\"color: #ff0000;\"><strong>\u2022<\/strong> <\/span>Okulary przeciws\u0142oneczne<br data-start=\"2946\" data-end=\"2949\" \/><span style=\"color: #ff0000;\"><strong>\u2022<\/strong> <\/span>Aparat czy smartfon<br data-start=\"2971\" data-end=\"2974\" \/><span style=\"color: #ff0000;\"><strong>\u2022<\/strong> <\/span>Got\u00f3wka na zakupy na pok\u0142adzie<\/p>\n<h3>\ud83d\udeab Nieodpowiednie dla<\/h3>\n<p data-start=\"3031\" data-end=\"3074\"><span style=\"color: #ff0000;\"><strong>\u2022<\/strong> <\/span>Go\u015bcie z powa\u017cnymi ograniczeniami ruchowymi<\/p>\n<h3>\ud83d\udcb8 Cena i Rezerwacja<\/h3>\n<p data-start=\"3102\" data-end=\"3268\"><span style=\"color: #ff0000;\"><strong>\u2022<\/strong> <\/span>Ceny mog\u0105 si\u0119 r\u00f3\u017cni\u0107 w zale\u017cno\u015bci od sezonu<br data-start=\"3139\" data-end=\"3142\" \/><span style=\"color: #ff0000;\"><strong>\u2022<\/strong> <\/span>Zarezerwuj teraz i zap\u0142a\u0107 w dniu wycieczki<br data-start=\"3183\" data-end=\"3186\" \/><span style=\"color: #ff0000;\"><strong>\u2022<\/strong> <\/span>Skontaktuj si\u0119 z nami przez WhatsApp, Telegram lub Viber, lub wype\u0142nij poni\u017cszy formularz rezerwacji<\/p>","protected":false},"excerpt":{"rendered":"<p>Wybierz si\u0119 na pirack\u0105 wycieczk\u0119 \u0142odzi\u0105 z Belek do Kemer. P\u0142ywaj w krystalicznie czystych zatoczkach, ciesz si\u0119 muzyk\u0105, rozrywk\u0105 i weso\u0142\u0105 morsk\u0105 przygod\u0105 z transferem hotelowym.<\/p>","protected":false},"featured_media":10878,"comment_status":"open","ping_status":"closed","template":"","meta":{"_acf_changed":false},"product_brand":[],"product_cat":[37,70],"product_tag":[65],"class_list":{"0":"post-11142","1":"product","2":"type-product","3":"status-publish","4":"has-post-thumbnail","6":"product_cat-kemer","7":"product_cat-pirates-boat-tours","8":"product_tag-kemer","10":"first","11":"instock","12":"featured","13":"shipping-taxable","14":"purchasable","15":"product-type-ovabrw_car_rental"},"acf":[],"aioseo_notices":[],"_links":{"self":[{"href":"https:\/\/joinusexcursions.com\/pl\/wp-json\/wp\/v2\/product\/11142","targetHints":{"allow":["GET"]}}],"collection":[{"href":"https:\/\/joinusexcursions.com\/pl\/wp-json\/wp\/v2\/product"}],"about":[{"href":"https:\/\/joinusexcursions.com\/pl\/wp-json\/wp\/v2\/types\/product"}],"replies":[{"embeddable":true,"href":"https:\/\/joinusexcursions.com\/pl\/wp-json\/wp\/v2\/comments?post=11142"}],"wp:featuredmedia":[{"embeddable":true,"href":"https:\/\/joinusexcursions.com\/pl\/wp-json\/wp\/v2\/media\/10878"}],"wp:attachment":[{"href":"https:\/\/joinusexcursions.com\/pl\/wp-json\/wp\/v2\/media?parent=11142"}],"wp:term":[{"taxonomy":"product_brand","embeddable":true,"href":"https:\/\/joinusexcursions.com\/pl\/wp-json\/wp\/v2\/product_brand?post=11142"},{"taxonomy":"product_cat","embeddable":true,"href":"https:\/\/joinusexcursions.com\/pl\/wp-json\/wp\/v2\/product_cat?post=11142"},{"taxonomy":"product_tag","embeddable":true,"href":"https:\/\/joinusexcursions.com\/pl\/wp-json\/wp\/v2\/product_tag?post=11142"}],"curies":[{"name":"wp","href":"https:\/\/api.w.org\/{rel}","templated":true}]}}