{"id":11144,"date":"2025-12-16T09:47:24","date_gmt":"2025-12-16T06:47:24","guid":{"rendered":"https:\/\/joinusexcursions.com\/?post_type=product&#038;p=11144"},"modified":"2026-04-13T20:43:46","modified_gmt":"2026-04-13T17:43:46","slug":"kemer-green-canyon-rejs","status":"publish","type":"product","link":"https:\/\/joinusexcursions.com\/pl\/tours\/kemer-green-canyon-boat\/","title":{"rendered":"Wycieczka \u0142odzi\u0105 po Zielonym Kanionie z Kemer - przyroda, relaks"},"content":{"rendered":"<p class=\"mhm-jue-internal-links\">Szukasz wi\u0119cej przyg\u00f3d w okolicy? Zapoznaj si\u0119 z nasz\u0105 pe\u0142n\u0105 list\u0105 <a href=\"\/pl\/kierunki\/kemer-wycieczki\/\">Wycieczki z Kemer<\/a> lub sprawd\u017a <a href=\"\/pl\/wycieczki-2\/kemer-suluada-wyspa-rejs\/\">Wycieczka \u0142odzi\u0105 na wysp\u0119 Kemer Suluada<\/a> na kolejne niezapomniane prze\u017cycie.<\/p>\n<p class=\"mhm-jue-external-link\">Dowiedz si\u0119 wi\u0119cej o miejscu docelowym na <a href=\"https:\/\/en.wikipedia.org\/wiki\/Oymap%C4%B1nar_Dam\" target=\"_blank\" rel=\"noopener\">Strona Oymap\u0131nar Dam na Wikipedii<\/a>.<\/p>\n<p data-start=\"327\" data-end=\"466\">Ucieknij na \u0142ono natury podczas spokojnej wycieczki po Zielonym Kanionie z Side. Ciesz si\u0119 rejsem statkiem po szmaragdowych wodach, przerwami na p\u0142ywanie i lunchem nad jeziorem.<\/p>\n<h2>\ud83c\udfdd\ufe0f Przegl\u0105d wycieczki \u0142odzi\u0105 po Zielonym Kanionie w Kemer<\/h2>\n<p data-start=\"486\" data-end=\"776\">Do\u0142\u0105cz do relaksuj\u0105cej, ca\u0142odniowej wycieczki po Zielonym Kanionie z Side, Manavgat, Kumk\u00f6y i okolicznych region\u00f3w. Rejs po turkusowych wodach otoczonych g\u00f3rami Taurus, ciesz si\u0119 przystankami na k\u0105piel i pysznym lunchem nad jeziorem. Idealne do\u015bwiadczenie dla rodzin i mi\u0142o\u015bnik\u00f3w przyrody. Czas trwania wycieczki to oko\u0142o 9\u201310 godzin.<\/p>\n<h2>Czego mo\u017cna si\u0119 spodziewa\u0107 podczas wycieczki \u0142odzi\u0105 po zielonym kanionie Kemer<\/h2>\n<p data-start=\"2787\" data-end=\"2953\"><span style=\"color: #ff0000;\"><strong>\u2022<\/strong> <\/span>Ceny mog\u0105 si\u0119 r\u00f3\u017cni\u0107 w zale\u017cno\u015bci od sezonu<br data-start=\"2824\" data-end=\"2827\" \/><span style=\"color: #ff0000;\"><strong>\u2022<\/strong> <\/span>Zarezerwuj teraz i zap\u0142a\u0107 w dniu wycieczki<br data-start=\"2868\" data-end=\"2871\" \/><span style=\"color: #ff0000;\"><strong>\u2022<\/strong> <\/span>Skontaktuj si\u0119 z nami przez WhatsApp, Telegram lub Viber, lub wype\u0142nij poni\u017cszy formularz rezerwacji<\/p>","protected":false},"excerpt":{"rendered":"<p>Wybierz si\u0119 na wycieczk\u0119 \u0142odzi\u0105 po Zielonym Kanionie z Kemer z przystankami na p\u0142ywanie, malowniczymi widokami g\u00f3r i lunchem nad jeziorem. Relaksuj\u0105cy ca\u0142odniowy wypad na \u0142ono natury.<\/p>","protected":false},"featured_media":11150,"comment_status":"open","ping_status":"closed","template":"","meta":{"_acf_changed":false},"product_brand":[],"product_cat":[37],"product_tag":[65],"class_list":{"0":"post-11144","1":"product","2":"type-product","3":"status-publish","4":"has-post-thumbnail","6":"product_cat-kemer","7":"product_tag-kemer","9":"first","10":"instock","11":"sale","12":"featured","13":"shipping-taxable","14":"purchasable","15":"product-type-ovabrw_car_rental"},"acf":[],"aioseo_notices":[],"_links":{"self":[{"href":"https:\/\/joinusexcursions.com\/pl\/wp-json\/wp\/v2\/product\/11144","targetHints":{"allow":["GET"]}}],"collection":[{"href":"https:\/\/joinusexcursions.com\/pl\/wp-json\/wp\/v2\/product"}],"about":[{"href":"https:\/\/joinusexcursions.com\/pl\/wp-json\/wp\/v2\/types\/product"}],"replies":[{"embeddable":true,"href":"https:\/\/joinusexcursions.com\/pl\/wp-json\/wp\/v2\/comments?post=11144"}],"wp:featuredmedia":[{"embeddable":true,"href":"https:\/\/joinusexcursions.com\/pl\/wp-json\/wp\/v2\/media\/11150"}],"wp:attachment":[{"href":"https:\/\/joinusexcursions.com\/pl\/wp-json\/wp\/v2\/media?parent=11144"}],"wp:term":[{"taxonomy":"product_brand","embeddable":true,"href":"https:\/\/joinusexcursions.com\/pl\/wp-json\/wp\/v2\/product_brand?post=11144"},{"taxonomy":"product_cat","embeddable":true,"href":"https:\/\/joinusexcursions.com\/pl\/wp-json\/wp\/v2\/product_cat?post=11144"},{"taxonomy":"product_tag","embeddable":true,"href":"https:\/\/joinusexcursions.com\/pl\/wp-json\/wp\/v2\/product_tag?post=11144"}],"curies":[{"name":"wp","href":"https:\/\/api.w.org\/{rel}","templated":true}]}}