{"id":11152,"date":"2025-12-16T10:37:44","date_gmt":"2025-12-16T07:37:44","guid":{"rendered":"https:\/\/joinusexcursions.com\/?post_type=product&#038;p=11152"},"modified":"2026-04-13T20:36:38","modified_gmt":"2026-04-13T17:36:38","slug":"belek-green-canyon-rejs","status":"publish","type":"product","link":"https:\/\/joinusexcursions.com\/pl\/tours\/belek-green-canyon-boat\/","title":{"rendered":"Wycieczka \u0142odzi\u0105 do Zielonego Kanionu z Belek - przyroda, relaks"},"content":{"rendered":"<p data-start=\"2420\" data-end=\"2559\">Ucieknij na \u0142ono natury podczas spokojnej wycieczki po Zielonym Kanionie z Side. Ciesz si\u0119 rejsem statkiem po szmaragdowych wodach, przerwami na p\u0142ywanie i lunchem nad jeziorem.<\/p>\n<h2>\ud83c\udfdd\ufe0f Przegl\u0105d wycieczki \u0142odzi\u0105 po Belek Green Canyon<\/h2>\n<p data-start=\"2579\" data-end=\"2874\">Rozpocznij relaksuj\u0105c\u0105, ca\u0142odniow\u0105 wycieczk\u0119 po Zielonym Kanionie z Belek, Kadriye i Bo\u011fazkent. P\u0142y\u0144 po turkusowych wodach otoczonych g\u00f3rami Taurus, ciesz si\u0119 przystankami na p\u0142ywanie i pysznym lunchem nad jeziorem. Idealne do\u015bwiadczenie dla rodzin i mi\u0142o\u015bnik\u00f3w przyrody. Czas trwania wycieczki to oko\u0142o 9-10 godzin.<\/p>\n<h3 data-start=\"998\" data-end=\"1015\">\ud83c\udf1f Najwa\u017cniejsze informacje<\/h3>\n<p data-start=\"1017\" data-end=\"1222\"><span style=\"color: #ff0000;\"><strong>\u2022<\/strong> <\/span>Malowniczy rejs \u0142odzi\u0105 przez Zielony Kanion<br data-start=\"1058\" data-end=\"1061\" \/><span style=\"color: #ff0000;\"><strong>\u2022<\/strong> <\/span>Niesamowite widoki na G\u00f3ry Taurus<br data-start=\"1101\" data-end=\"1104\" \/><span style=\"color: #ff0000;\"><strong>\u2022<\/strong> <\/span>P\u0142ywanie w orze\u017awiaj\u0105cej wodzie kanionu<br data-start=\"1142\" data-end=\"1145\" \/><span style=\"color: #ff0000;\"><strong>\u2022<\/strong> <\/span>Pyszny lunch nad jeziorem<br data-start=\"1174\" data-end=\"1177\" \/><span style=\"color: #ff0000;\"><strong>\u2022<\/strong> <\/span>Spokojna atmosfera z dala od miejskich t\u0142um\u00f3w<\/p>\n<h2>Czego mo\u017cna si\u0119 spodziewa\u0107 podczas wycieczki \u0142odzi\u0105 po Zielonym Kanionie Belek?<\/h2>\n<p data-start=\"3127\" data-end=\"3287\">Tw\u00f3j dzie\u0144 rozpoczyna si\u0119 komfortowym odbiorem z hotelu w Side lub okolicach, po czym nast\u0119puje malownicza jazda przez g\u00f3ry Taurus w kierunku Zielonego Kanionu.<\/p>\n<p data-start=\"3289\" data-end=\"3539\">Po dotarciu na miejsce wsi\u0105d\u017a do komfortowej \u0142odzi i rozpocznij relaksuj\u0105cy rejs wzd\u0142u\u017c szmaragdowo-zielonych w\u00f3d, otoczonych klifami i bujnymi le\u015bnymi krajobrazami. Trasa prowadzi przez Ma\u0142y i Wielki Kanion, z przerwami na k\u0105piel w spokojnych, krystalicznie czystych wodach.<\/p>\n<p data-start=\"3541\" data-end=\"3780\">P\u00f3\u017aniej czeka Ci\u0119 pyszny lunch w restauracji nad jeziorem, gdzie b\u0119dziesz m\u00f3g\u0142 w pe\u0142ni odpocz\u0105\u0107 i delektowa\u0107 si\u0119 cisz\u0105 natury. Ta wycieczka oferuje idealn\u0105 r\u00f3wnowag\u0119 relaksu i malowniczych widok\u00f3w, zanim wr\u00f3cisz do hotelu od\u015bwie\u017cony i na\u0142adowany now\u0105 energi\u0105.<\/p>\n<p class=\"mhm-jue-internal-links\">Szukasz wi\u0119cej przyg\u00f3d w okolicy? Zapoznaj si\u0119 z nasz\u0105 pe\u0142n\u0105 list\u0105 <a href=\"\/pl\/kierunki\/belek-wycieczki\/\">Wycieczki po Belek<\/a> lub sprawd\u017a <a href=\"\/pl\/wycieczki-2\/belek-land-of-legends-nocny-pokaz\/\">Wieczorny pokaz Land of Legends z Beleku<\/a> na kolejne niezapomniane prze\u017cycie.<\/p>\n<h3 data-start=\"1904\" data-end=\"1925\">\ud83e\udded Plan wycieczki<\/h3>\n<p data-start=\"1927\" data-end=\"2155\"><span style=\"color: #ff0000;\"><strong>\u2022<\/strong> <\/span>Odbi\u00f3r z hoteli w Belek i okolicach<br data-start=\"1976\" data-end=\"1979\" \/><span style=\"color: #ff0000;\"><strong>\u2022<\/strong> <\/span>Malownicza trasa przez G\u00f3ry Taurus<br data-start=\"2022\" data-end=\"2025\" \/><span style=\"color: #ff0000;\"><strong>\u2022<\/strong> <\/span>Rejs \u0142odzi\u0105 po Zielonym Kanionie<br data-start=\"2054\" data-end=\"2057\" \/><span style=\"color: #ff0000;\"><strong>\u2022<\/strong> <\/span>P\u0142ywanie przestaje<br data-start=\"2073\" data-end=\"2076\" \/><span style=\"color: #ff0000;\"><strong>\u2022<\/strong> <\/span> Lunch nad jeziorem<br data-start=\"2108\" data-end=\"2111\" \/><span style=\"color: #ff0000;\"><strong>\u2022<\/strong> <\/span>Powr\u00f3t na rejs<br data-start=\"2126\" data-end=\"2129\" \/><span style=\"color: #ff0000;\"><strong>\u2022<\/strong> <\/span>Powr\u00f3t do hotelu<\/p>\n<h3 data-start=\"2157\" data-end=\"2182\">\u2139\ufe0f Przydatne informacje<\/h3>\n<p data-start=\"2184\" data-end=\"2550\"><span style=\"color: #ff0000;\"><strong>\u2022<\/strong> <\/span>Ca\u0142odniowa wycieczka \u0142odzi\u0105 (ok. 9\u201310 godzin)<br data-start=\"2224\" data-end=\"2227\" \/><span style=\"color: #ff0000;\"><strong>\u2022<\/strong> <\/span>Niska aktywno\u015b\u0107 fizyczna (rejs statkiem i opcjonalne p\u0142ywanie)<br data-start=\"2286\" data-end=\"2289\" \/><span style=\"color: #ff0000;\"><strong>\u2022<\/strong> <\/span>Codzienne odloty z Kemer<br data-start=\"2318\" data-end=\"2321\" \/><span style=\"color: #ff0000;\"><strong>\u2022<\/strong> <\/span>Zadaszone miejsca do siedzenia i toalety dost\u0119pne na \u0142odzi<br data-start=\"2371\" data-end=\"2374\" \/><span style=\"color: #ff0000;\"><strong>\u2022<\/strong> <\/span>Kamizelki ratunkowe zapewnione<br data-start=\"2397\" data-end=\"2400\" \/><span style=\"color: #ff0000;\"><strong>\u2022<\/strong> <\/span>Dzieci poni\u017cej 5 roku \u017cycia podr\u00f3\u017cuj\u0105 bezp\u0142atnie, nie posiadaj\u0105 osobnego miejsca w autobusie; je\u015bli autobus jest pe\u0142ny, siedz\u0105 na kolanach doros\u0142ego lub mo\u017cna zarezerwowa\u0107 osobne miejsce.<\/p>\n<p class=\"mhm-jue-external-link\">Dowiedz si\u0119 wi\u0119cej o miejscu docelowym na <a href=\"https:\/\/en.wikipedia.org\/wiki\/Oymap%C4%B1nar_Dam\" target=\"_blank\" rel=\"noopener\">Strona Oymap\u0131nar Dam na Wikipedii<\/a>.<\/p>\n<h3 data-start=\"2552\" data-end=\"2572\">\ud83c\udf92 Co zabra\u0107<\/h3>\n<p data-start=\"2574\" data-end=\"2689\"><span style=\"color: #ff0000;\"><strong>\u2022<\/strong> <\/span>Str\u00f3j k\u0105pielowy i r\u0119cznik<br data-start=\"2594\" data-end=\"2597\" \/><span style=\"color: #ff0000;\"><strong>\u2022<\/strong> <\/span>Krem z filtrem i kapelusz<br data-start=\"2616\" data-end=\"2619\" \/><span style=\"color: #ff0000;\"><strong>\u2022<\/strong> <\/span>Okulary przeciws\u0142oneczne<br data-start=\"2631\" data-end=\"2634\" \/><span style=\"color: #ff0000;\"><strong>\u2022<\/strong> <\/span>Aparat czy smartfon<br data-start=\"2656\" data-end=\"2659\" \/><span style=\"color: #ff0000;\"><strong>\u2022<\/strong> <\/span>Got\u00f3wka na wydatki osobiste<\/p>\n<h3 data-start=\"2691\" data-end=\"2714\">\ud83d\udeab Nieodpowiednie dla<\/h3>\n<p data-start=\"2716\" data-end=\"2759\"><span style=\"color: #ff0000;\"><strong>\u2022<\/strong> <\/span>Go\u015bcie z powa\u017cnymi ograniczeniami ruchowymi<\/p>\n<h3 data-start=\"2761\" data-end=\"2785\">\ud83d\udcb8 Cena i Rezerwacja<\/h3>\n<p data-start=\"2787\" data-end=\"2953\"><span style=\"color: #ff0000;\"><strong>\u2022<\/strong> <\/span>Ceny mog\u0105 si\u0119 r\u00f3\u017cni\u0107 w zale\u017cno\u015bci od sezonu<br data-start=\"2824\" data-end=\"2827\" \/><span style=\"color: #ff0000;\"><strong>\u2022<\/strong> <\/span>Zarezerwuj teraz i zap\u0142a\u0107 w dniu wycieczki<br data-start=\"2868\" data-end=\"2871\" \/><span style=\"color: #ff0000;\"><strong>\u2022<\/strong> <\/span>Skontaktuj si\u0119 z nami przez WhatsApp, Telegram lub Viber, lub wype\u0142nij poni\u017cszy formularz rezerwacji<\/p>","protected":false},"excerpt":{"rendered":"<p>Do\u0142\u0105cz do wycieczki \u0142odzi\u0105 Green Canyon z Belek ze szmaragdowymi wodami, przystankami do p\u0142ywania i lunchem nad jeziorem. Spokojne, ca\u0142odniowe do\u015bwiadczenie natury.<\/p>","protected":false},"featured_media":11150,"comment_status":"open","ping_status":"closed","template":"","meta":{"_acf_changed":false},"product_brand":[],"product_cat":[43],"product_tag":[66],"class_list":{"0":"post-11152","1":"product","2":"type-product","3":"status-publish","4":"has-post-thumbnail","6":"product_cat-belek","7":"product_tag-belek","9":"first","10":"instock","11":"sale","12":"featured","13":"shipping-taxable","14":"purchasable","15":"product-type-ovabrw_car_rental"},"acf":[],"aioseo_notices":[],"_links":{"self":[{"href":"https:\/\/joinusexcursions.com\/pl\/wp-json\/wp\/v2\/product\/11152","targetHints":{"allow":["GET"]}}],"collection":[{"href":"https:\/\/joinusexcursions.com\/pl\/wp-json\/wp\/v2\/product"}],"about":[{"href":"https:\/\/joinusexcursions.com\/pl\/wp-json\/wp\/v2\/types\/product"}],"replies":[{"embeddable":true,"href":"https:\/\/joinusexcursions.com\/pl\/wp-json\/wp\/v2\/comments?post=11152"}],"wp:featuredmedia":[{"embeddable":true,"href":"https:\/\/joinusexcursions.com\/pl\/wp-json\/wp\/v2\/media\/11150"}],"wp:attachment":[{"href":"https:\/\/joinusexcursions.com\/pl\/wp-json\/wp\/v2\/media?parent=11152"}],"wp:term":[{"taxonomy":"product_brand","embeddable":true,"href":"https:\/\/joinusexcursions.com\/pl\/wp-json\/wp\/v2\/product_brand?post=11152"},{"taxonomy":"product_cat","embeddable":true,"href":"https:\/\/joinusexcursions.com\/pl\/wp-json\/wp\/v2\/product_cat?post=11152"},{"taxonomy":"product_tag","embeddable":true,"href":"https:\/\/joinusexcursions.com\/pl\/wp-json\/wp\/v2\/product_tag?post=11152"}],"curies":[{"name":"wp","href":"https:\/\/api.w.org\/{rel}","templated":true}]}}