{"id":10500,"date":"2025-04-06T12:44:00","date_gmt":"2025-04-06T09:44:00","guid":{"rendered":"https:\/\/joinusexcursions.com\/?page_id=10500"},"modified":"2026-04-16T21:50:35","modified_gmt":"2026-04-16T18:50:35","slug":"adrasan-yakhta-tury","status":"publish","type":"page","link":"https:\/\/joinusexcursions.com\/ru\/adrasan-yacht-tours\/","title":{"rendered":"\u042f\u0445\u0442\u043e\u0432\u044b\u0435 \u0442\u0443\u0440\u044b \u0432 \u0410\u0434\u0440\u0430\u0441\u0430\u043d"},"content":{"rendered":"<div data-elementor-type=\"wp-page\" data-elementor-id=\"10500\" class=\"elementor elementor-10500\">\n\t\t\t\t\t\t<section class=\"elementor-section elementor-top-section elementor-element elementor-element-59ae872 elementor-section-boxed elementor-section-height-default elementor-section-height-default\" data-id=\"59ae872\" data-element_type=\"section\" data-e-type=\"section\" data-settings=\"{&quot;ekit_has_onepagescroll_dot&quot;:&quot;yes&quot;}\">\n\t\t\t\t\t\t<div class=\"elementor-container elementor-column-gap-default\">\n\t\t\t\t\t<div class=\"elementor-column elementor-col-100 elementor-top-column elementor-element elementor-element-7b9d157\" data-id=\"7b9d157\" data-element_type=\"column\" data-e-type=\"column\">\n\t\t\t<div class=\"elementor-widget-wrap elementor-element-populated\">\n\t\t\t\t\t\t<div class=\"elementor-element elementor-element-2f73abd elementor-widget elementor-widget-ovabrw_product_list\" data-id=\"2f73abd\" data-element_type=\"widget\" data-e-type=\"widget\" data-settings=\"{&quot;ekit_we_effect_on&quot;:&quot;none&quot;}\" data-widget_type=\"ovabrw_product_list.default\">\n\t\t\t\t<div class=\"elementor-widget-container\">\n\t\t\t\t\t\t\t\t\t<div class=\"ova-product-list ova-product-list-template1 column4\">\n\t\t\t\t\t\n<div class=\"ova-product product type-product post-11135 status-publish first instock product_cat-belek product_cat-suluada-maldives product_tag-belek has-post-thumbnail sale featured shipping-taxable purchasable product-type-ovabrw_car_rental\">\n\t\n<div class=\"ova_head_product\">\n\t\t\t<div class=\"ova-is-featured\">\n\t\t\t\u0418\u0437\u0431\u0440\u0430\u043d\u043d\u044b\u0435\t\t<\/div>\n\t\t\t<a href=\"https:\/\/joinusexcursions.com\/ru\/tours\/belek-suluada-island-boat\/\" class=\"ova-product-thumbnail\">\n\t\t\t<img fetchpriority=\"high\" decoding=\"async\" width=\"600\" height=\"400\" src=\"https:\/\/joinusexcursions.com\/wp-content\/uploads\/2025\/04\/WhatsApp-Image-2024-06-28-at-14.47.28-1.png\" class=\"attachment-tripgo_product_slider size-tripgo_product_slider\" alt=\"\u041c\u043e\u0440\u0441\u043a\u0430\u044f \u043f\u0440\u043e\u0433\u0443\u043b\u043a\u0430 \u043d\u0430 \u0421\u0443\u043b\u0443\u0430\u0434\u0435\" srcset=\"https:\/\/joinusexcursions.com\/wp-content\/uploads\/2025\/04\/WhatsApp-Image-2024-06-28-at-14.47.28-1.png 600w, https:\/\/joinusexcursions.com\/wp-content\/uploads\/2025\/04\/WhatsApp-Image-2024-06-28-at-14.47.28-1-300x200.png 300w\" sizes=\"(max-width: 600px) 100vw, 600px\" \/>\t\t<\/a>\n\t<\/div>\n<div class=\"ova_foot_product\">\n\t<div class=\"ova-product-day-title-location\">\n\t\t\t\t\t<div class=\"ova-tour-day\">\n\t\t\t\t<i aria-hidden=\"true\" class=\"icomoon icomoon-clock\"><\/i>\n\t\t\t\t9 hours\t\t\t<\/div>\n\t\t\t\t\t<h2 class=\"ova-product-title\">\n\t\t\t\t<a href=\"https:\/\/joinusexcursions.com\/ru\/tours\/belek-suluada-island-boat\/\">\n\t\t\t        \u041f\u043e\u0435\u0437\u0434\u043a\u0430 \u043d\u0430 \u043b\u043e\u0434\u043a\u0435 \u043d\u0430 \u043e\u0441\u0442\u0440\u043e\u0432 \u0421\u0443\u043b\u0443\u0430\u0434\u0430 \u0438\u0437 \u0411\u0435\u043b\u0435\u043a\u0430 \u2013 \u0422\u0443\u0440\u0435\u0446\u043a\u0438\u0435 \u041c\u0430\u043b\u044c\u0434\u0438\u0432\u044b\t\t\t    <\/a>\n\t\t\t<\/h2>\n\t\t\t        <div class=\"ova-product-location\">\n\t            <i aria-hidden=\"true\" class=\"icomoon icomoon-location\"><\/i>\n\t            <span class=\"location\">\n\t                \u0410\u0434\u0440\u0430\u0441\u0430\u043d\t            <\/span>\n\t        <\/div>\n\t    \t<\/div>\n    <div class=\"ova-product-review-and-price\">\n    \t\t\t<div class=\"ova-product-wrapper-price\">\n\t\t\t\t\t\t\t<div class=\"ova-product-price\">\n\t\t\t\t\t\t\t\t\t\t\t<span class=\"new-product-price\"><span class=\"woocommerce-Price-amount amount\"><span class=\"woocommerce-Price-currencySymbol\">\u20ac<\/span>35.00<\/span><\/span>\n\t\t\t\t\t\t<span class=\"old-product-price\"><span class=\"woocommerce-Price-amount amount\"><span class=\"woocommerce-Price-currencySymbol\">\u20ac<\/span>40.00<\/span><\/span>\n\t\t\t\t\t\t\t\t\t<\/div>\n\t\t\t\t\t\t\t<a href=\"https:\/\/joinusexcursions.com\/ru\/tours\/belek-suluada-island-boat\/\" class=\"btn product-btn-book-now\">\n\t\t\t\t\t<span>\u0418\u0441\u0441\u043b\u0435\u0434\u043e\u0432\u0430\u0442\u044c<\/span>\n\t\t\t\t<\/a>\n\t\t\t\t\t<\/div>\n    <\/div>\n<\/div><\/div>\n<div class=\"ova-product product type-product post-10983 status-publish instock product_cat-kemer product_cat-suluada-maldives product_tag-kemer has-post-thumbnail featured shipping-taxable purchasable product-type-ovabrw_car_rental\">\n\t\n<div class=\"ova_head_product\">\n\t\t\t<div class=\"ova-is-featured\">\n\t\t\t\u0418\u0437\u0431\u0440\u0430\u043d\u043d\u044b\u0435\t\t<\/div>\n\t\t\t<a href=\"https:\/\/joinusexcursions.com\/ru\/tours\/kemer-suluada-island-boat\/\" class=\"ova-product-thumbnail\">\n\t\t\t<img fetchpriority=\"high\" decoding=\"async\" width=\"600\" height=\"400\" src=\"https:\/\/joinusexcursions.com\/wp-content\/uploads\/2025\/04\/WhatsApp-Image-2024-06-28-at-14.47.28-1.png\" class=\"attachment-tripgo_product_slider size-tripgo_product_slider\" alt=\"\u041c\u043e\u0440\u0441\u043a\u0430\u044f \u043f\u0440\u043e\u0433\u0443\u043b\u043a\u0430 \u043d\u0430 \u0421\u0443\u043b\u0443\u0430\u0434\u0435\" srcset=\"https:\/\/joinusexcursions.com\/wp-content\/uploads\/2025\/04\/WhatsApp-Image-2024-06-28-at-14.47.28-1.png 600w, https:\/\/joinusexcursions.com\/wp-content\/uploads\/2025\/04\/WhatsApp-Image-2024-06-28-at-14.47.28-1-300x200.png 300w\" sizes=\"(max-width: 600px) 100vw, 600px\" \/>\t\t<\/a>\n\t<\/div>\n<div class=\"ova_foot_product\">\n\t<div class=\"ova-product-day-title-location\">\n\t\t\t\t\t<div class=\"ova-tour-day\">\n\t\t\t\t<i aria-hidden=\"true\" class=\"icomoon icomoon-clock\"><\/i>\n\t\t\t\t1 \u0434\u0435\u043d\u044c\t\t\t<\/div>\n\t\t\t\t\t<h2 class=\"ova-product-title\">\n\t\t\t\t<a href=\"https:\/\/joinusexcursions.com\/ru\/tours\/kemer-suluada-island-boat\/\">\n\t\t\t        \u041a\u0435\u043c\u0435\u0440: \u041c\u043e\u0440\u0441\u043a\u0430\u044f \u043f\u0440\u043e\u0433\u0443\u043b\u043a\u0430 \u043d\u0430 \u043e\u0441\u0442\u0440\u043e\u0432 \u0421\u0443\u043b\u0443\u0430\u0434\u0430 - \u0422\u0443\u0440\u0435\u0446\u043a\u0438\u0435 \u041c\u0430\u043b\u044c\u0434\u0438\u0432\u044b\t\t\t    <\/a>\n\t\t\t<\/h2>\n\t\t\t        <div class=\"ova-product-location\">\n\t            <i aria-hidden=\"true\" class=\"icomoon icomoon-location\"><\/i>\n\t            <span class=\"location\">\n\t                \u0410\u0434\u0440\u0430\u0441\u0430\u043d\t            <\/span>\n\t        <\/div>\n\t    \t<\/div>\n    <div class=\"ova-product-review-and-price\">\n    \t\t        <div class=\"ova-product-review\">\n\t            <div class=\"star-rating\" role=\"img\" aria-label=\"\u0420\u0435\u0439\u0442\u0438\u043d\u0433 5,00 \u0438\u0437 5\">\n\t                <span class=\"rating-percent\" style=\"width: 100%;\"><\/span>\n\t                \t                    <span class=\"rating\">1<\/span>\n\t                \t            <\/div>\n\t        <\/div>\n\t    \t\t<div class=\"ova-product-wrapper-price\">\n\t\t\t\t\t\t\t<div class=\"ova-product-price\">\n\t\t\t\t\t\t\t\t\t\t\t<span class=\"new-product-price\"><span class=\"woocommerce-Price-amount amount\"><span class=\"woocommerce-Price-currencySymbol\">\u20ac<\/span>30.00<\/span><\/span>\n\t\t\t\t    \t\t\t\t<\/div>\n\t\t\t\t\t\t\t<a href=\"https:\/\/joinusexcursions.com\/ru\/tours\/kemer-suluada-island-boat\/\" class=\"btn product-btn-book-now\">\n\t\t\t\t\t<span>\u0418\u0441\u0441\u043b\u0435\u0434\u043e\u0432\u0430\u0442\u044c<\/span>\n\t\t\t\t<\/a>\n\t\t\t\t\t<\/div>\n    <\/div>\n<\/div><\/div>\n<div class=\"ova-product product type-product post-10982 status-publish instock product_cat-antalya product_cat-suluada-maldives product_tag-antalya has-post-thumbnail featured shipping-taxable purchasable product-type-ovabrw_car_rental\">\n\t\n<div class=\"ova_head_product\">\n\t\t\t<div class=\"ova-is-featured\">\n\t\t\t\u0418\u0437\u0431\u0440\u0430\u043d\u043d\u044b\u0435\t\t<\/div>\n\t\t\t<a href=\"https:\/\/joinusexcursions.com\/ru\/tours\/antalya-suluada-island-boat\/\" class=\"ova-product-thumbnail\">\n\t\t\t<img fetchpriority=\"high\" decoding=\"async\" width=\"600\" height=\"400\" src=\"https:\/\/joinusexcursions.com\/wp-content\/uploads\/2025\/04\/WhatsApp-Image-2024-06-28-at-14.47.28-1.png\" class=\"attachment-tripgo_product_slider size-tripgo_product_slider\" alt=\"\u041c\u043e\u0440\u0441\u043a\u0430\u044f \u043f\u0440\u043e\u0433\u0443\u043b\u043a\u0430 \u043d\u0430 \u0421\u0443\u043b\u0443\u0430\u0434\u0435\" srcset=\"https:\/\/joinusexcursions.com\/wp-content\/uploads\/2025\/04\/WhatsApp-Image-2024-06-28-at-14.47.28-1.png 600w, https:\/\/joinusexcursions.com\/wp-content\/uploads\/2025\/04\/WhatsApp-Image-2024-06-28-at-14.47.28-1-300x200.png 300w\" sizes=\"(max-width: 600px) 100vw, 600px\" \/>\t\t<\/a>\n\t<\/div>\n<div class=\"ova_foot_product\">\n\t<div class=\"ova-product-day-title-location\">\n\t\t\t\t\t<div class=\"ova-tour-day\">\n\t\t\t\t<i aria-hidden=\"true\" class=\"icomoon icomoon-clock\"><\/i>\n\t\t\t\t1 \u0434\u0435\u043d\u044c\t\t\t<\/div>\n\t\t\t\t\t<h2 class=\"ova-product-title\">\n\t\t\t\t<a href=\"https:\/\/joinusexcursions.com\/ru\/tours\/antalya-suluada-island-boat\/\">\n\t\t\t        \u041c\u043e\u0440\u0441\u043a\u0430\u044f \u043f\u0440\u043e\u0433\u0443\u043b\u043a\u0430 \u043d\u0430 \u043e\u0441\u0442\u0440\u043e\u0432 \u0421\u0443\u043b\u0443\u0430\u0434\u0430 \u0438\u0437 \u0410\u043d\u0442\u0430\u043b\u0438\u0438 \u2014 \u0422\u0443\u0440\u0435\u0446\u043a\u0438\u0435 \u041c\u0430\u043b\u044c\u0434\u0438\u0432\u044b\t\t\t    <\/a>\n\t\t\t<\/h2>\n\t\t\t        <div class=\"ova-product-location\">\n\t            <i aria-hidden=\"true\" class=\"icomoon icomoon-location\"><\/i>\n\t            <span class=\"location\">\n\t                \u0410\u0434\u0440\u0430\u0441\u0430\u043d\t            <\/span>\n\t        <\/div>\n\t    \t<\/div>\n    <div class=\"ova-product-review-and-price\">\n    \t\t\t<div class=\"ova-product-wrapper-price\">\n\t\t\t\t\t\t\t<div class=\"ova-product-price\">\n\t\t\t\t\t\t\t\t\t\t\t<span class=\"new-product-price\"><span class=\"woocommerce-Price-amount amount\"><span class=\"woocommerce-Price-currencySymbol\">\u20ac<\/span>35.00<\/span><\/span>\n\t\t\t\t    \t\t\t\t<\/div>\n\t\t\t\t\t\t\t<a href=\"https:\/\/joinusexcursions.com\/ru\/tours\/antalya-suluada-island-boat\/\" class=\"btn product-btn-book-now\">\n\t\t\t\t\t<span>\u0418\u0441\u0441\u043b\u0435\u0434\u043e\u0432\u0430\u0442\u044c<\/span>\n\t\t\t\t<\/a>\n\t\t\t\t\t<\/div>\n    <\/div>\n<\/div><\/div>\n<div class=\"ova-product product type-product post-10768 status-publish last instock product_cat-kemer product_cat-suluada-maldives product_tag-kemer has-post-thumbnail featured shipping-taxable purchasable product-type-ovabrw_car_rental\">\n\t\n<div class=\"ova_head_product\">\n\t\t\t<div class=\"ova-is-featured\">\n\t\t\t\u0418\u0437\u0431\u0440\u0430\u043d\u043d\u044b\u0435\t\t<\/div>\n\t\t\t<a href=\"https:\/\/joinusexcursions.com\/ru\/tours\/kemer-suluada-sunset-boat\/\" class=\"ova-product-thumbnail\">\n\t\t\t<img decoding=\"async\" width=\"600\" height=\"400\" src=\"https:\/\/joinusexcursions.com\/wp-content\/uploads\/2025\/04\/773140.jpg\" class=\"attachment-tripgo_product_slider size-tripgo_product_slider\" alt=\"\u041a\u0435\u043c\u0435\u0440 \u0421\u0443\u043b\u0443\u0430\u0434\u0430 \u0417\u0430\u043a\u0430\u0442 \u043d\u0430 \u043b\u043e\u0434\u043a\u0435\" srcset=\"https:\/\/joinusexcursions.com\/wp-content\/uploads\/2025\/04\/773140.jpg 600w, https:\/\/joinusexcursions.com\/wp-content\/uploads\/2025\/04\/773140-300x200.jpg 300w\" sizes=\"(max-width: 600px) 100vw, 600px\" \/>\t\t<\/a>\n\t<\/div>\n<div class=\"ova_foot_product\">\n\t<div class=\"ova-product-day-title-location\">\n\t\t\t\t\t<div class=\"ova-tour-day\">\n\t\t\t\t<i aria-hidden=\"true\" class=\"icomoon icomoon-clock\"><\/i>\n\t\t\t\t1 \u0434\u0435\u043d\u044c\t\t\t<\/div>\n\t\t\t\t\t<h2 class=\"ova-product-title\">\n\t\t\t\t<a href=\"https:\/\/joinusexcursions.com\/ru\/tours\/kemer-suluada-sunset-boat\/\">\n\t\t\t        \u041a\u0435\u043c\u0435\u0440: \u0422\u0443\u0440 \u043d\u0430 \u043b\u043e\u0434\u043a\u0435 \u043d\u0430 \u043e\u0441\u0442\u0440\u043e\u0432 \u0421\u0443\u043b\u0443\u0430\u0434\u0430 \u0441 \u0443\u0436\u0438\u043d\u043e\u043c \u043d\u0430 \u0437\u0430\u043a\u0430\u0442\u0435\t\t\t    <\/a>\n\t\t\t<\/h2>\n\t\t\t        <div class=\"ova-product-location\">\n\t            <i aria-hidden=\"true\" class=\"icomoon icomoon-location\"><\/i>\n\t            <span class=\"location\">\n\t                \u0410\u0434\u0440\u0430\u0441\u0430\u043d\t            <\/span>\n\t        <\/div>\n\t    \t<\/div>\n    <div class=\"ova-product-review-and-price\">\n    \t\t\t<div class=\"ova-product-wrapper-price\">\n\t\t\t\t\t\t\t<div class=\"ova-product-price\">\n\t\t\t\t\t\t\t\t\t\t\t<span class=\"new-product-price\"><span class=\"woocommerce-Price-amount amount\"><span class=\"woocommerce-Price-currencySymbol\">\u20ac<\/span>30.00<\/span><\/span>\n\t\t\t\t    \t\t\t\t<\/div>\n\t\t\t\t\t\t\t<a href=\"https:\/\/joinusexcursions.com\/ru\/tours\/kemer-suluada-sunset-boat\/\" class=\"btn product-btn-book-now\">\n\t\t\t\t\t<span>\u0418\u0441\u0441\u043b\u0435\u0434\u043e\u0432\u0430\u0442\u044c<\/span>\n\t\t\t\t<\/a>\n\t\t\t\t\t<\/div>\n    <\/div>\n<\/div><\/div>\n<div class=\"ova-product product type-product post-10762 status-publish first instock product_cat-antalya product_cat-suluada-maldives product_tag-antalya has-post-thumbnail featured shipping-taxable purchasable product-type-ovabrw_car_rental\">\n\t\n<div class=\"ova_head_product\">\n\t\t\t<div class=\"ova-is-featured\">\n\t\t\t\u0418\u0437\u0431\u0440\u0430\u043d\u043d\u044b\u0435\t\t<\/div>\n\t\t\t<a href=\"https:\/\/joinusexcursions.com\/ru\/tours\/antalya-suluada-sunset-boat\/\" class=\"ova-product-thumbnail\">\n\t\t\t<img decoding=\"async\" width=\"600\" height=\"400\" src=\"https:\/\/joinusexcursions.com\/wp-content\/uploads\/2025\/04\/773140.jpg\" class=\"attachment-tripgo_product_slider size-tripgo_product_slider\" alt=\"\u041a\u0435\u043c\u0435\u0440 \u0421\u0443\u043b\u0443\u0430\u0434\u0430 \u0417\u0430\u043a\u0430\u0442 \u043d\u0430 \u043b\u043e\u0434\u043a\u0435\" srcset=\"https:\/\/joinusexcursions.com\/wp-content\/uploads\/2025\/04\/773140.jpg 600w, https:\/\/joinusexcursions.com\/wp-content\/uploads\/2025\/04\/773140-300x200.jpg 300w\" sizes=\"(max-width: 600px) 100vw, 600px\" \/>\t\t<\/a>\n\t<\/div>\n<div class=\"ova_foot_product\">\n\t<div class=\"ova-product-day-title-location\">\n\t\t\t\t\t<div class=\"ova-tour-day\">\n\t\t\t\t<i aria-hidden=\"true\" class=\"icomoon icomoon-clock\"><\/i>\n\t\t\t\t8 \u0447\u0430\u0441\u043e\u0432\t\t\t<\/div>\n\t\t\t\t\t<h2 class=\"ova-product-title\">\n\t\t\t\t<a href=\"https:\/\/joinusexcursions.com\/ru\/tours\/antalya-suluada-sunset-boat\/\">\n\t\t\t        \u042d\u043a\u0441\u043a\u0443\u0440\u0441\u0438\u044f \u043d\u0430 \u0437\u0430\u043a\u0430\u0442\u0435 \u043d\u0430 \u043e\u0441\u0442\u0440\u043e\u0432 \u0421\u0443\u043b\u0443\u0430\u0434\u0430 \u0438\u0437 \u0410\u043d\u0442\u0430\u043b\u044c\u0438 \u0441 \u0443\u0436\u0438\u043d\u043e\u043c\t\t\t    <\/a>\n\t\t\t<\/h2>\n\t\t\t        <div class=\"ova-product-location\">\n\t            <i aria-hidden=\"true\" class=\"icomoon icomoon-location\"><\/i>\n\t            <span class=\"location\">\n\t                \u0410\u0434\u0440\u0430\u0441\u0430\u043d\t            <\/span>\n\t        <\/div>\n\t    \t<\/div>\n    <div class=\"ova-product-review-and-price\">\n    \t\t\t<div class=\"ova-product-wrapper-price\">\n\t\t\t\t\t\t\t<div class=\"ova-product-price\">\n\t\t\t\t\t\t\t\t\t\t\t<span class=\"new-product-price\"><span class=\"woocommerce-Price-amount amount\"><span class=\"woocommerce-Price-currencySymbol\">\u20ac<\/span>35.00<\/span><\/span>\n\t\t\t\t    \t\t\t\t<\/div>\n\t\t\t\t\t\t\t<a href=\"https:\/\/joinusexcursions.com\/ru\/tours\/antalya-suluada-sunset-boat\/\" class=\"btn product-btn-book-now\">\n\t\t\t\t\t<span>\u0418\u0441\u0441\u043b\u0435\u0434\u043e\u0432\u0430\u0442\u044c<\/span>\n\t\t\t\t<\/a>\n\t\t\t\t\t<\/div>\n    <\/div>\n<\/div><\/div>\t\t\t\t<\/div>\n\t\t\t\t\t\t\t<\/div>\n\t\t\t\t<\/div>\n\t\t\t\t\t<\/div>\n\t\t<\/div>\n\t\t\t\t\t<\/div>\n\t\t<\/section>\n\t\t\t\t<\/div>","protected":false},"excerpt":{"rendered":"<p>\u00d6ne \u00c7\u0131kan 9 saat Suluada Island Boat Trip from Belek -T\u00fcrkish Maldives Adrasan &euro;35.00 &euro;40.00 Ke\u015ffet \u00d6ne \u00c7\u0131kan 1 day Kemer: Suluada Island Boat Trip -T\u00fcrkish Maldives Adrasan 1 &euro;30.00 Ke\u015ffet \u00d6ne \u00c7\u0131kan 1 day Suluada Island Boat Trip From Antalya -T\u00fcrkish Maldives Adrasan &euro;35.00 Ke\u015ffet \u00d6ne \u00c7\u0131kan 1 day Kemer: Suluada Island Sunset Boat [&hellip;]<\/p>\n","protected":false},"author":1,"featured_media":0,"parent":0,"menu_order":0,"comment_status":"closed","ping_status":"closed","template":"elementor_header_footer","meta":{"_acf_changed":false,"footnotes":""},"class_list":["post-10500","page","type-page","status-publish","hentry"],"acf":[],"aioseo_notices":[],"_links":{"self":[{"href":"https:\/\/joinusexcursions.com\/ru\/wp-json\/wp\/v2\/pages\/10500","targetHints":{"allow":["GET"]}}],"collection":[{"href":"https:\/\/joinusexcursions.com\/ru\/wp-json\/wp\/v2\/pages"}],"about":[{"href":"https:\/\/joinusexcursions.com\/ru\/wp-json\/wp\/v2\/types\/page"}],"author":[{"embeddable":true,"href":"https:\/\/joinusexcursions.com\/ru\/wp-json\/wp\/v2\/users\/1"}],"replies":[{"embeddable":true,"href":"https:\/\/joinusexcursions.com\/ru\/wp-json\/wp\/v2\/comments?post=10500"}],"version-history":[{"count":21,"href":"https:\/\/joinusexcursions.com\/ru\/wp-json\/wp\/v2\/pages\/10500\/revisions"}],"predecessor-version":[{"id":11322,"href":"https:\/\/joinusexcursions.com\/ru\/wp-json\/wp\/v2\/pages\/10500\/revisions\/11322"}],"wp:attachment":[{"href":"https:\/\/joinusexcursions.com\/ru\/wp-json\/wp\/v2\/media?parent=10500"}],"curies":[{"name":"wp","href":"https:\/\/api.w.org\/{rel}","templated":true}]}}