{"id":10510,"date":"2025-04-06T12:47:10","date_gmt":"2025-04-06T09:47:10","guid":{"rendered":"https:\/\/joinusexcursions.com\/?page_id=10510"},"modified":"2026-04-16T22:55:41","modified_gmt":"2026-04-16T19:55:41","slug":"porto-genoese-bay","status":"publish","type":"page","link":"https:\/\/joinusexcursions.com\/ru\/porto-genoese-bay\/","title":{"rendered":"\u0411\u0443\u0445\u0442\u0430 \u041f\u043e\u0440\u0442\u043e-\u0414\u0436\u0435\u043d\u043e\u0432\u0435\u0437\u0435"},"content":{"rendered":"<div data-elementor-type=\"wp-page\" data-elementor-id=\"10510\" class=\"elementor elementor-10510\">\n\t\t\t\t\t\t<section class=\"elementor-section elementor-top-section elementor-element elementor-element-59ae872 elementor-section-boxed elementor-section-height-default elementor-section-height-default\" data-id=\"59ae872\" data-element_type=\"section\" data-e-type=\"section\" data-settings=\"{&quot;ekit_has_onepagescroll_dot&quot;:&quot;yes&quot;}\">\n\t\t\t\t\t\t<div class=\"elementor-container elementor-column-gap-default\">\n\t\t\t\t\t<div class=\"elementor-column elementor-col-100 elementor-top-column elementor-element elementor-element-7b9d157\" data-id=\"7b9d157\" data-element_type=\"column\" data-e-type=\"column\">\n\t\t\t<div class=\"elementor-widget-wrap elementor-element-populated\">\n\t\t\t\t\t\t<div class=\"elementor-element elementor-element-2f73abd elementor-widget elementor-widget-ovabrw_product_list\" data-id=\"2f73abd\" data-element_type=\"widget\" data-e-type=\"widget\" data-settings=\"{&quot;ekit_we_effect_on&quot;:&quot;none&quot;}\" data-widget_type=\"ovabrw_product_list.default\">\n\t\t\t\t<div class=\"elementor-widget-container\">\n\t\t\t\t\t\t\t\t\t<div class=\"ova-product-list ova-product-list-template1 column3\">\n\t\t\t\t\t\n<div class=\"ova-product product type-product post-11133 status-publish first instock product_cat-belek product_cat-porto-genoese-bay product_tag-belek has-post-thumbnail featured shipping-taxable purchasable product-type-ovabrw_car_rental\">\n\t\n<div class=\"ova_head_product\">\n\t\t\t<div class=\"ova-is-featured\">\n\t\t\t\u0418\u0437\u0431\u0440\u0430\u043d\u043d\u044b\u0435\t\t<\/div>\n\t\t\t<a href=\"https:\/\/joinusexcursions.com\/ru\/tours\/belek-porto-genoese-blue-lagoon\/\" class=\"ova-product-thumbnail\">\n\t\t\t<img fetchpriority=\"high\" decoding=\"async\" width=\"600\" height=\"400\" src=\"https:\/\/joinusexcursions.com\/wp-content\/uploads\/2025\/04\/WhatsApp-Image-2024-07-01-at-15.44.11.jpeg\" class=\"attachment-tripgo_product_slider size-tripgo_product_slider\" alt=\"\u0413\u0435\u043d\u0443\u044d\u0437\u0441\u043a\u0430\u044f \u043b\u043e\u0434\u043a\u0430 \u041f\u043e\u0440\u0442\u043e\" srcset=\"https:\/\/joinusexcursions.com\/wp-content\/uploads\/2025\/04\/WhatsApp-Image-2024-07-01-at-15.44.11.jpeg 600w, https:\/\/joinusexcursions.com\/wp-content\/uploads\/2025\/04\/WhatsApp-Image-2024-07-01-at-15.44.11-300x200.jpeg 300w\" sizes=\"(max-width: 600px) 100vw, 600px\" \/>\t\t<\/a>\n\t<\/div>\n<div class=\"ova_foot_product\">\n\t<div class=\"ova-product-day-title-location\">\n\t\t\t\t\t<div class=\"ova-tour-day\">\n\t\t\t\t<i aria-hidden=\"true\" class=\"icomoon icomoon-clock\"><\/i>\n\t\t\t\t9 hours\t\t\t<\/div>\n\t\t\t\t\t<h2 class=\"ova-product-title\">\n\t\t\t\t<a href=\"https:\/\/joinusexcursions.com\/ru\/tours\/belek-porto-genoese-blue-lagoon\/\">\n\t\t\t        \u041c\u043e\u0440\u0441\u043a\u0430\u044f \u043f\u0440\u043e\u0433\u0443\u043b\u043a\u0430 \u043d\u0430 \u0413\u0435\u043d\u0443\u044d\u0437\u0441\u043a\u0438\u0439 \u0424\u043e\u0440\u0442 \u0438\u0437 \u0411\u0435\u043b\u0435\u043a\u0430 \u0438 \u043a \u0413\u043e\u043b\u0443\u0431\u043e\u0439 \u041b\u0430\u0433\u0443\u043d\u0435\t\t\t    <\/a>\n\t\t\t<\/h2>\n\t\t\t        <div class=\"ova-product-location\">\n\t            <i aria-hidden=\"true\" class=\"icomoon icomoon-location\"><\/i>\n\t            <span class=\"location\">\n\t                \u0410\u0434\u0440\u0430\u0441\u0430\u043d\t            <\/span>\n\t        <\/div>\n\t    \t<\/div>\n    <div class=\"ova-product-review-and-price\">\n    \t\t\t<div class=\"ova-product-wrapper-price\">\n\t\t\t\t\t\t\t<div class=\"ova-product-price\">\n\t\t\t\t\t\t\t\t\t\t\t<span class=\"new-product-price\"><span class=\"woocommerce-Price-amount amount\"><span class=\"woocommerce-Price-currencySymbol\">\u20ac<\/span>35.00<\/span><\/span>\n\t\t\t\t    \t\t\t\t<\/div>\n\t\t\t\t\t\t\t<a href=\"https:\/\/joinusexcursions.com\/ru\/tours\/belek-porto-genoese-blue-lagoon\/\" class=\"btn product-btn-book-now\">\n\t\t\t\t\t<span>\u0418\u0441\u0441\u043b\u0435\u0434\u043e\u0432\u0430\u0442\u044c<\/span>\n\t\t\t\t<\/a>\n\t\t\t\t\t<\/div>\n    <\/div>\n<\/div><\/div>\n<div class=\"ova-product product type-product post-10981 status-publish instock product_cat-kemer product_cat-porto-genoese-bay product_tag-kemer has-post-thumbnail featured shipping-taxable purchasable product-type-ovabrw_car_rental\">\n\t\n<div class=\"ova_head_product\">\n\t\t\t<div class=\"ova-is-featured\">\n\t\t\t\u0418\u0437\u0431\u0440\u0430\u043d\u043d\u044b\u0435\t\t<\/div>\n\t\t\t<a href=\"https:\/\/joinusexcursions.com\/ru\/tours\/kemer-porto-genoese-boat\/\" class=\"ova-product-thumbnail\">\n\t\t\t<img fetchpriority=\"high\" decoding=\"async\" width=\"600\" height=\"400\" src=\"https:\/\/joinusexcursions.com\/wp-content\/uploads\/2025\/04\/WhatsApp-Image-2024-07-01-at-15.44.11.jpeg\" class=\"attachment-tripgo_product_slider size-tripgo_product_slider\" alt=\"\u0413\u0435\u043d\u0443\u044d\u0437\u0441\u043a\u0430\u044f \u043b\u043e\u0434\u043a\u0430 \u041f\u043e\u0440\u0442\u043e\" srcset=\"https:\/\/joinusexcursions.com\/wp-content\/uploads\/2025\/04\/WhatsApp-Image-2024-07-01-at-15.44.11.jpeg 600w, https:\/\/joinusexcursions.com\/wp-content\/uploads\/2025\/04\/WhatsApp-Image-2024-07-01-at-15.44.11-300x200.jpeg 300w\" sizes=\"(max-width: 600px) 100vw, 600px\" \/>\t\t<\/a>\n\t<\/div>\n<div class=\"ova_foot_product\">\n\t<div class=\"ova-product-day-title-location\">\n\t\t\t\t\t<div class=\"ova-tour-day\">\n\t\t\t\t<i aria-hidden=\"true\" class=\"icomoon icomoon-clock\"><\/i>\n\t\t\t\t4 \u0434\u043d\u044f\t\t\t<\/div>\n\t\t\t\t\t<h2 class=\"ova-product-title\">\n\t\t\t\t<a href=\"https:\/\/joinusexcursions.com\/ru\/tours\/kemer-porto-genoese-boat\/\">\n\t\t\t        \u041a\u0430\u043c\u0435\u0440 \u041f\u043e\u0440\u0442\u043e \u0413\u0435\u043d\u0443\u044d\u0437\u0441\u043a\u0430\u044f \u043b\u043e\u0434\u043e\u0447\u043d\u0430\u044f \u043f\u0440\u043e\u0433\u0443\u043b\u043a\u0430 \u0438 \u0413\u043e\u043b\u0443\u0431\u0430\u044f \u043b\u0430\u0433\u0443\u043d\u0430\t\t\t    <\/a>\n\t\t\t<\/h2>\n\t\t\t        <div class=\"ova-product-location\">\n\t            <i aria-hidden=\"true\" class=\"icomoon icomoon-location\"><\/i>\n\t            <span class=\"location\">\n\t                \u0410\u0434\u0440\u0430\u0441\u0430\u043d\t            <\/span>\n\t        <\/div>\n\t    \t<\/div>\n    <div class=\"ova-product-review-and-price\">\n    \t\t\t<div class=\"ova-product-wrapper-price\">\n\t\t\t\t\t\t\t<div class=\"ova-product-price\">\n\t\t\t\t\t\t\t\t\t\t\t<span class=\"new-product-price\"><span class=\"woocommerce-Price-amount amount\"><span class=\"woocommerce-Price-currencySymbol\">\u20ac<\/span>30.00<\/span><\/span>\n\t\t\t\t    \t\t\t\t<\/div>\n\t\t\t\t\t\t\t<a href=\"https:\/\/joinusexcursions.com\/ru\/tours\/kemer-porto-genoese-boat\/\" class=\"btn product-btn-book-now\">\n\t\t\t\t\t<span>\u0418\u0441\u0441\u043b\u0435\u0434\u043e\u0432\u0430\u0442\u044c<\/span>\n\t\t\t\t<\/a>\n\t\t\t\t\t<\/div>\n    <\/div>\n<\/div><\/div>\n<div class=\"ova-product product type-product post-10980 status-publish instock product_cat-antalya product_cat-porto-genoese-bay product_tag-antalya has-post-thumbnail featured shipping-taxable purchasable product-type-ovabrw_car_rental\">\n\t\n<div class=\"ova_head_product\">\n\t\t\t<div class=\"ova-is-featured\">\n\t\t\t\u0418\u0437\u0431\u0440\u0430\u043d\u043d\u044b\u0435\t\t<\/div>\n\t\t\t<a href=\"https:\/\/joinusexcursions.com\/ru\/tours\/antalya-porto-genoese-boat\/\" class=\"ova-product-thumbnail\">\n\t\t\t<img fetchpriority=\"high\" decoding=\"async\" width=\"600\" height=\"400\" src=\"https:\/\/joinusexcursions.com\/wp-content\/uploads\/2025\/04\/WhatsApp-Image-2024-07-01-at-15.44.11.jpeg\" class=\"attachment-tripgo_product_slider size-tripgo_product_slider\" alt=\"\u0413\u0435\u043d\u0443\u044d\u0437\u0441\u043a\u0430\u044f \u043b\u043e\u0434\u043a\u0430 \u041f\u043e\u0440\u0442\u043e\" srcset=\"https:\/\/joinusexcursions.com\/wp-content\/uploads\/2025\/04\/WhatsApp-Image-2024-07-01-at-15.44.11.jpeg 600w, https:\/\/joinusexcursions.com\/wp-content\/uploads\/2025\/04\/WhatsApp-Image-2024-07-01-at-15.44.11-300x200.jpeg 300w\" sizes=\"(max-width: 600px) 100vw, 600px\" \/>\t\t<\/a>\n\t<\/div>\n<div class=\"ova_foot_product\">\n\t<div class=\"ova-product-day-title-location\">\n\t\t\t\t\t<div class=\"ova-tour-day\">\n\t\t\t\t<i aria-hidden=\"true\" class=\"icomoon icomoon-clock\"><\/i>\n\t\t\t\t9 hours\t\t\t<\/div>\n\t\t\t\t\t<h2 class=\"ova-product-title\">\n\t\t\t\t<a href=\"https:\/\/joinusexcursions.com\/ru\/tours\/antalya-porto-genoese-boat\/\">\n\t\t\t        \u041c\u043e\u0440\u0441\u043a\u0430\u044f \u043f\u0440\u043e\u0433\u0443\u043b\u043a\u0430 \u043d\u0430 \u0433\u0435\u043d\u0443\u044d\u0437\u0441\u043a\u043e\u0439 \u043b\u043e\u0434\u043a\u0435 \u0438\u0437 \u0410\u043d\u0442\u0430\u043b\u0438\u0438\t\t\t    <\/a>\n\t\t\t<\/h2>\n\t\t\t        <div class=\"ova-product-location\">\n\t            <i aria-hidden=\"true\" class=\"icomoon icomoon-location\"><\/i>\n\t            <span class=\"location\">\n\t                \u0410\u0434\u0440\u0430\u0441\u0430\u043d\t            <\/span>\n\t        <\/div>\n\t    \t<\/div>\n    <div class=\"ova-product-review-and-price\">\n    \t\t\t<div class=\"ova-product-wrapper-price\">\n\t\t\t\t\t\t\t<div class=\"ova-product-price\">\n\t\t\t\t\t\t\t\t\t\t\t<span class=\"new-product-price\"><span class=\"woocommerce-Price-amount amount\"><span class=\"woocommerce-Price-currencySymbol\">\u20ac<\/span>35.00<\/span><\/span>\n\t\t\t\t    \t\t\t\t<\/div>\n\t\t\t\t\t\t\t<a href=\"https:\/\/joinusexcursions.com\/ru\/tours\/antalya-porto-genoese-boat\/\" class=\"btn product-btn-book-now\">\n\t\t\t\t\t<span>\u0418\u0441\u0441\u043b\u0435\u0434\u043e\u0432\u0430\u0442\u044c<\/span>\n\t\t\t\t<\/a>\n\t\t\t\t\t<\/div>\n    <\/div>\n<\/div><\/div>\t\t\t\t<\/div>\n\t\t\t\t\t\t\t<\/div>\n\t\t\t\t<\/div>\n\t\t\t\t\t<\/div>\n\t\t<\/div>\n\t\t\t\t\t<\/div>\n\t\t<\/section>\n\t\t\t\t<\/div>","protected":false},"excerpt":{"rendered":"<p>\u00d6ne \u00c7\u0131kan 9 saat Porto Genoese Boat Trip from Belek &#038; Blue Lagoon Adrasan &euro;35.00 Ke\u015ffet \u00d6ne \u00c7\u0131kan 4 days Kemer Porto Genoese Boat Trip &#038; Blue Lagoon Adrasan &euro;30.00 Ke\u015ffet \u00d6ne \u00c7\u0131kan 9 saat Porto Genoese Boat Trip From Antalya Adrasan &euro;35.00 Ke\u015ffet<\/p>","protected":false},"author":1,"featured_media":0,"parent":0,"menu_order":0,"comment_status":"closed","ping_status":"closed","template":"elementor_header_footer","meta":{"_acf_changed":false,"footnotes":""},"class_list":["post-10510","page","type-page","status-publish","hentry"],"acf":[],"aioseo_notices":[],"_links":{"self":[{"href":"https:\/\/joinusexcursions.com\/ru\/wp-json\/wp\/v2\/pages\/10510","targetHints":{"allow":["GET"]}}],"collection":[{"href":"https:\/\/joinusexcursions.com\/ru\/wp-json\/wp\/v2\/pages"}],"about":[{"href":"https:\/\/joinusexcursions.com\/ru\/wp-json\/wp\/v2\/types\/page"}],"author":[{"embeddable":true,"href":"https:\/\/joinusexcursions.com\/ru\/wp-json\/wp\/v2\/users\/1"}],"replies":[{"embeddable":true,"href":"https:\/\/joinusexcursions.com\/ru\/wp-json\/wp\/v2\/comments?post=10510"}],"version-history":[{"count":8,"href":"https:\/\/joinusexcursions.com\/ru\/wp-json\/wp\/v2\/pages\/10510\/revisions"}],"predecessor-version":[{"id":11342,"href":"https:\/\/joinusexcursions.com\/ru\/wp-json\/wp\/v2\/pages\/10510\/revisions\/11342"}],"wp:attachment":[{"href":"https:\/\/joinusexcursions.com\/ru\/wp-json\/wp\/v2\/media?parent=10510"}],"curies":[{"name":"wp","href":"https:\/\/api.w.org\/{rel}","templated":true}]}}