{"id":10967,"date":"2025-04-26T22:18:11","date_gmt":"2025-04-26T19:18:11","guid":{"rendered":"https:\/\/www.joinusexcursions.com\/?post_type=product&#038;p=10967"},"modified":"2026-04-13T20:42:44","modified_gmt":"2026-04-13T17:42:44","slug":"kemer-tazi-kanon-rafting","status":"publish","type":"product","link":"https:\/\/joinusexcursions.com\/ru\/tours\/kemer-tazi-canyon-rafting\/","title":{"rendered":"\u041a\u0430\u043d\u044c\u043e\u043d \u0422\u0430\u0437\u044b \u2014 \u0420\u0430\u0444\u0442\u0438\u043d\u0433 \u041a\u043e\u043c\u0431\u043e \u0422\u0443\u0440 \u0438\u0437 \u041a\u0435\u043c\u0435\u0440\u0430"},"content":{"rendered":"<p class=\"\" data-start=\"366\" data-end=\"418\"><strong data-start=\"366\" data-end=\"418\">\u041d\u0435\u0437\u0430\u0431\u044b\u0432\u0430\u0435\u043c\u044b\u0435 \u043f\u0440\u0438\u0440\u043e\u0434\u043d\u044b\u0435 \u0438 \u043f\u0440\u0438\u043a\u043b\u044e\u0447\u0435\u043d\u0447\u0435\u0441\u043a\u0438\u0435 \u0432\u043f\u0435\u0447\u0430\u0442\u043b\u0435\u043d\u0438\u044f<\/strong><\/p>\n<p class=\"\" data-start=\"420\" data-end=\"718\">\u0413\u043e\u0442\u043e\u0432\u044c\u0442\u0435\u0441\u044c \u043a \u043f\u043e\u043b\u043d\u043e\u043c\u0443 \u0434\u043d\u044e \u0430\u043a\u0442\u0438\u0432\u043d\u043e\u0441\u0442\u0435\u0439, \u043f\u0440\u0438\u0440\u043e\u0434\u044b \u0438 \u0437\u0430\u0445\u0432\u0430\u0442\u044b\u0432\u0430\u044e\u0449\u0438\u0445 \u0432\u0438\u0434\u043e\u0432! \u042d\u0442\u043e\u0442 \u0442\u0443\u0440 \u0441\u043e\u0447\u0435\u0442\u0430\u0435\u0442 \u0432 \u0441\u0435\u0431\u0435 \u0434\u0438\u043a\u0443\u044e \u043a\u0440\u0430\u0441\u043e\u0442\u0443 <strong data-start=\"526\" data-end=\"541\">\u041a\u0430\u043d\u044c\u043e\u043d \u0422\u0430\u0437\u0438<\/strong>, \u0442\u0440\u0435\u043f\u0435\u0442, \u0430\u0437\u0430\u0440\u0442, \u0432\u043e\u043b\u043d\u0435\u043d\u0438\u0435 <strong data-start=\"557\" data-end=\"580\">\u0441\u043f\u043b\u0430\u0432 \u043f\u043e \u0431\u0443\u0440\u043d\u043e\u0439 \u0432\u043e\u0434\u0435<\/strong> \u0432 <strong data-start=\"584\" data-end=\"602\">\u041a\u0430\u043d\u044c\u043e\u0301\u043d \u041a\u0451\u043f\u0440\u044e\u043b\u044e<\/strong>, \u0438 \u0432\u0435\u0441\u0435\u043b\u044c\u0435 <strong data-start=\"621\" data-end=\"640\">\u0414\u0436\u0438\u043f-\u0441\u0430\u0444\u0430\u0440\u0438 4\u00d74<\/strong> \u0447\u0435\u0440\u0435\u0437 \u0433\u043e\u0440\u044b \u0422\u0430\u0432\u0440 \u2014 \u0432\u0441\u0451 \u0432 \u043e\u0434\u043d\u043e\u043c \u043d\u0435\u0437\u0430\u0431\u044b\u0432\u0430\u0435\u043c\u043e\u043c \u043f\u0440\u0438\u043a\u043b\u044e\u0447\u0435\u043d\u0438\u0438 \u0438\u0437 \u041a\u0435\u043c\u0435\u0440\u0430.<\/p>\n<hr class=\"\" data-start=\"720\" data-end=\"723\" \/>\n<p class=\"mhm-jue-internal-links\">\u0418\u0449\u0435\u0442\u0435 \u0431\u043e\u043b\u044c\u0448\u0435 \u043f\u0440\u0438\u043a\u043b\u044e\u0447\u0435\u043d\u0438\u0439 \u0432 \u044d\u0442\u043e\u043c \u0440\u0430\u0439\u043e\u043d\u0435? \u0418\u0437\u0443\u0447\u0438\u0442\u0435 \u043d\u0430\u0448 \u043f\u043e\u043b\u043d\u044b\u0439 \u0441\u043f\u0438\u0441\u043e\u043a <a href=\"\/ru\/napravleniya\/kemer-tury\/\">\u0422\u0443\u0440\u044b \u0432 \u041a\u0435\u043c\u0435\u0440<\/a> \u0438\u043b\u0438 \u043e\u0437\u043d\u0430\u043a\u043e\u043c\u044c\u0442\u0435\u0441\u044c \u0441 <a href=\"\/ru\/ekskursii-2\/kemer-suluada-zakat-progulka\/\">\u041a\u0435\u043c\u0435\u0440: \u0422\u0443\u0440 \u043d\u0430 \u043b\u043e\u0434\u043a\u0435 \u043d\u0430 \u043e\u0441\u0442\u0440\u043e\u0432 \u0421\u0443\u043b\u0443\u0430\u0434\u0430 \u0441 \u0443\u0436\u0438\u043d\u043e\u043c \u043d\u0430 \u0437\u0430\u043a\u0430\u0442\u0435<\/a> \u0434\u043b\u044f \u0435\u0449\u0435 \u043e\u0434\u043d\u043e\u0433\u043e \u043d\u0435\u0437\u0430\u0431\u044b\u0432\u0430\u0435\u043c\u043e\u0433\u043e \u0432\u043f\u0435\u0447\u0430\u0442\u043b\u0435\u043d\u0438\u044f.<\/p>\n<p class=\"mhm-jue-external-link\">\u0423\u0437\u043d\u0430\u0439\u0442\u0435 \u0431\u043e\u043b\u044c\u0448\u0435 \u043e \u043d\u0430\u043f\u0440\u0430\u0432\u043b\u0435\u043d\u0438\u0438 \u043d\u0430 <a href=\"https:\/\/en.wikipedia.org\/wiki\/K%C3%B6pr%C3%BCl%C3%BC_Canyon_National_Park\" target=\"_blank\" rel=\"noopener\">\u041d\u0430\u0446\u0438\u043e\u043d\u0430\u043b\u044c\u043d\u044b\u0439 \u043f\u0430\u0440\u043a \u041a\u0430\u043d\u044c\u043e\u043d \u041a\u0451\u043f\u0440\u044e\u043b\u044e \u0412\u0438\u043a\u0438\u043f\u0435\u0434\u0438\u044f \u0441\u0442\u0440\u0430\u043d\u0438\u0446\u0430<\/a>.<\/p>\n<h2>\u0427\u0442\u043e \u043e\u0436\u0438\u0434\u0430\u0442\u044c \u043e\u0442 \u043a\u043e\u043c\u0431\u0438\u043d\u0438\u0440\u043e\u0432\u0430\u043d\u043d\u043e\u0433\u043e \u0442\u0443\u0440\u0430 \u043f\u043e \u0440\u0430\u0444\u0442\u0438\u043d\u0433\u0443 \u0432 \u043a\u0430\u043d\u044c\u043e\u043d\u0435 \u041a\u0435\u043c\u0435\u0440\u0430 \u0422\u0430\u0437\u044b<\/h2>\n<p class=\"\" data-start=\"3149\" data-end=\"3361\">\u0426\u0435\u043d\u044b \u043c\u043e\u0433\u0443\u0442 \u0432\u0430\u0440\u044c\u0438\u0440\u043e\u0432\u0430\u0442\u044c\u0441\u044f \u0432 \u0437\u0430\u0432\u0438\u0441\u0438\u043c\u043e\u0441\u0442\u0438 \u043e\u0442 \u0441\u0435\u0437\u043e\u043d\u0430 \u0438 \u0440\u0430\u0437\u043c\u0435\u0440\u0430 \u0433\u0440\u0443\u043f\u043f\u044b.<br data-start=\"3196\" data-end=\"3199\" \/><strong data-start=\"3199\" data-end=\"3229\">\u0417\u0430\u0431\u0440\u043e\u043d\u0438\u0440\u0443\u0439\u0442\u0435 \u0441\u0435\u0439\u0447\u0430\u0441, \u043e\u043f\u043b\u0430\u0442\u0438\u0442\u0435 \u0432 \u0434\u0435\u043d\u044c \u044d\u043a\u0441\u043a\u0443\u0440\u0441\u0438\u0438<\/strong> \u2013 \u0420\u0430\u043d\u043d\u0435\u0435 \u0431\u0440\u043e\u043d\u0438\u0440\u043e\u0432\u0430\u043d\u0438\u0435 \u0440\u0435\u043a\u043e\u043c\u0435\u043d\u0434\u0443\u0435\u0442\u0441\u044f \u0434\u043b\u044f \u043f\u043e\u043b\u0443\u0447\u0435\u043d\u0438\u044f \u043b\u0443\u0447\u0448\u0438\u0445 \u0442\u0430\u0440\u0438\u0444\u043e\u0432.<br data-start=\"3277\" data-end=\"3280\" \/>\ud83d\udcf1 <strong data-start=\"3283\" data-end=\"3329\">\u0421\u0432\u044f\u0436\u0438\u0442\u0435\u0441\u044c \u0441 \u043d\u0430\u043c\u0438 \u0432 WhatsApp, Telegram \u0438\u043b\u0438 Viber<\/strong> \u0434\u043b\u044f \u0431\u0440\u043e\u043d\u0438\u0440\u043e\u0432\u0430\u043d\u0438\u044f \u0438 \u0434\u043e\u043f\u043e\u043b\u043d\u0438\u0442\u0435\u043b\u044c\u043d\u043e\u0439 \u0438\u043d\u0444\u043e\u0440\u043c\u0430\u0446\u0438\u0438.<\/p>","protected":false},"excerpt":{"rendered":"<p>An Unforgettable Nature and Adventure Experience Get ready for a full day of action, nature, and breathtaking views! This tour combines the wild beauty of Taz\u0131 Canyon, the thrill of white-water rafting in K\u00f6pr\u00fcl\u00fc Canyon, and the fun of a 4&#215;4 Jeep Safari through the Taurus Mountains \u2014 all in one unforgettable adventure from Kemer. [&hellip;]<\/p>\n","protected":false},"featured_media":11117,"comment_status":"open","ping_status":"closed","template":"","meta":{"_acf_changed":false},"product_brand":[],"product_cat":[37],"product_tag":[65],"class_list":{"0":"post-10967","1":"product","2":"type-product","3":"status-publish","4":"has-post-thumbnail","6":"product_cat-kemer","7":"product_tag-kemer","9":"first","10":"instock","11":"featured","12":"shipping-taxable","13":"purchasable","14":"product-type-ovabrw_car_rental"},"acf":[],"aioseo_notices":[],"_links":{"self":[{"href":"https:\/\/joinusexcursions.com\/ru\/wp-json\/wp\/v2\/product\/10967","targetHints":{"allow":["GET"]}}],"collection":[{"href":"https:\/\/joinusexcursions.com\/ru\/wp-json\/wp\/v2\/product"}],"about":[{"href":"https:\/\/joinusexcursions.com\/ru\/wp-json\/wp\/v2\/types\/product"}],"replies":[{"embeddable":true,"href":"https:\/\/joinusexcursions.com\/ru\/wp-json\/wp\/v2\/comments?post=10967"}],"wp:featuredmedia":[{"embeddable":true,"href":"https:\/\/joinusexcursions.com\/ru\/wp-json\/wp\/v2\/media\/11117"}],"wp:attachment":[{"href":"https:\/\/joinusexcursions.com\/ru\/wp-json\/wp\/v2\/media?parent=10967"}],"wp:term":[{"taxonomy":"product_brand","embeddable":true,"href":"https:\/\/joinusexcursions.com\/ru\/wp-json\/wp\/v2\/product_brand?post=10967"},{"taxonomy":"product_cat","embeddable":true,"href":"https:\/\/joinusexcursions.com\/ru\/wp-json\/wp\/v2\/product_cat?post=10967"},{"taxonomy":"product_tag","embeddable":true,"href":"https:\/\/joinusexcursions.com\/ru\/wp-json\/wp\/v2\/product_tag?post=10967"}],"curies":[{"name":"wp","href":"https:\/\/api.w.org\/{rel}","templated":true}]}}