{"id":10982,"date":"2025-04-26T23:03:43","date_gmt":"2025-04-26T20:03:43","guid":{"rendered":"https:\/\/www.joinusexcursions.com\/?post_type=product&#038;p=10982"},"modified":"2026-04-13T22:17:32","modified_gmt":"2026-04-13T19:17:32","slug":"antalya-suluada-ostrov-progulka","status":"publish","type":"product","link":"https:\/\/joinusexcursions.com\/ru\/tours\/antalya-suluada-island-boat\/","title":{"rendered":"\u041c\u043e\u0440\u0441\u043a\u0430\u044f \u043f\u0440\u043e\u0433\u0443\u043b\u043a\u0430 \u043d\u0430 \u043e\u0441\u0442\u0440\u043e\u0432 \u0421\u0443\u043b\u0443\u0430\u0434\u0430 \u0438\u0437 \u0410\u043d\u0442\u0430\u043b\u0438\u0438 \u2014 \u0422\u0443\u0440\u0435\u0446\u043a\u0438\u0435 \u041c\u0430\u043b\u044c\u0434\u0438\u0432\u044b"},"content":{"rendered":"<h2 data-start=\"189\" data-end=\"249\">\ud83c\udfdd\ufe0f \u041f\u0440\u0438\u0441\u043e\u0435\u0434\u0438\u043d\u044f\u0439\u0442\u0435\u0441\u044c \u043a \u043d\u0430\u0448\u0435\u043c\u0443 **\u041c\u043e\u0440\u0441\u043a\u043e\u043c\u0443 \u043f\u0443\u0442\u0435\u0448\u0435\u0441\u0442\u0432\u0438\u044e \u043d\u0430 \u0421\u0443\u043b\u0443\u0430\u0434\u0443 \u0438\u0437 \u0410\u043d\u0442\u0430\u043b\u0438\u0438**, \u0447\u0442\u043e\u0431\u044b \u043f\u0440\u043e\u0432\u0435\u0441\u0442\u0438 \u0446\u0435\u043b\u044b\u0439 \u0434\u0435\u043d\u044c \u0432\u0434\u0430\u043b\u0438 \u043e\u0442 \u0437\u0430\u0431\u043e\u0442 \u043d\u0430 \u043e\u0441\u0442\u0440\u043e\u0432\u0435 \u0421\u0443\u043b\u0443\u0430\u0434\u0430, \u0441\u043f\u0440\u044f\u0442\u0430\u043d\u043d\u043e\u0439 \u0436\u0435\u043c\u0447\u0443\u0436\u0438\u043d\u0435 \u0443 \u043f\u043e\u0431\u0435\u0440\u0435\u0436\u044c\u044f \u0410\u0434\u0440\u0430\u0441\u0430\u043d\u0430.<\/h2>\n<p class=\"\" data-start=\"251\" data-end=\"567\">\u041e\u0442\u043f\u0440\u0430\u0432\u044c\u0442\u0435\u0441\u044c \u0432 \u0440\u0430\u0439 \u0432 \u0440\u0430\u043c\u043a\u0430\u0445 \u043e\u0434\u043d\u043e\u0434\u043d\u0435\u0432\u043d\u043e\u0439 \u043c\u043e\u0440\u0441\u043a\u043e\u0439 \u043f\u0440\u043e\u0433\u0443\u043b\u043a\u0438 \u043d\u0430 <strong data-start=\"301\" data-end=\"319\">\u041e\u0441\u0442\u0440\u043e\u0432 \u0421\u0443\u043b\u0443\u0430\u0434\u0430<\/strong>, \u0441\u043a\u0440\u044b\u0442\u0430\u044f \u0436\u0435\u043c\u0447\u0443\u0436\u0438\u043d\u0430 \u0443 \u043f\u043e\u0431\u0435\u0440\u0435\u0436\u044c\u044f \u0410\u0434 \u0420\u0430\u0441\u0430\u043d, \u043a\u043e\u0442\u043e\u0440\u0443\u044e \u0447\u0430\u0441\u0442\u043e \u043d\u0430\u0437\u044b\u0432\u0430\u044e\u0442 <em data-start=\"377\" data-end=\"397\">\u041c\u0430\u043b\u044c\u0434\u0438\u0432\u044b \u0422\u0443\u0440\u0446\u0438\u0438<\/em>. \u0421 \u0435\u0433\u043e \u0431\u0435\u043b\u043e\u0441\u043d\u0435\u0436\u043d\u044b\u043c\u0438 \u043f\u0435\u0441\u0447\u0430\u043d\u044b\u043c\u0438 \u043f\u043b\u044f\u0436\u0430\u043c\u0438, \u0431\u0438\u0440\u044e\u0437\u043e\u0432\u044b\u043c\u0438 \u0432\u043e\u0434\u0430\u043c\u0438 \u0438 \u0443\u043c\u0438\u0440\u043e\u0442\u0432\u043e\u0440\u044f\u044e\u0449\u0435\u0439 \u0430\u0442\u043c\u043e\u0441\u0444\u0435\u0440\u043e\u0439, \u044d\u0442\u043e\u0442 \u0442\u0443\u0440 \u0438\u0434\u0435\u0430\u043b\u044c\u043d\u043e \u043f\u043e\u0434\u0445\u043e\u0434\u0438\u0442 \u0434\u043b\u044f \u043b\u044e\u0431\u0438\u0442\u0435\u043b\u0435\u0439 \u043f\u0440\u0438\u0440\u043e\u0434\u044b \u0438 \u0442\u0435\u0445, \u043a\u0442\u043e \u0438\u0449\u0435\u0442 \u0443\u043d\u0438\u043a\u0430\u043b\u044c\u043d\u044b\u0435 \u0432\u043f\u0435\u0447\u0430\u0442\u043b\u0435\u043d\u0438\u044f \u043e\u0442 \u0421\u0440\u0435\u0434\u0438\u0437\u0435\u043c\u043d\u043e\u043c\u043e\u0440\u044c\u044f.<\/p>\n<h3 data-start=\"574\" data-end=\"597\">\ud83c\udf1f \u041e\u0441\u043d\u043e\u0432\u043d\u044b\u0435 \u043c\u043e\u043c\u0435\u043d\u0442\u044b \u0442\u0443\u0440\u0430<\/h3>\n<div data-start=\"600\" data-end=\"659\">\ud83c\udf0a \u041a\u0443\u043f\u0430\u0439\u0442\u0435\u0441\u044c \u0432 \u043a\u0440\u0438\u0441\u0442\u0430\u043b\u044c\u043d\u043e \u0447\u0438\u0441\u0442\u044b\u0445 \u0432\u043e\u0434\u0430\u0445 \u0437\u0430\u043b\u0438\u0432\u0430 \u041c\u0430\u043b\u044c\u0434\u0438\u0432\u044b \u043d\u0430 \u0421\u0443\u043b\u0443\u0430\u0434\u0435<\/div>\n<div data-start=\"662\" data-end=\"711\">\ud83c\udfdd\ufe0f \u041e\u0442\u0434\u043e\u0445\u043d\u0438\u0442\u0435 \u043d\u0430 \u0443\u0435\u0434\u0438\u043d\u0435\u043d\u043d\u044b\u0445 \u043f\u043b\u044f\u0436\u0430\u0445 \u0438 \u043d\u0435\u0442\u0440\u043e\u043d\u0443\u0442\u044b\u0445 \u0431\u0435\u0440\u0435\u0433\u0430\u0445<\/div>\n<div data-start=\"714\" data-end=\"754\">\ud83e\udddc\u200d\u2642\ufe0f \u0418\u0441\u0441\u043b\u0435\u0434\u0443\u0439\u0442\u0435 \u0437\u043d\u0430\u043c\u0435\u043d\u0438\u0442\u044b\u0435 <strong data-start=\"739\" data-end=\"752\">\u041f\u0435\u0449\u0435\u0440\u0430 \u041b\u044e\u0431\u0432\u0438<\/strong><\/div>\n<div data-start=\"757\" data-end=\"798\">\ud83c\udf7d\ufe0f \u041d\u0430\u0441\u043b\u0430\u0434\u0438\u0442\u0435\u0441\u044c \u0432\u043a\u0443\u0441\u043d\u044b\u043c \u0431\u0430\u0440\u0431\u0435\u043a\u044e-\u043b\u0430\u043d\u0447\u0435\u043c \u043d\u0430 \u0431\u043e\u0440\u0442\u0443<\/div>\n<div data-start=\"801\" data-end=\"869\">\ud83d\udc68\u200d\ud83d\udc69\u200d\ud83d\udc67 \u0414\u043b\u044f \u0432\u0441\u0435\u0439 \u0441\u0435\u043c\u044c\u0438: \u043c\u0435\u043b\u043a\u0438\u0435, \u0431\u0435\u0437\u043e\u043f\u0430\u0441\u043d\u044b\u0435 \u0432\u043e\u0434\u044b \u0438 \u0441\u043f\u043e\u043a\u043e\u0439\u043d\u0430\u044f \u0430\u0442\u043c\u043e\u0441\u0444\u0435\u0440\u0430<\/div>\n<div data-start=\"872\" data-end=\"916\">\ud83d\udcf8 \u0417\u0430\u043f\u0435\u0447\u0430\u0442\u043b\u0435\u0439\u0442\u0435 \u043f\u043e\u0442\u0440\u044f\u0441\u0430\u044e\u0449\u0438\u0435 \u0432\u0438\u0434\u044b, \u0434\u043e\u0441\u0442\u043e\u0439\u043d\u044b\u0435 Instagram<\/div>\n<div data-start=\"919\" data-end=\"972\">\ud83d\udea4 \u0412\u044b\u0431\u0435\u0440\u0438\u0442\u0435 \u043c\u0435\u0436\u0434\u0443 \u0432\u0430\u0440\u0438\u0430\u043d\u0442\u0430\u043c\u0438: \u043d\u0435\u0431\u043e\u043b\u044c\u0448\u0430\u044f \u0433\u0440\u0443\u043f\u043f\u0430 \u0438\u043b\u0438 \u0431\u043e\u043b\u044c\u0448\u0430\u044f \u043b\u043e\u0434\u043a\u0430<\/div>\n<h2>\u0427\u0442\u043e \u043e\u0436\u0438\u0434\u0430\u0442\u044c \u043e\u0442 \u043f\u043e\u0435\u0437\u0434\u043a\u0438 \u043d\u0430 \u044f\u0445\u0442\u0435 \u043d\u0430 \u0421\u0443\u043b\u0430\u0434\u0443 \u0438\u0437 \u0410\u043d\u0442\u0430\u043b\u0438\u0438<\/h2>\n<div data-start=\"1005\" data-end=\"1322\">\u0412\u0430\u0448\u0435 \u043f\u0443\u0442\u0435\u0448\u0435\u0441\u0442\u0432\u0438\u0435 \u043d\u0430\u0447\u0438\u043d\u0430\u0435\u0442\u0441\u044f \u0441 \u0442\u0440\u0430\u043d\u0441\u0444\u0435\u0440\u0430 \u0438\u0437 \u043e\u0442\u0435\u043b\u044f \u0432 \u041a\u0435\u043c\u0435\u0440\u0435, \u0437\u0430 \u043a\u043e\u0442\u043e\u0440\u044b\u043c \u0441\u043b\u0435\u0434\u0443\u0435\u0442 \u0436\u0438\u0432\u043e\u043f\u0438\u0441\u043d\u0430\u044f \u043f\u043e\u0435\u0437\u0434\u043a\u0430 \u043a <strong data-start=\"1087\" data-end=\"1103\">\u041f\u043e\u0440\u0442 \u0410\u0434\u0440\u0430\u043d<\/strong>, \u0433\u0434\u0435 \u0432\u044b \u0441\u044f\u0434\u0435\u0442\u0435 \u043d\u0430 \u043a\u043e\u043c\u0444\u043e\u0440\u0442\u0430\u0431\u0435\u043b\u044c\u043d\u0443\u044e \u044f\u0445\u0442\u0443 \u0434\u043b\u044f \u0434\u043d\u044f \u0441\u043e\u043b\u043d\u0446\u0430, \u043c\u043e\u0440\u044f \u0438 \u0431\u0435\u0437\u043c\u044f\u0442\u0435\u0436\u043d\u043e\u0441\u0442\u0438. \u041c\u0430\u0440\u0448\u0440\u0443\u0442 \u043f\u0440\u0438\u0432\u0435\u0434\u0435\u0442 \u0432\u0430\u0441 \u0432\u0434\u043e\u043b\u044c \u0432\u0435\u043b\u0438\u043a\u043e\u043b\u0435\u043f\u043d\u043e\u0433\u043e <strong data-start=\"1220\" data-end=\"1239\">\u0422\u0443\u0440\u0435\u0446\u043a\u0430\u044f \u0420\u0438\u0432\u044c\u0435\u0440\u0430<\/strong>, \u043e\u0442\u043a\u0443\u0434\u0430 \u043e\u0442\u043a\u0440\u044b\u0432\u0430\u044e\u0442\u0441\u044f \u043f\u043e\u0442\u0440\u044f\u0441\u0430\u044e\u0449\u0438\u0435 \u0432\u0438\u0434\u044b \u043d\u0430 \u0422\u0430\u0432\u0440\u0441\u043a\u0438\u0435 \u0433\u043e\u0440\u044b \u0438 \u043d\u0435\u0442\u0440\u043e\u043d\u0443\u0442\u044b\u0435 \u043f\u0440\u0438\u0431\u0440\u0435\u0436\u043d\u044b\u0435 \u043f\u0435\u0439\u0437\u0430\u0436\u0438.<\/div>\n<div data-start=\"1324\" data-end=\"1401\">\u0422\u0443\u0440 \u0432\u043a\u043b\u044e\u0447\u0430\u0435\u0442 \u0442\u0440\u0438 \u043e\u0441\u0442\u0430\u043d\u043e\u0432\u043a\u0438 \u0434\u043b\u044f \u043a\u0443\u043f\u0430\u043d\u0438\u044f \u0432 \u0441\u0430\u043c\u044b\u0445 \u043a\u0440\u0430\u0441\u0438\u0432\u044b\u0445 \u043c\u0435\u0441\u0442\u0430\u0445 \u0421\u0443\u043b\u0443\u0430\u0434\u044b:<\/div>\n<div data-start=\"1405\" data-end=\"1532\">\u041f\u043b\u044f\u0436 <strong data-start=\"1409\" data-end=\"1425\">\u041c\u0430\u043b\u044c\u0434\u0438\u0432\u0441\u043a\u0438\u0439 \u0437\u0430\u043b\u0438\u0432<\/strong>\u0417\u043d\u0430\u043c\u0435\u043d\u0438\u0442\u044b\u0439 \u0441\u0432\u043e\u0438\u043c \u043c\u044f\u0433\u043a\u0438\u043c \u0431\u0435\u043b\u044b\u043c \u043f\u0435\u0441\u043a\u043e\u043c \u0438 \u043a\u0440\u0438\u0441\u0442\u0430\u043b\u044c\u043d\u043e \u0447\u0438\u0441\u0442\u043e\u0439 \u0431\u0438\u0440\u044e\u0437\u043e\u0432\u043e\u0439 \u0432\u043e\u0434\u043e\u0439 \u2014 \u0438\u0434\u0435\u0430\u043b\u0435\u043d \u0434\u043b\u044f \u043f\u043b\u0430\u0432\u0430\u043d\u0438\u044f \u0438 \u0441\u043d\u043e\u0440\u043a\u0435\u043b\u0438\u043d\u0433\u0430.<\/div>\n<div data-start=\"1535\" data-end=\"1643\">\ud83c\udf3f <strong data-start=\"1538\" data-end=\"1566\">\u0421\u043a\u0440\u044b\u0442\u044b\u0435 \u043f\u043b\u044f\u0436\u0438 \u0421\u0443\u043b\u0443\u0430\u0434\u044b<\/strong>\u041e\u0442\u0434\u043e\u0445\u043d\u0438\u0442\u0435 \u043d\u0430 \u0442\u0438\u0445\u0438\u0445 \u0431\u0435\u0440\u0435\u0433\u0430\u0445, \u043f\u0440\u043e\u0433\u0443\u043b\u044f\u0439\u0442\u0435\u0441\u044c \u0432\u0434\u043e\u043b\u044c \u043f\u043e\u0431\u0435\u0440\u0435\u0436\u044c\u044f \u0438\u043b\u0438 \u043f\u0440\u043e\u0441\u0442\u043e \u043f\u043e\u0437\u0430\u0433\u043e\u0440\u0430\u0439\u0442\u0435 \u0432 \u0442\u0438\u0448\u0438\u043d\u0435.<\/div>\n<div data-start=\"1646\" data-end=\"1764\">\ud83c\udfde\ufe0f <strong data-start=\"1650\" data-end=\"1678\">\u041f\u0435\u0449\u0435\u0440\u0430 \u041b\u044e\u0431\u0432\u0438 (A\u015fk Ma\u011faras\u0131)<\/strong>\u0416\u0438\u0432\u043e\u043f\u0438\u0441\u043d\u043e\u0435 \u043f\u0440\u0438\u0440\u043e\u0434\u043d\u043e\u0435 \u043e\u0431\u0440\u0430\u0437\u043e\u0432\u0430\u043d\u0438\u0435, \u0433\u0434\u0435 \u043c\u043e\u0436\u043d\u043e \u043a\u0443\u043f\u0430\u0442\u044c\u0441\u044f, \u0437\u0430\u043d\u0438\u043c\u0430\u0442\u044c\u0441\u044f \u0441\u043d\u043e\u0440\u043a\u043b\u0438\u043d\u0433\u043e\u043c \u0438\u043b\u0438 \u0434\u0435\u043b\u0430\u0442\u044c \u043f\u043e\u0442\u0440\u044f\u0441\u0430\u044e\u0449\u0438\u0435 \u0444\u043e\u0442\u043e\u0433\u0440\u0430\u0444\u0438\u0438.<\/div>\n<div data-start=\"1766\" data-end=\"2034\">\u0412 \u043f\u043e\u043b\u0434\u0435\u043d\u044c \u0441\u0432\u0435\u0436\u0435\u043f\u0440\u0438\u0433\u043e\u0442\u043e\u0432\u043b\u0435\u043d\u043d\u044b\u0439 <strong data-start=\"1799\" data-end=\"1812\">\u041e\u0431\u0435\u0434 \u0431\u0430\u0440\u0431\u0435\u043a\u044e<\/strong> \u043f\u043e\u0434\u0430\u0435\u0442\u0441\u044f \u043d\u0430 \u043b\u043e\u0434\u043a\u0435, \u0441 \u0432\u043e\u0437\u043c\u043e\u0436\u043d\u043e\u0441\u0442\u044c\u044e \u0432\u044b\u0431\u043e\u0440\u0430 \u0440\u044b\u0431\u044b, \u043a\u0443\u0440\u0438\u0446\u044b \u0438\u043b\u0438 \u0432\u0435\u0433\u0435\u0442\u0430\u0440\u0438\u0430\u043d\u0441\u043a\u0438\u0445 \u0431\u043b\u044e\u0434, \u0430 \u0442\u0430\u043a\u0436\u0435 \u0442\u0440\u0430\u0434\u0438\u0446\u0438\u043e\u043d\u043d\u044b\u0445 \u0442\u0443\u0440\u0435\u0446\u043a\u0438\u0445 \u043c\u0435\u0437\u0435. \u041f\u043e\u0441\u043b\u0435 \u0440\u0430\u0441\u0441\u043b\u0430\u0431\u043b\u044f\u044e\u0449\u0435\u0433\u043e \u0447\u0430\u0435\u043f\u0438\u0442\u0438\u044f \u043b\u043e\u0434\u043a\u0430 \u043d\u0430\u043f\u0440\u0430\u0432\u043b\u044f\u0435\u0442\u0441\u044f \u043e\u0431\u0440\u0430\u0442\u043d\u043e \u0432 \u0410\u0434\u0440a\u0441\u0430\u043d, \u0430 \u0437\u0430\u0442\u0435\u043c \u0432\u0430\u0441 \u043f\u0435\u0440\u0435\u0432\u0435\u0437\u0443\u0442 \u043e\u0431\u0440\u0430\u0442\u043d\u043e \u0432 \u043e\u0442\u0435\u043b\u044c.<\/div>\n<p class=\"mhm-jue-internal-links\">\u0418\u0449\u0435\u0442\u0435 \u0431\u043e\u043b\u044c\u0448\u0435 \u043f\u0440\u0438\u043a\u043b\u044e\u0447\u0435\u043d\u0438\u0439 \u0432 \u044d\u0442\u043e\u043c \u0440\u0430\u0439\u043e\u043d\u0435? \u0418\u0437\u0443\u0447\u0438\u0442\u0435 \u043d\u0430\u0448 \u043f\u043e\u043b\u043d\u044b\u0439 \u0441\u043f\u0438\u0441\u043e\u043a <a href=\"\/ru\/napravleniya\/antalya-tury\/\">\u0422\u0443\u0440\u044b \u0432 \u0410\u043d\u0442\u0430\u043b\u0438\u044e<\/a> \u0438\u043b\u0438 \u043e\u0437\u043d\u0430\u043a\u043e\u043c\u044c\u0442\u0435\u0441\u044c \u0441 <a href=\"\/ru\/ekskursii-2\/antalya-suluada-zakat-progulka\/\">\u042d\u043a\u0441\u043a\u0443\u0440\u0441\u0438\u044f \u043d\u0430 \u0437\u0430\u043a\u0430\u0442\u0435 \u043d\u0430 \u043e\u0441\u0442\u0440\u043e\u0432 \u0421\u0443\u043b\u0443\u0430\u0434\u0430 \u0438\u0437 \u0410\u043d\u0442\u0430\u043b\u044c\u0438 \u0441 \u0443\u0436\u0438\u043d\u043e\u043c<\/a> \u0434\u043b\u044f \u0435\u0449\u0435 \u043e\u0434\u043d\u043e\u0433\u043e \u043d\u0435\u0437\u0430\u0431\u044b\u0432\u0430\u0435\u043c\u043e\u0433\u043e \u0432\u043f\u0435\u0447\u0430\u0442\u043b\u0435\u043d\u0438\u044f.<\/p>\n<h3 data-start=\"2041\" data-end=\"2065\">\ud83d\udeab \u041d\u0435 \u043f\u043e\u0434\u0445\u043e\u0434\u0438\u0442 \u0434\u043b\u044f<\/h3>\n<div data-start=\"2068\" data-end=\"2105\">\u0413\u043e\u0441\u0442\u0438 \u0441 \u0441\u0435\u0440\u044c\u0435\u0437\u043d\u044b\u043c\u0438 \u043f\u0440\u043e\u0431\u043b\u0435\u043c\u0430\u043c\u0438 \u0441 \u043f\u0435\u0440\u0435\u0434\u0432\u0438\u0436\u0435\u043d\u0438\u0435\u043c<\/div>\n<div data-start=\"2108\" data-end=\"2144\">\u041b\u044e\u0434\u0438 \u0441 \u0441\u0435\u0440\u044c\u0435\u0437\u043d\u044b\u043c\u0438 \u0437\u0430\u0431\u043e\u043b\u0435\u0432\u0430\u043d\u0438\u044f\u043c\u0438<\/div>\n<p class=\"mhm-jue-external-link\">\u0423\u0437\u043d\u0430\u0439\u0442\u0435 \u0431\u043e\u043b\u044c\u0448\u0435 \u043e \u043d\u0430\u043f\u0440\u0430\u0432\u043b\u0435\u043d\u0438\u0438 \u043d\u0430 <a href=\"https:\/\/en.wikipedia.org\/wiki\/Suluada\" target=\"_blank\" rel=\"noopener\">\u0421\u0442\u0440\u0430\u043d\u0438\u0446\u0430 \u0412\u0438\u043a\u0438\u043f\u0435\u0434\u0438\u0438 \"\u0421\u0443\u043b\u0443\u0430\u0434\u0430\"<\/a>.<\/p>\n<h3 data-start=\"2151\" data-end=\"2172\">\ud83c\udf92 \u0427\u0442\u043e \u0432\u0437\u044f\u0442\u044c \u0441 \u0441\u043e\u0431\u043e\u0439<\/h3>\n<div data-start=\"2175\" data-end=\"2195\">\u0428\u043b\u044f\u043f\u0430 \u0438 \u0441\u043e\u043b\u043d\u0446\u0435\u0437\u0430\u0449\u0438\u0442\u043d\u044b\u0435 \u043e\u0447\u043a\u0438<\/div>\n<div data-start=\"2198\" data-end=\"2218\">\u041a\u0443\u043f\u0430\u043b\u044c\u043d\u0438\u043a\u0438 \u0438 \u043f\u043e\u043b\u043e\u0442\u0435\u043d\u0446\u0435<\/div>\n<div data-start=\"2221\" data-end=\"2232\">\u0421\u043e\u043b\u043d\u0446\u0435\u0437\u0430\u0449\u0438\u0442\u043d\u044b\u0439 \u043a\u0440\u0435\u043c<\/div>\n<div data-start=\"2235\" data-end=\"2263\">\u0412\u043e\u0434\u043e\u043d\u0435\u043f\u0440\u043e\u043d\u0438\u0446\u0430\u0435\u043c\u0430\u044f \u043a\u0430\u043c\u0435\u0440\u0430 \u0438\u043b\u0438 \u0442\u0435\u043b\u0435\u0444\u043e\u043d<\/div>\n<h3 data-start=\"2270\" data-end=\"2288\">\u274c \u041d\u0435 \u0440\u0430\u0437\u0440\u0435\u0448\u0435\u043d\u043e<\/h3>\n<div data-start=\"2291\" data-end=\"2318\">\u0415\u0434\u0430 \u0438 \u043d\u0430\u043f\u0438\u0442\u043a\u0438 \u0438\u0437\u0432\u043d\u0435<\/div>\n<div data-start=\"2321\" data-end=\"2327\">\u041f\u0438\u0442\u043e\u043c\u0446\u044b<\/div>\n<div data-start=\"2330\" data-end=\"2355\">\u041a\u0443\u0440\u0435\u043d\u0438\u0435 \u0432 \u043f\u043e\u043c\u0435\u0449\u0435\u043d\u0438\u044f\u0445<\/div>\n<h3 data-start=\"2362\" data-end=\"2388\">\u2139\ufe0f \u041f\u0440\u0435\u0436\u0434\u0435 \u0447\u0435\u043c \u043e\u0442\u043f\u0440\u0430\u0432\u0438\u0442\u044c\u0441\u044f<\/h3>\n<div data-start=\"2391\" data-end=\"2438\">\u041f\u0440\u043e\u0434\u043e\u043b\u0436\u0438\u0442\u0435\u043b\u044c\u043d\u043e\u0441\u0442\u044c \u0442\u0443\u0440\u0430: <strong data-start=\"2406\" data-end=\"2436\">\u041f\u043e\u043b\u043d\u044b\u0439 \u0434\u0435\u043d\u044c (\u043f\u0440\u0438\u043c\u0435\u0440\u043d\u043e 8 \u0447\u0430\u0441\u043e\u0432)<\/strong><\/div>\n<div data-start=\"2441\" data-end=\"2496\">\u041c\u0430\u0440\u0448\u0440\u0443\u0442 \u043c\u043e\u0436\u0435\u0442 \u0438\u0437\u043c\u0435\u043d\u0438\u0442\u044c\u0441\u044f \u0438\u0437-\u0437\u0430 \u043c\u043e\u0440\u0441\u043a\u0438\u0445 \u0438\u043b\u0438 \u043f\u043e\u0433\u043e\u0434\u043d\u044b\u0445 \u0443\u0441\u043b\u043e\u0432\u0438\u0439<\/div>\n<div data-start=\"2499\" data-end=\"2555\">\u0423\u043c\u0435\u0440\u0435\u043d\u043d\u0430\u044f \u0444\u0438\u0437\u0438\u0447\u0435\u0441\u043a\u0430\u044f \u0430\u043a\u0442\u0438\u0432\u043d\u043e\u0441\u0442\u044c (\u043f\u043b\u0430\u0432\u0430\u043d\u0438\u0435\/\u0445\u043e\u0434\u044c\u0431\u0430) \u0432\u043a\u043b\u044e\u0447\u0435\u043d\u0430<\/div>\n<div data-start=\"2558\" data-end=\"2622\">\u0414\u0435\u0442\u0438 \u043f\u0440\u0438\u0441\u043e\u0435\u0434\u0438\u043d\u044f\u044e\u0442\u0441\u044f \u0431\u0435\u0441\u043f\u043b\u0430\u0442\u043d\u043e, \u043d\u043e <strong data-start=\"2588\" data-end=\"2620\">\u043d\u0435 \u0438\u043c\u0435\u0442\u044c \u043e\u0442\u0434\u0435\u043b\u044c\u043d\u043e\u0433\u043e \u043c\u0435\u0441\u0442\u0430 \u0432 \u0430\u0432\u0442\u043e\u0431\u0443\u0441\u0435<\/strong><\/div>\n<h3 data-start=\"2629\" data-end=\"2654\">\ud83d\udcb3 \u0426\u0435\u043d\u044b \u0438 \u0431\u0440\u043e\u043d\u0438\u0440\u043e\u0432\u0430\u043d\u0438\u0435<\/h3>\n<p class=\"\" data-start=\"2655\" data-end=\"2775\">\u0426\u0435\u043d\u044b \u0432\u0430\u0440\u044c\u0438\u0440\u0443\u044e\u0442\u0441\u044f \u0432 \u0437\u0430\u0432\u0438\u0441\u0438\u043c\u043e\u0441\u0442\u0438 \u043e\u0442 \u0441\u0435\u0437\u043e\u043d\u0430 \u0438 \u0440\u0430\u0437\u043c\u0435\u0440\u0430 \u0433\u0440\u0443\u043f\u043f\u044b.<br data-start=\"2702\" data-end=\"2705\" \/><strong data-start=\"2705\" data-end=\"2775\">\u0427\u0442\u043e\u0431\u044b \u0437\u0430\u0431\u0440\u043e\u043d\u0438\u0440\u043e\u0432\u0430\u0442\u044c \u043b\u0443\u0447\u0448\u0438\u0435 \u0442\u0430\u0440\u0438\u0444\u044b, \u0431\u0440\u043e\u043d\u0438\u0440\u0443\u0439\u0442\u0435 \u0437\u0430\u0440\u0430\u043d\u0435\u0435 \u2014 \u043e\u043f\u043b\u0430\u0442\u0430 \u0432 \u0434\u0435\u043d\u044c \u044d\u043a\u0441\u043a\u0443\u0440\u0441\u0438\u0438!<\/strong><\/p>\n<h3 data-start=\"2782\" data-end=\"2800\">\ud83d\udcde \u0421\u0432\u044f\u0436\u0438\u0442\u0435\u0441\u044c \u0441 \u043d\u0430\u043c\u0438<\/h3>\n<p class=\"\" data-start=\"2801\" data-end=\"2945\">\u0415\u0441\u0442\u044c \u0432\u043e\u043f\u0440\u043e\u0441\u044b \u0438\u043b\u0438 \u0432\u044b \u0433\u043e\u0442\u043e\u0432\u044b \u0437\u0430\u0431\u0440\u043e\u043d\u0438\u0440\u043e\u0432\u0430\u0442\u044c?<br data-start=\"2833\" data-end=\"2836\" \/>\u041c\u044b \u0434\u043e\u0441\u0442\u0443\u043f\u043d\u044b \u043a\u0440\u0443\u0433\u043b\u043e\u0441\u0443\u0442\u043e\u0447\u043d\u043e \u043f\u043e <strong data-start=\"2860\" data-end=\"2892\">Telegram, Viber \u0438\u043b\u0438 WhatsApp<\/strong>.<br data-start=\"2893\" data-end=\"2896\" \/>\u0414\u0430\u0432\u0430\u0439\u0442\u0435 \u043f\u043e\u043c\u043e\u0436\u0435\u043c \u0432\u0430\u043c \u0441\u043f\u043b\u0430\u043d\u0438\u0440\u043e\u0432\u0430\u0442\u044c \u043d\u0435\u0437\u0430\u0431\u044b\u0432\u0430\u0435\u043c\u044b\u0439 \u0434\u0435\u043d\u044c \u0432 \u043c\u043e\u0440\u0435!<\/p>","protected":false},"excerpt":{"rendered":"<p>\ud83c\udfdd\ufe0f Join our **Antalya Suluada Boat Trip** for a full-day escape to Suluada Island, a hidden gem off the coast of Adrasan Escape into paradise with a full-day boat tour to Suluada Island, a hidden gem off the coast of Adrasan, often called the Maldives of Turkey. With its white sandy beaches, turquoise waters, and [&hellip;]<\/p>\n","protected":false},"featured_media":10643,"comment_status":"open","ping_status":"closed","template":"","meta":{"_acf_changed":false},"product_brand":[],"product_cat":[32,71],"product_tag":[69],"class_list":{"0":"post-10982","1":"product","2":"type-product","3":"status-publish","4":"has-post-thumbnail","6":"product_cat-antalya","7":"product_cat-suluada-maldives","8":"product_tag-antalya","10":"first","11":"instock","12":"featured","13":"shipping-taxable","14":"purchasable","15":"product-type-ovabrw_car_rental"},"acf":[],"aioseo_notices":[],"_links":{"self":[{"href":"https:\/\/joinusexcursions.com\/ru\/wp-json\/wp\/v2\/product\/10982","targetHints":{"allow":["GET"]}}],"collection":[{"href":"https:\/\/joinusexcursions.com\/ru\/wp-json\/wp\/v2\/product"}],"about":[{"href":"https:\/\/joinusexcursions.com\/ru\/wp-json\/wp\/v2\/types\/product"}],"replies":[{"embeddable":true,"href":"https:\/\/joinusexcursions.com\/ru\/wp-json\/wp\/v2\/comments?post=10982"}],"wp:featuredmedia":[{"embeddable":true,"href":"https:\/\/joinusexcursions.com\/ru\/wp-json\/wp\/v2\/media\/10643"}],"wp:attachment":[{"href":"https:\/\/joinusexcursions.com\/ru\/wp-json\/wp\/v2\/media?parent=10982"}],"wp:term":[{"taxonomy":"product_brand","embeddable":true,"href":"https:\/\/joinusexcursions.com\/ru\/wp-json\/wp\/v2\/product_brand?post=10982"},{"taxonomy":"product_cat","embeddable":true,"href":"https:\/\/joinusexcursions.com\/ru\/wp-json\/wp\/v2\/product_cat?post=10982"},{"taxonomy":"product_tag","embeddable":true,"href":"https:\/\/joinusexcursions.com\/ru\/wp-json\/wp\/v2\/product_tag?post=10982"}],"curies":[{"name":"wp","href":"https:\/\/api.w.org\/{rel}","templated":true}]}}