{"id":10481,"date":"2025-04-06T12:31:00","date_gmt":"2025-04-06T09:31:00","guid":{"rendered":"https:\/\/joinusexcursions.com\/?page_id=10481"},"modified":"2026-04-16T22:54:08","modified_gmt":"2026-04-16T19:54:08","slug":"korsan-tekne-turlari","status":"publish","type":"page","link":"https:\/\/joinusexcursions.com\/tr\/pirates-boat-tours\/","title":{"rendered":"Korsan Tekne Turlar\u0131"},"content":{"rendered":"<div data-elementor-type=\"wp-page\" data-elementor-id=\"10481\" class=\"elementor elementor-10481\">\n\t\t\t\t\t\t<section class=\"elementor-section elementor-top-section elementor-element elementor-element-59ae872 elementor-section-boxed elementor-section-height-default elementor-section-height-default\" data-id=\"59ae872\" data-element_type=\"section\" data-e-type=\"section\" data-settings=\"{&quot;ekit_has_onepagescroll_dot&quot;:&quot;yes&quot;}\">\n\t\t\t\t\t\t<div class=\"elementor-container elementor-column-gap-default\">\n\t\t\t\t\t<div class=\"elementor-column elementor-col-100 elementor-top-column elementor-element elementor-element-7b9d157\" data-id=\"7b9d157\" data-element_type=\"column\" data-e-type=\"column\">\n\t\t\t<div class=\"elementor-widget-wrap elementor-element-populated\">\n\t\t\t\t\t\t<div class=\"elementor-element elementor-element-2f73abd elementor-widget elementor-widget-ovabrw_product_list\" data-id=\"2f73abd\" data-element_type=\"widget\" data-e-type=\"widget\" data-settings=\"{&quot;ekit_we_effect_on&quot;:&quot;none&quot;}\" data-widget_type=\"ovabrw_product_list.default\">\n\t\t\t\t<div class=\"elementor-widget-container\">\n\t\t\t\t\t\t\t\t\t<div class=\"ova-product-list ova-product-list-template1 column4\">\n\t\t\t\t\t\n<div class=\"ova-product product type-product post-11142 status-publish first instock product_cat-kemer product_cat-pirates-boat-tours product_tag-kemer has-post-thumbnail featured shipping-taxable purchasable product-type-ovabrw_car_rental\">\n\t\n<div class=\"ova_head_product\">\n\t\t\t<div class=\"ova-is-featured\">\n\t\t\tFeatured\t\t<\/div>\n\t\t\t<a href=\"https:\/\/joinusexcursions.com\/tr\/tours\/kemer-pirate-boat-red-dragon\/\" class=\"ova-product-thumbnail\">\n\t\t\t<img fetchpriority=\"high\" decoding=\"async\" width=\"600\" height=\"400\" src=\"https:\/\/joinusexcursions.com\/wp-content\/uploads\/2025\/04\/WhatsApp-Gorsel-2025-04-13-saat-18.56.17_ffa8329b-1.jpg\" class=\"attachment-tripgo_product_slider size-tripgo_product_slider\" alt=\"Kemer Korsan Teknesi Turu Red Dragon \u2014 \u00d6\u011fle Yeme\u011fi Dahil\" srcset=\"https:\/\/joinusexcursions.com\/wp-content\/uploads\/2025\/04\/WhatsApp-Gorsel-2025-04-13-saat-18.56.17_ffa8329b-1.jpg 600w, https:\/\/joinusexcursions.com\/wp-content\/uploads\/2025\/04\/WhatsApp-Gorsel-2025-04-13-saat-18.56.17_ffa8329b-1-300x200.jpg 300w\" sizes=\"(max-width: 600px) 100vw, 600px\" \/>\t\t<\/a>\n\t<\/div>\n<div class=\"ova_foot_product\">\n\t<div class=\"ova-product-day-title-location\">\n\t\t\t\t\t<div class=\"ova-tour-day\">\n\t\t\t\t<i aria-hidden=\"true\" class=\"icomoon icomoon-clock\"><\/i>\n\t\t\t\t4 days\t\t\t<\/div>\n\t\t\t\t\t<h2 class=\"ova-product-title\">\n\t\t\t\t<a href=\"https:\/\/joinusexcursions.com\/tr\/tours\/kemer-pirate-boat-red-dragon\/\">\n\t\t\t        Kemer Korsan Teknesi Turu Red Dragon \u2014 \u00d6\u011fle Yeme\u011fi Dahil\t\t\t    <\/a>\n\t\t\t<\/h2>\n\t\t\t        <div class=\"ova-product-location\">\n\t            <i aria-hidden=\"true\" class=\"icomoon icomoon-location\"><\/i>\n\t            <span class=\"location\">\n\t                Kemer Marina\t            <\/span>\n\t        <\/div>\n\t    \t<\/div>\n    <div class=\"ova-product-review-and-price\">\n    \t\t\t<div class=\"ova-product-wrapper-price\">\n\t\t\t\t\t\t\t<div class=\"ova-product-price\">\n\t\t\t\t\t\t\t\t\t\t\t<span class=\"new-product-price\"><span class=\"woocommerce-Price-amount amount\"><span class=\"woocommerce-Price-currencySymbol\">\u20ac<\/span>15.00<\/span><\/span>\n\t\t\t\t    \t\t\t\t<\/div>\n\t\t\t\t\t\t\t<a href=\"https:\/\/joinusexcursions.com\/tr\/tours\/kemer-pirate-boat-red-dragon\/\" class=\"btn product-btn-book-now\">\n\t\t\t\t\t<span>Ke\u015ffet<\/span>\n\t\t\t\t<\/a>\n\t\t\t\t\t<\/div>\n    <\/div>\n<\/div><\/div>\n<div class=\"ova-product product type-product post-11141 status-publish instock product_cat-kemer product_cat-pirates-boat-tours product_tag-kemer has-post-thumbnail featured shipping-taxable purchasable product-type-ovabrw_car_rental\">\n\t\n<div class=\"ova_head_product\">\n\t\t\t<div class=\"ova-is-featured\">\n\t\t\tFeatured\t\t<\/div>\n\t\t\t<a href=\"https:\/\/joinusexcursions.com\/tr\/tours\/kemer-pirate-boat-gonster\/\" class=\"ova-product-thumbnail\">\n\t\t\t<img decoding=\"async\" width=\"636\" height=\"426\" src=\"https:\/\/joinusexcursions.com\/wp-content\/uploads\/2025\/04\/Gonster-korsan-636x426.jpg\" class=\"attachment-tripgo_product_slider size-tripgo_product_slider\" alt=\"korsan-gemisi-canavar\" srcset=\"https:\/\/joinusexcursions.com\/wp-content\/uploads\/2025\/04\/Gonster-korsan-636x426.jpg 636w, https:\/\/joinusexcursions.com\/wp-content\/uploads\/2025\/04\/Gonster-korsan-416x280.jpg 416w\" sizes=\"(max-width: 636px) 100vw, 636px\" \/>\t\t<\/a>\n\t<\/div>\n<div class=\"ova_foot_product\">\n\t<div class=\"ova-product-day-title-location\">\n\t\t\t\t\t<div class=\"ova-tour-day\">\n\t\t\t\t<i aria-hidden=\"true\" class=\"icomoon icomoon-clock\"><\/i>\n\t\t\t\t1 g\u00fcn\t\t\t<\/div>\n\t\t\t\t\t<h2 class=\"ova-product-title\">\n\t\t\t\t<a href=\"https:\/\/joinusexcursions.com\/tr\/tours\/kemer-pirate-boat-gonster\/\">\n\t\t\t        Kemer Korsan Tekne Turu Gonster \u2013 Her \u015eey Dahil\t\t\t    <\/a>\n\t\t\t<\/h2>\n\t\t\t        <div class=\"ova-product-location\">\n\t            <i aria-hidden=\"true\" class=\"icomoon icomoon-location\"><\/i>\n\t            <span class=\"location\">\n\t                Kemer\t            <\/span>\n\t        <\/div>\n\t    \t<\/div>\n    <div class=\"ova-product-review-and-price\">\n    \t\t\t<div class=\"ova-product-wrapper-price\">\n\t\t\t\t\t\t\t<div class=\"ova-product-price\">\n\t\t\t\t\t\t\t\t\t\t\t<span class=\"new-product-price\"><span class=\"woocommerce-Price-amount amount\"><span class=\"woocommerce-Price-currencySymbol\">\u20ac<\/span>30.00<\/span><\/span>\n\t\t\t\t    \t\t\t\t<\/div>\n\t\t\t\t\t\t\t<a href=\"https:\/\/joinusexcursions.com\/tr\/tours\/kemer-pirate-boat-gonster\/\" class=\"btn product-btn-book-now\">\n\t\t\t\t\t<span>Ke\u015ffet<\/span>\n\t\t\t\t<\/a>\n\t\t\t\t\t<\/div>\n    <\/div>\n<\/div><\/div>\n<div class=\"ova-product product type-product post-11140 status-publish instock product_cat-antalya product_cat-pirates-boat-tours product_tag-antalya has-post-thumbnail featured shipping-taxable purchasable product-type-ovabrw_car_rental\">\n\t\n<div class=\"ova_head_product\">\n\t\t\t<div class=\"ova-is-featured\">\n\t\t\tFeatured\t\t<\/div>\n\t\t\t<a href=\"https:\/\/joinusexcursions.com\/tr\/tours\/antalya-pirate-boat-red-dragon\/\" class=\"ova-product-thumbnail\">\n\t\t\t<img decoding=\"async\" width=\"600\" height=\"400\" src=\"https:\/\/joinusexcursions.com\/wp-content\/uploads\/2025\/04\/WhatsApp-Gorsel-2025-04-13-saat-18.56.17_ffa8329b.jpg\" class=\"attachment-tripgo_product_slider size-tripgo_product_slider\" alt=\"Antalya&#039;dan K\u0131rm\u0131z\u0131 Ejder Tekne Turu \u00d6\u011fle Yeme\u011fi Dahil\" srcset=\"https:\/\/joinusexcursions.com\/wp-content\/uploads\/2025\/04\/WhatsApp-Gorsel-2025-04-13-saat-18.56.17_ffa8329b.jpg 600w, https:\/\/joinusexcursions.com\/wp-content\/uploads\/2025\/04\/WhatsApp-Gorsel-2025-04-13-saat-18.56.17_ffa8329b-300x200.jpg 300w\" sizes=\"(max-width: 600px) 100vw, 600px\" \/>\t\t<\/a>\n\t<\/div>\n<div class=\"ova_foot_product\">\n\t<div class=\"ova-product-day-title-location\">\n\t\t\t\t\t<div class=\"ova-tour-day\">\n\t\t\t\t<i aria-hidden=\"true\" class=\"icomoon icomoon-clock\"><\/i>\n\t\t\t\t\t\t\t<\/div>\n\t\t\t\t\t<h2 class=\"ova-product-title\">\n\t\t\t\t<a href=\"https:\/\/joinusexcursions.com\/tr\/tours\/antalya-pirate-boat-red-dragon\/\">\n\t\t\t        Antalya'dan K\u0131rm\u0131z\u0131 Ejder Tekne Turu \u00d6\u011fle Yeme\u011fi Dahil\t\t\t    <\/a>\n\t\t\t<\/h2>\n\t\t\t        <div class=\"ova-product-location\">\n\t            <i aria-hidden=\"true\" class=\"icomoon icomoon-location\"><\/i>\n\t            <span class=\"location\">\n\t                Kemer Marina\t            <\/span>\n\t        <\/div>\n\t    \t<\/div>\n    <div class=\"ova-product-review-and-price\">\n    \t\t\t<div class=\"ova-product-wrapper-price\">\n\t\t\t\t\t\t\t<div class=\"ova-product-price\">\n\t\t\t\t\t\t\t\t\t\t\t<span class=\"new-product-price\"><span class=\"woocommerce-Price-amount amount\"><span class=\"woocommerce-Price-currencySymbol\">\u20ac<\/span>20.00<\/span><\/span>\n\t\t\t\t    \t\t\t\t<\/div>\n\t\t\t\t\t\t\t<a href=\"https:\/\/joinusexcursions.com\/tr\/tours\/antalya-pirate-boat-red-dragon\/\" class=\"btn product-btn-book-now\">\n\t\t\t\t\t<span>Ke\u015ffet<\/span>\n\t\t\t\t<\/a>\n\t\t\t\t\t<\/div>\n    <\/div>\n<\/div><\/div>\n<div class=\"ova-product product type-product post-11139 status-publish last instock product_cat-antalya product_cat-pirates-boat-tours product_tag-antalya has-post-thumbnail featured shipping-taxable purchasable product-type-ovabrw_car_rental\">\n\t\n<div class=\"ova_head_product\">\n\t\t\t<div class=\"ova-is-featured\">\n\t\t\tFeatured\t\t<\/div>\n\t\t\t<a href=\"https:\/\/joinusexcursions.com\/tr\/tours\/antalya-pirate-boat-gonster\/\" class=\"ova-product-thumbnail\">\n\t\t\t<img decoding=\"async\" width=\"636\" height=\"426\" src=\"https:\/\/joinusexcursions.com\/wp-content\/uploads\/2025\/04\/Gonster-korsan-636x426.jpg\" class=\"attachment-tripgo_product_slider size-tripgo_product_slider\" alt=\"korsan-gemisi-canavar\" srcset=\"https:\/\/joinusexcursions.com\/wp-content\/uploads\/2025\/04\/Gonster-korsan-636x426.jpg 636w, https:\/\/joinusexcursions.com\/wp-content\/uploads\/2025\/04\/Gonster-korsan-416x280.jpg 416w\" sizes=\"(max-width: 636px) 100vw, 636px\" \/>\t\t<\/a>\n\t<\/div>\n<div class=\"ova_foot_product\">\n\t<div class=\"ova-product-day-title-location\">\n\t\t\t\t\t<div class=\"ova-tour-day\">\n\t\t\t\t<i aria-hidden=\"true\" class=\"icomoon icomoon-clock\"><\/i>\n\t\t\t\t\t\t\t<\/div>\n\t\t\t\t\t<h2 class=\"ova-product-title\">\n\t\t\t\t<a href=\"https:\/\/joinusexcursions.com\/tr\/tours\/antalya-pirate-boat-gonster\/\">\n\t\t\t        Antalya'dan Korsan Tekne Turu Gonster \u2013 Her \u015eey Dahil\t\t\t    <\/a>\n\t\t\t<\/h2>\n\t\t\t        <div class=\"ova-product-location\">\n\t            <i aria-hidden=\"true\" class=\"icomoon icomoon-location\"><\/i>\n\t            <span class=\"location\">\n\t                Kemer Marina\t            <\/span>\n\t        <\/div>\n\t    \t<\/div>\n    <div class=\"ova-product-review-and-price\">\n    \t\t\t<div class=\"ova-product-wrapper-price\">\n\t\t\t\t\t\t\t<div class=\"ova-product-price\">\n\t\t\t\t\t\t\t\t\t\t\t<span class=\"new-product-price\"><span class=\"woocommerce-Price-amount amount\"><span class=\"woocommerce-Price-currencySymbol\">\u20ac<\/span>35.00<\/span><\/span>\n\t\t\t\t    \t\t\t\t<\/div>\n\t\t\t\t\t\t\t<a href=\"https:\/\/joinusexcursions.com\/tr\/tours\/antalya-pirate-boat-gonster\/\" class=\"btn product-btn-book-now\">\n\t\t\t\t\t<span>Ke\u015ffet<\/span>\n\t\t\t\t<\/a>\n\t\t\t\t\t<\/div>\n    <\/div>\n<\/div><\/div>\n<div class=\"ova-product product type-product post-11138 status-publish first instock product_cat-belek product_cat-pirates-boat-tours product_tag-belek has-post-thumbnail sale featured shipping-taxable purchasable product-type-ovabrw_car_rental\">\n\t\n<div class=\"ova_head_product\">\n\t\t\t<div class=\"ova-is-featured\">\n\t\t\tFeatured\t\t<\/div>\n\t\t\t<a href=\"https:\/\/joinusexcursions.com\/tr\/tours\/belek-pirate-boat-red-dragon\/\" class=\"ova-product-thumbnail\">\n\t\t\t<img loading=\"lazy\" decoding=\"async\" width=\"600\" height=\"400\" src=\"https:\/\/joinusexcursions.com\/wp-content\/uploads\/2025\/04\/WhatsApp-Gorsel-2025-04-13-saat-18.56.17_ffa8329b-1.jpg\" class=\"attachment-tripgo_product_slider size-tripgo_product_slider\" alt=\"Belek&#039;ten Korsan Teknesi Turu - K\u0131rm\u0131z\u0131 Ejderha\" srcset=\"https:\/\/joinusexcursions.com\/wp-content\/uploads\/2025\/04\/WhatsApp-Gorsel-2025-04-13-saat-18.56.17_ffa8329b-1.jpg 600w, https:\/\/joinusexcursions.com\/wp-content\/uploads\/2025\/04\/WhatsApp-Gorsel-2025-04-13-saat-18.56.17_ffa8329b-1-300x200.jpg 300w\" sizes=\"(max-width: 600px) 100vw, 600px\" \/>\t\t<\/a>\n\t<\/div>\n<div class=\"ova_foot_product\">\n\t<div class=\"ova-product-day-title-location\">\n\t\t\t\t\t<div class=\"ova-tour-day\">\n\t\t\t\t<i aria-hidden=\"true\" class=\"icomoon icomoon-clock\"><\/i>\n\t\t\t\t\t\t\t<\/div>\n\t\t\t\t\t<h2 class=\"ova-product-title\">\n\t\t\t\t<a href=\"https:\/\/joinusexcursions.com\/tr\/tours\/belek-pirate-boat-red-dragon\/\">\n\t\t\t        Belek'ten Korsan Teknesi Turu - K\u0131rm\u0131z\u0131 Ejderha\t\t\t    <\/a>\n\t\t\t<\/h2>\n\t\t\t        <div class=\"ova-product-location\">\n\t            <i aria-hidden=\"true\" class=\"icomoon icomoon-location\"><\/i>\n\t            <span class=\"location\">\n\t                Kemer Marina\t            <\/span>\n\t        <\/div>\n\t    \t<\/div>\n    <div class=\"ova-product-review-and-price\">\n    \t\t\t<div class=\"ova-product-wrapper-price\">\n\t\t\t\t\t\t\t<div class=\"ova-product-price\">\n\t\t\t\t\t\t\t\t\t\t\t<span class=\"new-product-price\"><span class=\"woocommerce-Price-amount amount\"><span class=\"woocommerce-Price-currencySymbol\">\u20ac<\/span>25.00<\/span><\/span>\n\t\t\t\t\t\t<span class=\"old-product-price\"><span class=\"woocommerce-Price-amount amount\"><span class=\"woocommerce-Price-currencySymbol\">\u20ac<\/span>30.00<\/span><\/span>\n\t\t\t\t\t\t\t\t\t<\/div>\n\t\t\t\t\t\t\t<a href=\"https:\/\/joinusexcursions.com\/tr\/tours\/belek-pirate-boat-red-dragon\/\" class=\"btn product-btn-book-now\">\n\t\t\t\t\t<span>Ke\u015ffet<\/span>\n\t\t\t\t<\/a>\n\t\t\t\t\t<\/div>\n    <\/div>\n<\/div><\/div>\n<div class=\"ova-product product type-product post-11137 status-publish instock product_cat-belek product_cat-pirates-boat-tours product_tag-belek has-post-thumbnail sale featured shipping-taxable purchasable product-type-ovabrw_car_rental\">\n\t\n<div class=\"ova_head_product\">\n\t\t\t<div class=\"ova-is-featured\">\n\t\t\tFeatured\t\t<\/div>\n\t\t\t<a href=\"https:\/\/joinusexcursions.com\/tr\/tours\/belek-pirate-boat-gonster\/\" class=\"ova-product-thumbnail\">\n\t\t\t<img decoding=\"async\" width=\"636\" height=\"426\" src=\"https:\/\/joinusexcursions.com\/wp-content\/uploads\/2025\/04\/Gonster-korsan-636x426.jpg\" class=\"attachment-tripgo_product_slider size-tripgo_product_slider\" alt=\"korsan-gemisi-canavar\" srcset=\"https:\/\/joinusexcursions.com\/wp-content\/uploads\/2025\/04\/Gonster-korsan-636x426.jpg 636w, https:\/\/joinusexcursions.com\/wp-content\/uploads\/2025\/04\/Gonster-korsan-416x280.jpg 416w\" sizes=\"(max-width: 636px) 100vw, 636px\" \/>\t\t<\/a>\n\t<\/div>\n<div class=\"ova_foot_product\">\n\t<div class=\"ova-product-day-title-location\">\n\t\t\t\t\t<div class=\"ova-tour-day\">\n\t\t\t\t<i aria-hidden=\"true\" class=\"icomoon icomoon-clock\"><\/i>\n\t\t\t\t\t\t\t<\/div>\n\t\t\t\t\t<h2 class=\"ova-product-title\">\n\t\t\t\t<a href=\"https:\/\/joinusexcursions.com\/tr\/tours\/belek-pirate-boat-gonster\/\">\n\t\t\t        Belek'ten Korsan Tekne Turu Gonster \u2013 Her \u015eey Dahil\t\t\t    <\/a>\n\t\t\t<\/h2>\n\t\t\t        <div class=\"ova-product-location\">\n\t            <i aria-hidden=\"true\" class=\"icomoon icomoon-location\"><\/i>\n\t            <span class=\"location\">\n\t                Kemer\t            <\/span>\n\t        <\/div>\n\t    \t<\/div>\n    <div class=\"ova-product-review-and-price\">\n    \t\t\t<div class=\"ova-product-wrapper-price\">\n\t\t\t\t\t\t\t<div class=\"ova-product-price\">\n\t\t\t\t\t\t\t\t\t\t\t<span class=\"new-product-price\"><span class=\"woocommerce-Price-amount amount\"><span class=\"woocommerce-Price-currencySymbol\">\u20ac<\/span>35.00<\/span><\/span>\n\t\t\t\t\t\t<span class=\"old-product-price\"><span class=\"woocommerce-Price-amount amount\"><span class=\"woocommerce-Price-currencySymbol\">\u20ac<\/span>40.00<\/span><\/span>\n\t\t\t\t\t\t\t\t\t<\/div>\n\t\t\t\t\t\t\t<a href=\"https:\/\/joinusexcursions.com\/tr\/tours\/belek-pirate-boat-gonster\/\" class=\"btn product-btn-book-now\">\n\t\t\t\t\t<span>Ke\u015ffet<\/span>\n\t\t\t\t<\/a>\n\t\t\t\t\t<\/div>\n    <\/div>\n<\/div><\/div>\t\t\t\t<\/div>\n\t\t\t\t\t\t\t<\/div>\n\t\t\t\t<\/div>\n\t\t\t\t\t<\/div>\n\t\t<\/div>\n\t\t\t\t\t<\/div>\n\t\t<\/section>\n\t\t\t\t<\/div>","protected":false},"excerpt":{"rendered":"<p>\u00d6ne \u00c7\u0131kan 4 days Kemer Pirate Boat Trip Red Dragon \u2014 With Lunch Kemer Marina &euro;15.00 Ke\u015ffet \u00d6ne \u00c7\u0131kan 1 day Kemer Pirate Boat Trip Gonster &#8211; All Inclusive Kemer &euro;30.00 Ke\u015ffet \u00d6ne \u00c7\u0131kan 8 saat Pirate Boat Trip Red Dragon From Antalya With Lunch Kemer Marina &euro;20.00 Ke\u015ffet \u00d6ne \u00c7\u0131kan 1 day Pirate Boat [&hellip;]<\/p>\n","protected":false},"author":1,"featured_media":0,"parent":0,"menu_order":0,"comment_status":"closed","ping_status":"closed","template":"elementor_header_footer","meta":{"_acf_changed":false,"footnotes":""},"class_list":["post-10481","page","type-page","status-publish","hentry"],"acf":[],"aioseo_notices":[],"_links":{"self":[{"href":"https:\/\/joinusexcursions.com\/tr\/wp-json\/wp\/v2\/pages\/10481","targetHints":{"allow":["GET"]}}],"collection":[{"href":"https:\/\/joinusexcursions.com\/tr\/wp-json\/wp\/v2\/pages"}],"about":[{"href":"https:\/\/joinusexcursions.com\/tr\/wp-json\/wp\/v2\/types\/page"}],"author":[{"embeddable":true,"href":"https:\/\/joinusexcursions.com\/tr\/wp-json\/wp\/v2\/users\/1"}],"replies":[{"embeddable":true,"href":"https:\/\/joinusexcursions.com\/tr\/wp-json\/wp\/v2\/comments?post=10481"}],"version-history":[{"count":15,"href":"https:\/\/joinusexcursions.com\/tr\/wp-json\/wp\/v2\/pages\/10481\/revisions"}],"predecessor-version":[{"id":11345,"href":"https:\/\/joinusexcursions.com\/tr\/wp-json\/wp\/v2\/pages\/10481\/revisions\/11345"}],"wp:attachment":[{"href":"https:\/\/joinusexcursions.com\/tr\/wp-json\/wp\/v2\/media?parent=10481"}],"curies":[{"name":"wp","href":"https:\/\/api.w.org\/{rel}","templated":true}]}}