{"id":10859,"date":"2025-04-17T18:52:11","date_gmt":"2025-04-17T15:52:11","guid":{"rendered":"https:\/\/www.joinusexcursions.com\/?post_type=product&#038;p=10859"},"modified":"2026-04-14T00:06:49","modified_gmt":"2026-04-13T21:06:49","slug":"antalya-olimpos-teleferik","status":"publish","type":"product","link":"https:\/\/joinusexcursions.com\/tr\/tours\/antalya-olympos-cable-car\/","title":{"rendered":"Olympos Teleferik Tahtal\u0131 Da\u011f\u0131'na (2365m) Antalya'dan"},"content":{"rendered":"<p>B <strong>Antalya Olympos Cable Car<\/strong> tour takes you to Tahtal\u0131 Mountain at 2,365 m \u2014 breathe fresh mountain air, soak in panoramic Mediterranean views and enjoy one of the Turkish Riviera&#8217;s most dramatic vantage points.<\/p>\n<h2>\ud83c\udfd4\ufe0f Overview of the Antalya Olympos Cable Car<\/h2>\n<p>Tahtal\u0131 Da\u011f\u0131, 2.365 metreyle Kemer k\u0131y\u0131 \u015feridinin \u00fczerinde y\u00fckselir ve Olympos Teleferi\u011fi sizi zirveye \u00e7\u0131kan h\u0131zl\u0131 rotan\u0131zd\u0131r. Beyda\u011flar\u0131 Milli Park\u0131'n\u0131n \u00e7am ormanlar\u0131ndan ge\u00e7en 30 dakikal\u0131k manzaral\u0131 bir s\u00fcr\u00fc\u015fle Antalya'dan ba\u015flayan bu yar\u0131m g\u00fcnl\u00fck tur, sizi T\u00fcrkiye'nin g\u00fcneyindeki en muhte\u015fem seyir noktalar\u0131ndan birine getirir. Teleferik yolculu\u011fu sadece 10-12 dakika s\u00fcrerek sizi modern bir gondolla deniz seviyesinden zirveye ta\u015f\u0131r. Zirvede, seyir teraslar\u0131nda y\u00fcr\u00fcmek, foto\u011fraf \u00e7ekmek ve sahil kenar\u0131nda kalan \u00e7o\u011fu insan\u0131n hi\u00e7 deneyimlemedi\u011fi havay\u0131 solumak i\u00e7in serbest zaman\u0131n\u0131z olacak. Her ya\u015f i\u00e7in uygundur.<\/p>\n<h3>\ud83c\udf1f \u00d6ne \u00c7\u0131kanlar<\/h3>\n<p><span style=\"color: #ff0000;\"><strong>\u2022<\/strong> <\/span>Yaln\u0131zca 10\u201312 dakikada Tahtal\u0131 Da\u011f\u0131'nda 2.365 metreye teleferikle \u00e7\u0131k\u0131n<br \/>\n<span style=\"color: #ff0000;\"><strong>\u2022<\/strong> <\/span>Akdeniz k\u0131y\u0131 \u015feridinin, Kemer Koyu'nun ve Toros Da\u011flar\u0131'n\u0131n panoramik manzaralar\u0131<br \/>\n<span style=\"color: #ff0000;\"><strong>\u2022<\/strong> <\/span>Beyda\u011flar\u0131 Milli Park\u0131'nda manzaral\u0131 s\u00fcr\u00fc\u015f<br \/>\n<span style=\"color: #ff0000;\"><strong>\u2022<\/strong> <\/span>Zirvede bo\u015f zaman \u2014 seyir teraslar\u0131, kafe ve hediyelik e\u015fya d\u00fckkanlar\u0131<br \/>\n<span style=\"color: #ff0000;\"><strong>\u2022<\/strong> <\/span>Antalya dahil otel kar\u015f\u0131lama ve d\u00f6n\u00fc\u015f transferi<br \/>\n<span style=\"color: #ff0000;\"><strong>\u2022<\/strong> <\/span>Do\u011fa severler, foto\u011fraf\u00e7\u0131lar ve aileler i\u00e7in m\u00fckemmel<\/p>\n<h2>What to Expect on the Antalya Olympos Cable Car<\/h2>\n<p>Macera, Antalya'da otelden al\u0131n\u0131\u015f\u0131n\u0131zla ba\u015flar ve sizi rahat bir yolculukla Olympos Teleferik istasyonuna g\u00f6t\u00fcr\u00fcr. Yakla\u015f\u0131k 30 dakika s\u00fcrecek rota, kire\u00e7ta\u015f\u0131 da\u011flar ve ho\u015f kokulu sedir ve \u00e7am ormanlar\u0131ndan olu\u015fan koruma alt\u0131ndaki yaban hayat\u0131 b\u00f6lgesi Beyda\u011flar\u0131 Sahil Milli Park\u0131'ndan ge\u00e7er. Manzara vah\u015file\u015ftik\u00e7e ve yol y\u00fckseldik\u00e7e, arkan\u0131zda denizi g\u00f6rmeye ba\u015flars\u0131n\u0131z.<\/p>\n<p>\u0130stasyonun taban\u0131nda, modern teleferik kabinine binin ve ba\u015flay\u0131n <strong>10\u201312 dakikal\u0131k t\u0131rman\u0131\u015f<\/strong> zirveye <strong>Tahtal\u0131 Da\u011f\u0131<\/strong>. Kabin yumu\u015fak ve h\u0131zl\u0131 bir \u015fekilde y\u00fckselir ve her ge\u00e7en metrede panoramik pencerelerden g\u00f6r\u00fcnen manzara geni\u015fler. Ormanlar a\u015fa\u011f\u0131da kal\u0131r. Akdeniz t\u00fcm\u00fcyle g\u00f6r\u00fcn\u00fcr. Da\u011flar kuzeyde i\u00e7 kesimlere do\u011fru uzan\u0131r. Teleferi\u011fin zirve istasyonuna vard\u0131\u011f\u0131nda, T\u00fcrkiye'nin g\u00fcneyindeki t\u00fcm k\u0131y\u0131 b\u00f6lgesini kapsayan bir manzaraya bakars\u0131n\u0131z.<\/p>\n<p>At <strong>2.365 metre<\/strong>, Hava fark edilir derecede farkl\u0131 - a\u015fa\u011f\u0131daki k\u0131y\u0131ya g\u00f6re daha serin, daha temiz ve belirgin \u015fekilde daha az nemli. Bo\u015f zaman\u0131n\u0131z\u0131 (yakla\u015f\u0131k bir saat) seyir teraslar\u0131nda y\u00fcr\u00fcyerek, foto\u011fraf \u00e7ekmek i\u00e7in en iyi a\u00e7\u0131y\u0131 bularak veya sadece oturup \u00f6l\u00e7e\u011fin i\u00e7inize i\u015flemesine izin vererek ge\u00e7irin. Zirvede i\u00e7ecek ve at\u0131\u015ft\u0131rmal\u0131klar i\u00e7in bir kafe bulunmaktad\u0131r. A\u00e7\u0131k bir g\u00fcnde, manzaralar do\u011fuda Likya k\u0131y\u0131lar\u0131na ve do\u011fu Akdeniz adalar\u0131na kadar uzan\u0131r.<\/p>\n<p>Bo\u015f zaman sona erdi\u011finde, ini\u015f i\u00e7in teleferi\u011fe binin. Antalya'ya geri d\u00f6n\u00fc\u015f yolculu\u011fu yar\u0131m g\u00fcnl\u00fck turu tamamlar.<\/p>\n<p class=\"mhm-jue-internal-links\">B\u00f6lgede daha fazla macera m\u0131 ar\u0131yorsunuz? Tam listemizi ke\u015ffedin <a href=\"\/tr\/destinasyon\/antalya-turlari\/\">Antalya turlar\u0131<\/a> veya \u015funlara g\u00f6z at\u0131n <a href=\"\/tr\/turlar-2\/antalya-suluada-gunbatimi-tekne\/\">Antalya'dan Suluada Adas\u0131 G\u00fcn Bat\u0131m\u0131 Tekne Turu ve Ak\u015fam Yeme\u011fi<\/a> ba\u015fka unutulmaz bir deneyim i\u00e7in.<\/p>\n<h3>\ud83d\uddd3\ufe0f Tur Program\u0131<\/h3>\n<p><span style=\"color: #ff0000;\"><strong>\u2022<\/strong> <\/span>Antalya ve \u00e7evresindeki otellerden alma<br \/>\n<span style=\"color: #ff0000;\"><strong>\u2022<\/strong> <\/span>Olimpos Teleferik'in alt istasyonuna manzaral\u0131 yolculuk (yakla\u015f\u0131k 30 dakika)<br \/>\n<span style=\"color: #ff0000;\"><strong>\u2022<\/strong> <\/span>Tahtal\u0131 Da\u011f\u0131 zirvesine teleferikle \u00e7\u0131k\u0131\u015f (2.365m)<br \/>\n<span style=\"color: #ff0000;\"><strong>\u2022<\/strong> <\/span>Zirvede serbest zaman \u2014 seyir teraslar\u0131, kafe, foto\u011fraf \u00e7ekimi (yakla\u015f\u0131k 1 saat)<br \/>\n<span style=\"color: #ff0000;\"><strong>\u2022<\/strong> <\/span>Teleferik ini\u015fi<br \/>\n<span style=\"color: #ff0000;\"><strong>\u2022<\/strong> <\/span>Antalya otellerine gidi\u015f d\u00f6n\u00fc\u015f transferi<\/p>\n<h3>\u2139\ufe0f Faydal\u0131 Bilgiler<\/h3>\n<p><span style=\"color: #ff0000;\"><strong>\u2022<\/strong> <\/span>Yar\u0131m g\u00fcnl\u00fck tur (toplam yakla\u015f\u0131k 4\u20135 saat)<br \/>\n<span style=\"color: #ff0000;\"><strong>\u2022<\/strong> <\/span>Teleferik yolculu\u011fu s\u00fcresi: Gidi\u015f-d\u00f6n\u00fc\u015f her biri 10-12 dakika<br \/>\n<span style=\"color: #ff0000;\"><strong>\u2022<\/strong> <\/span>Zirvedeki s\u0131cakl\u0131k k\u0131y\u0131dan belirgin \u015fekilde daha serin<br \/>\n<span style=\"color: #ff0000;\"><strong>\u2022<\/strong> <\/span>\u015eiddetli r\u00fczgarlarda teleferik daha seyrek \u00e7al\u0131\u015fabilir veya durabilir<br \/>\n<span style=\"color: #ff0000;\"><strong>\u2022<\/strong> <\/span>Her ya\u015fa uygun; \u00e7ocuklarla birlikte ebeveynler i\u00e7in<br \/>\n<span style=\"color: #ff0000;\"><strong>\u2022<\/strong> <\/span>Otob\u00fcs doluysa, \u00fccretsiz \u00e7ocuklar i\u00e7in ayr\u0131 bir otob\u00fcs koltu\u011fu ayr\u0131lmayabilir.<\/p>\n<p class=\"mhm-jue-external-link\">Hedef hakk\u0131nda daha fazla bilgi edinin <a href=\"https:\/\/en.wikipedia.org\/wiki\/Tahtal%C4%B1_Da%C4%9F%C4%B1\" target=\"_blank\" rel=\"noopener\">Tahtal\u0131 Da\u011f\u0131 Wikipedia page<\/a>.<\/p>\n<h3>\ud83c\udf92 Getirilecekler<\/h3>\n<p><span style=\"color: #ff0000;\"><strong>\u2022<\/strong> <\/span>Hafif ceket veya kazak \u2014 zirve yaz\u0131n bile so\u011fuk olabilir<br \/>\n<span style=\"color: #ff0000;\"><strong>\u2022<\/strong> <\/span>Rahat y\u00fcr\u00fcy\u00fc\u015f ayakkab\u0131lar\u0131<br \/>\n<span style=\"color: #ff0000;\"><strong>\u2022<\/strong> <\/span>Kamera veya ak\u0131ll\u0131 telefon<br \/>\n<span style=\"color: #ff0000;\"><strong>\u2022<\/strong> <\/span>G\u00fcne\u015f g\u00f6zl\u00fc\u011f\u00fc<br \/>\n<span style=\"color: #ff0000;\"><strong>\u2022<\/strong> <\/span>Zirvede i\u00e7ecek veya hediyelik e\u015fya i\u00e7in nakit<\/p>\n<h3>\ud83d\udeab Uygun De\u011fil<\/h3>\n<p><span style=\"color: #ff0000;\"><strong>\u2022<\/strong> <\/span>Y\u00fcksekten ciddi \u015fekilde korkan veya \u015fiddetli ba\u015f d\u00f6nmesi ya\u015fayan misafirler<br \/>\n<span style=\"color: #ff0000;\"><strong>\u2022<\/strong> <\/span>\u00d6nemli hareket k\u0131s\u0131tl\u0131l\u0131\u011f\u0131 olan misafirler<\/p>\n<h3>\ud83d\udcb8 Fiyat ve Rezervasyon<\/h3>\n<p><span style=\"color: #ff0000;\"><strong>\u2022<\/strong> <\/span>Fiyatlar sezona g\u00f6re de\u011fi\u015fiklik g\u00f6sterebilir \u2014 g\u00fcncel fiyatlar\u0131 rezervasyon formundan kontrol edin<br \/>\n<span style=\"color: #ff0000;\"><strong>\u2022<\/strong> <\/span>\u015eimdi rezervasyon yap\u0131n ve tur g\u00fcn\u00fc \u00f6deme yap\u0131n<br \/>\n<span style=\"color: #ff0000;\"><strong>\u2022<\/strong> <\/span>WhatsApp, Telegram veya Viber \u00fczerinden bizimle ileti\u015fime ge\u00e7in veya a\u015fa\u011f\u0131daki rezervasyon formunu doldurun<\/p>","protected":false},"excerpt":{"rendered":"<p>The Antalya Olympos Cable Car tour takes you to Tahtal\u0131 Mountain at 2,365 m \u2014 breathe fresh mountain air, soak in panoramic Mediterranean views and enjoy one of the Turkish Riviera&#8217;s most dramatic vantage points. \ud83c\udfd4\ufe0f Overview of the Antalya Olympos Cable Car Tahtal\u0131 Mountain towers above the Kemer coastline at 2,365 metres \u2014 and [&hellip;]<\/p>\n","protected":false},"featured_media":10850,"comment_status":"open","ping_status":"closed","template":"","meta":{"_acf_changed":false},"product_brand":[],"product_cat":[32],"product_tag":[69],"class_list":{"0":"post-10859","1":"product","2":"type-product","3":"status-publish","4":"has-post-thumbnail","6":"product_cat-antalya","7":"product_tag-antalya","9":"first","10":"instock","11":"featured","12":"shipping-taxable","13":"purchasable","14":"product-type-ovabrw_car_rental"},"acf":[],"aioseo_notices":[],"_links":{"self":[{"href":"https:\/\/joinusexcursions.com\/tr\/wp-json\/wp\/v2\/product\/10859","targetHints":{"allow":["GET"]}}],"collection":[{"href":"https:\/\/joinusexcursions.com\/tr\/wp-json\/wp\/v2\/product"}],"about":[{"href":"https:\/\/joinusexcursions.com\/tr\/wp-json\/wp\/v2\/types\/product"}],"replies":[{"embeddable":true,"href":"https:\/\/joinusexcursions.com\/tr\/wp-json\/wp\/v2\/comments?post=10859"}],"wp:featuredmedia":[{"embeddable":true,"href":"https:\/\/joinusexcursions.com\/tr\/wp-json\/wp\/v2\/media\/10850"}],"wp:attachment":[{"href":"https:\/\/joinusexcursions.com\/tr\/wp-json\/wp\/v2\/media?parent=10859"}],"wp:term":[{"taxonomy":"product_brand","embeddable":true,"href":"https:\/\/joinusexcursions.com\/tr\/wp-json\/wp\/v2\/product_brand?post=10859"},{"taxonomy":"product_cat","embeddable":true,"href":"https:\/\/joinusexcursions.com\/tr\/wp-json\/wp\/v2\/product_cat?post=10859"},{"taxonomy":"product_tag","embeddable":true,"href":"https:\/\/joinusexcursions.com\/tr\/wp-json\/wp\/v2\/product_tag?post=10859"}],"curies":[{"name":"wp","href":"https:\/\/api.w.org\/{rel}","templated":true}]}}