{"id":10867,"date":"2025-04-18T11:50:21","date_gmt":"2025-04-18T08:50:21","guid":{"rendered":"https:\/\/www.joinusexcursions.com\/?post_type=product&#038;p=10867"},"modified":"2026-04-13T23:48:34","modified_gmt":"2026-04-13T20:48:34","slug":"kemer-turk-hamami","status":"publish","type":"product","link":"https:\/\/joinusexcursions.com\/tr\/tours\/kemer-turkish-bath-hamam\/","title":{"rendered":"Kemer T\u00fcrk Hamam\u0131 ve Geleneksel Spa Deneyimi"},"content":{"rendered":"<h2 data-start=\"223\" data-end=\"285\">\ud83d\udec1 Overview of the Kemer Turkish Bath Hamam<\/h2>\n<p>Step into deep relaxation and timeless tradition with the <strong>Kemer T\u00fcrk Hamam\u0131<\/strong> \u2014 the perfect blend of wellness and culture in an authentic Turkish setting with scrub, foam massage and aromatherapy.<\/p>\n<h3 data-start=\"540\" data-end=\"563\">\ud83c\udf1f Tur \u00d6zetleri<\/h3>\n<ul data-start=\"564\" data-end=\"892\">\n<li class=\"\" data-start=\"564\" data-end=\"605\">Geleneksel T\u00fcrk hamam\u0131 rit\u00fceli<\/li>\n<li class=\"\" data-start=\"606\" data-end=\"647\"> Cilt yenileyici peeling ve k\u00f6p\u00fck masaj\u0131<\/li>\n<li class=\"\" data-start=\"648\" data-end=\"692\">Aromaterapi ya\u011f masaj\u0131 (20 dakika)<\/li>\n<li class=\"\" data-start=\"648\" data-end=\"692\"> Sauna ve buhar odas\u0131nda s\u0131n\u0131rs\u0131z zaman<\/li>\n<li class=\"\" data-start=\"737\" data-end=\"775\">Derinlemesine temizlik i\u00e7in kil maskesi<\/li>\n<li class=\"\" data-start=\"776\" data-end=\"810\">Y\u00fczme havuzuna eri\u015fim<\/li>\n<li class=\"\" data-start=\"811\" data-end=\"852\">Tedaviden sonra servis edilen T\u00fcrk \u00e7ay\u0131<\/li>\n<li class=\"\" data-start=\"853\" data-end=\"892\">Otelden alma ve b\u0131rakma dahildir<\/li>\n<\/ul>\n<h2>What to Expect on the Kemer Turkish Bath<\/h2>\n<p>Tur \u015fununla ba\u015fl\u0131yor <strong data-start=\"948\" data-end=\"976\">Rahat otel transferi<\/strong> Kemer'in herhangi bir yerinden. S\u0131hhat yolculu\u011funuzun ba\u015flayaca\u011f\u0131 geleneksel bir T\u00fcrk hamam\u0131na g\u00f6t\u00fcr\u00fcleceksiniz.<\/p>\n<p>Ba\u015flang\u0131\u00e7ta zaman\u0131n\u0131z\u0131 \u015furalarda ge\u00e7irin: <strong data-start=\"1120\" data-end=\"1129\">sauna<\/strong> ve <strong data-start=\"1134\" data-end=\"1148\">buhar odas\u0131<\/strong>,  G\u00f6zeneklerinizi a\u00e7maya ve v\u00fccudunuzu haz\u0131rlamaya yard\u0131mc\u0131 olur. Ard\u0131ndan, keyfini \u00e7\u0131kar\u0131n <strong data-start=\"1214\" data-end=\"1248\">10 dakikal\u0131k v\u00fccut peelingi<\/strong> \u00f6l\u00fc deriyi soymak i\u00e7in, ard\u0131ndan bir <strong data-start=\"1284\" data-end=\"1310\">10 dakikal\u0131k k\u00f6p\u00fck masaj\u0131<\/strong> \u2014 cildinizi ipeksi p\u00fcr\u00fczs\u00fczl\u00fckte b\u0131rakan klasik bir hamam rit\u00fceli.<\/p>\n<p>Ard\u0131ndan, bir <strong data-start=\"1382\" data-end=\"1395\">kil maskesi<\/strong> y\u00fcz\u00fcn\u00fcz\u00fc temizlemek ve detoks yapmak i\u00e7in uygulan\u0131r. Durulad\u0131ktan sonra rahatlay\u0131n <strong data-start=\"1475\" data-end=\"1492\">y\u00fczme havuzu<\/strong> veya son tedavine kadar dinlen \u2014 <strong data-start=\"1533\" data-end=\"1571\">20 dakikal\u0131k aromaterapi ya\u011f masaj\u0131<\/strong>, size tamamen yenilenmi\u015f hissi sa\u011flar.<\/p>\n<p>Oturumunuzun sonunda, s\u0131cak bir <strong data-start=\"1649\" data-end=\"1664\">T\u00fcrk \u00e7ay\u0131<\/strong> Otel'inize geri transferinizden \u00f6nce.<\/p>\n<p>Tatilinizin ba\u015flang\u0131c\u0131nda veya sonunda olun, bu deneyim hem beden hem de zihin i\u00e7in bak\u0131m yapman\u0131n ideal yoludur.<\/p>\n<p class=\"mhm-jue-internal-links\">B\u00f6lgede daha fazla macera m\u0131 ar\u0131yorsunuz? Tam listemizi ke\u015ffedin <a href=\"\/tr\/destinasyon\/kemer-turlari\/\">Kemer turlar\u0131<\/a> veya \u015funlara g\u00f6z at\u0131n <a href=\"\/tr\/turlar-2\/kemer-suluada-gunbatimi-tekne\/\">Kemer: Suluada Adas\u0131 G\u00fcn Bat\u0131m\u0131 Tekne Turu Ak\u015fam Yeme\u011fi Dahil<\/a> ba\u015fka unutulmaz bir deneyim i\u00e7in.<\/p>\n<h3 data-start=\"1839\" data-end=\"1863\">\ud83d\udeab Uygun De\u011fil<\/h3>\n<ul data-start=\"1864\" data-end=\"1960\">\n<li class=\"\" data-start=\"1864\" data-end=\"1912\">Ciddi cilt veya kalp rahats\u0131zl\u0131\u011f\u0131 olan misafirler<\/li>\n<li class=\"\" data-start=\"1913\" data-end=\"1960\">Hamileler (l\u00fctfen doktorunuza dan\u0131\u015f\u0131n)<\/li>\n<\/ul>\n<p class=\"mhm-jue-external-link\">Hedef hakk\u0131nda daha fazla bilgi edinin <a href=\"https:\/\/en.wikipedia.org\/wiki\/Turkish_bath\" target=\"_blank\" rel=\"noopener\">Turkish bath Wikipedia page<\/a>.<\/p>\n<h3 data-start=\"1967\" data-end=\"1988\">\ud83c\udf92 Getirilecekler<\/h3>\n<ul data-start=\"1989\" data-end=\"2072\">\n<li class=\"\" data-start=\"1989\" data-end=\"2001\">Mayo<\/li>\n<li class=\"\" data-start=\"2002\" data-end=\"2045\">Havlu (spa taraf\u0131ndan da sa\u011flanabilir)<\/li>\n<li class=\"\" data-start=\"2046\" data-end=\"2072\">Terlik veya babet<\/li>\n<\/ul>\n<h3 data-start=\"2079\" data-end=\"2097\">\u274c \u0130zin Verilmiyor<\/h3>\n<ul data-start=\"2098\" data-end=\"2169\">\n<li class=\"\" data-start=\"2098\" data-end=\"2125\">D\u0131\u015far\u0131dan yiyecek ve i\u00e7ecek<\/li>\n<li class=\"\" data-start=\"2126\" data-end=\"2169\">Tedaviden \u00f6nce ya\u011f veya losyon kullan\u0131m\u0131<\/li>\n<\/ul>\n<h3 data-start=\"2176\" data-end=\"2202\">\u2139\ufe0f Gitmeden \u00d6nce Bilmeniz Gerekenler<\/h3>\n<ul data-start=\"2203\" data-end=\"2431\">\n<li class=\"\" data-start=\"2203\" data-end=\"2239\">S\u00fcre: Yakla\u015f\u0131k 2,5 ila 3 saat<\/li>\n<li class=\"\" data-start=\"2240\" data-end=\"2295\">Var <strong data-start=\"2251\" data-end=\"2268\">zaman s\u0131n\u0131r\u0131 yok<\/strong> sauna ve buhar odas\u0131 i\u00e7in<\/li>\n<li class=\"\" data-start=\"2296\" data-end=\"2374\">Erkek ve kad\u0131n misafirlerimiz ho\u015f geldiniz; \u00f6zel se\u00e7enekler talep \u00fczerine mevcuttur<\/li>\n<li class=\"\" data-start=\"2375\" data-end=\"2431\">12 ya\u015f alt\u0131 \u00e7ocuklar veli denetiminde kat\u0131labilir<\/li>\n<\/ul>\n<hr class=\"\" data-start=\"2433\" data-end=\"2436\" \/>\n<h3 data-start=\"2438\" data-end=\"2462\">\ud83d\udcb3 Fiyatlar ve Rezervasyon<\/h3>\n<p>Fiyatlar mevsime ve dahil olan hizmetlere g\u00f6re de\u011fi\u015fiklik g\u00f6stermektedir.<br data-start=\"2521\" data-end=\"2524\" \/><strong data-start=\"2524\" data-end=\"2590\">En iyi fiyatlar\u0131 yakalamak i\u00e7in erken rezervasyon yap\u0131n \u2013 tur g\u00fcn\u00fcnde \u00f6deme yap\u0131n!<\/strong><\/p>\n<h3 data-start=\"2597\" data-end=\"2615\">\ud83d\udcde Bize Ula\u015f\u0131n<\/h3>\n<p>Daha fazla bilgi veya yerinizi ay\u0131rtmak i\u00e7in bize diledi\u011finiz zaman ula\u015f\u0131n <strong data-start=\"2685\" data-end=\"2717\">Telegram, Viber veya WhatsApp<\/strong>.<br data-start=\"2718\" data-end=\"2721\" \/>Zamans\u0131z bir T\u00fcrk gelene\u011fiyle \u015f\u0131mart\u0131n kendinizi!<\/p>","protected":false},"excerpt":{"rendered":"<p>\ud83d\udec1 Overview of the Kemer Turkish Bath Hamam Step into deep relaxation and timeless tradition with the Kemer Turkish Bath Hamam \u2014 the perfect blend of wellness and culture in an authentic Turkish setting with scrub, foam massage and aromatherapy. \ud83c\udf1f Tour Highlights Traditional Turkish bath ritual Skin-renewing scrub &amp; foam massage Aromatherapy oil massage [&hellip;]<\/p>\n","protected":false},"featured_media":10875,"comment_status":"open","ping_status":"closed","template":"","meta":{"_acf_changed":false},"product_brand":[],"product_cat":[37],"product_tag":[65],"class_list":{"0":"post-10867","1":"product","2":"type-product","3":"status-publish","4":"has-post-thumbnail","6":"product_cat-kemer","7":"product_tag-kemer","9":"first","10":"instock","11":"featured","12":"shipping-taxable","13":"purchasable","14":"product-type-ovabrw_car_rental"},"acf":[],"aioseo_notices":[],"_links":{"self":[{"href":"https:\/\/joinusexcursions.com\/tr\/wp-json\/wp\/v2\/product\/10867","targetHints":{"allow":["GET"]}}],"collection":[{"href":"https:\/\/joinusexcursions.com\/tr\/wp-json\/wp\/v2\/product"}],"about":[{"href":"https:\/\/joinusexcursions.com\/tr\/wp-json\/wp\/v2\/types\/product"}],"replies":[{"embeddable":true,"href":"https:\/\/joinusexcursions.com\/tr\/wp-json\/wp\/v2\/comments?post=10867"}],"wp:featuredmedia":[{"embeddable":true,"href":"https:\/\/joinusexcursions.com\/tr\/wp-json\/wp\/v2\/media\/10875"}],"wp:attachment":[{"href":"https:\/\/joinusexcursions.com\/tr\/wp-json\/wp\/v2\/media?parent=10867"}],"wp:term":[{"taxonomy":"product_brand","embeddable":true,"href":"https:\/\/joinusexcursions.com\/tr\/wp-json\/wp\/v2\/product_brand?post=10867"},{"taxonomy":"product_cat","embeddable":true,"href":"https:\/\/joinusexcursions.com\/tr\/wp-json\/wp\/v2\/product_cat?post=10867"},{"taxonomy":"product_tag","embeddable":true,"href":"https:\/\/joinusexcursions.com\/tr\/wp-json\/wp\/v2\/product_tag?post=10867"}],"curies":[{"name":"wp","href":"https:\/\/api.w.org\/{rel}","templated":true}]}}